{"id":2691,"date":"2019-07-18T08:40:11","date_gmt":"2019-07-18T08:40:11","guid":{"rendered":"https:\/\/dev.critcareint.com\/sobre-nosotros-valores-cci\/"},"modified":"2024-03-19T12:20:15","modified_gmt":"2024-03-19T12:20:15","slug":"sobre-nosotros-valores-cci","status":"publish","type":"page","link":"https:\/\/critcareint.com\/es\/sobre-nosotros-valores-cci\/","title":{"rendered":"CCI Ethos"},"content":{"rendered":"\n<h2 class=\"wp-block-heading\">\u00a0<\/h2>\n\n<h2 class=\"wp-block-heading\">Excelencia m\u00e9dica<\/h2>\n\n<p>CCI fue fundada por m\u00e9dicos con d\u00e9cadas de experiencia internacional em sistemas de salud globales,civiles y militares y para organizaciones comerciales.<\/p>\n\n<p>CCI tiene un historial documentado de prestaci\u00f3n de servicios de atencion medica primera calidad, independientemente del entorno en el que nos encontremos y de acuerdo con los mejores est\u00e2ndares Internacionales de practica medica.<\/p>\n\n<h2 class=\"wp-block-heading\">\u00c9tica humanitaria y responsabilidad social<\/h2>\n\n<p>La sostenibilidad ocupa un lugar central en la oferta de CCI, en particular nuestra capacidad en ayudar a las organizaciones a promover y empulsar su agenda medioambiental, social y de gobernanza (ESG) mediante la planificaci\u00f3n, ejecuci\u00f3n y elaboracion de informes sobre proyectos de salud comunitaria en sus sitios operativos y en sus alrededores.<\/p>\n\n<p>Trabajamos con nuestros clientes para dejar un legado positivo y duradero en las comunidades locales, creando un programa de intervenciones sanitarias sostenibles que garanticen mejoras duraderas en la salud de la regi\u00f3n, mejorando la licencia social para operar sin fomentar la dependencia.<\/p>\n\n<h2 class=\"wp-block-heading\">Experiencia global<\/h2>\n\n<p>El personal de CCI ha adquirido uma grande experiencia trabajando en funciones de liderazgo en el \u00e1rea medica y de consultoria sanit\u00e1ria en Europa, \u00c1frica , Am\u00e9rica y Oriente Medio.<\/p>\n\n<p>Nuestra experiencia, tanto in s\u00edtios remotos asi como en el servicio de consultoria corporativa a proporcionado a CCI una experiencia estrat\u00e9gica que va desde la practica clinica del paciente hasta el dise\u00f1o de infraestructuras sanitarias nacionales.<\/p>\n\n<figure class=\"wp-block-image\"><img decoding=\"async\" src=\"https:\/\/critcareint.com\/wp-content\/uploads\/CCI-World-Map-Location-Chart-.png\" alt=\"Mapa mundial de la CCI\"\/><\/figure>\n","protected":false},"excerpt":{"rendered":"<p>Critical Care International (CCI) centra la experiencia y la gobernanza de los sistemas sanitarios m\u00e1s avanzados del mundo en los entornos en los que su impacto es mayor.<\/p>\n","protected":false},"author":1,"featured_media":2498,"parent":0,"menu_order":44,"comment_status":"closed","ping_status":"closed","template":"","meta":{"_acf_changed":false,"footnotes":""},"categories":[],"case-study-groups":[],"cci-services":[],"class_list":["post-2691","page","type-page","status-publish","has-post-thumbnail","hentry"],"acf":[],"yoast_head":"<!-- This site is optimized with the Yoast SEO plugin v26.8 - https:\/\/yoast.com\/product\/yoast-seo-wordpress\/ -->\n<title>CCI Ethos - Critical Care International<\/title>\n<meta name=\"robots\" content=\"index, follow, max-snippet:-1, max-image-preview:large, max-video-preview:-1\" \/>\n<link rel=\"canonical\" href=\"https:\/\/critcareint.com\/es\/sobre-nosotros-valores-cci\/\" \/>\n<meta property=\"og:locale\" content=\"es_ES\" \/>\n<meta property=\"og:type\" content=\"article\" \/>\n<meta property=\"og:title\" content=\"CCI Ethos - Critical Care International\" \/>\n<meta property=\"og:description\" content=\"Critical Care International (CCI) centra la experiencia y la gobernanza de los sistemas sanitarios m\u00e1s avanzados del mundo en los entornos en los que su impacto es mayor.\" \/>\n<meta property=\"og:url\" content=\"https:\/\/critcareint.com\/es\/sobre-nosotros-valores-cci\/\" \/>\n<meta property=\"og:site_name\" content=\"Critical Care International\" \/>\n<meta property=\"article:publisher\" content=\"https:\/\/www.facebook.com\/critcareint\" \/>\n<meta property=\"article:modified_time\" content=\"2024-03-19T12:20:15+00:00\" \/>\n<meta property=\"og:image\" content=\"https:\/\/critcareint.com\/wp-content\/uploads\/docs.jpg\" \/>\n\t<meta property=\"og:image:width\" content=\"1800\" \/>\n\t<meta property=\"og:image:height\" content=\"900\" \/>\n\t<meta property=\"og:image:type\" content=\"image\/jpeg\" \/>\n<meta name=\"twitter:card\" content=\"summary_large_image\" \/>\n<meta name=\"twitter:site\" content=\"@CritCareInt\" \/>\n<meta name=\"twitter:label1\" content=\"Tiempo de lectura\" \/>\n\t<meta name=\"twitter:data1\" content=\"1 minuto\" \/>\n<script type=\"application\/ld+json\" class=\"yoast-schema-graph\">{\"@context\":\"https:\/\/schema.org\",\"@graph\":[{\"@type\":\"WebPage\",\"@id\":\"https:\/\/critcareint.com\/es\/sobre-nosotros-valores-cci\/\",\"url\":\"https:\/\/critcareint.com\/es\/sobre-nosotros-valores-cci\/\",\"name\":\"CCI Ethos - Critical Care International\",\"isPartOf\":{\"@id\":\"https:\/\/critcareint.com\/es\/#website\"},\"primaryImageOfPage\":{\"@id\":\"https:\/\/critcareint.com\/es\/sobre-nosotros-valores-cci\/#primaryimage\"},\"image\":{\"@id\":\"https:\/\/critcareint.com\/es\/sobre-nosotros-valores-cci\/#primaryimage\"},\"thumbnailUrl\":\"https:\/\/critcareint.com\/wp-content\/uploads\/docs.jpg\",\"datePublished\":\"2019-07-18T08:40:11+00:00\",\"dateModified\":\"2024-03-19T12:20:15+00:00\",\"breadcrumb\":{\"@id\":\"https:\/\/critcareint.com\/es\/sobre-nosotros-valores-cci\/#breadcrumb\"},\"inLanguage\":\"es\",\"potentialAction\":[{\"@type\":\"ReadAction\",\"target\":[\"https:\/\/critcareint.com\/es\/sobre-nosotros-valores-cci\/\"]}]},{\"@type\":\"ImageObject\",\"inLanguage\":\"es\",\"@id\":\"https:\/\/critcareint.com\/es\/sobre-nosotros-valores-cci\/#primaryimage\",\"url\":\"https:\/\/critcareint.com\/wp-content\/uploads\/docs.jpg\",\"contentUrl\":\"https:\/\/critcareint.com\/wp-content\/uploads\/docs.jpg\",\"width\":1800,\"height\":900},{\"@type\":\"BreadcrumbList\",\"@id\":\"https:\/\/critcareint.com\/es\/sobre-nosotros-valores-cci\/#breadcrumb\",\"itemListElement\":[{\"@type\":\"ListItem\",\"position\":1,\"name\":\"Home\",\"item\":\"https:\/\/critcareint.com\/es\/excelencia-medica-global\/\"},{\"@type\":\"ListItem\",\"position\":2,\"name\":\"CCI Ethos\"}]},{\"@type\":\"WebSite\",\"@id\":\"https:\/\/critcareint.com\/es\/#website\",\"url\":\"https:\/\/critcareint.com\/es\/\",\"name\":\"Critical Care International\",\"description\":\"Remote healthcare solutions for the world\u2019s most demanding environments\",\"publisher\":{\"@id\":\"https:\/\/critcareint.com\/es\/#organization\"},\"potentialAction\":[{\"@type\":\"SearchAction\",\"target\":{\"@type\":\"EntryPoint\",\"urlTemplate\":\"https:\/\/critcareint.com\/es\/?s={search_term_string}\"},\"query-input\":{\"@type\":\"PropertyValueSpecification\",\"valueRequired\":true,\"valueName\":\"search_term_string\"}}],\"inLanguage\":\"es\"},{\"@type\":\"Organization\",\"@id\":\"https:\/\/critcareint.com\/es\/#organization\",\"name\":\"Critical Care International\",\"url\":\"https:\/\/critcareint.com\/es\/\",\"logo\":{\"@type\":\"ImageObject\",\"inLanguage\":\"es\",\"@id\":\"https:\/\/critcareint.com\/es\/#\/schema\/logo\/image\/\",\"url\":\"https:\/\/critcareint.com\/wp-content\/uploads\/CCI_Logo-1.svg\",\"contentUrl\":\"https:\/\/critcareint.com\/wp-content\/uploads\/CCI_Logo-1.svg\",\"width\":1,\"height\":1,\"caption\":\"Critical Care International\"},\"image\":{\"@id\":\"https:\/\/critcareint.com\/es\/#\/schema\/logo\/image\/\"},\"sameAs\":[\"https:\/\/www.facebook.com\/critcareint\",\"https:\/\/x.com\/CritCareInt\",\"https:\/\/www.linkedin.com\/company\/critical-care-international\"]}]}<\/script>\n<!-- \/ Yoast SEO plugin. -->","yoast_head_json":{"title":"CCI Ethos - Critical Care International","robots":{"index":"index","follow":"follow","max-snippet":"max-snippet:-1","max-image-preview":"max-image-preview:large","max-video-preview":"max-video-preview:-1"},"canonical":"https:\/\/critcareint.com\/es\/sobre-nosotros-valores-cci\/","og_locale":"es_ES","og_type":"article","og_title":"CCI Ethos - Critical Care International","og_description":"Critical Care International (CCI) centra la experiencia y la gobernanza de los sistemas sanitarios m\u00e1s avanzados del mundo en los entornos en los que su impacto es mayor.","og_url":"https:\/\/critcareint.com\/es\/sobre-nosotros-valores-cci\/","og_site_name":"Critical Care International","article_publisher":"https:\/\/www.facebook.com\/critcareint","article_modified_time":"2024-03-19T12:20:15+00:00","og_image":[{"width":1800,"height":900,"url":"https:\/\/critcareint.com\/wp-content\/uploads\/docs.jpg","type":"image\/jpeg"}],"twitter_card":"summary_large_image","twitter_site":"@CritCareInt","twitter_misc":{"Tiempo de lectura":"1 minuto"},"schema":{"@context":"https:\/\/schema.org","@graph":[{"@type":"WebPage","@id":"https:\/\/critcareint.com\/es\/sobre-nosotros-valores-cci\/","url":"https:\/\/critcareint.com\/es\/sobre-nosotros-valores-cci\/","name":"CCI Ethos - Critical Care International","isPartOf":{"@id":"https:\/\/critcareint.com\/es\/#website"},"primaryImageOfPage":{"@id":"https:\/\/critcareint.com\/es\/sobre-nosotros-valores-cci\/#primaryimage"},"image":{"@id":"https:\/\/critcareint.com\/es\/sobre-nosotros-valores-cci\/#primaryimage"},"thumbnailUrl":"https:\/\/critcareint.com\/wp-content\/uploads\/docs.jpg","datePublished":"2019-07-18T08:40:11+00:00","dateModified":"2024-03-19T12:20:15+00:00","breadcrumb":{"@id":"https:\/\/critcareint.com\/es\/sobre-nosotros-valores-cci\/#breadcrumb"},"inLanguage":"es","potentialAction":[{"@type":"ReadAction","target":["https:\/\/critcareint.com\/es\/sobre-nosotros-valores-cci\/"]}]},{"@type":"ImageObject","inLanguage":"es","@id":"https:\/\/critcareint.com\/es\/sobre-nosotros-valores-cci\/#primaryimage","url":"https:\/\/critcareint.com\/wp-content\/uploads\/docs.jpg","contentUrl":"https:\/\/critcareint.com\/wp-content\/uploads\/docs.jpg","width":1800,"height":900},{"@type":"BreadcrumbList","@id":"https:\/\/critcareint.com\/es\/sobre-nosotros-valores-cci\/#breadcrumb","itemListElement":[{"@type":"ListItem","position":1,"name":"Home","item":"https:\/\/critcareint.com\/es\/excelencia-medica-global\/"},{"@type":"ListItem","position":2,"name":"CCI Ethos"}]},{"@type":"WebSite","@id":"https:\/\/critcareint.com\/es\/#website","url":"https:\/\/critcareint.com\/es\/","name":"Critical Care International","description":"Remote healthcare solutions for the world\u2019s most demanding environments","publisher":{"@id":"https:\/\/critcareint.com\/es\/#organization"},"potentialAction":[{"@type":"SearchAction","target":{"@type":"EntryPoint","urlTemplate":"https:\/\/critcareint.com\/es\/?s={search_term_string}"},"query-input":{"@type":"PropertyValueSpecification","valueRequired":true,"valueName":"search_term_string"}}],"inLanguage":"es"},{"@type":"Organization","@id":"https:\/\/critcareint.com\/es\/#organization","name":"Critical Care International","url":"https:\/\/critcareint.com\/es\/","logo":{"@type":"ImageObject","inLanguage":"es","@id":"https:\/\/critcareint.com\/es\/#\/schema\/logo\/image\/","url":"https:\/\/critcareint.com\/wp-content\/uploads\/CCI_Logo-1.svg","contentUrl":"https:\/\/critcareint.com\/wp-content\/uploads\/CCI_Logo-1.svg","width":1,"height":1,"caption":"Critical Care International"},"image":{"@id":"https:\/\/critcareint.com\/es\/#\/schema\/logo\/image\/"},"sameAs":["https:\/\/www.facebook.com\/critcareint","https:\/\/x.com\/CritCareInt","https:\/\/www.linkedin.com\/company\/critical-care-international"]}]}},"_links":{"self":[{"href":"https:\/\/critcareint.com\/es\/wp-json\/wp\/v2\/pages\/2691","targetHints":{"allow":["GET"]}}],"collection":[{"href":"https:\/\/critcareint.com\/es\/wp-json\/wp\/v2\/pages"}],"about":[{"href":"https:\/\/critcareint.com\/es\/wp-json\/wp\/v2\/types\/page"}],"author":[{"embeddable":true,"href":"https:\/\/critcareint.com\/es\/wp-json\/wp\/v2\/users\/1"}],"replies":[{"embeddable":true,"href":"https:\/\/critcareint.com\/es\/wp-json\/wp\/v2\/comments?post=2691"}],"version-history":[{"count":3,"href":"https:\/\/critcareint.com\/es\/wp-json\/wp\/v2\/pages\/2691\/revisions"}],"predecessor-version":[{"id":2984,"href":"https:\/\/critcareint.com\/es\/wp-json\/wp\/v2\/pages\/2691\/revisions\/2984"}],"wp:featuredmedia":[{"embeddable":true,"href":"https:\/\/critcareint.com\/es\/wp-json\/wp\/v2\/media\/2498"}],"wp:attachment":[{"href":"https:\/\/critcareint.com\/es\/wp-json\/wp\/v2\/media?parent=2691"}],"wp:term":[{"taxonomy":"category","embeddable":true,"href":"https:\/\/critcareint.com\/es\/wp-json\/wp\/v2\/categories?post=2691"},{"taxonomy":"case-study-groups","embeddable":true,"href":"https:\/\/critcareint.com\/es\/wp-json\/wp\/v2\/case-study-groups?post=2691"},{"taxonomy":"cci-services","embeddable":true,"href":"https:\/\/critcareint.com\/es\/wp-json\/wp\/v2\/cci-services?post=2691"}],"curies":[{"name":"wp","href":"https:\/\/api.w.org\/{rel}","templated":true}]}}