{"id":2693,"date":"2024-02-13T14:11:38","date_gmt":"2024-02-13T14:11:38","guid":{"rendered":"https:\/\/dev.critcareint.com\/sobre-nosotros-valores-cci\/que-hacemos\/"},"modified":"2024-03-25T12:43:25","modified_gmt":"2024-03-25T12:43:25","slug":"que-hacemos","status":"publish","type":"page","link":"https:\/\/critcareint.com\/es\/que-hacemos\/","title":{"rendered":"Qu\u00e9 hacemos"},"content":{"rendered":"\n<p>Nos especializamos en servicios de personal m\u00e9dico, consultor\u00eda, formaci\u00f3n y apoyo sanitario comunitario.<\/p>\n\n<div class=\"wp-block-columns is-layout-flex wp-container-core-columns-is-layout-1 wp-block-columns-is-layout-flex\">\n<div class=\"wp-block-column is-layout-flow wp-block-column-is-layout-flow\">\n<ul class=\"wp-block-list\">\n<li><a href=\"https:\/\/critcareint.com\/services\/remote-medical-staffing\/\">Dotaci\u00f3n de personal m\u00e9dico para sitios remotos<\/a><\/li>\n\n\n\n<li><a href=\"https:\/\/critcareint.com\/services\/esg-community-healthcare\/\">ESG &#8211; Asistencia sanitaria comunitaria<\/a><\/li>\n\n\n\n<li><a href=\"https:\/\/critcareint.com\/services\/24-7-global-medical-assistance-service\/\">Servicio global de asistencia sanitaria 24\/7<\/a><\/li>\n\n\n\n<li><a href=\"https:\/\/critcareint.com\/services\/strategic-advisory-services\/\">Servicios de consultoria estrat\u00e9gica<\/a><\/li>\n<\/ul>\n<\/div>\n\n\n\n<div class=\"wp-block-column is-layout-flow wp-block-column-is-layout-flow\">\n<ul class=\"wp-block-list\">\n<li><a href=\"https:\/\/critcareint.com\/services\/emergency-response\/\">Formaci\u00f3n m\u00e9dica y de respuesta a emergencias<\/a><\/li>\n\n\n\n<li><a href=\"https:\/\/critcareint.com\/news\/case-study\/medical-evacuation\/\">Evacuaci\u00f3n m\u00e9dica<\/a><\/li>\n\n\n\n<li><a href=\"https:\/\/critcareint.com\/services\/emergency-preparedness-planning\/\">Salud y preparaci\u00f3n para emergencias<\/a><\/li>\n\n\n\n<li><a href=\"https:\/\/critcareint.com\/services\/occupational-health-and-industrial-hygiene\/\">Medicina ocupacional e higiene industrial<\/a><\/li>\n<\/ul>\n<\/div>\n<\/div>\n\n<p>Nuestro equipo comprende consultores especialistas en cuidados intensivos, cardiolog\u00eda, cirug\u00eda traumatol\u00f3gica, ortopedia, pediatr\u00eda, medicina respiratoria, malattie infettive y anestesia, que han realizado asesoramiento por organizaciones comerciales, gobiernos y organizaciones militares alrededor del mundo.<\/p>\n\n<p>Nuestros clientes operan en una amplia gama de sectores e industrias:<\/p>\n\n<div class=\"wp-block-columns is-layout-flex wp-container-core-columns-is-layout-2 wp-block-columns-is-layout-flex\">\n<div class=\"wp-block-column is-layout-flow wp-block-column-is-layout-flow\">\n<ul class=\"wp-block-list\">\n<li>Renovables<\/li>\n\n\n\n<li>Construcci\u00f3n \/ ingenier\u00eda<\/li>\n\n\n\n<li>Miner\u00eda<\/li>\n\n\n\n<li>Petr\u00f3leo y gas<\/li>\n\n\n\n<li>Agricultura<\/li>\n\n\n\n<li>Transporte mar\u00edtimo<\/li>\n<\/ul>\n<\/div>\n\n\n\n<div class=\"wp-block-column is-layout-flow wp-block-column-is-layout-flow\">\n<ul class=\"wp-block-list\">\n<li>Empresa \/ consultor\u00eda<\/li>\n\n\n\n<li>ONG<\/li>\n\n\n\n<li>Gobiernos<\/li>\n\n\n\n<li>Industria de seguridad<\/li>\n\n\n\n<li>Viajes de aventura<\/li>\n<\/ul>\n<\/div>\n<\/div>\n","protected":false},"excerpt":{"rendered":"<p>CCI es una empresa de servicios m\u00e9dicos creada en respuesta a la demanda de atenci\u00f3n m\u00e9dica de alta calidad en zonas y entornos remotos o de alto riesgo operativo. <\/p>\n","protected":false},"author":1,"featured_media":3034,"parent":0,"menu_order":51,"comment_status":"closed","ping_status":"closed","template":"","meta":{"_acf_changed":false,"footnotes":""},"categories":[],"case-study-groups":[],"cci-services":[],"class_list":["post-2693","page","type-page","status-publish","has-post-thumbnail","hentry"],"acf":[],"yoast_head":"<!-- This site is optimized with the Yoast SEO plugin v26.8 - https:\/\/yoast.com\/product\/yoast-seo-wordpress\/ -->\n<title>Qu\u00e9 hacemos - Critical Care International<\/title>\n<meta name=\"robots\" content=\"index, follow, max-snippet:-1, max-image-preview:large, max-video-preview:-1\" \/>\n<link rel=\"canonical\" href=\"https:\/\/critcareint.com\/es\/que-hacemos\/\" \/>\n<meta property=\"og:locale\" content=\"es_ES\" \/>\n<meta property=\"og:type\" content=\"article\" \/>\n<meta property=\"og:title\" content=\"Qu\u00e9 hacemos - Critical Care International\" \/>\n<meta property=\"og:description\" content=\"CCI es una empresa de servicios m\u00e9dicos creada en respuesta a la demanda de atenci\u00f3n m\u00e9dica de alta calidad en zonas y entornos remotos o de alto riesgo operativo.\" \/>\n<meta property=\"og:url\" content=\"https:\/\/critcareint.com\/es\/que-hacemos\/\" \/>\n<meta property=\"og:site_name\" content=\"Critical Care International\" \/>\n<meta property=\"article:publisher\" content=\"https:\/\/www.facebook.com\/critcareint\" \/>\n<meta property=\"article:modified_time\" content=\"2024-03-25T12:43:25+00:00\" \/>\n<meta property=\"og:image\" content=\"https:\/\/critcareint.com\/wp-content\/uploads\/IMG_1481.jpg\" \/>\n\t<meta property=\"og:image:width\" content=\"2400\" \/>\n\t<meta property=\"og:image:height\" content=\"1800\" \/>\n\t<meta property=\"og:image:type\" content=\"image\/jpeg\" \/>\n<meta name=\"twitter:card\" content=\"summary_large_image\" \/>\n<meta name=\"twitter:site\" content=\"@CritCareInt\" \/>\n<meta name=\"twitter:label1\" content=\"Tiempo de lectura\" \/>\n\t<meta name=\"twitter:data1\" content=\"1 minuto\" \/>\n<script type=\"application\/ld+json\" class=\"yoast-schema-graph\">{\"@context\":\"https:\/\/schema.org\",\"@graph\":[{\"@type\":\"WebPage\",\"@id\":\"https:\/\/critcareint.com\/es\/que-hacemos\/\",\"url\":\"https:\/\/critcareint.com\/es\/que-hacemos\/\",\"name\":\"Qu\u00e9 hacemos - Critical Care International\",\"isPartOf\":{\"@id\":\"https:\/\/critcareint.com\/es\/#website\"},\"primaryImageOfPage\":{\"@id\":\"https:\/\/critcareint.com\/es\/que-hacemos\/#primaryimage\"},\"image\":{\"@id\":\"https:\/\/critcareint.com\/es\/que-hacemos\/#primaryimage\"},\"thumbnailUrl\":\"https:\/\/critcareint.com\/wp-content\/uploads\/IMG_1481.jpg\",\"datePublished\":\"2024-02-13T14:11:38+00:00\",\"dateModified\":\"2024-03-25T12:43:25+00:00\",\"breadcrumb\":{\"@id\":\"https:\/\/critcareint.com\/es\/que-hacemos\/#breadcrumb\"},\"inLanguage\":\"es\",\"potentialAction\":[{\"@type\":\"ReadAction\",\"target\":[\"https:\/\/critcareint.com\/es\/que-hacemos\/\"]}]},{\"@type\":\"ImageObject\",\"inLanguage\":\"es\",\"@id\":\"https:\/\/critcareint.com\/es\/que-hacemos\/#primaryimage\",\"url\":\"https:\/\/critcareint.com\/wp-content\/uploads\/IMG_1481.jpg\",\"contentUrl\":\"https:\/\/critcareint.com\/wp-content\/uploads\/IMG_1481.jpg\",\"width\":2400,\"height\":1800,\"caption\":\"What We Do\"},{\"@type\":\"BreadcrumbList\",\"@id\":\"https:\/\/critcareint.com\/es\/que-hacemos\/#breadcrumb\",\"itemListElement\":[{\"@type\":\"ListItem\",\"position\":1,\"name\":\"Home\",\"item\":\"https:\/\/critcareint.com\/es\/excelencia-medica-global\/\"},{\"@type\":\"ListItem\",\"position\":2,\"name\":\"Qu\u00e9 hacemos\"}]},{\"@type\":\"WebSite\",\"@id\":\"https:\/\/critcareint.com\/es\/#website\",\"url\":\"https:\/\/critcareint.com\/es\/\",\"name\":\"Critical Care International\",\"description\":\"Remote healthcare solutions for the world\u2019s most demanding environments\",\"publisher\":{\"@id\":\"https:\/\/critcareint.com\/es\/#organization\"},\"potentialAction\":[{\"@type\":\"SearchAction\",\"target\":{\"@type\":\"EntryPoint\",\"urlTemplate\":\"https:\/\/critcareint.com\/es\/?s={search_term_string}\"},\"query-input\":{\"@type\":\"PropertyValueSpecification\",\"valueRequired\":true,\"valueName\":\"search_term_string\"}}],\"inLanguage\":\"es\"},{\"@type\":\"Organization\",\"@id\":\"https:\/\/critcareint.com\/es\/#organization\",\"name\":\"Critical Care International\",\"url\":\"https:\/\/critcareint.com\/es\/\",\"logo\":{\"@type\":\"ImageObject\",\"inLanguage\":\"es\",\"@id\":\"https:\/\/critcareint.com\/es\/#\/schema\/logo\/image\/\",\"url\":\"https:\/\/critcareint.com\/wp-content\/uploads\/CCI_Logo-1.svg\",\"contentUrl\":\"https:\/\/critcareint.com\/wp-content\/uploads\/CCI_Logo-1.svg\",\"width\":1,\"height\":1,\"caption\":\"Critical Care International\"},\"image\":{\"@id\":\"https:\/\/critcareint.com\/es\/#\/schema\/logo\/image\/\"},\"sameAs\":[\"https:\/\/www.facebook.com\/critcareint\",\"https:\/\/x.com\/CritCareInt\",\"https:\/\/www.linkedin.com\/company\/critical-care-international\"]}]}<\/script>\n<!-- \/ Yoast SEO plugin. -->","yoast_head_json":{"title":"Qu\u00e9 hacemos - Critical Care International","robots":{"index":"index","follow":"follow","max-snippet":"max-snippet:-1","max-image-preview":"max-image-preview:large","max-video-preview":"max-video-preview:-1"},"canonical":"https:\/\/critcareint.com\/es\/que-hacemos\/","og_locale":"es_ES","og_type":"article","og_title":"Qu\u00e9 hacemos - Critical Care International","og_description":"CCI es una empresa de servicios m\u00e9dicos creada en respuesta a la demanda de atenci\u00f3n m\u00e9dica de alta calidad en zonas y entornos remotos o de alto riesgo operativo.","og_url":"https:\/\/critcareint.com\/es\/que-hacemos\/","og_site_name":"Critical Care International","article_publisher":"https:\/\/www.facebook.com\/critcareint","article_modified_time":"2024-03-25T12:43:25+00:00","og_image":[{"width":2400,"height":1800,"url":"https:\/\/critcareint.com\/wp-content\/uploads\/IMG_1481.jpg","type":"image\/jpeg"}],"twitter_card":"summary_large_image","twitter_site":"@CritCareInt","twitter_misc":{"Tiempo de lectura":"1 minuto"},"schema":{"@context":"https:\/\/schema.org","@graph":[{"@type":"WebPage","@id":"https:\/\/critcareint.com\/es\/que-hacemos\/","url":"https:\/\/critcareint.com\/es\/que-hacemos\/","name":"Qu\u00e9 hacemos - Critical Care International","isPartOf":{"@id":"https:\/\/critcareint.com\/es\/#website"},"primaryImageOfPage":{"@id":"https:\/\/critcareint.com\/es\/que-hacemos\/#primaryimage"},"image":{"@id":"https:\/\/critcareint.com\/es\/que-hacemos\/#primaryimage"},"thumbnailUrl":"https:\/\/critcareint.com\/wp-content\/uploads\/IMG_1481.jpg","datePublished":"2024-02-13T14:11:38+00:00","dateModified":"2024-03-25T12:43:25+00:00","breadcrumb":{"@id":"https:\/\/critcareint.com\/es\/que-hacemos\/#breadcrumb"},"inLanguage":"es","potentialAction":[{"@type":"ReadAction","target":["https:\/\/critcareint.com\/es\/que-hacemos\/"]}]},{"@type":"ImageObject","inLanguage":"es","@id":"https:\/\/critcareint.com\/es\/que-hacemos\/#primaryimage","url":"https:\/\/critcareint.com\/wp-content\/uploads\/IMG_1481.jpg","contentUrl":"https:\/\/critcareint.com\/wp-content\/uploads\/IMG_1481.jpg","width":2400,"height":1800,"caption":"What We Do"},{"@type":"BreadcrumbList","@id":"https:\/\/critcareint.com\/es\/que-hacemos\/#breadcrumb","itemListElement":[{"@type":"ListItem","position":1,"name":"Home","item":"https:\/\/critcareint.com\/es\/excelencia-medica-global\/"},{"@type":"ListItem","position":2,"name":"Qu\u00e9 hacemos"}]},{"@type":"WebSite","@id":"https:\/\/critcareint.com\/es\/#website","url":"https:\/\/critcareint.com\/es\/","name":"Critical Care International","description":"Remote healthcare solutions for the world\u2019s most demanding environments","publisher":{"@id":"https:\/\/critcareint.com\/es\/#organization"},"potentialAction":[{"@type":"SearchAction","target":{"@type":"EntryPoint","urlTemplate":"https:\/\/critcareint.com\/es\/?s={search_term_string}"},"query-input":{"@type":"PropertyValueSpecification","valueRequired":true,"valueName":"search_term_string"}}],"inLanguage":"es"},{"@type":"Organization","@id":"https:\/\/critcareint.com\/es\/#organization","name":"Critical Care International","url":"https:\/\/critcareint.com\/es\/","logo":{"@type":"ImageObject","inLanguage":"es","@id":"https:\/\/critcareint.com\/es\/#\/schema\/logo\/image\/","url":"https:\/\/critcareint.com\/wp-content\/uploads\/CCI_Logo-1.svg","contentUrl":"https:\/\/critcareint.com\/wp-content\/uploads\/CCI_Logo-1.svg","width":1,"height":1,"caption":"Critical Care International"},"image":{"@id":"https:\/\/critcareint.com\/es\/#\/schema\/logo\/image\/"},"sameAs":["https:\/\/www.facebook.com\/critcareint","https:\/\/x.com\/CritCareInt","https:\/\/www.linkedin.com\/company\/critical-care-international"]}]}},"_links":{"self":[{"href":"https:\/\/critcareint.com\/es\/wp-json\/wp\/v2\/pages\/2693","targetHints":{"allow":["GET"]}}],"collection":[{"href":"https:\/\/critcareint.com\/es\/wp-json\/wp\/v2\/pages"}],"about":[{"href":"https:\/\/critcareint.com\/es\/wp-json\/wp\/v2\/types\/page"}],"author":[{"embeddable":true,"href":"https:\/\/critcareint.com\/es\/wp-json\/wp\/v2\/users\/1"}],"replies":[{"embeddable":true,"href":"https:\/\/critcareint.com\/es\/wp-json\/wp\/v2\/comments?post=2693"}],"version-history":[{"count":12,"href":"https:\/\/critcareint.com\/es\/wp-json\/wp\/v2\/pages\/2693\/revisions"}],"predecessor-version":[{"id":3113,"href":"https:\/\/critcareint.com\/es\/wp-json\/wp\/v2\/pages\/2693\/revisions\/3113"}],"wp:featuredmedia":[{"embeddable":true,"href":"https:\/\/critcareint.com\/es\/wp-json\/wp\/v2\/media\/3034"}],"wp:attachment":[{"href":"https:\/\/critcareint.com\/es\/wp-json\/wp\/v2\/media?parent=2693"}],"wp:term":[{"taxonomy":"category","embeddable":true,"href":"https:\/\/critcareint.com\/es\/wp-json\/wp\/v2\/categories?post=2693"},{"taxonomy":"case-study-groups","embeddable":true,"href":"https:\/\/critcareint.com\/es\/wp-json\/wp\/v2\/case-study-groups?post=2693"},{"taxonomy":"cci-services","embeddable":true,"href":"https:\/\/critcareint.com\/es\/wp-json\/wp\/v2\/cci-services?post=2693"}],"curies":[{"name":"wp","href":"https:\/\/api.w.org\/{rel}","templated":true}]}}