{"id":2701,"date":"2024-02-13T14:54:31","date_gmt":"2024-02-13T14:54:31","guid":{"rendered":"https:\/\/dev.critcareint.com\/nuestros-servicios\/sectores-a-los-que-servimos\/"},"modified":"2024-02-19T13:36:25","modified_gmt":"2024-02-19T13:36:25","slug":"sectores-a-los-que-servimos","status":"publish","type":"page","link":"https:\/\/critcareint.com\/es\/sectores-a-los-que-servimos\/","title":{"rendered":"Sectores a los que servimos"},"content":{"rendered":"\n<p>Nuestros clientes operan en diversos sectores y industrias incluyendo:<\/p>\n\n<ul class=\"wp-block-list\">\n<li>Renovables<\/li>\n\n\n\n<li>Construcci\u00f3n \/ ingenier\u00eda<\/li>\n\n\n\n<li>Miner\u00eda<\/li>\n\n\n\n<li>Petr\u00f3leo y gas<\/li>\n\n\n\n<li>Agricultura<\/li>\n\n\n\n<li>Transporte mar\u00edtimo<\/li>\n\n\n\n<li>Empresa \/ consultor\u00eda<\/li>\n\n\n\n<li>ONG<\/li>\n<\/ul>\n","protected":false},"excerpt":{"rendered":"<p>Critical Care International (CCI) fornisce servicios de asistencia sanitaria con alto est\u00e2ndares de calidad para las organizaciones y los particulares que operan en \u00e1reas remotas y dif\u00edciles alredor del mundo.<\/p>\n","protected":false},"author":1,"featured_media":3037,"parent":0,"menu_order":33,"comment_status":"closed","ping_status":"closed","template":"","meta":{"_acf_changed":false,"footnotes":""},"categories":[],"case-study-groups":[],"cci-services":[],"class_list":["post-2701","page","type-page","status-publish","has-post-thumbnail","hentry"],"acf":[],"yoast_head":"<!-- This site is optimized with the Yoast SEO plugin v26.8 - https:\/\/yoast.com\/product\/yoast-seo-wordpress\/ -->\n<title>Sectores a los que servimos - Critical Care International<\/title>\n<meta name=\"robots\" content=\"index, follow, max-snippet:-1, max-image-preview:large, max-video-preview:-1\" \/>\n<link rel=\"canonical\" href=\"https:\/\/critcareint.com\/es\/sectores-a-los-que-servimos\/\" \/>\n<meta property=\"og:locale\" content=\"es_ES\" \/>\n<meta property=\"og:type\" content=\"article\" \/>\n<meta property=\"og:title\" content=\"Sectores a los que servimos - Critical Care International\" \/>\n<meta property=\"og:description\" content=\"Critical Care International (CCI) fornisce servicios de asistencia sanitaria con alto est\u00e2ndares de calidad para las organizaciones y los particulares que operan en \u00e1reas remotas y dif\u00edciles alredor del mundo.\" \/>\n<meta property=\"og:url\" content=\"https:\/\/critcareint.com\/es\/sectores-a-los-que-servimos\/\" \/>\n<meta property=\"og:site_name\" content=\"Critical Care International\" \/>\n<meta property=\"article:publisher\" content=\"https:\/\/www.facebook.com\/critcareint\" \/>\n<meta property=\"article:modified_time\" content=\"2024-02-19T13:36:25+00:00\" \/>\n<meta property=\"og:image\" content=\"https:\/\/critcareint.com\/wp-content\/uploads\/Photo-30-11-2017-19-46-26.jpg\" \/>\n\t<meta property=\"og:image:width\" content=\"2400\" \/>\n\t<meta property=\"og:image:height\" content=\"1800\" \/>\n\t<meta property=\"og:image:type\" content=\"image\/jpeg\" \/>\n<meta name=\"twitter:card\" content=\"summary_large_image\" \/>\n<meta name=\"twitter:site\" content=\"@CritCareInt\" \/>\n<script type=\"application\/ld+json\" class=\"yoast-schema-graph\">{\"@context\":\"https:\/\/schema.org\",\"@graph\":[{\"@type\":\"WebPage\",\"@id\":\"https:\/\/critcareint.com\/es\/sectores-a-los-que-servimos\/\",\"url\":\"https:\/\/critcareint.com\/es\/sectores-a-los-que-servimos\/\",\"name\":\"Sectores a los que servimos - Critical Care International\",\"isPartOf\":{\"@id\":\"https:\/\/critcareint.com\/es\/#website\"},\"primaryImageOfPage\":{\"@id\":\"https:\/\/critcareint.com\/es\/sectores-a-los-que-servimos\/#primaryimage\"},\"image\":{\"@id\":\"https:\/\/critcareint.com\/es\/sectores-a-los-que-servimos\/#primaryimage\"},\"thumbnailUrl\":\"https:\/\/critcareint.com\/wp-content\/uploads\/Photo-30-11-2017-19-46-26.jpg\",\"datePublished\":\"2024-02-13T14:54:31+00:00\",\"dateModified\":\"2024-02-19T13:36:25+00:00\",\"breadcrumb\":{\"@id\":\"https:\/\/critcareint.com\/es\/sectores-a-los-que-servimos\/#breadcrumb\"},\"inLanguage\":\"es\",\"potentialAction\":[{\"@type\":\"ReadAction\",\"target\":[\"https:\/\/critcareint.com\/es\/sectores-a-los-que-servimos\/\"]}]},{\"@type\":\"ImageObject\",\"inLanguage\":\"es\",\"@id\":\"https:\/\/critcareint.com\/es\/sectores-a-los-que-servimos\/#primaryimage\",\"url\":\"https:\/\/critcareint.com\/wp-content\/uploads\/Photo-30-11-2017-19-46-26.jpg\",\"contentUrl\":\"https:\/\/critcareint.com\/wp-content\/uploads\/Photo-30-11-2017-19-46-26.jpg\",\"width\":2400,\"height\":1800,\"caption\":\"Industries We Serve\"},{\"@type\":\"BreadcrumbList\",\"@id\":\"https:\/\/critcareint.com\/es\/sectores-a-los-que-servimos\/#breadcrumb\",\"itemListElement\":[{\"@type\":\"ListItem\",\"position\":1,\"name\":\"Home\",\"item\":\"https:\/\/critcareint.com\/es\/excelencia-medica-global\/\"},{\"@type\":\"ListItem\",\"position\":2,\"name\":\"Sectores a los que servimos\"}]},{\"@type\":\"WebSite\",\"@id\":\"https:\/\/critcareint.com\/es\/#website\",\"url\":\"https:\/\/critcareint.com\/es\/\",\"name\":\"Critical Care International\",\"description\":\"Remote healthcare solutions for the world\u2019s most demanding environments\",\"publisher\":{\"@id\":\"https:\/\/critcareint.com\/es\/#organization\"},\"potentialAction\":[{\"@type\":\"SearchAction\",\"target\":{\"@type\":\"EntryPoint\",\"urlTemplate\":\"https:\/\/critcareint.com\/es\/?s={search_term_string}\"},\"query-input\":{\"@type\":\"PropertyValueSpecification\",\"valueRequired\":true,\"valueName\":\"search_term_string\"}}],\"inLanguage\":\"es\"},{\"@type\":\"Organization\",\"@id\":\"https:\/\/critcareint.com\/es\/#organization\",\"name\":\"Critical Care International\",\"url\":\"https:\/\/critcareint.com\/es\/\",\"logo\":{\"@type\":\"ImageObject\",\"inLanguage\":\"es\",\"@id\":\"https:\/\/critcareint.com\/es\/#\/schema\/logo\/image\/\",\"url\":\"https:\/\/critcareint.com\/wp-content\/uploads\/CCI_Logo-1.svg\",\"contentUrl\":\"https:\/\/critcareint.com\/wp-content\/uploads\/CCI_Logo-1.svg\",\"width\":1,\"height\":1,\"caption\":\"Critical Care International\"},\"image\":{\"@id\":\"https:\/\/critcareint.com\/es\/#\/schema\/logo\/image\/\"},\"sameAs\":[\"https:\/\/www.facebook.com\/critcareint\",\"https:\/\/x.com\/CritCareInt\",\"https:\/\/www.linkedin.com\/company\/critical-care-international\"]}]}<\/script>\n<!-- \/ Yoast SEO plugin. -->","yoast_head_json":{"title":"Sectores a los que servimos - Critical Care International","robots":{"index":"index","follow":"follow","max-snippet":"max-snippet:-1","max-image-preview":"max-image-preview:large","max-video-preview":"max-video-preview:-1"},"canonical":"https:\/\/critcareint.com\/es\/sectores-a-los-que-servimos\/","og_locale":"es_ES","og_type":"article","og_title":"Sectores a los que servimos - Critical Care International","og_description":"Critical Care International (CCI) fornisce servicios de asistencia sanitaria con alto est\u00e2ndares de calidad para las organizaciones y los particulares que operan en \u00e1reas remotas y dif\u00edciles alredor del mundo.","og_url":"https:\/\/critcareint.com\/es\/sectores-a-los-que-servimos\/","og_site_name":"Critical Care International","article_publisher":"https:\/\/www.facebook.com\/critcareint","article_modified_time":"2024-02-19T13:36:25+00:00","og_image":[{"width":2400,"height":1800,"url":"https:\/\/critcareint.com\/wp-content\/uploads\/Photo-30-11-2017-19-46-26.jpg","type":"image\/jpeg"}],"twitter_card":"summary_large_image","twitter_site":"@CritCareInt","schema":{"@context":"https:\/\/schema.org","@graph":[{"@type":"WebPage","@id":"https:\/\/critcareint.com\/es\/sectores-a-los-que-servimos\/","url":"https:\/\/critcareint.com\/es\/sectores-a-los-que-servimos\/","name":"Sectores a los que servimos - Critical Care International","isPartOf":{"@id":"https:\/\/critcareint.com\/es\/#website"},"primaryImageOfPage":{"@id":"https:\/\/critcareint.com\/es\/sectores-a-los-que-servimos\/#primaryimage"},"image":{"@id":"https:\/\/critcareint.com\/es\/sectores-a-los-que-servimos\/#primaryimage"},"thumbnailUrl":"https:\/\/critcareint.com\/wp-content\/uploads\/Photo-30-11-2017-19-46-26.jpg","datePublished":"2024-02-13T14:54:31+00:00","dateModified":"2024-02-19T13:36:25+00:00","breadcrumb":{"@id":"https:\/\/critcareint.com\/es\/sectores-a-los-que-servimos\/#breadcrumb"},"inLanguage":"es","potentialAction":[{"@type":"ReadAction","target":["https:\/\/critcareint.com\/es\/sectores-a-los-que-servimos\/"]}]},{"@type":"ImageObject","inLanguage":"es","@id":"https:\/\/critcareint.com\/es\/sectores-a-los-que-servimos\/#primaryimage","url":"https:\/\/critcareint.com\/wp-content\/uploads\/Photo-30-11-2017-19-46-26.jpg","contentUrl":"https:\/\/critcareint.com\/wp-content\/uploads\/Photo-30-11-2017-19-46-26.jpg","width":2400,"height":1800,"caption":"Industries We Serve"},{"@type":"BreadcrumbList","@id":"https:\/\/critcareint.com\/es\/sectores-a-los-que-servimos\/#breadcrumb","itemListElement":[{"@type":"ListItem","position":1,"name":"Home","item":"https:\/\/critcareint.com\/es\/excelencia-medica-global\/"},{"@type":"ListItem","position":2,"name":"Sectores a los que servimos"}]},{"@type":"WebSite","@id":"https:\/\/critcareint.com\/es\/#website","url":"https:\/\/critcareint.com\/es\/","name":"Critical Care International","description":"Remote healthcare solutions for the world\u2019s most demanding environments","publisher":{"@id":"https:\/\/critcareint.com\/es\/#organization"},"potentialAction":[{"@type":"SearchAction","target":{"@type":"EntryPoint","urlTemplate":"https:\/\/critcareint.com\/es\/?s={search_term_string}"},"query-input":{"@type":"PropertyValueSpecification","valueRequired":true,"valueName":"search_term_string"}}],"inLanguage":"es"},{"@type":"Organization","@id":"https:\/\/critcareint.com\/es\/#organization","name":"Critical Care International","url":"https:\/\/critcareint.com\/es\/","logo":{"@type":"ImageObject","inLanguage":"es","@id":"https:\/\/critcareint.com\/es\/#\/schema\/logo\/image\/","url":"https:\/\/critcareint.com\/wp-content\/uploads\/CCI_Logo-1.svg","contentUrl":"https:\/\/critcareint.com\/wp-content\/uploads\/CCI_Logo-1.svg","width":1,"height":1,"caption":"Critical Care International"},"image":{"@id":"https:\/\/critcareint.com\/es\/#\/schema\/logo\/image\/"},"sameAs":["https:\/\/www.facebook.com\/critcareint","https:\/\/x.com\/CritCareInt","https:\/\/www.linkedin.com\/company\/critical-care-international"]}]}},"_links":{"self":[{"href":"https:\/\/critcareint.com\/es\/wp-json\/wp\/v2\/pages\/2701","targetHints":{"allow":["GET"]}}],"collection":[{"href":"https:\/\/critcareint.com\/es\/wp-json\/wp\/v2\/pages"}],"about":[{"href":"https:\/\/critcareint.com\/es\/wp-json\/wp\/v2\/types\/page"}],"author":[{"embeddable":true,"href":"https:\/\/critcareint.com\/es\/wp-json\/wp\/v2\/users\/1"}],"replies":[{"embeddable":true,"href":"https:\/\/critcareint.com\/es\/wp-json\/wp\/v2\/comments?post=2701"}],"version-history":[{"count":3,"href":"https:\/\/critcareint.com\/es\/wp-json\/wp\/v2\/pages\/2701\/revisions"}],"predecessor-version":[{"id":2704,"href":"https:\/\/critcareint.com\/es\/wp-json\/wp\/v2\/pages\/2701\/revisions\/2704"}],"wp:featuredmedia":[{"embeddable":true,"href":"https:\/\/critcareint.com\/es\/wp-json\/wp\/v2\/media\/3037"}],"wp:attachment":[{"href":"https:\/\/critcareint.com\/es\/wp-json\/wp\/v2\/media?parent=2701"}],"wp:term":[{"taxonomy":"category","embeddable":true,"href":"https:\/\/critcareint.com\/es\/wp-json\/wp\/v2\/categories?post=2701"},{"taxonomy":"case-study-groups","embeddable":true,"href":"https:\/\/critcareint.com\/es\/wp-json\/wp\/v2\/case-study-groups?post=2701"},{"taxonomy":"cci-services","embeddable":true,"href":"https:\/\/critcareint.com\/es\/wp-json\/wp\/v2\/cci-services?post=2701"}],"curies":[{"name":"wp","href":"https:\/\/api.w.org\/{rel}","templated":true}]}}