{"id":2705,"date":"2019-07-12T13:08:35","date_gmt":"2019-07-12T13:08:35","guid":{"rendered":"https:\/\/dev.critcareint.com\/nuestros-servicios\/dotacion-de-personal-medico-para-centros-remotos\/"},"modified":"2024-10-22T09:36:07","modified_gmt":"2024-10-22T09:36:07","slug":"dotacion-de-personal-medico-para-centros-remotos","status":"publish","type":"page","link":"https:\/\/critcareint.com\/es\/dotacion-de-personal-medico-para-centros-remotos\/","title":{"rendered":"Dotaci\u00f3n de personal m\u00e9dico para sitios remotos"},"content":{"rendered":"\n<p>Nuestro personal medico est\u00e1 altamente especializado y tiene amplia experiencia en medicina remota y ademas recibe tambien Apoyo y supervision de uma plataforma de m\u00e9dicos expertos en cuidados intensivos y medicina de urg\u00eancia que operan de forma remota y accesible en linea 24 horas del dia todos los dias. Los equipos de Critical Care International em s\u00edtios remotos:<\/p>\n\n<ul class=\"wp-block-list\">\n<li>Prestar servicios m\u00e9dicos de alta calidad de atenci\u00f3n primaria y de urgencias, asi como de medicna ocupational<\/li>\n\n\n\n<li>Ofrecer servicios y programas de salud laboral adaptados a las normas locales de HSE y a la legislaci\u00f3n del pa\u00eds.<\/li>\n\n\n\n<li>Utilizar procesos s\u00f3lidos de gesti\u00f3n de casos para minimizar la necesidad de evacuaciones m\u00e9dicas a menos que sea estrictamente neces\u00e1rio.<\/li>\n\n\n\n<li>Manejar y estabilizar a los pacientes en emergencias m\u00e9dicas antes de la evacuaci\u00f3n m\u00e9dica fuera del centro cuando sea necesario.<\/li>\n\n\n\n<li>Integrarse con las estructuras de salud, seguridad y medio ambiente existentes produciendo informes m\u00e9dicos peri\u00f3dicos de actividades y de gestion de lesiones y accidentes.<\/li>\n\n\n\n<li>Actuar como defensores de modelos positivos de salud y bienestar en los campamentos en los que viven y trabajan.<\/li>\n<\/ul>\n\n<p>Ofrecemos y proporcionamos soluciones modulares dise\u00f1ado para satisfacer las necesidades espec\u00edficas de cada cliente. Los servicios incluyen:<\/p>\n\n<ul class=\"wp-block-list\">\n<li>Revisi\u00f3n m\u00e9dica del emplazamiento y del pa\u00eds e informes t\u00e9cnicos para proyectos de campos verdes en sus fases iniciales.<\/li>\n\n\n\n<li>Dotaci\u00f3n de personal m\u00e9dico para los sitios de exploraci\u00f3n antes de la construcci\u00f3n de la cl\u00ednica<\/li>\n\n\n\n<li>Cuidado de la salud\/ dise\u00f1o y puesta en servicio de cl\u00ednica<\/li>\n\n\n\n<li>Prestaci\u00f3n de servicios m\u00e9dicos de atenci\u00f3n primaria, estabilizaci\u00f3n de emerg\u00eancias e traumas y evacuacion, medicina ocupacional y prevenci\u00f3n, gesti\u00f3n y tratamiento de enfermedades cr\u00f3nicas.<\/li>\n\n\n\n<li>Servicios contra la malaria (concienciaci\u00f3n y prevenci\u00f3n, programas de control de la malaria)<\/li>\n\n\n\n<li>Revisi\u00f3n de las instalaciones m\u00e9dicas locales y nacionales para elaborar el Plan de Respuesta a Emergencias M\u00e9dicas (MERP).<\/li>\n\n\n\n<li>Evacuaci\u00f3n m\u00e9dica primaria y secundaria desde sitios remotos<\/li>\n\n\n\n<li>Vigilancia sanitaria mediante inspecciones de higiene y transmisi\u00f3n de enfermedades contagiosas<\/li>\n\n\n\n<li>Campa\u00f1as de prevenci\u00f3n de enfermedades infecciosas entre los trabajadores<\/li>\n\n\n\n<li>Formaci\u00f3n para los equipos de respuesta de emerg\u00eancia y el personal medico local<\/li>\n\n\n\n<li>Actividades de promoci\u00f3n de la salud, por ejemplo, seguridad psicol\u00f3gica y bienestar, o vigilancia de enfermedades cr\u00f3nicas no contagiosas.<\/li>\n<\/ul>\n","protected":false},"excerpt":{"rendered":"<p>Critical Care International presta asistencia sanitaria con alto est\u00e2ndares de calidad en las \u00e1reas y sitios m\u00e1s remotos y dif\u00edciles alredor del mundo.<\/p>\n","protected":false},"author":1,"featured_media":2100,"parent":0,"menu_order":5,"comment_status":"closed","ping_status":"closed","template":"","meta":{"_acf_changed":false,"footnotes":""},"categories":[69,89],"case-study-groups":[],"cci-services":[],"class_list":["post-2705","page","type-page","status-publish","has-post-thumbnail","hentry","category-dotacion-de-personal-medico-para-centros-remotos","category-servicios"],"acf":[],"yoast_head":"<!-- This site is optimized with the Yoast SEO plugin v26.8 - https:\/\/yoast.com\/product\/yoast-seo-wordpress\/ -->\n<title>Dotaci\u00f3n de personal m\u00e9dico para sitios remotos - Critical Care International<\/title>\n<meta name=\"robots\" content=\"index, follow, max-snippet:-1, max-image-preview:large, max-video-preview:-1\" \/>\n<link rel=\"canonical\" href=\"https:\/\/critcareint.com\/es\/dotacion-de-personal-medico-para-centros-remotos\/\" \/>\n<meta property=\"og:locale\" content=\"es_ES\" \/>\n<meta property=\"og:type\" content=\"article\" \/>\n<meta property=\"og:title\" content=\"Dotaci\u00f3n de personal m\u00e9dico para sitios remotos - Critical Care International\" \/>\n<meta property=\"og:description\" content=\"Critical Care International presta asistencia sanitaria con alto est\u00e2ndares de calidad en las \u00e1reas y sitios m\u00e1s remotos y dif\u00edciles alredor del mundo.\" \/>\n<meta property=\"og:url\" content=\"https:\/\/critcareint.com\/es\/dotacion-de-personal-medico-para-centros-remotos\/\" \/>\n<meta property=\"og:site_name\" content=\"Critical Care International\" \/>\n<meta property=\"article:publisher\" content=\"https:\/\/www.facebook.com\/critcareint\" \/>\n<meta property=\"article:modified_time\" content=\"2024-10-22T09:36:07+00:00\" \/>\n<meta property=\"og:image\" content=\"https:\/\/critcareint.com\/wp-content\/uploads\/personnel.jpg\" \/>\n\t<meta property=\"og:image:width\" content=\"2400\" \/>\n\t<meta property=\"og:image:height\" content=\"1405\" \/>\n\t<meta property=\"og:image:type\" content=\"image\/jpeg\" \/>\n<meta name=\"twitter:card\" content=\"summary_large_image\" \/>\n<meta name=\"twitter:site\" content=\"@CritCareInt\" \/>\n<meta name=\"twitter:label1\" content=\"Tiempo de lectura\" \/>\n\t<meta name=\"twitter:data1\" content=\"2 minutos\" \/>\n<script type=\"application\/ld+json\" class=\"yoast-schema-graph\">{\"@context\":\"https:\/\/schema.org\",\"@graph\":[{\"@type\":\"WebPage\",\"@id\":\"https:\/\/critcareint.com\/es\/dotacion-de-personal-medico-para-centros-remotos\/\",\"url\":\"https:\/\/critcareint.com\/es\/dotacion-de-personal-medico-para-centros-remotos\/\",\"name\":\"Dotaci\u00f3n de personal m\u00e9dico para sitios remotos - Critical Care International\",\"isPartOf\":{\"@id\":\"https:\/\/critcareint.com\/es\/#website\"},\"primaryImageOfPage\":{\"@id\":\"https:\/\/critcareint.com\/es\/dotacion-de-personal-medico-para-centros-remotos\/#primaryimage\"},\"image\":{\"@id\":\"https:\/\/critcareint.com\/es\/dotacion-de-personal-medico-para-centros-remotos\/#primaryimage\"},\"thumbnailUrl\":\"https:\/\/critcareint.com\/wp-content\/uploads\/personnel.jpg\",\"datePublished\":\"2019-07-12T13:08:35+00:00\",\"dateModified\":\"2024-10-22T09:36:07+00:00\",\"breadcrumb\":{\"@id\":\"https:\/\/critcareint.com\/es\/dotacion-de-personal-medico-para-centros-remotos\/#breadcrumb\"},\"inLanguage\":\"es\",\"potentialAction\":[{\"@type\":\"ReadAction\",\"target\":[\"https:\/\/critcareint.com\/es\/dotacion-de-personal-medico-para-centros-remotos\/\"]}]},{\"@type\":\"ImageObject\",\"inLanguage\":\"es\",\"@id\":\"https:\/\/critcareint.com\/es\/dotacion-de-personal-medico-para-centros-remotos\/#primaryimage\",\"url\":\"https:\/\/critcareint.com\/wp-content\/uploads\/personnel.jpg\",\"contentUrl\":\"https:\/\/critcareint.com\/wp-content\/uploads\/personnel.jpg\",\"width\":2400,\"height\":1405},{\"@type\":\"BreadcrumbList\",\"@id\":\"https:\/\/critcareint.com\/es\/dotacion-de-personal-medico-para-centros-remotos\/#breadcrumb\",\"itemListElement\":[{\"@type\":\"ListItem\",\"position\":1,\"name\":\"Home\",\"item\":\"https:\/\/critcareint.com\/es\/excelencia-medica-global\/\"},{\"@type\":\"ListItem\",\"position\":2,\"name\":\"Dotaci\u00f3n de personal m\u00e9dico para sitios remotos\"}]},{\"@type\":\"WebSite\",\"@id\":\"https:\/\/critcareint.com\/es\/#website\",\"url\":\"https:\/\/critcareint.com\/es\/\",\"name\":\"Critical Care International\",\"description\":\"Remote healthcare solutions for the world\u2019s most demanding environments\",\"publisher\":{\"@id\":\"https:\/\/critcareint.com\/es\/#organization\"},\"potentialAction\":[{\"@type\":\"SearchAction\",\"target\":{\"@type\":\"EntryPoint\",\"urlTemplate\":\"https:\/\/critcareint.com\/es\/?s={search_term_string}\"},\"query-input\":{\"@type\":\"PropertyValueSpecification\",\"valueRequired\":true,\"valueName\":\"search_term_string\"}}],\"inLanguage\":\"es\"},{\"@type\":\"Organization\",\"@id\":\"https:\/\/critcareint.com\/es\/#organization\",\"name\":\"Critical Care International\",\"url\":\"https:\/\/critcareint.com\/es\/\",\"logo\":{\"@type\":\"ImageObject\",\"inLanguage\":\"es\",\"@id\":\"https:\/\/critcareint.com\/es\/#\/schema\/logo\/image\/\",\"url\":\"https:\/\/critcareint.com\/wp-content\/uploads\/CCI_Logo-1.svg\",\"contentUrl\":\"https:\/\/critcareint.com\/wp-content\/uploads\/CCI_Logo-1.svg\",\"width\":1,\"height\":1,\"caption\":\"Critical Care International\"},\"image\":{\"@id\":\"https:\/\/critcareint.com\/es\/#\/schema\/logo\/image\/\"},\"sameAs\":[\"https:\/\/www.facebook.com\/critcareint\",\"https:\/\/x.com\/CritCareInt\",\"https:\/\/www.linkedin.com\/company\/critical-care-international\"]}]}<\/script>\n<!-- \/ Yoast SEO plugin. -->","yoast_head_json":{"title":"Dotaci\u00f3n de personal m\u00e9dico para sitios remotos - Critical Care International","robots":{"index":"index","follow":"follow","max-snippet":"max-snippet:-1","max-image-preview":"max-image-preview:large","max-video-preview":"max-video-preview:-1"},"canonical":"https:\/\/critcareint.com\/es\/dotacion-de-personal-medico-para-centros-remotos\/","og_locale":"es_ES","og_type":"article","og_title":"Dotaci\u00f3n de personal m\u00e9dico para sitios remotos - Critical Care International","og_description":"Critical Care International presta asistencia sanitaria con alto est\u00e2ndares de calidad en las \u00e1reas y sitios m\u00e1s remotos y dif\u00edciles alredor del mundo.","og_url":"https:\/\/critcareint.com\/es\/dotacion-de-personal-medico-para-centros-remotos\/","og_site_name":"Critical Care International","article_publisher":"https:\/\/www.facebook.com\/critcareint","article_modified_time":"2024-10-22T09:36:07+00:00","og_image":[{"width":2400,"height":1405,"url":"https:\/\/critcareint.com\/wp-content\/uploads\/personnel.jpg","type":"image\/jpeg"}],"twitter_card":"summary_large_image","twitter_site":"@CritCareInt","twitter_misc":{"Tiempo de lectura":"2 minutos"},"schema":{"@context":"https:\/\/schema.org","@graph":[{"@type":"WebPage","@id":"https:\/\/critcareint.com\/es\/dotacion-de-personal-medico-para-centros-remotos\/","url":"https:\/\/critcareint.com\/es\/dotacion-de-personal-medico-para-centros-remotos\/","name":"Dotaci\u00f3n de personal m\u00e9dico para sitios remotos - Critical Care International","isPartOf":{"@id":"https:\/\/critcareint.com\/es\/#website"},"primaryImageOfPage":{"@id":"https:\/\/critcareint.com\/es\/dotacion-de-personal-medico-para-centros-remotos\/#primaryimage"},"image":{"@id":"https:\/\/critcareint.com\/es\/dotacion-de-personal-medico-para-centros-remotos\/#primaryimage"},"thumbnailUrl":"https:\/\/critcareint.com\/wp-content\/uploads\/personnel.jpg","datePublished":"2019-07-12T13:08:35+00:00","dateModified":"2024-10-22T09:36:07+00:00","breadcrumb":{"@id":"https:\/\/critcareint.com\/es\/dotacion-de-personal-medico-para-centros-remotos\/#breadcrumb"},"inLanguage":"es","potentialAction":[{"@type":"ReadAction","target":["https:\/\/critcareint.com\/es\/dotacion-de-personal-medico-para-centros-remotos\/"]}]},{"@type":"ImageObject","inLanguage":"es","@id":"https:\/\/critcareint.com\/es\/dotacion-de-personal-medico-para-centros-remotos\/#primaryimage","url":"https:\/\/critcareint.com\/wp-content\/uploads\/personnel.jpg","contentUrl":"https:\/\/critcareint.com\/wp-content\/uploads\/personnel.jpg","width":2400,"height":1405},{"@type":"BreadcrumbList","@id":"https:\/\/critcareint.com\/es\/dotacion-de-personal-medico-para-centros-remotos\/#breadcrumb","itemListElement":[{"@type":"ListItem","position":1,"name":"Home","item":"https:\/\/critcareint.com\/es\/excelencia-medica-global\/"},{"@type":"ListItem","position":2,"name":"Dotaci\u00f3n de personal m\u00e9dico para sitios remotos"}]},{"@type":"WebSite","@id":"https:\/\/critcareint.com\/es\/#website","url":"https:\/\/critcareint.com\/es\/","name":"Critical Care International","description":"Remote healthcare solutions for the world\u2019s most demanding environments","publisher":{"@id":"https:\/\/critcareint.com\/es\/#organization"},"potentialAction":[{"@type":"SearchAction","target":{"@type":"EntryPoint","urlTemplate":"https:\/\/critcareint.com\/es\/?s={search_term_string}"},"query-input":{"@type":"PropertyValueSpecification","valueRequired":true,"valueName":"search_term_string"}}],"inLanguage":"es"},{"@type":"Organization","@id":"https:\/\/critcareint.com\/es\/#organization","name":"Critical Care International","url":"https:\/\/critcareint.com\/es\/","logo":{"@type":"ImageObject","inLanguage":"es","@id":"https:\/\/critcareint.com\/es\/#\/schema\/logo\/image\/","url":"https:\/\/critcareint.com\/wp-content\/uploads\/CCI_Logo-1.svg","contentUrl":"https:\/\/critcareint.com\/wp-content\/uploads\/CCI_Logo-1.svg","width":1,"height":1,"caption":"Critical Care International"},"image":{"@id":"https:\/\/critcareint.com\/es\/#\/schema\/logo\/image\/"},"sameAs":["https:\/\/www.facebook.com\/critcareint","https:\/\/x.com\/CritCareInt","https:\/\/www.linkedin.com\/company\/critical-care-international"]}]}},"_links":{"self":[{"href":"https:\/\/critcareint.com\/es\/wp-json\/wp\/v2\/pages\/2705","targetHints":{"allow":["GET"]}}],"collection":[{"href":"https:\/\/critcareint.com\/es\/wp-json\/wp\/v2\/pages"}],"about":[{"href":"https:\/\/critcareint.com\/es\/wp-json\/wp\/v2\/types\/page"}],"author":[{"embeddable":true,"href":"https:\/\/critcareint.com\/es\/wp-json\/wp\/v2\/users\/1"}],"replies":[{"embeddable":true,"href":"https:\/\/critcareint.com\/es\/wp-json\/wp\/v2\/comments?post=2705"}],"version-history":[{"count":4,"href":"https:\/\/critcareint.com\/es\/wp-json\/wp\/v2\/pages\/2705\/revisions"}],"predecessor-version":[{"id":3107,"href":"https:\/\/critcareint.com\/es\/wp-json\/wp\/v2\/pages\/2705\/revisions\/3107"}],"wp:featuredmedia":[{"embeddable":true,"href":"https:\/\/critcareint.com\/es\/wp-json\/wp\/v2\/media\/2100"}],"wp:attachment":[{"href":"https:\/\/critcareint.com\/es\/wp-json\/wp\/v2\/media?parent=2705"}],"wp:term":[{"taxonomy":"category","embeddable":true,"href":"https:\/\/critcareint.com\/es\/wp-json\/wp\/v2\/categories?post=2705"},{"taxonomy":"case-study-groups","embeddable":true,"href":"https:\/\/critcareint.com\/es\/wp-json\/wp\/v2\/case-study-groups?post=2705"},{"taxonomy":"cci-services","embeddable":true,"href":"https:\/\/critcareint.com\/es\/wp-json\/wp\/v2\/cci-services?post=2705"}],"curies":[{"name":"wp","href":"https:\/\/api.w.org\/{rel}","templated":true}]}}