{"id":2715,"date":"2019-07-17T13:21:53","date_gmt":"2019-07-17T13:21:53","guid":{"rendered":"https:\/\/dev.critcareint.com\/nuestros-servicios\/formacion-medica-y-de-respuesta-a-emergencias\/"},"modified":"2024-10-22T09:36:09","modified_gmt":"2024-10-22T09:36:09","slug":"formacion-medica-y-de-respuesta-a-emergencias","status":"publish","type":"page","link":"https:\/\/critcareint.com\/es\/formacion-medica-y-de-respuesta-a-emergencias\/","title":{"rendered":"Formaci\u00f3n m\u00e9dica y de respuesta a emergencias"},"content":{"rendered":"\n<ul class=\"wp-block-list\">\n<li>Gesti\u00f3n avanzada de traumatismos y cuidados cr\u00edticos: dise\u00f1ado para que m\u00e9dicos, param\u00e9dicos y enfermeros con experiencia perfeccionen sus conocimientos sobre estabilizaci\u00f3n de heridos, reanimaci\u00f3n e intervenci\u00f3n avanzada.<\/li>\n\n\n\n<li>Formaci\u00f3n de personal cl\u00ednico en lugares remotos, incluidos m\u00e9dicos, enfermeros y param\u00e9dicos expatriados asi como personal local.<\/li>\n\n\n\n<li>Habilidades de emergencia para el personal no m\u00e9dicos que trabajan en lugares de alto riesgo, por ejemplo, equipos de respuesta a emergencias.<\/li>\n\n\n\n<li>Formaci\u00f3n para el desarrollo de la salud comunitaria: centrada en el personal sanitario local y el personal del projeto que participa en el dise\u00f1o y la ejecuci\u00f3n de los proyectos de salud comunitaria.<\/li>\n\n\n\n<li>Formaci\u00f3n en primeros auxilios y medicina ocupacional<\/li>\n<\/ul>\n\n<p>Cursos de formaci\u00f3n a medida de CCI:<\/p>\n\n<ul class=\"wp-block-list\">\n<li>Centrado em la practica mas que horas de clase consiste en formaci\u00f3n pr\u00e1ctica y simulaci\u00f3n de casos in situ.<\/li>\n\n\n\n<li>Proporcionar conocimientos para salvar vidas a los miembros del personal m\u00e9dico y no m\u00e9dico que trabajan en entornos remotos.<\/li>\n<\/ul>\n\n<p>Facilitar la colaboraci\u00f3n y integracion entre los distintos departamentos, por ejemplo, la cl\u00ednica y los equipos de respuesta a emergencias.<\/p>\n","protected":false},"excerpt":{"rendered":"<p>Critical Care International ofrece formaci\u00f3n m\u00e9dica con instructores procedentes de diversos \u00e1mbitos civiles y militares. Nuestros cursos est\u00e1n dise\u00f1ados tanto para personal m\u00e9dico como personal no m\u00e9dico e incluyen:<\/p>\n","protected":false},"author":1,"featured_media":2190,"parent":0,"menu_order":20,"comment_status":"closed","ping_status":"closed","template":"","meta":{"_acf_changed":false,"footnotes":""},"categories":[73,89],"case-study-groups":[],"cci-services":[],"class_list":["post-2715","page","type-page","status-publish","has-post-thumbnail","hentry","category-formacion-medica-y-de-respuesta-a-emergencias","category-servicios"],"acf":[],"yoast_head":"<!-- This site is optimized with the Yoast SEO plugin v26.8 - https:\/\/yoast.com\/product\/yoast-seo-wordpress\/ -->\n<title>Formaci\u00f3n m\u00e9dica y de respuesta a emergencias - Critical Care International<\/title>\n<meta name=\"robots\" content=\"index, follow, max-snippet:-1, max-image-preview:large, max-video-preview:-1\" \/>\n<link rel=\"canonical\" href=\"https:\/\/critcareint.com\/es\/formacion-medica-y-de-respuesta-a-emergencias\/\" \/>\n<meta property=\"og:locale\" content=\"es_ES\" \/>\n<meta property=\"og:type\" content=\"article\" \/>\n<meta property=\"og:title\" content=\"Formaci\u00f3n m\u00e9dica y de respuesta a emergencias - Critical Care International\" \/>\n<meta property=\"og:description\" content=\"Critical Care International ofrece formaci\u00f3n m\u00e9dica con instructores procedentes de diversos \u00e1mbitos civiles y militares. Nuestros cursos est\u00e1n dise\u00f1ados tanto para personal m\u00e9dico como personal no m\u00e9dico e incluyen:\" \/>\n<meta property=\"og:url\" content=\"https:\/\/critcareint.com\/es\/formacion-medica-y-de-respuesta-a-emergencias\/\" \/>\n<meta property=\"og:site_name\" content=\"Critical Care International\" \/>\n<meta property=\"article:publisher\" content=\"https:\/\/www.facebook.com\/critcareint\" \/>\n<meta property=\"article:modified_time\" content=\"2024-10-22T09:36:09+00:00\" \/>\n<meta property=\"og:image\" content=\"https:\/\/critcareint.com\/wp-content\/uploads\/emergency-helicopter.jpg\" \/>\n\t<meta property=\"og:image:width\" content=\"2121\" \/>\n\t<meta property=\"og:image:height\" content=\"1414\" \/>\n\t<meta property=\"og:image:type\" content=\"image\/jpeg\" \/>\n<meta name=\"twitter:card\" content=\"summary_large_image\" \/>\n<meta name=\"twitter:site\" content=\"@CritCareInt\" \/>\n<meta name=\"twitter:label1\" content=\"Tiempo de lectura\" \/>\n\t<meta name=\"twitter:data1\" content=\"1 minuto\" \/>\n<script type=\"application\/ld+json\" class=\"yoast-schema-graph\">{\"@context\":\"https:\/\/schema.org\",\"@graph\":[{\"@type\":\"WebPage\",\"@id\":\"https:\/\/critcareint.com\/es\/formacion-medica-y-de-respuesta-a-emergencias\/\",\"url\":\"https:\/\/critcareint.com\/es\/formacion-medica-y-de-respuesta-a-emergencias\/\",\"name\":\"Formaci\u00f3n m\u00e9dica y de respuesta a emergencias - Critical Care International\",\"isPartOf\":{\"@id\":\"https:\/\/critcareint.com\/es\/#website\"},\"primaryImageOfPage\":{\"@id\":\"https:\/\/critcareint.com\/es\/formacion-medica-y-de-respuesta-a-emergencias\/#primaryimage\"},\"image\":{\"@id\":\"https:\/\/critcareint.com\/es\/formacion-medica-y-de-respuesta-a-emergencias\/#primaryimage\"},\"thumbnailUrl\":\"https:\/\/critcareint.com\/wp-content\/uploads\/emergency-helicopter.jpg\",\"datePublished\":\"2019-07-17T13:21:53+00:00\",\"dateModified\":\"2024-10-22T09:36:09+00:00\",\"breadcrumb\":{\"@id\":\"https:\/\/critcareint.com\/es\/formacion-medica-y-de-respuesta-a-emergencias\/#breadcrumb\"},\"inLanguage\":\"es\",\"potentialAction\":[{\"@type\":\"ReadAction\",\"target\":[\"https:\/\/critcareint.com\/es\/formacion-medica-y-de-respuesta-a-emergencias\/\"]}]},{\"@type\":\"ImageObject\",\"inLanguage\":\"es\",\"@id\":\"https:\/\/critcareint.com\/es\/formacion-medica-y-de-respuesta-a-emergencias\/#primaryimage\",\"url\":\"https:\/\/critcareint.com\/wp-content\/uploads\/emergency-helicopter.jpg\",\"contentUrl\":\"https:\/\/critcareint.com\/wp-content\/uploads\/emergency-helicopter.jpg\",\"width\":2121,\"height\":1414},{\"@type\":\"BreadcrumbList\",\"@id\":\"https:\/\/critcareint.com\/es\/formacion-medica-y-de-respuesta-a-emergencias\/#breadcrumb\",\"itemListElement\":[{\"@type\":\"ListItem\",\"position\":1,\"name\":\"Home\",\"item\":\"https:\/\/critcareint.com\/es\/excelencia-medica-global\/\"},{\"@type\":\"ListItem\",\"position\":2,\"name\":\"Formaci\u00f3n m\u00e9dica y de respuesta a emergencias\"}]},{\"@type\":\"WebSite\",\"@id\":\"https:\/\/critcareint.com\/es\/#website\",\"url\":\"https:\/\/critcareint.com\/es\/\",\"name\":\"Critical Care International\",\"description\":\"Remote healthcare solutions for the world\u2019s most demanding environments\",\"publisher\":{\"@id\":\"https:\/\/critcareint.com\/es\/#organization\"},\"potentialAction\":[{\"@type\":\"SearchAction\",\"target\":{\"@type\":\"EntryPoint\",\"urlTemplate\":\"https:\/\/critcareint.com\/es\/?s={search_term_string}\"},\"query-input\":{\"@type\":\"PropertyValueSpecification\",\"valueRequired\":true,\"valueName\":\"search_term_string\"}}],\"inLanguage\":\"es\"},{\"@type\":\"Organization\",\"@id\":\"https:\/\/critcareint.com\/es\/#organization\",\"name\":\"Critical Care International\",\"url\":\"https:\/\/critcareint.com\/es\/\",\"logo\":{\"@type\":\"ImageObject\",\"inLanguage\":\"es\",\"@id\":\"https:\/\/critcareint.com\/es\/#\/schema\/logo\/image\/\",\"url\":\"https:\/\/critcareint.com\/wp-content\/uploads\/CCI_Logo-1.svg\",\"contentUrl\":\"https:\/\/critcareint.com\/wp-content\/uploads\/CCI_Logo-1.svg\",\"width\":1,\"height\":1,\"caption\":\"Critical Care International\"},\"image\":{\"@id\":\"https:\/\/critcareint.com\/es\/#\/schema\/logo\/image\/\"},\"sameAs\":[\"https:\/\/www.facebook.com\/critcareint\",\"https:\/\/x.com\/CritCareInt\",\"https:\/\/www.linkedin.com\/company\/critical-care-international\"]}]}<\/script>\n<!-- \/ Yoast SEO plugin. -->","yoast_head_json":{"title":"Formaci\u00f3n m\u00e9dica y de respuesta a emergencias - Critical Care International","robots":{"index":"index","follow":"follow","max-snippet":"max-snippet:-1","max-image-preview":"max-image-preview:large","max-video-preview":"max-video-preview:-1"},"canonical":"https:\/\/critcareint.com\/es\/formacion-medica-y-de-respuesta-a-emergencias\/","og_locale":"es_ES","og_type":"article","og_title":"Formaci\u00f3n m\u00e9dica y de respuesta a emergencias - Critical Care International","og_description":"Critical Care International ofrece formaci\u00f3n m\u00e9dica con instructores procedentes de diversos \u00e1mbitos civiles y militares. Nuestros cursos est\u00e1n dise\u00f1ados tanto para personal m\u00e9dico como personal no m\u00e9dico e incluyen:","og_url":"https:\/\/critcareint.com\/es\/formacion-medica-y-de-respuesta-a-emergencias\/","og_site_name":"Critical Care International","article_publisher":"https:\/\/www.facebook.com\/critcareint","article_modified_time":"2024-10-22T09:36:09+00:00","og_image":[{"width":2121,"height":1414,"url":"https:\/\/critcareint.com\/wp-content\/uploads\/emergency-helicopter.jpg","type":"image\/jpeg"}],"twitter_card":"summary_large_image","twitter_site":"@CritCareInt","twitter_misc":{"Tiempo de lectura":"1 minuto"},"schema":{"@context":"https:\/\/schema.org","@graph":[{"@type":"WebPage","@id":"https:\/\/critcareint.com\/es\/formacion-medica-y-de-respuesta-a-emergencias\/","url":"https:\/\/critcareint.com\/es\/formacion-medica-y-de-respuesta-a-emergencias\/","name":"Formaci\u00f3n m\u00e9dica y de respuesta a emergencias - Critical Care International","isPartOf":{"@id":"https:\/\/critcareint.com\/es\/#website"},"primaryImageOfPage":{"@id":"https:\/\/critcareint.com\/es\/formacion-medica-y-de-respuesta-a-emergencias\/#primaryimage"},"image":{"@id":"https:\/\/critcareint.com\/es\/formacion-medica-y-de-respuesta-a-emergencias\/#primaryimage"},"thumbnailUrl":"https:\/\/critcareint.com\/wp-content\/uploads\/emergency-helicopter.jpg","datePublished":"2019-07-17T13:21:53+00:00","dateModified":"2024-10-22T09:36:09+00:00","breadcrumb":{"@id":"https:\/\/critcareint.com\/es\/formacion-medica-y-de-respuesta-a-emergencias\/#breadcrumb"},"inLanguage":"es","potentialAction":[{"@type":"ReadAction","target":["https:\/\/critcareint.com\/es\/formacion-medica-y-de-respuesta-a-emergencias\/"]}]},{"@type":"ImageObject","inLanguage":"es","@id":"https:\/\/critcareint.com\/es\/formacion-medica-y-de-respuesta-a-emergencias\/#primaryimage","url":"https:\/\/critcareint.com\/wp-content\/uploads\/emergency-helicopter.jpg","contentUrl":"https:\/\/critcareint.com\/wp-content\/uploads\/emergency-helicopter.jpg","width":2121,"height":1414},{"@type":"BreadcrumbList","@id":"https:\/\/critcareint.com\/es\/formacion-medica-y-de-respuesta-a-emergencias\/#breadcrumb","itemListElement":[{"@type":"ListItem","position":1,"name":"Home","item":"https:\/\/critcareint.com\/es\/excelencia-medica-global\/"},{"@type":"ListItem","position":2,"name":"Formaci\u00f3n m\u00e9dica y de respuesta a emergencias"}]},{"@type":"WebSite","@id":"https:\/\/critcareint.com\/es\/#website","url":"https:\/\/critcareint.com\/es\/","name":"Critical Care International","description":"Remote healthcare solutions for the world\u2019s most demanding environments","publisher":{"@id":"https:\/\/critcareint.com\/es\/#organization"},"potentialAction":[{"@type":"SearchAction","target":{"@type":"EntryPoint","urlTemplate":"https:\/\/critcareint.com\/es\/?s={search_term_string}"},"query-input":{"@type":"PropertyValueSpecification","valueRequired":true,"valueName":"search_term_string"}}],"inLanguage":"es"},{"@type":"Organization","@id":"https:\/\/critcareint.com\/es\/#organization","name":"Critical Care International","url":"https:\/\/critcareint.com\/es\/","logo":{"@type":"ImageObject","inLanguage":"es","@id":"https:\/\/critcareint.com\/es\/#\/schema\/logo\/image\/","url":"https:\/\/critcareint.com\/wp-content\/uploads\/CCI_Logo-1.svg","contentUrl":"https:\/\/critcareint.com\/wp-content\/uploads\/CCI_Logo-1.svg","width":1,"height":1,"caption":"Critical Care International"},"image":{"@id":"https:\/\/critcareint.com\/es\/#\/schema\/logo\/image\/"},"sameAs":["https:\/\/www.facebook.com\/critcareint","https:\/\/x.com\/CritCareInt","https:\/\/www.linkedin.com\/company\/critical-care-international"]}]}},"_links":{"self":[{"href":"https:\/\/critcareint.com\/es\/wp-json\/wp\/v2\/pages\/2715","targetHints":{"allow":["GET"]}}],"collection":[{"href":"https:\/\/critcareint.com\/es\/wp-json\/wp\/v2\/pages"}],"about":[{"href":"https:\/\/critcareint.com\/es\/wp-json\/wp\/v2\/types\/page"}],"author":[{"embeddable":true,"href":"https:\/\/critcareint.com\/es\/wp-json\/wp\/v2\/users\/1"}],"replies":[{"embeddable":true,"href":"https:\/\/critcareint.com\/es\/wp-json\/wp\/v2\/comments?post=2715"}],"version-history":[{"count":1,"href":"https:\/\/critcareint.com\/es\/wp-json\/wp\/v2\/pages\/2715\/revisions"}],"predecessor-version":[{"id":2716,"href":"https:\/\/critcareint.com\/es\/wp-json\/wp\/v2\/pages\/2715\/revisions\/2716"}],"wp:featuredmedia":[{"embeddable":true,"href":"https:\/\/critcareint.com\/es\/wp-json\/wp\/v2\/media\/2190"}],"wp:attachment":[{"href":"https:\/\/critcareint.com\/es\/wp-json\/wp\/v2\/media?parent=2715"}],"wp:term":[{"taxonomy":"category","embeddable":true,"href":"https:\/\/critcareint.com\/es\/wp-json\/wp\/v2\/categories?post=2715"},{"taxonomy":"case-study-groups","embeddable":true,"href":"https:\/\/critcareint.com\/es\/wp-json\/wp\/v2\/case-study-groups?post=2715"},{"taxonomy":"cci-services","embeddable":true,"href":"https:\/\/critcareint.com\/es\/wp-json\/wp\/v2\/cci-services?post=2715"}],"curies":[{"name":"wp","href":"https:\/\/api.w.org\/{rel}","templated":true}]}}