{"id":2717,"date":"2019-07-12T12:33:36","date_gmt":"2019-07-12T12:33:36","guid":{"rendered":"https:\/\/dev.critcareint.com\/nuestros-servicios\/evacuacion-medica\/"},"modified":"2024-10-22T09:36:09","modified_gmt":"2024-10-22T09:36:09","slug":"evacuacion-medica","status":"publish","type":"page","link":"https:\/\/critcareint.com\/es\/evacuacion-medica\/","title":{"rendered":"Evacuaci\u00f3n m\u00e9dica"},"content":{"rendered":"\n<p>[no-translation]<\/p>\n\n<p>Gracias a d\u00e9cadas de experiencia en el dise\u00f1o y finalizacion de sistemas m\u00e9dicos de emergencia para servicios sanitarios nacionales, del ej\u00e9rcito y organizaciones comerciales en todo el mundo, Critical Care International se posiciona como el socio ideal en momentos de necesidad. Nuestro equipo adopta un enfoque hol\u00edstico y personalizado para cada cliente, analizando los hospitales receptores a nivel local, regional, nacional e internacional para garantizar que el paciente es evacuado al hospital mas adecuado y com el transporte m\u00e1s apropiado para cada caso (evacuacion por aire o tierra).  <\/p>\n\n<p>Trabajamos em todo el mundo con proveedores de servicios de ambulancias a\u00e9reas y evacuacion m\u00e9dica que hemos seleccionados em funcion de la calidad clinica que operan de acuerdo con los mejores est\u00e2ndares operativos internacionales y de tiempos de respuesta a emergencia.<\/p>\n","protected":false},"excerpt":{"rendered":"<p>Cuando ocorre una enfermedad aguda ou emerg\u00eancia medica critica en un entorno remoto, se recomenda una evacuaci\u00f3n r\u00e1pida a un centro medico de atencion definitiva despues de la estabilizaci\u00f3n inicial del paciente em la clinica del sitio. <\/p>\n","protected":false},"author":1,"featured_media":3040,"parent":0,"menu_order":16,"comment_status":"closed","ping_status":"closed","template":"","meta":{"_acf_changed":false,"footnotes":""},"categories":[74,89],"case-study-groups":[],"cci-services":[],"class_list":["post-2717","page","type-page","status-publish","has-post-thumbnail","hentry","category-evacuacion-medica","category-servicios"],"acf":[],"yoast_head":"<!-- This site is optimized with the Yoast SEO plugin v26.8 - https:\/\/yoast.com\/product\/yoast-seo-wordpress\/ -->\n<title>Evacuaci\u00f3n m\u00e9dica - Critical Care International<\/title>\n<meta name=\"robots\" content=\"index, follow, max-snippet:-1, max-image-preview:large, max-video-preview:-1\" \/>\n<link rel=\"canonical\" href=\"https:\/\/critcareint.com\/es\/evacuacion-medica\/\" \/>\n<meta property=\"og:locale\" content=\"es_ES\" \/>\n<meta property=\"og:type\" content=\"article\" \/>\n<meta property=\"og:title\" content=\"Evacuaci\u00f3n m\u00e9dica - Critical Care International\" \/>\n<meta property=\"og:description\" content=\"Cuando ocorre una enfermedad aguda ou emerg\u00eancia medica critica en un entorno remoto, se recomenda una evacuaci\u00f3n r\u00e1pida a un centro medico de atencion definitiva despues de la estabilizaci\u00f3n inicial del paciente em la clinica del sitio.\" \/>\n<meta property=\"og:url\" content=\"https:\/\/critcareint.com\/es\/evacuacion-medica\/\" \/>\n<meta property=\"og:site_name\" content=\"Critical Care International\" \/>\n<meta property=\"article:publisher\" content=\"https:\/\/www.facebook.com\/critcareint\" \/>\n<meta property=\"article:modified_time\" content=\"2024-10-22T09:36:09+00:00\" \/>\n<meta property=\"og:image\" content=\"https:\/\/critcareint.com\/wp-content\/uploads\/PXL_20231213_131443573.jpg\" \/>\n\t<meta property=\"og:image:width\" content=\"2400\" \/>\n\t<meta property=\"og:image:height\" content=\"1350\" \/>\n\t<meta property=\"og:image:type\" content=\"image\/jpeg\" \/>\n<meta name=\"twitter:card\" content=\"summary_large_image\" \/>\n<meta name=\"twitter:site\" content=\"@CritCareInt\" \/>\n<meta name=\"twitter:label1\" content=\"Tiempo de lectura\" \/>\n\t<meta name=\"twitter:data1\" content=\"1 minuto\" \/>\n<script type=\"application\/ld+json\" class=\"yoast-schema-graph\">{\"@context\":\"https:\/\/schema.org\",\"@graph\":[{\"@type\":\"WebPage\",\"@id\":\"https:\/\/critcareint.com\/es\/evacuacion-medica\/\",\"url\":\"https:\/\/critcareint.com\/es\/evacuacion-medica\/\",\"name\":\"Evacuaci\u00f3n m\u00e9dica - Critical Care International\",\"isPartOf\":{\"@id\":\"https:\/\/critcareint.com\/es\/#website\"},\"primaryImageOfPage\":{\"@id\":\"https:\/\/critcareint.com\/es\/evacuacion-medica\/#primaryimage\"},\"image\":{\"@id\":\"https:\/\/critcareint.com\/es\/evacuacion-medica\/#primaryimage\"},\"thumbnailUrl\":\"https:\/\/critcareint.com\/wp-content\/uploads\/PXL_20231213_131443573.jpg\",\"datePublished\":\"2019-07-12T12:33:36+00:00\",\"dateModified\":\"2024-10-22T09:36:09+00:00\",\"breadcrumb\":{\"@id\":\"https:\/\/critcareint.com\/es\/evacuacion-medica\/#breadcrumb\"},\"inLanguage\":\"es\",\"potentialAction\":[{\"@type\":\"ReadAction\",\"target\":[\"https:\/\/critcareint.com\/es\/evacuacion-medica\/\"]}]},{\"@type\":\"ImageObject\",\"inLanguage\":\"es\",\"@id\":\"https:\/\/critcareint.com\/es\/evacuacion-medica\/#primaryimage\",\"url\":\"https:\/\/critcareint.com\/wp-content\/uploads\/PXL_20231213_131443573.jpg\",\"contentUrl\":\"https:\/\/critcareint.com\/wp-content\/uploads\/PXL_20231213_131443573.jpg\",\"width\":2400,\"height\":1350,\"caption\":\"Medical Evacuation\"},{\"@type\":\"BreadcrumbList\",\"@id\":\"https:\/\/critcareint.com\/es\/evacuacion-medica\/#breadcrumb\",\"itemListElement\":[{\"@type\":\"ListItem\",\"position\":1,\"name\":\"Home\",\"item\":\"https:\/\/critcareint.com\/es\/excelencia-medica-global\/\"},{\"@type\":\"ListItem\",\"position\":2,\"name\":\"Evacuaci\u00f3n m\u00e9dica\"}]},{\"@type\":\"WebSite\",\"@id\":\"https:\/\/critcareint.com\/es\/#website\",\"url\":\"https:\/\/critcareint.com\/es\/\",\"name\":\"Critical Care International\",\"description\":\"Remote healthcare solutions for the world\u2019s most demanding environments\",\"publisher\":{\"@id\":\"https:\/\/critcareint.com\/es\/#organization\"},\"potentialAction\":[{\"@type\":\"SearchAction\",\"target\":{\"@type\":\"EntryPoint\",\"urlTemplate\":\"https:\/\/critcareint.com\/es\/?s={search_term_string}\"},\"query-input\":{\"@type\":\"PropertyValueSpecification\",\"valueRequired\":true,\"valueName\":\"search_term_string\"}}],\"inLanguage\":\"es\"},{\"@type\":\"Organization\",\"@id\":\"https:\/\/critcareint.com\/es\/#organization\",\"name\":\"Critical Care International\",\"url\":\"https:\/\/critcareint.com\/es\/\",\"logo\":{\"@type\":\"ImageObject\",\"inLanguage\":\"es\",\"@id\":\"https:\/\/critcareint.com\/es\/#\/schema\/logo\/image\/\",\"url\":\"https:\/\/critcareint.com\/wp-content\/uploads\/CCI_Logo-1.svg\",\"contentUrl\":\"https:\/\/critcareint.com\/wp-content\/uploads\/CCI_Logo-1.svg\",\"width\":1,\"height\":1,\"caption\":\"Critical Care International\"},\"image\":{\"@id\":\"https:\/\/critcareint.com\/es\/#\/schema\/logo\/image\/\"},\"sameAs\":[\"https:\/\/www.facebook.com\/critcareint\",\"https:\/\/x.com\/CritCareInt\",\"https:\/\/www.linkedin.com\/company\/critical-care-international\"]}]}<\/script>\n<!-- \/ Yoast SEO plugin. -->","yoast_head_json":{"title":"Evacuaci\u00f3n m\u00e9dica - Critical Care International","robots":{"index":"index","follow":"follow","max-snippet":"max-snippet:-1","max-image-preview":"max-image-preview:large","max-video-preview":"max-video-preview:-1"},"canonical":"https:\/\/critcareint.com\/es\/evacuacion-medica\/","og_locale":"es_ES","og_type":"article","og_title":"Evacuaci\u00f3n m\u00e9dica - Critical Care International","og_description":"Cuando ocorre una enfermedad aguda ou emerg\u00eancia medica critica en un entorno remoto, se recomenda una evacuaci\u00f3n r\u00e1pida a un centro medico de atencion definitiva despues de la estabilizaci\u00f3n inicial del paciente em la clinica del sitio.","og_url":"https:\/\/critcareint.com\/es\/evacuacion-medica\/","og_site_name":"Critical Care International","article_publisher":"https:\/\/www.facebook.com\/critcareint","article_modified_time":"2024-10-22T09:36:09+00:00","og_image":[{"width":2400,"height":1350,"url":"https:\/\/critcareint.com\/wp-content\/uploads\/PXL_20231213_131443573.jpg","type":"image\/jpeg"}],"twitter_card":"summary_large_image","twitter_site":"@CritCareInt","twitter_misc":{"Tiempo de lectura":"1 minuto"},"schema":{"@context":"https:\/\/schema.org","@graph":[{"@type":"WebPage","@id":"https:\/\/critcareint.com\/es\/evacuacion-medica\/","url":"https:\/\/critcareint.com\/es\/evacuacion-medica\/","name":"Evacuaci\u00f3n m\u00e9dica - Critical Care International","isPartOf":{"@id":"https:\/\/critcareint.com\/es\/#website"},"primaryImageOfPage":{"@id":"https:\/\/critcareint.com\/es\/evacuacion-medica\/#primaryimage"},"image":{"@id":"https:\/\/critcareint.com\/es\/evacuacion-medica\/#primaryimage"},"thumbnailUrl":"https:\/\/critcareint.com\/wp-content\/uploads\/PXL_20231213_131443573.jpg","datePublished":"2019-07-12T12:33:36+00:00","dateModified":"2024-10-22T09:36:09+00:00","breadcrumb":{"@id":"https:\/\/critcareint.com\/es\/evacuacion-medica\/#breadcrumb"},"inLanguage":"es","potentialAction":[{"@type":"ReadAction","target":["https:\/\/critcareint.com\/es\/evacuacion-medica\/"]}]},{"@type":"ImageObject","inLanguage":"es","@id":"https:\/\/critcareint.com\/es\/evacuacion-medica\/#primaryimage","url":"https:\/\/critcareint.com\/wp-content\/uploads\/PXL_20231213_131443573.jpg","contentUrl":"https:\/\/critcareint.com\/wp-content\/uploads\/PXL_20231213_131443573.jpg","width":2400,"height":1350,"caption":"Medical Evacuation"},{"@type":"BreadcrumbList","@id":"https:\/\/critcareint.com\/es\/evacuacion-medica\/#breadcrumb","itemListElement":[{"@type":"ListItem","position":1,"name":"Home","item":"https:\/\/critcareint.com\/es\/excelencia-medica-global\/"},{"@type":"ListItem","position":2,"name":"Evacuaci\u00f3n m\u00e9dica"}]},{"@type":"WebSite","@id":"https:\/\/critcareint.com\/es\/#website","url":"https:\/\/critcareint.com\/es\/","name":"Critical Care International","description":"Remote healthcare solutions for the world\u2019s most demanding environments","publisher":{"@id":"https:\/\/critcareint.com\/es\/#organization"},"potentialAction":[{"@type":"SearchAction","target":{"@type":"EntryPoint","urlTemplate":"https:\/\/critcareint.com\/es\/?s={search_term_string}"},"query-input":{"@type":"PropertyValueSpecification","valueRequired":true,"valueName":"search_term_string"}}],"inLanguage":"es"},{"@type":"Organization","@id":"https:\/\/critcareint.com\/es\/#organization","name":"Critical Care International","url":"https:\/\/critcareint.com\/es\/","logo":{"@type":"ImageObject","inLanguage":"es","@id":"https:\/\/critcareint.com\/es\/#\/schema\/logo\/image\/","url":"https:\/\/critcareint.com\/wp-content\/uploads\/CCI_Logo-1.svg","contentUrl":"https:\/\/critcareint.com\/wp-content\/uploads\/CCI_Logo-1.svg","width":1,"height":1,"caption":"Critical Care International"},"image":{"@id":"https:\/\/critcareint.com\/es\/#\/schema\/logo\/image\/"},"sameAs":["https:\/\/www.facebook.com\/critcareint","https:\/\/x.com\/CritCareInt","https:\/\/www.linkedin.com\/company\/critical-care-international"]}]}},"_links":{"self":[{"href":"https:\/\/critcareint.com\/es\/wp-json\/wp\/v2\/pages\/2717","targetHints":{"allow":["GET"]}}],"collection":[{"href":"https:\/\/critcareint.com\/es\/wp-json\/wp\/v2\/pages"}],"about":[{"href":"https:\/\/critcareint.com\/es\/wp-json\/wp\/v2\/types\/page"}],"author":[{"embeddable":true,"href":"https:\/\/critcareint.com\/es\/wp-json\/wp\/v2\/users\/1"}],"replies":[{"embeddable":true,"href":"https:\/\/critcareint.com\/es\/wp-json\/wp\/v2\/comments?post=2717"}],"version-history":[{"count":6,"href":"https:\/\/critcareint.com\/es\/wp-json\/wp\/v2\/pages\/2717\/revisions"}],"predecessor-version":[{"id":2777,"href":"https:\/\/critcareint.com\/es\/wp-json\/wp\/v2\/pages\/2717\/revisions\/2777"}],"wp:featuredmedia":[{"embeddable":true,"href":"https:\/\/critcareint.com\/es\/wp-json\/wp\/v2\/media\/3040"}],"wp:attachment":[{"href":"https:\/\/critcareint.com\/es\/wp-json\/wp\/v2\/media?parent=2717"}],"wp:term":[{"taxonomy":"category","embeddable":true,"href":"https:\/\/critcareint.com\/es\/wp-json\/wp\/v2\/categories?post=2717"},{"taxonomy":"case-study-groups","embeddable":true,"href":"https:\/\/critcareint.com\/es\/wp-json\/wp\/v2\/case-study-groups?post=2717"},{"taxonomy":"cci-services","embeddable":true,"href":"https:\/\/critcareint.com\/es\/wp-json\/wp\/v2\/cci-services?post=2717"}],"curies":[{"name":"wp","href":"https:\/\/api.w.org\/{rel}","templated":true}]}}