{"id":2719,"date":"2019-07-12T13:04:31","date_gmt":"2019-07-12T13:04:31","guid":{"rendered":"https:\/\/dev.critcareint.com\/nuestros-servicios\/planificacion-de-la-preparacion-ante-emergencias\/"},"modified":"2024-10-22T09:36:09","modified_gmt":"2024-10-22T09:36:09","slug":"planificacion-de-la-preparacion-ante-emergencias","status":"publish","type":"page","link":"https:\/\/critcareint.com\/es\/planificacion-de-la-preparacion-ante-emergencias\/","title":{"rendered":"Planificaci\u00f3n de la respuesta ante emerg\u00eancias"},"content":{"rendered":"\n<p>CCI cuenta con una amplia experiencia en medicina, respuesta y coordinaci\u00f3n de emerg\u00eancias medicas, seguridad contra incendios, rescate, recuperaci\u00f3n y extracci\u00f3n, aeron\u00e1utica y gran altitud, conferenco la capacidade de ofrecer revisiones exhaustivas de cualquier tipo de preparacion para emergencias. Nuestro objetivo constante es identificar \u00e1reas de mejora para aumentar la seguridad.<\/p>\n\n<p>Nuestras analisis y enformes:<\/p>\n\n<ul class=\"wp-block-list\">\n<li>\u2022 Proporcionar una evaluaci\u00f3n independiente e imparcial de la medicina ocupacional y preventiva, de la atenci\u00f3n primaria y de la asistencia sanitaria de emergencia indexada a los estandares profesionales (por ejemplo, ISO 45001), est\u00e2ndares cl\u00ednicos (por ejemplo, ACLS\/PHTLS) y de las mejores pr\u00e1cticas del sector (por ejemplo, Institute of Remote Health Care).<\/li>\n\n\n\n<li>Identificar \u00e1reas de excelentes pr\u00e1cticas que puedan transferirse a otros sitios.<\/li>\n\n\n\n<li>Identificar \u00e1reas de excelentes pr\u00e1cticas que puedan transferirse a otros sitios.<\/li>\n\n\n\n<li>Puede constituir la base de programas para finalizar normas sanitarias para la utilizacion del grupo y de una organizaci\u00f3n y que mejoren la seguridad y rentabilidad.<\/li>\n<\/ul>\n","protected":false},"excerpt":{"rendered":"<p>Critical Care International (CCI) cuenta con m\u00e1s de diez a\u00f1os de experiencia em la evaluaci\u00f3n de los servicios sanit\u00e1rios de la empresas. Evaluacion hecha de acuerdo com los est\u00e2ndares Internacionales y de la industria.<\/p>\n","protected":false},"author":1,"featured_media":2084,"parent":0,"menu_order":25,"comment_status":"closed","ping_status":"closed","template":"","meta":{"_acf_changed":false,"footnotes":""},"categories":[75,89],"case-study-groups":[],"cci-services":[],"class_list":["post-2719","page","type-page","status-publish","has-post-thumbnail","hentry","category-planificacion-de-la-preparacion-ante-emergencias","category-servicios"],"acf":[],"yoast_head":"<!-- This site is optimized with the Yoast SEO plugin v26.8 - https:\/\/yoast.com\/product\/yoast-seo-wordpress\/ -->\n<title>Planificaci\u00f3n de la respuesta ante emerg\u00eancias - Critical Care International<\/title>\n<meta name=\"robots\" content=\"index, follow, max-snippet:-1, max-image-preview:large, max-video-preview:-1\" \/>\n<link rel=\"canonical\" href=\"https:\/\/critcareint.com\/es\/planificacion-de-la-preparacion-ante-emergencias\/\" \/>\n<meta property=\"og:locale\" content=\"es_ES\" \/>\n<meta property=\"og:type\" content=\"article\" \/>\n<meta property=\"og:title\" content=\"Planificaci\u00f3n de la respuesta ante emerg\u00eancias - Critical Care International\" \/>\n<meta property=\"og:description\" content=\"Critical Care International (CCI) cuenta con m\u00e1s de diez a\u00f1os de experiencia em la evaluaci\u00f3n de los servicios sanit\u00e1rios de la empresas. Evaluacion hecha de acuerdo com los est\u00e2ndares Internacionales y de la industria.\" \/>\n<meta property=\"og:url\" content=\"https:\/\/critcareint.com\/es\/planificacion-de-la-preparacion-ante-emergencias\/\" \/>\n<meta property=\"og:site_name\" content=\"Critical Care International\" \/>\n<meta property=\"article:publisher\" content=\"https:\/\/www.facebook.com\/critcareint\" \/>\n<meta property=\"article:modified_time\" content=\"2024-10-22T09:36:09+00:00\" \/>\n<meta property=\"og:image\" content=\"https:\/\/critcareint.com\/wp-content\/uploads\/teaching.jpg\" \/>\n\t<meta property=\"og:image:width\" content=\"2400\" \/>\n\t<meta property=\"og:image:height\" content=\"1524\" \/>\n\t<meta property=\"og:image:type\" content=\"image\/jpeg\" \/>\n<meta name=\"twitter:card\" content=\"summary_large_image\" \/>\n<meta name=\"twitter:site\" content=\"@CritCareInt\" \/>\n<meta name=\"twitter:label1\" content=\"Tiempo de lectura\" \/>\n\t<meta name=\"twitter:data1\" content=\"1 minuto\" \/>\n<script type=\"application\/ld+json\" class=\"yoast-schema-graph\">{\"@context\":\"https:\/\/schema.org\",\"@graph\":[{\"@type\":\"WebPage\",\"@id\":\"https:\/\/critcareint.com\/es\/planificacion-de-la-preparacion-ante-emergencias\/\",\"url\":\"https:\/\/critcareint.com\/es\/planificacion-de-la-preparacion-ante-emergencias\/\",\"name\":\"Planificaci\u00f3n de la respuesta ante emerg\u00eancias - Critical Care International\",\"isPartOf\":{\"@id\":\"https:\/\/critcareint.com\/es\/#website\"},\"primaryImageOfPage\":{\"@id\":\"https:\/\/critcareint.com\/es\/planificacion-de-la-preparacion-ante-emergencias\/#primaryimage\"},\"image\":{\"@id\":\"https:\/\/critcareint.com\/es\/planificacion-de-la-preparacion-ante-emergencias\/#primaryimage\"},\"thumbnailUrl\":\"https:\/\/critcareint.com\/wp-content\/uploads\/teaching.jpg\",\"datePublished\":\"2019-07-12T13:04:31+00:00\",\"dateModified\":\"2024-10-22T09:36:09+00:00\",\"breadcrumb\":{\"@id\":\"https:\/\/critcareint.com\/es\/planificacion-de-la-preparacion-ante-emergencias\/#breadcrumb\"},\"inLanguage\":\"es\",\"potentialAction\":[{\"@type\":\"ReadAction\",\"target\":[\"https:\/\/critcareint.com\/es\/planificacion-de-la-preparacion-ante-emergencias\/\"]}]},{\"@type\":\"ImageObject\",\"inLanguage\":\"es\",\"@id\":\"https:\/\/critcareint.com\/es\/planificacion-de-la-preparacion-ante-emergencias\/#primaryimage\",\"url\":\"https:\/\/critcareint.com\/wp-content\/uploads\/teaching.jpg\",\"contentUrl\":\"https:\/\/critcareint.com\/wp-content\/uploads\/teaching.jpg\",\"width\":2400,\"height\":1524},{\"@type\":\"BreadcrumbList\",\"@id\":\"https:\/\/critcareint.com\/es\/planificacion-de-la-preparacion-ante-emergencias\/#breadcrumb\",\"itemListElement\":[{\"@type\":\"ListItem\",\"position\":1,\"name\":\"Home\",\"item\":\"https:\/\/critcareint.com\/es\/excelencia-medica-global\/\"},{\"@type\":\"ListItem\",\"position\":2,\"name\":\"Planificaci\u00f3n de la respuesta ante emerg\u00eancias\"}]},{\"@type\":\"WebSite\",\"@id\":\"https:\/\/critcareint.com\/es\/#website\",\"url\":\"https:\/\/critcareint.com\/es\/\",\"name\":\"Critical Care International\",\"description\":\"Remote healthcare solutions for the world\u2019s most demanding environments\",\"publisher\":{\"@id\":\"https:\/\/critcareint.com\/es\/#organization\"},\"potentialAction\":[{\"@type\":\"SearchAction\",\"target\":{\"@type\":\"EntryPoint\",\"urlTemplate\":\"https:\/\/critcareint.com\/es\/?s={search_term_string}\"},\"query-input\":{\"@type\":\"PropertyValueSpecification\",\"valueRequired\":true,\"valueName\":\"search_term_string\"}}],\"inLanguage\":\"es\"},{\"@type\":\"Organization\",\"@id\":\"https:\/\/critcareint.com\/es\/#organization\",\"name\":\"Critical Care International\",\"url\":\"https:\/\/critcareint.com\/es\/\",\"logo\":{\"@type\":\"ImageObject\",\"inLanguage\":\"es\",\"@id\":\"https:\/\/critcareint.com\/es\/#\/schema\/logo\/image\/\",\"url\":\"https:\/\/critcareint.com\/wp-content\/uploads\/CCI_Logo-1.svg\",\"contentUrl\":\"https:\/\/critcareint.com\/wp-content\/uploads\/CCI_Logo-1.svg\",\"width\":1,\"height\":1,\"caption\":\"Critical Care International\"},\"image\":{\"@id\":\"https:\/\/critcareint.com\/es\/#\/schema\/logo\/image\/\"},\"sameAs\":[\"https:\/\/www.facebook.com\/critcareint\",\"https:\/\/x.com\/CritCareInt\",\"https:\/\/www.linkedin.com\/company\/critical-care-international\"]}]}<\/script>\n<!-- \/ Yoast SEO plugin. -->","yoast_head_json":{"title":"Planificaci\u00f3n de la respuesta ante emerg\u00eancias - Critical Care International","robots":{"index":"index","follow":"follow","max-snippet":"max-snippet:-1","max-image-preview":"max-image-preview:large","max-video-preview":"max-video-preview:-1"},"canonical":"https:\/\/critcareint.com\/es\/planificacion-de-la-preparacion-ante-emergencias\/","og_locale":"es_ES","og_type":"article","og_title":"Planificaci\u00f3n de la respuesta ante emerg\u00eancias - Critical Care International","og_description":"Critical Care International (CCI) cuenta con m\u00e1s de diez a\u00f1os de experiencia em la evaluaci\u00f3n de los servicios sanit\u00e1rios de la empresas. Evaluacion hecha de acuerdo com los est\u00e2ndares Internacionales y de la industria.","og_url":"https:\/\/critcareint.com\/es\/planificacion-de-la-preparacion-ante-emergencias\/","og_site_name":"Critical Care International","article_publisher":"https:\/\/www.facebook.com\/critcareint","article_modified_time":"2024-10-22T09:36:09+00:00","og_image":[{"width":2400,"height":1524,"url":"https:\/\/critcareint.com\/wp-content\/uploads\/teaching.jpg","type":"image\/jpeg"}],"twitter_card":"summary_large_image","twitter_site":"@CritCareInt","twitter_misc":{"Tiempo de lectura":"1 minuto"},"schema":{"@context":"https:\/\/schema.org","@graph":[{"@type":"WebPage","@id":"https:\/\/critcareint.com\/es\/planificacion-de-la-preparacion-ante-emergencias\/","url":"https:\/\/critcareint.com\/es\/planificacion-de-la-preparacion-ante-emergencias\/","name":"Planificaci\u00f3n de la respuesta ante emerg\u00eancias - Critical Care International","isPartOf":{"@id":"https:\/\/critcareint.com\/es\/#website"},"primaryImageOfPage":{"@id":"https:\/\/critcareint.com\/es\/planificacion-de-la-preparacion-ante-emergencias\/#primaryimage"},"image":{"@id":"https:\/\/critcareint.com\/es\/planificacion-de-la-preparacion-ante-emergencias\/#primaryimage"},"thumbnailUrl":"https:\/\/critcareint.com\/wp-content\/uploads\/teaching.jpg","datePublished":"2019-07-12T13:04:31+00:00","dateModified":"2024-10-22T09:36:09+00:00","breadcrumb":{"@id":"https:\/\/critcareint.com\/es\/planificacion-de-la-preparacion-ante-emergencias\/#breadcrumb"},"inLanguage":"es","potentialAction":[{"@type":"ReadAction","target":["https:\/\/critcareint.com\/es\/planificacion-de-la-preparacion-ante-emergencias\/"]}]},{"@type":"ImageObject","inLanguage":"es","@id":"https:\/\/critcareint.com\/es\/planificacion-de-la-preparacion-ante-emergencias\/#primaryimage","url":"https:\/\/critcareint.com\/wp-content\/uploads\/teaching.jpg","contentUrl":"https:\/\/critcareint.com\/wp-content\/uploads\/teaching.jpg","width":2400,"height":1524},{"@type":"BreadcrumbList","@id":"https:\/\/critcareint.com\/es\/planificacion-de-la-preparacion-ante-emergencias\/#breadcrumb","itemListElement":[{"@type":"ListItem","position":1,"name":"Home","item":"https:\/\/critcareint.com\/es\/excelencia-medica-global\/"},{"@type":"ListItem","position":2,"name":"Planificaci\u00f3n de la respuesta ante emerg\u00eancias"}]},{"@type":"WebSite","@id":"https:\/\/critcareint.com\/es\/#website","url":"https:\/\/critcareint.com\/es\/","name":"Critical Care International","description":"Remote healthcare solutions for the world\u2019s most demanding environments","publisher":{"@id":"https:\/\/critcareint.com\/es\/#organization"},"potentialAction":[{"@type":"SearchAction","target":{"@type":"EntryPoint","urlTemplate":"https:\/\/critcareint.com\/es\/?s={search_term_string}"},"query-input":{"@type":"PropertyValueSpecification","valueRequired":true,"valueName":"search_term_string"}}],"inLanguage":"es"},{"@type":"Organization","@id":"https:\/\/critcareint.com\/es\/#organization","name":"Critical Care International","url":"https:\/\/critcareint.com\/es\/","logo":{"@type":"ImageObject","inLanguage":"es","@id":"https:\/\/critcareint.com\/es\/#\/schema\/logo\/image\/","url":"https:\/\/critcareint.com\/wp-content\/uploads\/CCI_Logo-1.svg","contentUrl":"https:\/\/critcareint.com\/wp-content\/uploads\/CCI_Logo-1.svg","width":1,"height":1,"caption":"Critical Care International"},"image":{"@id":"https:\/\/critcareint.com\/es\/#\/schema\/logo\/image\/"},"sameAs":["https:\/\/www.facebook.com\/critcareint","https:\/\/x.com\/CritCareInt","https:\/\/www.linkedin.com\/company\/critical-care-international"]}]}},"_links":{"self":[{"href":"https:\/\/critcareint.com\/es\/wp-json\/wp\/v2\/pages\/2719","targetHints":{"allow":["GET"]}}],"collection":[{"href":"https:\/\/critcareint.com\/es\/wp-json\/wp\/v2\/pages"}],"about":[{"href":"https:\/\/critcareint.com\/es\/wp-json\/wp\/v2\/types\/page"}],"author":[{"embeddable":true,"href":"https:\/\/critcareint.com\/es\/wp-json\/wp\/v2\/users\/1"}],"replies":[{"embeddable":true,"href":"https:\/\/critcareint.com\/es\/wp-json\/wp\/v2\/comments?post=2719"}],"version-history":[{"count":2,"href":"https:\/\/critcareint.com\/es\/wp-json\/wp\/v2\/pages\/2719\/revisions"}],"predecessor-version":[{"id":3114,"href":"https:\/\/critcareint.com\/es\/wp-json\/wp\/v2\/pages\/2719\/revisions\/3114"}],"wp:featuredmedia":[{"embeddable":true,"href":"https:\/\/critcareint.com\/es\/wp-json\/wp\/v2\/media\/2084"}],"wp:attachment":[{"href":"https:\/\/critcareint.com\/es\/wp-json\/wp\/v2\/media?parent=2719"}],"wp:term":[{"taxonomy":"category","embeddable":true,"href":"https:\/\/critcareint.com\/es\/wp-json\/wp\/v2\/categories?post=2719"},{"taxonomy":"case-study-groups","embeddable":true,"href":"https:\/\/critcareint.com\/es\/wp-json\/wp\/v2\/case-study-groups?post=2719"},{"taxonomy":"cci-services","embeddable":true,"href":"https:\/\/critcareint.com\/es\/wp-json\/wp\/v2\/cci-services?post=2719"}],"curies":[{"name":"wp","href":"https:\/\/api.w.org\/{rel}","templated":true}]}}