{"id":2721,"date":"2024-02-13T14:51:22","date_gmt":"2024-02-13T14:51:22","guid":{"rendered":"https:\/\/dev.critcareint.com\/nuestros-servicios\/salud-laboral-e-higiene-industrial\/"},"modified":"2024-10-22T09:36:10","modified_gmt":"2024-10-22T09:36:10","slug":"salud-laboral-e-higiene-industrial","status":"publish","type":"page","link":"https:\/\/critcareint.com\/es\/salud-laboral-e-higiene-industrial\/","title":{"rendered":"Medicina ocupacional e higiene industrial"},"content":{"rendered":"\n<p>CCI desarrolla y proporciona para sus clientes un conjunto completo de programas de medicina ocupacional e higiene industrial, que incluyen:<\/p>\n\n<ul class=\"wp-block-list\">\n<li>Examen medico pre-empleo, anual y post-empleo al final de la relacion laboral<\/li>\n\n\n\n<li>Definici\u00f3n del Grupo de Exposici\u00f3n al Riesgo y de los requisitos relativos del panel de examen de salud ocupacional y de vigilancia<\/li>\n\n\n\n<li>Creacion de grupos similares de exposicion a riesgos y requisitos de vigil\u00e2ncia sanit\u00e1ria para el ruido, las vibraciones y los contaminantes del aire <\/li>\n\n\n\n<li>Medidas adicionales de investigacion y deteccion especifico para el personal de la seguridad<\/li>\n\n\n\n<li>Higiene industrial y vigilancia por ejemplo, plomo, s\u00edlice, espirometr\u00eda, audiometr\u00eda, agudeza visual<\/li>\n\n\n\n<li>Programa de prueba de drogas y alcohol<\/li>\n<\/ul>\n\n<p>Nuestro enfoque consiste en ayudar a nuestros clientes a crear sus programas de medicina ocupacional e higiene industrial con el objetivo de formar al personal local para la gestion de medicina ocupacional, supervisado y monitoreado por los expertos de CCI, que tambien estan certificados por NEBOSH.<\/p>\n\n<p><a href=\"https:\/\/www.nebosh.org.uk\/about-nebosh\/our-organisation\/\">[no-translation]<\/a><\/p>\n","protected":false},"excerpt":{"rendered":"<p>Gracias a su trabajo en sectores altamente regulados que operan en entornos remotos, Critical Care International (CCI) conoce en profundidad los requisitos de medicina ocupacional e higiene industrial de sus clientes.<\/p>\n","protected":false},"author":1,"featured_media":3028,"parent":0,"menu_order":30,"comment_status":"closed","ping_status":"closed","template":"","meta":{"_acf_changed":false,"footnotes":""},"categories":[76,89],"case-study-groups":[],"cci-services":[],"class_list":["post-2721","page","type-page","status-publish","has-post-thumbnail","hentry","category-salud-laboral","category-servicios"],"acf":[],"yoast_head":"<!-- This site is optimized with the Yoast SEO plugin v26.8 - https:\/\/yoast.com\/product\/yoast-seo-wordpress\/ -->\n<title>Medicina ocupacional e higiene industrial - Critical Care International<\/title>\n<meta name=\"robots\" content=\"index, follow, max-snippet:-1, max-image-preview:large, max-video-preview:-1\" \/>\n<link rel=\"canonical\" href=\"https:\/\/critcareint.com\/es\/salud-laboral-e-higiene-industrial\/\" \/>\n<meta property=\"og:locale\" content=\"es_ES\" \/>\n<meta property=\"og:type\" content=\"article\" \/>\n<meta property=\"og:title\" content=\"Medicina ocupacional e higiene industrial - Critical Care International\" \/>\n<meta property=\"og:description\" content=\"Gracias a su trabajo en sectores altamente regulados que operan en entornos remotos, Critical Care International (CCI) conoce en profundidad los requisitos de medicina ocupacional e higiene industrial de sus clientes.\" \/>\n<meta property=\"og:url\" content=\"https:\/\/critcareint.com\/es\/salud-laboral-e-higiene-industrial\/\" \/>\n<meta property=\"og:site_name\" content=\"Critical Care International\" \/>\n<meta property=\"article:publisher\" content=\"https:\/\/www.facebook.com\/critcareint\" \/>\n<meta property=\"article:modified_time\" content=\"2024-10-22T09:36:10+00:00\" \/>\n<meta property=\"og:image\" content=\"https:\/\/critcareint.com\/wp-content\/uploads\/MG_6593.jpg\" \/>\n\t<meta property=\"og:image:width\" content=\"2400\" \/>\n\t<meta property=\"og:image:height\" content=\"1600\" \/>\n\t<meta property=\"og:image:type\" content=\"image\/jpeg\" \/>\n<meta name=\"twitter:card\" content=\"summary_large_image\" \/>\n<meta name=\"twitter:site\" content=\"@CritCareInt\" \/>\n<meta name=\"twitter:label1\" content=\"Tiempo de lectura\" \/>\n\t<meta name=\"twitter:data1\" content=\"1 minuto\" \/>\n<script type=\"application\/ld+json\" class=\"yoast-schema-graph\">{\"@context\":\"https:\/\/schema.org\",\"@graph\":[{\"@type\":\"WebPage\",\"@id\":\"https:\/\/critcareint.com\/es\/salud-laboral-e-higiene-industrial\/\",\"url\":\"https:\/\/critcareint.com\/es\/salud-laboral-e-higiene-industrial\/\",\"name\":\"Medicina ocupacional e higiene industrial - Critical Care International\",\"isPartOf\":{\"@id\":\"https:\/\/critcareint.com\/es\/#website\"},\"primaryImageOfPage\":{\"@id\":\"https:\/\/critcareint.com\/es\/salud-laboral-e-higiene-industrial\/#primaryimage\"},\"image\":{\"@id\":\"https:\/\/critcareint.com\/es\/salud-laboral-e-higiene-industrial\/#primaryimage\"},\"thumbnailUrl\":\"https:\/\/critcareint.com\/wp-content\/uploads\/MG_6593.jpg\",\"datePublished\":\"2024-02-13T14:51:22+00:00\",\"dateModified\":\"2024-10-22T09:36:10+00:00\",\"breadcrumb\":{\"@id\":\"https:\/\/critcareint.com\/es\/salud-laboral-e-higiene-industrial\/#breadcrumb\"},\"inLanguage\":\"es\",\"potentialAction\":[{\"@type\":\"ReadAction\",\"target\":[\"https:\/\/critcareint.com\/es\/salud-laboral-e-higiene-industrial\/\"]}]},{\"@type\":\"ImageObject\",\"inLanguage\":\"es\",\"@id\":\"https:\/\/critcareint.com\/es\/salud-laboral-e-higiene-industrial\/#primaryimage\",\"url\":\"https:\/\/critcareint.com\/wp-content\/uploads\/MG_6593.jpg\",\"contentUrl\":\"https:\/\/critcareint.com\/wp-content\/uploads\/MG_6593.jpg\",\"width\":2400,\"height\":1600,\"caption\":\"Occupational Health and Industrial Hygiene\"},{\"@type\":\"BreadcrumbList\",\"@id\":\"https:\/\/critcareint.com\/es\/salud-laboral-e-higiene-industrial\/#breadcrumb\",\"itemListElement\":[{\"@type\":\"ListItem\",\"position\":1,\"name\":\"Home\",\"item\":\"https:\/\/critcareint.com\/es\/excelencia-medica-global\/\"},{\"@type\":\"ListItem\",\"position\":2,\"name\":\"Medicina ocupacional e higiene industrial\"}]},{\"@type\":\"WebSite\",\"@id\":\"https:\/\/critcareint.com\/es\/#website\",\"url\":\"https:\/\/critcareint.com\/es\/\",\"name\":\"Critical Care International\",\"description\":\"Remote healthcare solutions for the world\u2019s most demanding environments\",\"publisher\":{\"@id\":\"https:\/\/critcareint.com\/es\/#organization\"},\"potentialAction\":[{\"@type\":\"SearchAction\",\"target\":{\"@type\":\"EntryPoint\",\"urlTemplate\":\"https:\/\/critcareint.com\/es\/?s={search_term_string}\"},\"query-input\":{\"@type\":\"PropertyValueSpecification\",\"valueRequired\":true,\"valueName\":\"search_term_string\"}}],\"inLanguage\":\"es\"},{\"@type\":\"Organization\",\"@id\":\"https:\/\/critcareint.com\/es\/#organization\",\"name\":\"Critical Care International\",\"url\":\"https:\/\/critcareint.com\/es\/\",\"logo\":{\"@type\":\"ImageObject\",\"inLanguage\":\"es\",\"@id\":\"https:\/\/critcareint.com\/es\/#\/schema\/logo\/image\/\",\"url\":\"https:\/\/critcareint.com\/wp-content\/uploads\/CCI_Logo-1.svg\",\"contentUrl\":\"https:\/\/critcareint.com\/wp-content\/uploads\/CCI_Logo-1.svg\",\"width\":1,\"height\":1,\"caption\":\"Critical Care International\"},\"image\":{\"@id\":\"https:\/\/critcareint.com\/es\/#\/schema\/logo\/image\/\"},\"sameAs\":[\"https:\/\/www.facebook.com\/critcareint\",\"https:\/\/x.com\/CritCareInt\",\"https:\/\/www.linkedin.com\/company\/critical-care-international\"]}]}<\/script>\n<!-- \/ Yoast SEO plugin. -->","yoast_head_json":{"title":"Medicina ocupacional e higiene industrial - Critical Care International","robots":{"index":"index","follow":"follow","max-snippet":"max-snippet:-1","max-image-preview":"max-image-preview:large","max-video-preview":"max-video-preview:-1"},"canonical":"https:\/\/critcareint.com\/es\/salud-laboral-e-higiene-industrial\/","og_locale":"es_ES","og_type":"article","og_title":"Medicina ocupacional e higiene industrial - Critical Care International","og_description":"Gracias a su trabajo en sectores altamente regulados que operan en entornos remotos, Critical Care International (CCI) conoce en profundidad los requisitos de medicina ocupacional e higiene industrial de sus clientes.","og_url":"https:\/\/critcareint.com\/es\/salud-laboral-e-higiene-industrial\/","og_site_name":"Critical Care International","article_publisher":"https:\/\/www.facebook.com\/critcareint","article_modified_time":"2024-10-22T09:36:10+00:00","og_image":[{"width":2400,"height":1600,"url":"https:\/\/critcareint.com\/wp-content\/uploads\/MG_6593.jpg","type":"image\/jpeg"}],"twitter_card":"summary_large_image","twitter_site":"@CritCareInt","twitter_misc":{"Tiempo de lectura":"1 minuto"},"schema":{"@context":"https:\/\/schema.org","@graph":[{"@type":"WebPage","@id":"https:\/\/critcareint.com\/es\/salud-laboral-e-higiene-industrial\/","url":"https:\/\/critcareint.com\/es\/salud-laboral-e-higiene-industrial\/","name":"Medicina ocupacional e higiene industrial - Critical Care International","isPartOf":{"@id":"https:\/\/critcareint.com\/es\/#website"},"primaryImageOfPage":{"@id":"https:\/\/critcareint.com\/es\/salud-laboral-e-higiene-industrial\/#primaryimage"},"image":{"@id":"https:\/\/critcareint.com\/es\/salud-laboral-e-higiene-industrial\/#primaryimage"},"thumbnailUrl":"https:\/\/critcareint.com\/wp-content\/uploads\/MG_6593.jpg","datePublished":"2024-02-13T14:51:22+00:00","dateModified":"2024-10-22T09:36:10+00:00","breadcrumb":{"@id":"https:\/\/critcareint.com\/es\/salud-laboral-e-higiene-industrial\/#breadcrumb"},"inLanguage":"es","potentialAction":[{"@type":"ReadAction","target":["https:\/\/critcareint.com\/es\/salud-laboral-e-higiene-industrial\/"]}]},{"@type":"ImageObject","inLanguage":"es","@id":"https:\/\/critcareint.com\/es\/salud-laboral-e-higiene-industrial\/#primaryimage","url":"https:\/\/critcareint.com\/wp-content\/uploads\/MG_6593.jpg","contentUrl":"https:\/\/critcareint.com\/wp-content\/uploads\/MG_6593.jpg","width":2400,"height":1600,"caption":"Occupational Health and Industrial Hygiene"},{"@type":"BreadcrumbList","@id":"https:\/\/critcareint.com\/es\/salud-laboral-e-higiene-industrial\/#breadcrumb","itemListElement":[{"@type":"ListItem","position":1,"name":"Home","item":"https:\/\/critcareint.com\/es\/excelencia-medica-global\/"},{"@type":"ListItem","position":2,"name":"Medicina ocupacional e higiene industrial"}]},{"@type":"WebSite","@id":"https:\/\/critcareint.com\/es\/#website","url":"https:\/\/critcareint.com\/es\/","name":"Critical Care International","description":"Remote healthcare solutions for the world\u2019s most demanding environments","publisher":{"@id":"https:\/\/critcareint.com\/es\/#organization"},"potentialAction":[{"@type":"SearchAction","target":{"@type":"EntryPoint","urlTemplate":"https:\/\/critcareint.com\/es\/?s={search_term_string}"},"query-input":{"@type":"PropertyValueSpecification","valueRequired":true,"valueName":"search_term_string"}}],"inLanguage":"es"},{"@type":"Organization","@id":"https:\/\/critcareint.com\/es\/#organization","name":"Critical Care International","url":"https:\/\/critcareint.com\/es\/","logo":{"@type":"ImageObject","inLanguage":"es","@id":"https:\/\/critcareint.com\/es\/#\/schema\/logo\/image\/","url":"https:\/\/critcareint.com\/wp-content\/uploads\/CCI_Logo-1.svg","contentUrl":"https:\/\/critcareint.com\/wp-content\/uploads\/CCI_Logo-1.svg","width":1,"height":1,"caption":"Critical Care International"},"image":{"@id":"https:\/\/critcareint.com\/es\/#\/schema\/logo\/image\/"},"sameAs":["https:\/\/www.facebook.com\/critcareint","https:\/\/x.com\/CritCareInt","https:\/\/www.linkedin.com\/company\/critical-care-international"]}]}},"_links":{"self":[{"href":"https:\/\/critcareint.com\/es\/wp-json\/wp\/v2\/pages\/2721","targetHints":{"allow":["GET"]}}],"collection":[{"href":"https:\/\/critcareint.com\/es\/wp-json\/wp\/v2\/pages"}],"about":[{"href":"https:\/\/critcareint.com\/es\/wp-json\/wp\/v2\/types\/page"}],"author":[{"embeddable":true,"href":"https:\/\/critcareint.com\/es\/wp-json\/wp\/v2\/users\/1"}],"replies":[{"embeddable":true,"href":"https:\/\/critcareint.com\/es\/wp-json\/wp\/v2\/comments?post=2721"}],"version-history":[{"count":6,"href":"https:\/\/critcareint.com\/es\/wp-json\/wp\/v2\/pages\/2721\/revisions"}],"predecessor-version":[{"id":3104,"href":"https:\/\/critcareint.com\/es\/wp-json\/wp\/v2\/pages\/2721\/revisions\/3104"}],"wp:featuredmedia":[{"embeddable":true,"href":"https:\/\/critcareint.com\/es\/wp-json\/wp\/v2\/media\/3028"}],"wp:attachment":[{"href":"https:\/\/critcareint.com\/es\/wp-json\/wp\/v2\/media?parent=2721"}],"wp:term":[{"taxonomy":"category","embeddable":true,"href":"https:\/\/critcareint.com\/es\/wp-json\/wp\/v2\/categories?post=2721"},{"taxonomy":"case-study-groups","embeddable":true,"href":"https:\/\/critcareint.com\/es\/wp-json\/wp\/v2\/case-study-groups?post=2721"},{"taxonomy":"cci-services","embeddable":true,"href":"https:\/\/critcareint.com\/es\/wp-json\/wp\/v2\/cci-services?post=2721"}],"curies":[{"name":"wp","href":"https:\/\/api.w.org\/{rel}","templated":true}]}}