{"id":2731,"date":"2019-06-06T12:02:24","date_gmt":"2019-06-06T12:02:24","guid":{"rendered":"https:\/\/dev.critcareint.com\/unete-a-nosotros\/"},"modified":"2024-03-25T15:21:09","modified_gmt":"2024-03-25T15:21:09","slug":"unete-a-nosotros","status":"publish","type":"page","link":"https:\/\/critcareint.com\/es\/unete-a-nosotros\/","title":{"rendered":"\u00danete a nosotros"},"content":{"rendered":"\n<p><iframe title=\"Remote Medicine - CCI Recruitment Video\" src=\"https:\/\/www.youtube.com\/embed\/0hgHJdAMpGo?modestbranding=1&amp;controls=0\" width=\"895\" height=\"503\" frameborder=\"0\" allowfullscreen=\"allowfullscreen\"><\/iframe><\/p>\n\n<p>\u00danase a un equipo din\u00e1mico y multicultural que aspira a los m\u00e1s altos niveles de practica m\u00e9dica y \u00e9tica de la asistencia sanitaria a distancia.<\/p>\n\n<h2 class=\"wp-block-heading\">A quien estamos buscando<\/h2>\n\n<p>Damos la bienvenida a m\u00e9dicos, enfermeros, param\u00e9dicos y profesionales com experiencia en desarrollo de cualquier edad, origen cultural y orientaci\u00f3n que tienen:<\/p>\n\n<ul class=\"wp-block-list\">\n<li>Impulso profesional, entusiasmo, humor, madurez y confianza en s\u00ed mismo.<\/li>\n\n\n\n<li>Valores morales<\/li>\n\n\n\n<li>Claridad de pensamiento y de juicio equilibrado<\/li>\n\n\n\n<li>Sensibilidad cultural: capacidad de establecer relaciones eficaces con las partes interesadas en las comunidades, la organizacion del cliente y entre compa\u00f1eros y colegas de trabajo.<\/li>\n<\/ul>\n\n<p>Los profesionales m\u00e9dicos que deseen ser movilizados necesitan un m\u00ednimo de:<\/p>\n\n<ul class=\"wp-block-list\">\n<li>3 a\u00f1os de experiencia de pos-grado<\/li>\n\n\n\n<li>Experiencia previa de trabajo en entornos y s\u00edtios remotos<\/li>\n\n\n\n<li>Cualificaciones de tipo ALS y ATLS\/PHTLS o equivalentes<\/li>\n\n\n\n<li>Ingl\u00e9s fluido y con idiomas adicionales es tambien muy deseado<\/li>\n<\/ul>\n\n<h2 class=\"wp-block-heading\">Qu\u00e9 ofrecemos<\/h2>\n\n<p>Ofrecemos una gama de oportunidades de puestos de trabajo en s\u00edtios remotos y de consultor\u00eda para profesionales experimentados<\/p>\n\n<ul class=\"wp-block-list\">\n<li>Asistencia de cuidados cr\u00edticos 24 horas por d\u00eda, 7 d\u00edas a la semana, para la gestion a distancia de las emerg\u00eancias medicas com acceso a la plataforma de expertos para responder a los cuidados secundarios.<\/li>\n\n\n\n<li>Asistencia para evolucion profesional, que incluye seminarios web peri\u00f3dicos de formaci\u00f3n, orientaci\u00f3n profesional por parte de cl\u00ednicos experimentados y acceso a formaci\u00f3n financiada.<\/li>\n\n\n\n<li>Paquete de bienestar que incluye sesiones informativas de seguridad antes de la movilizacion em el sitio, seguro de viaje, Apoyo log\u00edstico de las operaciones y seguro m\u00e9dico completo em caso de neglicencia profesional.<\/li>\n\n\n\n<li>Evolucion personal de la gesti\u00f3n de proyectos, direcci\u00f3n de equipos multidisciplinares, tutor\u00eda y pr\u00e1ctica cl\u00ednica aut\u00f3noma.<\/li>\n\n\n\n<li>Introducir cambios positivos en los sistemas sanitarios locales mediante el dise\u00f1o y la ejecuci\u00f3n de programas y proyectos de desarrollo comunitario.<\/li>\n<\/ul>\n\n<div class=\"wp-block-buttons is-content-justification-center is-layout-flex wp-container-core-buttons-is-layout-1 wp-block-buttons-is-layout-flex\">\n<div class=\"wp-block-button\"><a class=\"wp-block-button__link wp-element-button\" href=\"https:\/\/critcareint.com\/join-us\/send-us-your-cv\/\">Env\u00edenos su CV<\/a><\/div>\n<\/div>\n\n<p><\/p>\n\n<div class=\"wp-block-cover is-light has-cci-green-color has-text-color has-link-color wp-elements-2fca92f5df0e1909164eda723392c356\"><span aria-hidden=\"true\" class=\"wp-block-cover__background has-cci-verylightgreen-background-color has-background-dim-100 has-background-dim\"><\/span><div class=\"wp-block-cover__inner-container is-layout-constrained wp-block-cover-is-layout-constrained\">\n<p>En 2023 organizamos un concurso de ensayos para estudiantes de medicina, y los tres mejores autores ganaron cada uno un a\u00f1o de membres\u00eda de <a href=\"https:\/\/www.rcsed.ac.uk\/faculties\/faculty-of-remote-rural-and-humanitarian-healthcare\" target=\"_blank\" rel=\"noopener noreferrer\">la Facultad de Atenci\u00f3n M\u00e9dica Remota, Rural y Humanitaria<\/a> (cortes\u00eda del FRRHH, Royal College of Surgeons of Edinburgh), adem\u00e1s de algunos premios en met\u00e1lico.<\/p>\n\n\n\n<p>Los ensayos ganadores se pueden leer aqu\u00ed (en ingl\u00e9s): <\/p>\n\n\n\n<ul class=\"wp-block-list\">\n<li><a href=\"https:\/\/critcareint.com\/wp-content\/uploads\/Dana-Alkhatib-Song-of-the-Soul.pdf\" target=\"_blank\" rel=\"noopener\"><strong>Dana Alkhatib: Song of the Soul<\/strong><\/a><\/li>\n\n\n\n<li><a href=\"https:\/\/critcareint.com\/wp-content\/uploads\/Jessie-Mante-CCI-Impact-of-Life-Excpectancy-on-Healthcare.pdf\" target=\"_blank\" rel=\"noopener\"><strong>Jessie Mante: Impact of Life Expectancy on Healthcare<\/strong><\/a><\/li>\n\n\n\n<li><strong><a href=\"https:\/\/critcareint.com\/wp-content\/uploads\/Sumiyyah-Farooq-The-role-of-the-community-arts-and-culture-in-healthcare.pdf\" target=\"_blank\" rel=\"noopener\">Sumiyyah Farooq: The role of the community, arts, and culture in healthcare<\/a>.<\/strong><\/li>\n<\/ul>\n\n\n\n<p>En 2024 tenemos la intenci\u00f3n de ofrecer un plan de becas para las asignaturas optativas m\u00e9dicas. <br\/><b>Est\u00e9 atento a este espacio para obtener detalles sobre c\u00f3mo presentar una solicitud.<\/b><\/p>\n<\/div><\/div>\n","protected":false},"excerpt":{"rendered":"<p>Critical Care International contrata a profesionales expertos de medicina y programas de desarrollo altamente motivados y que desean desplegar sus conocimientos y experiencia en s\u00edtios y entornos dif\u00edciles y remotos alredor del mundo.<\/p>\n","protected":false},"author":1,"featured_media":2516,"parent":0,"menu_order":56,"comment_status":"closed","ping_status":"closed","template":"","meta":{"_acf_changed":false,"footnotes":""},"categories":[],"case-study-groups":[],"cci-services":[],"class_list":["post-2731","page","type-page","status-publish","has-post-thumbnail","hentry"],"acf":[],"yoast_head":"<!-- This site is optimized with the Yoast SEO plugin v26.8 - https:\/\/yoast.com\/product\/yoast-seo-wordpress\/ -->\n<title>\u00danete a nosotros - Critical Care International<\/title>\n<meta name=\"robots\" content=\"index, follow, max-snippet:-1, max-image-preview:large, max-video-preview:-1\" \/>\n<link rel=\"canonical\" href=\"https:\/\/critcareint.com\/es\/unete-a-nosotros\/\" \/>\n<meta property=\"og:locale\" content=\"es_ES\" \/>\n<meta property=\"og:type\" content=\"article\" \/>\n<meta property=\"og:title\" content=\"\u00danete a nosotros - Critical Care International\" \/>\n<meta property=\"og:description\" content=\"Critical Care International contrata a profesionales expertos de medicina y programas de desarrollo altamente motivados y que desean desplegar sus conocimientos y experiencia en s\u00edtios y entornos dif\u00edciles y remotos alredor del mundo.\" \/>\n<meta property=\"og:url\" content=\"https:\/\/critcareint.com\/es\/unete-a-nosotros\/\" \/>\n<meta property=\"og:site_name\" content=\"Critical Care International\" \/>\n<meta property=\"article:publisher\" content=\"https:\/\/www.facebook.com\/critcareint\" \/>\n<meta property=\"article:modified_time\" content=\"2024-03-25T15:21:09+00:00\" \/>\n<meta property=\"og:image\" content=\"https:\/\/critcareint.com\/wp-content\/uploads\/joinus-1.jpg\" \/>\n\t<meta property=\"og:image:width\" content=\"2400\" \/>\n\t<meta property=\"og:image:height\" content=\"900\" \/>\n\t<meta property=\"og:image:type\" content=\"image\/jpeg\" \/>\n<meta name=\"twitter:card\" content=\"summary_large_image\" \/>\n<meta name=\"twitter:site\" content=\"@CritCareInt\" \/>\n<meta name=\"twitter:label1\" content=\"Tiempo de lectura\" \/>\n\t<meta name=\"twitter:data1\" content=\"2 minutos\" \/>\n<script type=\"application\/ld+json\" class=\"yoast-schema-graph\">{\"@context\":\"https:\/\/schema.org\",\"@graph\":[{\"@type\":\"WebPage\",\"@id\":\"https:\/\/critcareint.com\/es\/unete-a-nosotros\/\",\"url\":\"https:\/\/critcareint.com\/es\/unete-a-nosotros\/\",\"name\":\"\u00danete a nosotros - Critical Care International\",\"isPartOf\":{\"@id\":\"https:\/\/critcareint.com\/es\/#website\"},\"primaryImageOfPage\":{\"@id\":\"https:\/\/critcareint.com\/es\/unete-a-nosotros\/#primaryimage\"},\"image\":{\"@id\":\"https:\/\/critcareint.com\/es\/unete-a-nosotros\/#primaryimage\"},\"thumbnailUrl\":\"https:\/\/critcareint.com\/wp-content\/uploads\/joinus-1.jpg\",\"datePublished\":\"2019-06-06T12:02:24+00:00\",\"dateModified\":\"2024-03-25T15:21:09+00:00\",\"breadcrumb\":{\"@id\":\"https:\/\/critcareint.com\/es\/unete-a-nosotros\/#breadcrumb\"},\"inLanguage\":\"es\",\"potentialAction\":[{\"@type\":\"ReadAction\",\"target\":[\"https:\/\/critcareint.com\/es\/unete-a-nosotros\/\"]}]},{\"@type\":\"ImageObject\",\"inLanguage\":\"es\",\"@id\":\"https:\/\/critcareint.com\/es\/unete-a-nosotros\/#primaryimage\",\"url\":\"https:\/\/critcareint.com\/wp-content\/uploads\/joinus-1.jpg\",\"contentUrl\":\"https:\/\/critcareint.com\/wp-content\/uploads\/joinus-1.jpg\",\"width\":2400,\"height\":900},{\"@type\":\"BreadcrumbList\",\"@id\":\"https:\/\/critcareint.com\/es\/unete-a-nosotros\/#breadcrumb\",\"itemListElement\":[{\"@type\":\"ListItem\",\"position\":1,\"name\":\"Home\",\"item\":\"https:\/\/critcareint.com\/es\/excelencia-medica-global\/\"},{\"@type\":\"ListItem\",\"position\":2,\"name\":\"\u00danete a nosotros\"}]},{\"@type\":\"WebSite\",\"@id\":\"https:\/\/critcareint.com\/es\/#website\",\"url\":\"https:\/\/critcareint.com\/es\/\",\"name\":\"Critical Care International\",\"description\":\"Remote healthcare solutions for the world\u2019s most demanding environments\",\"publisher\":{\"@id\":\"https:\/\/critcareint.com\/es\/#organization\"},\"potentialAction\":[{\"@type\":\"SearchAction\",\"target\":{\"@type\":\"EntryPoint\",\"urlTemplate\":\"https:\/\/critcareint.com\/es\/?s={search_term_string}\"},\"query-input\":{\"@type\":\"PropertyValueSpecification\",\"valueRequired\":true,\"valueName\":\"search_term_string\"}}],\"inLanguage\":\"es\"},{\"@type\":\"Organization\",\"@id\":\"https:\/\/critcareint.com\/es\/#organization\",\"name\":\"Critical Care International\",\"url\":\"https:\/\/critcareint.com\/es\/\",\"logo\":{\"@type\":\"ImageObject\",\"inLanguage\":\"es\",\"@id\":\"https:\/\/critcareint.com\/es\/#\/schema\/logo\/image\/\",\"url\":\"https:\/\/critcareint.com\/wp-content\/uploads\/CCI_Logo-1.svg\",\"contentUrl\":\"https:\/\/critcareint.com\/wp-content\/uploads\/CCI_Logo-1.svg\",\"width\":1,\"height\":1,\"caption\":\"Critical Care International\"},\"image\":{\"@id\":\"https:\/\/critcareint.com\/es\/#\/schema\/logo\/image\/\"},\"sameAs\":[\"https:\/\/www.facebook.com\/critcareint\",\"https:\/\/x.com\/CritCareInt\",\"https:\/\/www.linkedin.com\/company\/critical-care-international\"]}]}<\/script>\n<!-- \/ Yoast SEO plugin. -->","yoast_head_json":{"title":"\u00danete a nosotros - Critical Care International","robots":{"index":"index","follow":"follow","max-snippet":"max-snippet:-1","max-image-preview":"max-image-preview:large","max-video-preview":"max-video-preview:-1"},"canonical":"https:\/\/critcareint.com\/es\/unete-a-nosotros\/","og_locale":"es_ES","og_type":"article","og_title":"\u00danete a nosotros - Critical Care International","og_description":"Critical Care International contrata a profesionales expertos de medicina y programas de desarrollo altamente motivados y que desean desplegar sus conocimientos y experiencia en s\u00edtios y entornos dif\u00edciles y remotos alredor del mundo.","og_url":"https:\/\/critcareint.com\/es\/unete-a-nosotros\/","og_site_name":"Critical Care International","article_publisher":"https:\/\/www.facebook.com\/critcareint","article_modified_time":"2024-03-25T15:21:09+00:00","og_image":[{"width":2400,"height":900,"url":"https:\/\/critcareint.com\/wp-content\/uploads\/joinus-1.jpg","type":"image\/jpeg"}],"twitter_card":"summary_large_image","twitter_site":"@CritCareInt","twitter_misc":{"Tiempo de lectura":"2 minutos"},"schema":{"@context":"https:\/\/schema.org","@graph":[{"@type":"WebPage","@id":"https:\/\/critcareint.com\/es\/unete-a-nosotros\/","url":"https:\/\/critcareint.com\/es\/unete-a-nosotros\/","name":"\u00danete a nosotros - Critical Care International","isPartOf":{"@id":"https:\/\/critcareint.com\/es\/#website"},"primaryImageOfPage":{"@id":"https:\/\/critcareint.com\/es\/unete-a-nosotros\/#primaryimage"},"image":{"@id":"https:\/\/critcareint.com\/es\/unete-a-nosotros\/#primaryimage"},"thumbnailUrl":"https:\/\/critcareint.com\/wp-content\/uploads\/joinus-1.jpg","datePublished":"2019-06-06T12:02:24+00:00","dateModified":"2024-03-25T15:21:09+00:00","breadcrumb":{"@id":"https:\/\/critcareint.com\/es\/unete-a-nosotros\/#breadcrumb"},"inLanguage":"es","potentialAction":[{"@type":"ReadAction","target":["https:\/\/critcareint.com\/es\/unete-a-nosotros\/"]}]},{"@type":"ImageObject","inLanguage":"es","@id":"https:\/\/critcareint.com\/es\/unete-a-nosotros\/#primaryimage","url":"https:\/\/critcareint.com\/wp-content\/uploads\/joinus-1.jpg","contentUrl":"https:\/\/critcareint.com\/wp-content\/uploads\/joinus-1.jpg","width":2400,"height":900},{"@type":"BreadcrumbList","@id":"https:\/\/critcareint.com\/es\/unete-a-nosotros\/#breadcrumb","itemListElement":[{"@type":"ListItem","position":1,"name":"Home","item":"https:\/\/critcareint.com\/es\/excelencia-medica-global\/"},{"@type":"ListItem","position":2,"name":"\u00danete a nosotros"}]},{"@type":"WebSite","@id":"https:\/\/critcareint.com\/es\/#website","url":"https:\/\/critcareint.com\/es\/","name":"Critical Care International","description":"Remote healthcare solutions for the world\u2019s most demanding environments","publisher":{"@id":"https:\/\/critcareint.com\/es\/#organization"},"potentialAction":[{"@type":"SearchAction","target":{"@type":"EntryPoint","urlTemplate":"https:\/\/critcareint.com\/es\/?s={search_term_string}"},"query-input":{"@type":"PropertyValueSpecification","valueRequired":true,"valueName":"search_term_string"}}],"inLanguage":"es"},{"@type":"Organization","@id":"https:\/\/critcareint.com\/es\/#organization","name":"Critical Care International","url":"https:\/\/critcareint.com\/es\/","logo":{"@type":"ImageObject","inLanguage":"es","@id":"https:\/\/critcareint.com\/es\/#\/schema\/logo\/image\/","url":"https:\/\/critcareint.com\/wp-content\/uploads\/CCI_Logo-1.svg","contentUrl":"https:\/\/critcareint.com\/wp-content\/uploads\/CCI_Logo-1.svg","width":1,"height":1,"caption":"Critical Care International"},"image":{"@id":"https:\/\/critcareint.com\/es\/#\/schema\/logo\/image\/"},"sameAs":["https:\/\/www.facebook.com\/critcareint","https:\/\/x.com\/CritCareInt","https:\/\/www.linkedin.com\/company\/critical-care-international"]}]}},"_links":{"self":[{"href":"https:\/\/critcareint.com\/es\/wp-json\/wp\/v2\/pages\/2731","targetHints":{"allow":["GET"]}}],"collection":[{"href":"https:\/\/critcareint.com\/es\/wp-json\/wp\/v2\/pages"}],"about":[{"href":"https:\/\/critcareint.com\/es\/wp-json\/wp\/v2\/types\/page"}],"author":[{"embeddable":true,"href":"https:\/\/critcareint.com\/es\/wp-json\/wp\/v2\/users\/1"}],"replies":[{"embeddable":true,"href":"https:\/\/critcareint.com\/es\/wp-json\/wp\/v2\/comments?post=2731"}],"version-history":[{"count":4,"href":"https:\/\/critcareint.com\/es\/wp-json\/wp\/v2\/pages\/2731\/revisions"}],"predecessor-version":[{"id":3117,"href":"https:\/\/critcareint.com\/es\/wp-json\/wp\/v2\/pages\/2731\/revisions\/3117"}],"wp:featuredmedia":[{"embeddable":true,"href":"https:\/\/critcareint.com\/es\/wp-json\/wp\/v2\/media\/2516"}],"wp:attachment":[{"href":"https:\/\/critcareint.com\/es\/wp-json\/wp\/v2\/media?parent=2731"}],"wp:term":[{"taxonomy":"category","embeddable":true,"href":"https:\/\/critcareint.com\/es\/wp-json\/wp\/v2\/categories?post=2731"},{"taxonomy":"case-study-groups","embeddable":true,"href":"https:\/\/critcareint.com\/es\/wp-json\/wp\/v2\/case-study-groups?post=2731"},{"taxonomy":"cci-services","embeddable":true,"href":"https:\/\/critcareint.com\/es\/wp-json\/wp\/v2\/cci-services?post=2731"}],"curies":[{"name":"wp","href":"https:\/\/api.w.org\/{rel}","templated":true}]}}