{"id":2748,"date":"2024-02-13T14:23:38","date_gmt":"2024-02-13T14:23:38","guid":{"rendered":"https:\/\/dev.critcareint.com\/sobre-nosotros-valores-cci\/nuestras-sedes\/"},"modified":"2024-02-29T14:29:03","modified_gmt":"2024-02-29T14:29:03","slug":"nuestras-sedes","status":"publish","type":"page","link":"https:\/\/critcareint.com\/es\/excelencia-medica-global\/nuestras-sedes\/","title":{"rendered":"Nuestras sedes"},"content":{"rendered":"\n<p>Las operaciones de CCI se extienden alredor del mundo y nuestros equipos han apoyado proyectos de clientes en una amplia gama de lugares exigentes, desde monta\u00f1as de gran altitud hasta la tundra \u00e1rtica y selvas tropicales. Nuestro personal tiene experiencia en ofrecer soluciones sanitarias y preparaci\u00f3n para responder a emergencias medicas en zonas muy remotas o con pocos recursos.<\/p>\n\n<figure class=\"wp-block-image size-full\"><img fetchpriority=\"high\" decoding=\"async\" width=\"1024\" height=\"677\" src=\"https:\/\/critcareint.com\/wp-content\/uploads\/CCI-World-Map-Location-Chart-.png\" alt=\"Mapa mundial de la CCI\" class=\"wp-image-1653\" srcset=\"https:\/\/critcareint.com\/wp-content\/uploads\/CCI-World-Map-Location-Chart-.png 1024w, https:\/\/critcareint.com\/wp-content\/uploads\/CCI-World-Map-Location-Chart--600x397.png 600w, https:\/\/critcareint.com\/wp-content\/uploads\/CCI-World-Map-Location-Chart--768x508.png 768w\" sizes=\"(max-width: 1024px) 100vw, 1024px\" \/><\/figure>\n","protected":false},"excerpt":{"rendered":"<p>Critical Care International (CCI) se fund\u00f3 con la filosof\u00eda de ofrecer soluciones sanitarias a medida con los m\u00e1s altos est\u00e1ndares m\u00e9dicos y \u00e9ticos para organizaciones que operan en las zonas y sitios m\u00e1s dif\u00edciles del mundo.<\/p>\n","protected":false},"author":1,"featured_media":2526,"parent":2687,"menu_order":47,"comment_status":"closed","ping_status":"closed","template":"","meta":{"_acf_changed":false,"footnotes":""},"categories":[],"case-study-groups":[],"cci-services":[],"class_list":["post-2748","page","type-page","status-publish","has-post-thumbnail","hentry"],"acf":[],"yoast_head":"<!-- This site is optimized with the Yoast SEO plugin v26.8 - https:\/\/yoast.com\/product\/yoast-seo-wordpress\/ -->\n<title>Nuestras sedes - Critical Care International<\/title>\n<meta name=\"robots\" content=\"index, follow, max-snippet:-1, max-image-preview:large, max-video-preview:-1\" \/>\n<link rel=\"canonical\" href=\"https:\/\/critcareint.com\/es\/excelencia-medica-global\/nuestras-sedes\/\" \/>\n<meta property=\"og:locale\" content=\"es_ES\" \/>\n<meta property=\"og:type\" content=\"article\" \/>\n<meta property=\"og:title\" content=\"Nuestras sedes - Critical Care International\" \/>\n<meta property=\"og:description\" content=\"Critical Care International (CCI) se fund\u00f3 con la filosof\u00eda de ofrecer soluciones sanitarias a medida con los m\u00e1s altos est\u00e1ndares m\u00e9dicos y \u00e9ticos para organizaciones que operan en las zonas y sitios m\u00e1s dif\u00edciles del mundo.\" \/>\n<meta property=\"og:url\" content=\"https:\/\/critcareint.com\/es\/excelencia-medica-global\/nuestras-sedes\/\" \/>\n<meta property=\"og:site_name\" content=\"Critical Care International\" \/>\n<meta property=\"article:publisher\" content=\"https:\/\/www.facebook.com\/critcareint\" \/>\n<meta property=\"article:modified_time\" content=\"2024-02-29T14:29:03+00:00\" \/>\n<meta property=\"og:image\" content=\"https:\/\/critcareint.com\/wp-content\/uploads\/global_network_1.webp\" \/>\n\t<meta property=\"og:image:width\" content=\"2400\" \/>\n\t<meta property=\"og:image:height\" content=\"1092\" \/>\n\t<meta property=\"og:image:type\" content=\"image\/webp\" \/>\n<meta name=\"twitter:card\" content=\"summary_large_image\" \/>\n<meta name=\"twitter:site\" content=\"@CritCareInt\" \/>\n<script type=\"application\/ld+json\" class=\"yoast-schema-graph\">{\"@context\":\"https:\/\/schema.org\",\"@graph\":[{\"@type\":\"WebPage\",\"@id\":\"https:\/\/critcareint.com\/es\/excelencia-medica-global\/nuestras-sedes\/\",\"url\":\"https:\/\/critcareint.com\/es\/excelencia-medica-global\/nuestras-sedes\/\",\"name\":\"Nuestras sedes - Critical Care International\",\"isPartOf\":{\"@id\":\"https:\/\/critcareint.com\/es\/#website\"},\"primaryImageOfPage\":{\"@id\":\"https:\/\/critcareint.com\/es\/excelencia-medica-global\/nuestras-sedes\/#primaryimage\"},\"image\":{\"@id\":\"https:\/\/critcareint.com\/es\/excelencia-medica-global\/nuestras-sedes\/#primaryimage\"},\"thumbnailUrl\":\"https:\/\/critcareint.com\/wp-content\/uploads\/global_network_1.webp\",\"datePublished\":\"2024-02-13T14:23:38+00:00\",\"dateModified\":\"2024-02-29T14:29:03+00:00\",\"breadcrumb\":{\"@id\":\"https:\/\/critcareint.com\/es\/excelencia-medica-global\/nuestras-sedes\/#breadcrumb\"},\"inLanguage\":\"es\",\"potentialAction\":[{\"@type\":\"ReadAction\",\"target\":[\"https:\/\/critcareint.com\/es\/excelencia-medica-global\/nuestras-sedes\/\"]}]},{\"@type\":\"ImageObject\",\"inLanguage\":\"es\",\"@id\":\"https:\/\/critcareint.com\/es\/excelencia-medica-global\/nuestras-sedes\/#primaryimage\",\"url\":\"https:\/\/critcareint.com\/wp-content\/uploads\/global_network_1.webp\",\"contentUrl\":\"https:\/\/critcareint.com\/wp-content\/uploads\/global_network_1.webp\",\"width\":2400,\"height\":1092},{\"@type\":\"BreadcrumbList\",\"@id\":\"https:\/\/critcareint.com\/es\/excelencia-medica-global\/nuestras-sedes\/#breadcrumb\",\"itemListElement\":[{\"@type\":\"ListItem\",\"position\":1,\"name\":\"Home\",\"item\":\"https:\/\/critcareint.com\/es\/excelencia-medica-global\/\"},{\"@type\":\"ListItem\",\"position\":2,\"name\":\"Inicio\",\"item\":\"https:\/\/critcareint.com\/es\/excelencia-medica-global\/\"},{\"@type\":\"ListItem\",\"position\":3,\"name\":\"Nuestras sedes\"}]},{\"@type\":\"WebSite\",\"@id\":\"https:\/\/critcareint.com\/es\/#website\",\"url\":\"https:\/\/critcareint.com\/es\/\",\"name\":\"Critical Care International\",\"description\":\"Remote healthcare solutions for the world\u2019s most demanding environments\",\"publisher\":{\"@id\":\"https:\/\/critcareint.com\/es\/#organization\"},\"potentialAction\":[{\"@type\":\"SearchAction\",\"target\":{\"@type\":\"EntryPoint\",\"urlTemplate\":\"https:\/\/critcareint.com\/es\/?s={search_term_string}\"},\"query-input\":{\"@type\":\"PropertyValueSpecification\",\"valueRequired\":true,\"valueName\":\"search_term_string\"}}],\"inLanguage\":\"es\"},{\"@type\":\"Organization\",\"@id\":\"https:\/\/critcareint.com\/es\/#organization\",\"name\":\"Critical Care International\",\"url\":\"https:\/\/critcareint.com\/es\/\",\"logo\":{\"@type\":\"ImageObject\",\"inLanguage\":\"es\",\"@id\":\"https:\/\/critcareint.com\/es\/#\/schema\/logo\/image\/\",\"url\":\"https:\/\/critcareint.com\/wp-content\/uploads\/CCI_Logo-1.svg\",\"contentUrl\":\"https:\/\/critcareint.com\/wp-content\/uploads\/CCI_Logo-1.svg\",\"width\":1,\"height\":1,\"caption\":\"Critical Care International\"},\"image\":{\"@id\":\"https:\/\/critcareint.com\/es\/#\/schema\/logo\/image\/\"},\"sameAs\":[\"https:\/\/www.facebook.com\/critcareint\",\"https:\/\/x.com\/CritCareInt\",\"https:\/\/www.linkedin.com\/company\/critical-care-international\"]}]}<\/script>\n<!-- \/ Yoast SEO plugin. -->","yoast_head_json":{"title":"Nuestras sedes - Critical Care International","robots":{"index":"index","follow":"follow","max-snippet":"max-snippet:-1","max-image-preview":"max-image-preview:large","max-video-preview":"max-video-preview:-1"},"canonical":"https:\/\/critcareint.com\/es\/excelencia-medica-global\/nuestras-sedes\/","og_locale":"es_ES","og_type":"article","og_title":"Nuestras sedes - Critical Care International","og_description":"Critical Care International (CCI) se fund\u00f3 con la filosof\u00eda de ofrecer soluciones sanitarias a medida con los m\u00e1s altos est\u00e1ndares m\u00e9dicos y \u00e9ticos para organizaciones que operan en las zonas y sitios m\u00e1s dif\u00edciles del mundo.","og_url":"https:\/\/critcareint.com\/es\/excelencia-medica-global\/nuestras-sedes\/","og_site_name":"Critical Care International","article_publisher":"https:\/\/www.facebook.com\/critcareint","article_modified_time":"2024-02-29T14:29:03+00:00","og_image":[{"width":2400,"height":1092,"url":"https:\/\/critcareint.com\/wp-content\/uploads\/global_network_1.webp","type":"image\/webp"}],"twitter_card":"summary_large_image","twitter_site":"@CritCareInt","schema":{"@context":"https:\/\/schema.org","@graph":[{"@type":"WebPage","@id":"https:\/\/critcareint.com\/es\/excelencia-medica-global\/nuestras-sedes\/","url":"https:\/\/critcareint.com\/es\/excelencia-medica-global\/nuestras-sedes\/","name":"Nuestras sedes - Critical Care International","isPartOf":{"@id":"https:\/\/critcareint.com\/es\/#website"},"primaryImageOfPage":{"@id":"https:\/\/critcareint.com\/es\/excelencia-medica-global\/nuestras-sedes\/#primaryimage"},"image":{"@id":"https:\/\/critcareint.com\/es\/excelencia-medica-global\/nuestras-sedes\/#primaryimage"},"thumbnailUrl":"https:\/\/critcareint.com\/wp-content\/uploads\/global_network_1.webp","datePublished":"2024-02-13T14:23:38+00:00","dateModified":"2024-02-29T14:29:03+00:00","breadcrumb":{"@id":"https:\/\/critcareint.com\/es\/excelencia-medica-global\/nuestras-sedes\/#breadcrumb"},"inLanguage":"es","potentialAction":[{"@type":"ReadAction","target":["https:\/\/critcareint.com\/es\/excelencia-medica-global\/nuestras-sedes\/"]}]},{"@type":"ImageObject","inLanguage":"es","@id":"https:\/\/critcareint.com\/es\/excelencia-medica-global\/nuestras-sedes\/#primaryimage","url":"https:\/\/critcareint.com\/wp-content\/uploads\/global_network_1.webp","contentUrl":"https:\/\/critcareint.com\/wp-content\/uploads\/global_network_1.webp","width":2400,"height":1092},{"@type":"BreadcrumbList","@id":"https:\/\/critcareint.com\/es\/excelencia-medica-global\/nuestras-sedes\/#breadcrumb","itemListElement":[{"@type":"ListItem","position":1,"name":"Home","item":"https:\/\/critcareint.com\/es\/excelencia-medica-global\/"},{"@type":"ListItem","position":2,"name":"Inicio","item":"https:\/\/critcareint.com\/es\/excelencia-medica-global\/"},{"@type":"ListItem","position":3,"name":"Nuestras sedes"}]},{"@type":"WebSite","@id":"https:\/\/critcareint.com\/es\/#website","url":"https:\/\/critcareint.com\/es\/","name":"Critical Care International","description":"Remote healthcare solutions for the world\u2019s most demanding environments","publisher":{"@id":"https:\/\/critcareint.com\/es\/#organization"},"potentialAction":[{"@type":"SearchAction","target":{"@type":"EntryPoint","urlTemplate":"https:\/\/critcareint.com\/es\/?s={search_term_string}"},"query-input":{"@type":"PropertyValueSpecification","valueRequired":true,"valueName":"search_term_string"}}],"inLanguage":"es"},{"@type":"Organization","@id":"https:\/\/critcareint.com\/es\/#organization","name":"Critical Care International","url":"https:\/\/critcareint.com\/es\/","logo":{"@type":"ImageObject","inLanguage":"es","@id":"https:\/\/critcareint.com\/es\/#\/schema\/logo\/image\/","url":"https:\/\/critcareint.com\/wp-content\/uploads\/CCI_Logo-1.svg","contentUrl":"https:\/\/critcareint.com\/wp-content\/uploads\/CCI_Logo-1.svg","width":1,"height":1,"caption":"Critical Care International"},"image":{"@id":"https:\/\/critcareint.com\/es\/#\/schema\/logo\/image\/"},"sameAs":["https:\/\/www.facebook.com\/critcareint","https:\/\/x.com\/CritCareInt","https:\/\/www.linkedin.com\/company\/critical-care-international"]}]}},"_links":{"self":[{"href":"https:\/\/critcareint.com\/es\/wp-json\/wp\/v2\/pages\/2748","targetHints":{"allow":["GET"]}}],"collection":[{"href":"https:\/\/critcareint.com\/es\/wp-json\/wp\/v2\/pages"}],"about":[{"href":"https:\/\/critcareint.com\/es\/wp-json\/wp\/v2\/types\/page"}],"author":[{"embeddable":true,"href":"https:\/\/critcareint.com\/es\/wp-json\/wp\/v2\/users\/1"}],"replies":[{"embeddable":true,"href":"https:\/\/critcareint.com\/es\/wp-json\/wp\/v2\/comments?post=2748"}],"version-history":[{"count":3,"href":"https:\/\/critcareint.com\/es\/wp-json\/wp\/v2\/pages\/2748\/revisions"}],"predecessor-version":[{"id":2751,"href":"https:\/\/critcareint.com\/es\/wp-json\/wp\/v2\/pages\/2748\/revisions\/2751"}],"up":[{"embeddable":true,"href":"https:\/\/critcareint.com\/es\/wp-json\/wp\/v2\/pages\/2687"}],"wp:featuredmedia":[{"embeddable":true,"href":"https:\/\/critcareint.com\/es\/wp-json\/wp\/v2\/media\/2526"}],"wp:attachment":[{"href":"https:\/\/critcareint.com\/es\/wp-json\/wp\/v2\/media?parent=2748"}],"wp:term":[{"taxonomy":"category","embeddable":true,"href":"https:\/\/critcareint.com\/es\/wp-json\/wp\/v2\/categories?post=2748"},{"taxonomy":"case-study-groups","embeddable":true,"href":"https:\/\/critcareint.com\/es\/wp-json\/wp\/v2\/case-study-groups?post=2748"},{"taxonomy":"cci-services","embeddable":true,"href":"https:\/\/critcareint.com\/es\/wp-json\/wp\/v2\/cci-services?post=2748"}],"curies":[{"name":"wp","href":"https:\/\/api.w.org\/{rel}","templated":true}]}}