{"id":3164,"date":"2024-10-14T18:39:23","date_gmt":"2024-10-14T18:39:23","guid":{"rendered":"https:\/\/critcareint.com\/garantia-de-calidad-y-gobernanza-auditoria-sanitarias\/"},"modified":"2024-10-22T09:36:06","modified_gmt":"2024-10-22T09:36:06","slug":"garantia-de-calidad-y-gobernanza-auditoria-sanitarias","status":"publish","type":"page","link":"https:\/\/critcareint.com\/es\/garantia-de-calidad-y-gobernanza-auditoria-sanitarias\/","title":{"rendered":"Controle de Calida y auditor\u00eda sanitarias"},"content":{"rendered":"\n<p>Para las empresas que gestionan sus propias cl\u00ednicas, Critical Care International (CCI) ofrece un servicio de controle de calidad para alinear los servicios m\u00e9dicos con los estandares internacionales de prestaci\u00f3n de asistencia sanitaria, y puede ofrecer una s\u00f3lida gobernanza y controle de calidad sin el coste de un servicio cl\u00ednico totalmente subcontradato.<\/p>\n\n<p>CCI puede ofrecer una serie de medidas de garant\u00eda de calidad adaptadas a las necesidades del cliente, entre las que se incluyen:<\/p>\n\n<ul class=\"wp-block-list\">\n<li>Protocolos cl\u00ednicos exhaustivos actualizados peri\u00f3dicamente para guiar al personal en el tratamiento de los pacientes de acuerdo con los mais recentes estandares sanitarios internacionales.<\/li>\n\n\n\n<li>Inventario de medicamentos y equipos esenciales, basado en el perfil de an\u00e1lisis de riesgo del lugar y la distancia con los recursos m\u00e9dicos avanzados<\/li>\n\n\n\n<li>Un sistema electr\u00f3nico de historia cl\u00ednica dise\u00f1ado a medida espec\u00edficamente para su uso en instalaciones industriales remotas.<\/li>\n\n\n\n<li>Panel de controle en vivo dise\u00f1ado para que los gerentes de salud, seguridad y medio ambiente supervisen los servicios m\u00e9dicos de un centro, los indicadores clave de rendimiento y comentarios para respaldar la mejora continua.<\/li>\n\n\n\n<li>Reuniones peri\u00f3dicas de gobernanza cl\u00ednica para debatir casos complejos en un entorno que promueva el aprendizaje y las mejores pr\u00e1cticas.<\/li>\n\n\n\n<li>Visitas a las instalaciones para auditar los servicios m\u00e9dicos con informes exhaustivos para HSE y los directores generales.<\/li>\n\n\n\n<li>Apoyo m\u00e9dico telesanitario 24 horas al d\u00eda, 7 d\u00edas a la semana, al personal cl\u00ednico para facilitar la toma de decisiones y el tratamiento de los pacientes en casos complejos o de urgencia.<\/li>\n<\/ul>\n\n<blockquote class=\"wp-block-quote is-layout-flow wp-block-quote-is-layout-flow\">\n<p class=\"has-text-align-center\"><strong>Mejor Calidad \u2013 Reducci\u00f3n de Costos \u2013 Tranquilidad<\/strong><\/p>\n<\/blockquote>\n\n<p>La implantaci\u00f3n de este servicio garantiza una atenci\u00f3n m\u00e9dica de alta calidad y puede reducir materialmente la necesidad de costosas evacuaciones de emergencia sin comprometer la seguridad. Se ha demostrado que el servicio de garant\u00eda de calidad de CCI: <\/p>\n\n<ul class=\"wp-block-list\">\n<li>reduce las evacuaciones m\u00e9dicas innecesarias<\/li>\n\n\n\n<li>reduce el tiempo perdido por los trabajadores<\/li>\n\n\n\n<li>aumenta la confianza y el bienestar del personal cl\u00ednico<\/li>\n\n\n\n<li>reduce los gastos innecesarios en existencias y la carga administrativa personal de la cl\u00ednica<\/li>\n\n\n\n<li>mejora las credenciales ESG de los clientes<\/li>\n<\/ul>\n\n<p><a href=\"https:\/\/critcareint.com\/es\/?post_type=case-study&amp;p=3217\">Caso pr\u00e1ctico aqu\u00ed<\/a>.<\/p>\n","protected":false},"excerpt":{"rendered":"<p>CCI cumple la norma ISO 7101:2023 (Sistemas de gesti\u00f3n de la calidad en las organizaciones sanitarias), por lo que est\u00e1 bien posicionada para garantizar un alto nivel de calidad en las operaciones de nuestros clientes.<\/p>\n","protected":false},"author":1,"featured_media":3160,"parent":0,"menu_order":3,"comment_status":"closed","ping_status":"closed","template":"","meta":{"_acf_changed":false,"footnotes":""},"categories":[88,89],"case-study-groups":[],"cci-services":[],"class_list":["post-3164","page","type-page","status-publish","has-post-thumbnail","hentry","category-controle-de-calida-y-auditoria-sanitarias","category-servicios"],"acf":[],"yoast_head":"<!-- This site is optimized with the Yoast SEO plugin v26.8 - https:\/\/yoast.com\/product\/yoast-seo-wordpress\/ -->\n<title>Controle de Calida y auditor\u00eda sanitarias - Critical Care International<\/title>\n<meta name=\"robots\" content=\"index, follow, max-snippet:-1, max-image-preview:large, max-video-preview:-1\" \/>\n<link rel=\"canonical\" href=\"https:\/\/critcareint.com\/es\/garantia-de-calidad-y-gobernanza-auditoria-sanitarias\/\" \/>\n<meta property=\"og:locale\" content=\"es_ES\" \/>\n<meta property=\"og:type\" content=\"article\" \/>\n<meta property=\"og:title\" content=\"Controle de Calida y auditor\u00eda sanitarias - Critical Care International\" \/>\n<meta property=\"og:description\" content=\"CCI cumple la norma ISO 7101:2023 (Sistemas de gesti\u00f3n de la calidad en las organizaciones sanitarias), por lo que est\u00e1 bien posicionada para garantizar un alto nivel de calidad en las operaciones de nuestros clientes.\" \/>\n<meta property=\"og:url\" content=\"https:\/\/critcareint.com\/es\/garantia-de-calidad-y-gobernanza-auditoria-sanitarias\/\" \/>\n<meta property=\"og:site_name\" content=\"Critical Care International\" \/>\n<meta property=\"article:publisher\" content=\"https:\/\/www.facebook.com\/critcareint\" \/>\n<meta property=\"article:modified_time\" content=\"2024-10-22T09:36:06+00:00\" \/>\n<meta property=\"og:image\" content=\"https:\/\/critcareint.com\/wp-content\/uploads\/MG_5283.webp\" \/>\n\t<meta property=\"og:image:width\" content=\"2400\" \/>\n\t<meta property=\"og:image:height\" content=\"1600\" \/>\n\t<meta property=\"og:image:type\" content=\"image\/webp\" \/>\n<meta name=\"twitter:card\" content=\"summary_large_image\" \/>\n<meta name=\"twitter:site\" content=\"@CritCareInt\" \/>\n<meta name=\"twitter:label1\" content=\"Tiempo de lectura\" \/>\n\t<meta name=\"twitter:data1\" content=\"2 minutos\" \/>\n<script type=\"application\/ld+json\" class=\"yoast-schema-graph\">{\"@context\":\"https:\/\/schema.org\",\"@graph\":[{\"@type\":\"WebPage\",\"@id\":\"https:\/\/critcareint.com\/es\/garantia-de-calidad-y-gobernanza-auditoria-sanitarias\/\",\"url\":\"https:\/\/critcareint.com\/es\/garantia-de-calidad-y-gobernanza-auditoria-sanitarias\/\",\"name\":\"Controle de Calida y auditor\u00eda sanitarias - Critical Care International\",\"isPartOf\":{\"@id\":\"https:\/\/critcareint.com\/es\/#website\"},\"primaryImageOfPage\":{\"@id\":\"https:\/\/critcareint.com\/es\/garantia-de-calidad-y-gobernanza-auditoria-sanitarias\/#primaryimage\"},\"image\":{\"@id\":\"https:\/\/critcareint.com\/es\/garantia-de-calidad-y-gobernanza-auditoria-sanitarias\/#primaryimage\"},\"thumbnailUrl\":\"https:\/\/critcareint.com\/wp-content\/uploads\/MG_5283.webp\",\"datePublished\":\"2024-10-14T18:39:23+00:00\",\"dateModified\":\"2024-10-22T09:36:06+00:00\",\"breadcrumb\":{\"@id\":\"https:\/\/critcareint.com\/es\/garantia-de-calidad-y-gobernanza-auditoria-sanitarias\/#breadcrumb\"},\"inLanguage\":\"es\",\"potentialAction\":[{\"@type\":\"ReadAction\",\"target\":[\"https:\/\/critcareint.com\/es\/garantia-de-calidad-y-gobernanza-auditoria-sanitarias\/\"]}]},{\"@type\":\"ImageObject\",\"inLanguage\":\"es\",\"@id\":\"https:\/\/critcareint.com\/es\/garantia-de-calidad-y-gobernanza-auditoria-sanitarias\/#primaryimage\",\"url\":\"https:\/\/critcareint.com\/wp-content\/uploads\/MG_5283.webp\",\"contentUrl\":\"https:\/\/critcareint.com\/wp-content\/uploads\/MG_5283.webp\",\"width\":2400,\"height\":1600,\"caption\":\"Quality Assurance & Audit\"},{\"@type\":\"BreadcrumbList\",\"@id\":\"https:\/\/critcareint.com\/es\/garantia-de-calidad-y-gobernanza-auditoria-sanitarias\/#breadcrumb\",\"itemListElement\":[{\"@type\":\"ListItem\",\"position\":1,\"name\":\"Home\",\"item\":\"https:\/\/critcareint.com\/es\/excelencia-medica-global\/\"},{\"@type\":\"ListItem\",\"position\":2,\"name\":\"Controle de Calida y auditor\u00eda sanitarias\"}]},{\"@type\":\"WebSite\",\"@id\":\"https:\/\/critcareint.com\/es\/#website\",\"url\":\"https:\/\/critcareint.com\/es\/\",\"name\":\"Critical Care International\",\"description\":\"Remote healthcare solutions for the world\u2019s most demanding environments\",\"publisher\":{\"@id\":\"https:\/\/critcareint.com\/es\/#organization\"},\"potentialAction\":[{\"@type\":\"SearchAction\",\"target\":{\"@type\":\"EntryPoint\",\"urlTemplate\":\"https:\/\/critcareint.com\/es\/?s={search_term_string}\"},\"query-input\":{\"@type\":\"PropertyValueSpecification\",\"valueRequired\":true,\"valueName\":\"search_term_string\"}}],\"inLanguage\":\"es\"},{\"@type\":\"Organization\",\"@id\":\"https:\/\/critcareint.com\/es\/#organization\",\"name\":\"Critical Care International\",\"url\":\"https:\/\/critcareint.com\/es\/\",\"logo\":{\"@type\":\"ImageObject\",\"inLanguage\":\"es\",\"@id\":\"https:\/\/critcareint.com\/es\/#\/schema\/logo\/image\/\",\"url\":\"https:\/\/critcareint.com\/wp-content\/uploads\/CCI_Logo-1.svg\",\"contentUrl\":\"https:\/\/critcareint.com\/wp-content\/uploads\/CCI_Logo-1.svg\",\"width\":1,\"height\":1,\"caption\":\"Critical Care International\"},\"image\":{\"@id\":\"https:\/\/critcareint.com\/es\/#\/schema\/logo\/image\/\"},\"sameAs\":[\"https:\/\/www.facebook.com\/critcareint\",\"https:\/\/x.com\/CritCareInt\",\"https:\/\/www.linkedin.com\/company\/critical-care-international\"]}]}<\/script>\n<!-- \/ Yoast SEO plugin. -->","yoast_head_json":{"title":"Controle de Calida y auditor\u00eda sanitarias - Critical Care International","robots":{"index":"index","follow":"follow","max-snippet":"max-snippet:-1","max-image-preview":"max-image-preview:large","max-video-preview":"max-video-preview:-1"},"canonical":"https:\/\/critcareint.com\/es\/garantia-de-calidad-y-gobernanza-auditoria-sanitarias\/","og_locale":"es_ES","og_type":"article","og_title":"Controle de Calida y auditor\u00eda sanitarias - Critical Care International","og_description":"CCI cumple la norma ISO 7101:2023 (Sistemas de gesti\u00f3n de la calidad en las organizaciones sanitarias), por lo que est\u00e1 bien posicionada para garantizar un alto nivel de calidad en las operaciones de nuestros clientes.","og_url":"https:\/\/critcareint.com\/es\/garantia-de-calidad-y-gobernanza-auditoria-sanitarias\/","og_site_name":"Critical Care International","article_publisher":"https:\/\/www.facebook.com\/critcareint","article_modified_time":"2024-10-22T09:36:06+00:00","og_image":[{"width":2400,"height":1600,"url":"https:\/\/critcareint.com\/wp-content\/uploads\/MG_5283.webp","type":"image\/webp"}],"twitter_card":"summary_large_image","twitter_site":"@CritCareInt","twitter_misc":{"Tiempo de lectura":"2 minutos"},"schema":{"@context":"https:\/\/schema.org","@graph":[{"@type":"WebPage","@id":"https:\/\/critcareint.com\/es\/garantia-de-calidad-y-gobernanza-auditoria-sanitarias\/","url":"https:\/\/critcareint.com\/es\/garantia-de-calidad-y-gobernanza-auditoria-sanitarias\/","name":"Controle de Calida y auditor\u00eda sanitarias - Critical Care International","isPartOf":{"@id":"https:\/\/critcareint.com\/es\/#website"},"primaryImageOfPage":{"@id":"https:\/\/critcareint.com\/es\/garantia-de-calidad-y-gobernanza-auditoria-sanitarias\/#primaryimage"},"image":{"@id":"https:\/\/critcareint.com\/es\/garantia-de-calidad-y-gobernanza-auditoria-sanitarias\/#primaryimage"},"thumbnailUrl":"https:\/\/critcareint.com\/wp-content\/uploads\/MG_5283.webp","datePublished":"2024-10-14T18:39:23+00:00","dateModified":"2024-10-22T09:36:06+00:00","breadcrumb":{"@id":"https:\/\/critcareint.com\/es\/garantia-de-calidad-y-gobernanza-auditoria-sanitarias\/#breadcrumb"},"inLanguage":"es","potentialAction":[{"@type":"ReadAction","target":["https:\/\/critcareint.com\/es\/garantia-de-calidad-y-gobernanza-auditoria-sanitarias\/"]}]},{"@type":"ImageObject","inLanguage":"es","@id":"https:\/\/critcareint.com\/es\/garantia-de-calidad-y-gobernanza-auditoria-sanitarias\/#primaryimage","url":"https:\/\/critcareint.com\/wp-content\/uploads\/MG_5283.webp","contentUrl":"https:\/\/critcareint.com\/wp-content\/uploads\/MG_5283.webp","width":2400,"height":1600,"caption":"Quality Assurance & Audit"},{"@type":"BreadcrumbList","@id":"https:\/\/critcareint.com\/es\/garantia-de-calidad-y-gobernanza-auditoria-sanitarias\/#breadcrumb","itemListElement":[{"@type":"ListItem","position":1,"name":"Home","item":"https:\/\/critcareint.com\/es\/excelencia-medica-global\/"},{"@type":"ListItem","position":2,"name":"Controle de Calida y auditor\u00eda sanitarias"}]},{"@type":"WebSite","@id":"https:\/\/critcareint.com\/es\/#website","url":"https:\/\/critcareint.com\/es\/","name":"Critical Care International","description":"Remote healthcare solutions for the world\u2019s most demanding environments","publisher":{"@id":"https:\/\/critcareint.com\/es\/#organization"},"potentialAction":[{"@type":"SearchAction","target":{"@type":"EntryPoint","urlTemplate":"https:\/\/critcareint.com\/es\/?s={search_term_string}"},"query-input":{"@type":"PropertyValueSpecification","valueRequired":true,"valueName":"search_term_string"}}],"inLanguage":"es"},{"@type":"Organization","@id":"https:\/\/critcareint.com\/es\/#organization","name":"Critical Care International","url":"https:\/\/critcareint.com\/es\/","logo":{"@type":"ImageObject","inLanguage":"es","@id":"https:\/\/critcareint.com\/es\/#\/schema\/logo\/image\/","url":"https:\/\/critcareint.com\/wp-content\/uploads\/CCI_Logo-1.svg","contentUrl":"https:\/\/critcareint.com\/wp-content\/uploads\/CCI_Logo-1.svg","width":1,"height":1,"caption":"Critical Care International"},"image":{"@id":"https:\/\/critcareint.com\/es\/#\/schema\/logo\/image\/"},"sameAs":["https:\/\/www.facebook.com\/critcareint","https:\/\/x.com\/CritCareInt","https:\/\/www.linkedin.com\/company\/critical-care-international"]}]}},"_links":{"self":[{"href":"https:\/\/critcareint.com\/es\/wp-json\/wp\/v2\/pages\/3164","targetHints":{"allow":["GET"]}}],"collection":[{"href":"https:\/\/critcareint.com\/es\/wp-json\/wp\/v2\/pages"}],"about":[{"href":"https:\/\/critcareint.com\/es\/wp-json\/wp\/v2\/types\/page"}],"author":[{"embeddable":true,"href":"https:\/\/critcareint.com\/es\/wp-json\/wp\/v2\/users\/1"}],"replies":[{"embeddable":true,"href":"https:\/\/critcareint.com\/es\/wp-json\/wp\/v2\/comments?post=3164"}],"version-history":[{"count":9,"href":"https:\/\/critcareint.com\/es\/wp-json\/wp\/v2\/pages\/3164\/revisions"}],"predecessor-version":[{"id":3223,"href":"https:\/\/critcareint.com\/es\/wp-json\/wp\/v2\/pages\/3164\/revisions\/3223"}],"wp:featuredmedia":[{"embeddable":true,"href":"https:\/\/critcareint.com\/es\/wp-json\/wp\/v2\/media\/3160"}],"wp:attachment":[{"href":"https:\/\/critcareint.com\/es\/wp-json\/wp\/v2\/media?parent=3164"}],"wp:term":[{"taxonomy":"category","embeddable":true,"href":"https:\/\/critcareint.com\/es\/wp-json\/wp\/v2\/categories?post=3164"},{"taxonomy":"case-study-groups","embeddable":true,"href":"https:\/\/critcareint.com\/es\/wp-json\/wp\/v2\/case-study-groups?post=3164"},{"taxonomy":"cci-services","embeddable":true,"href":"https:\/\/critcareint.com\/es\/wp-json\/wp\/v2\/cci-services?post=3164"}],"curies":[{"name":"wp","href":"https:\/\/api.w.org\/{rel}","templated":true}]}}