{"id":2555,"date":"2019-07-18T08:40:11","date_gmt":"2019-07-18T08:40:11","guid":{"rendered":"https:\/\/dev.critcareint.com\/a-propos-de-nous-lethique-de-licc\/"},"modified":"2024-07-08T15:11:04","modified_gmt":"2024-07-08T15:11:04","slug":"a-propos-de-nous-lethique-du-cci","status":"publish","type":"page","link":"https:\/\/critcareint.com\/fr\/a-propos-de-nous-lethique-du-cci\/","title":{"rendered":"\u00c0 propos de nous"},"content":{"rendered":"\n<h2 class=\"wp-block-heading\">\u00a0<\/h2>\n\n<h2 class=\"wp-block-heading\">Excellence m\u00e9dicale<\/h2>\n\n<p>CCI a \u00e9t\u00e9 fond\u00e9e par des m\u00e9decins poss\u00e9dant des dizaines d&rsquo;ann\u00e9es d&rsquo;exp\u00e9rience internationale dans les domaines de la sant\u00e9 mondiale, des soins de sant\u00e9 civils, de l&rsquo;arm\u00e9e et des organisations commerciales.<\/p>\n\n<p>CCI a la r\u00e9putation de fournir des soins de premier ordre, quel que soit l&rsquo;environnement dans lequel nous nous trouvons et conform\u00e9ment aux meilleures pratiques internationales.<\/p>\n\n<h2 class=\"wp-block-heading\">Ethos humanitaire et responsabilit\u00e9 sociale<\/h2>\n\n<p>La durabilit\u00e9 est au c\u0153ur de l&rsquo;offre de CCI, en particulier notre capacit\u00e9 \u00e0 aider les organisations \u00e0 d\u00e9fendre leur programme environnemental, social et de gouvernance (ESG) par la planification, la mise en \u0153uvre et le reporting de projets de soins de sant\u00e9 communautaires dans et autour de leurs sites d&rsquo;exploitation.<\/p>\n\n<p>Nous travaillons avec nos clients pour laisser un h\u00e9ritage positif durable aux communaut\u00e9s locales, en mettant en place un programme d&rsquo;interventions durables dans le domaine des soins de sant\u00e9 afin de garantir des am\u00e9liorations durables de la sant\u00e9 dans la r\u00e9gion, en am\u00e9liorant la licence sociale d\u2019exploitation sans encourager la d\u00e9pendance.<\/p>\n\n<h2 class=\"wp-block-heading\">Expertise mondiale<\/h2>\n\n<p>Le personnel de CCI a occup\u00e9 des fonctions cliniques, consultatives et de direction dans toute l&rsquo;Europe, l&rsquo;Afrique, l&rsquo;Australasie, les Am\u00e9riques et le Moyen-Orient.<\/p>\n\n<p>Notre exp\u00e9rience, tant sur le terrain avec nos clients que dans le cadre de notre service de conseil aux entreprises, conf\u00e8re \u00e0 CCI une expertise strat\u00e9gique allant des soins cliniques aux patients individuels \u00e0 la conception d&rsquo;une infrastructure nationale de soins de sant\u00e9.<\/p>\n\n<figure class=\"wp-block-image\"><img decoding=\"async\" src=\"https:\/\/critcareint.com\/wp-content\/uploads\/CCI-World-Map-Location-Chart-.png\" alt=\"Carte mondiale de l'ICC\"\/><\/figure>\n","protected":false},"excerpt":{"rendered":"<p>Critical Care International (CCI ) concentre l&rsquo;expertise et la gouvernance des syst\u00e8mes de soins de sant\u00e9 les plus avanc\u00e9s du monde dans des environnements o\u00f9 leur impact est le plus important.<\/p>\n","protected":false},"author":1,"featured_media":2497,"parent":0,"menu_order":43,"comment_status":"closed","ping_status":"closed","template":"","meta":{"_acf_changed":false,"footnotes":""},"categories":[],"case-study-groups":[],"cci-services":[],"class_list":["post-2555","page","type-page","status-publish","has-post-thumbnail","hentry"],"acf":[],"yoast_head":"<!-- This site is optimized with the Yoast SEO plugin v26.8 - https:\/\/yoast.com\/product\/yoast-seo-wordpress\/ -->\n<title>\u00c0 propos de nous - Critical Care International<\/title>\n<meta name=\"robots\" content=\"index, follow, max-snippet:-1, max-image-preview:large, max-video-preview:-1\" \/>\n<link rel=\"canonical\" href=\"https:\/\/critcareint.com\/fr\/a-propos-de-nous-lethique-du-cci\/\" \/>\n<meta property=\"og:locale\" content=\"fr_FR\" \/>\n<meta property=\"og:type\" content=\"article\" \/>\n<meta property=\"og:title\" content=\"\u00c0 propos de nous - Critical Care International\" \/>\n<meta property=\"og:description\" content=\"Critical Care International (CCI ) concentre l&#039;expertise et la gouvernance des syst\u00e8mes de soins de sant\u00e9 les plus avanc\u00e9s du monde dans des environnements o\u00f9 leur impact est le plus important.\" \/>\n<meta property=\"og:url\" content=\"https:\/\/critcareint.com\/fr\/a-propos-de-nous-lethique-du-cci\/\" \/>\n<meta property=\"og:site_name\" content=\"Critical Care International\" \/>\n<meta property=\"article:publisher\" content=\"https:\/\/www.facebook.com\/critcareint\" \/>\n<meta property=\"article:modified_time\" content=\"2024-07-08T15:11:04+00:00\" \/>\n<meta property=\"og:image\" content=\"https:\/\/critcareint.com\/wp-content\/uploads\/docs.jpg\" \/>\n\t<meta property=\"og:image:width\" content=\"1800\" \/>\n\t<meta property=\"og:image:height\" content=\"900\" \/>\n\t<meta property=\"og:image:type\" content=\"image\/jpeg\" \/>\n<meta name=\"twitter:card\" content=\"summary_large_image\" \/>\n<meta name=\"twitter:site\" content=\"@CritCareInt\" \/>\n<meta name=\"twitter:label1\" content=\"Dur\u00e9e de lecture estim\u00e9e\" \/>\n\t<meta name=\"twitter:data1\" content=\"1 minute\" \/>\n<script type=\"application\/ld+json\" class=\"yoast-schema-graph\">{\"@context\":\"https:\/\/schema.org\",\"@graph\":[{\"@type\":\"WebPage\",\"@id\":\"https:\/\/critcareint.com\/fr\/a-propos-de-nous-lethique-du-cci\/\",\"url\":\"https:\/\/critcareint.com\/fr\/a-propos-de-nous-lethique-du-cci\/\",\"name\":\"\u00c0 propos de nous - Critical Care International\",\"isPartOf\":{\"@id\":\"https:\/\/critcareint.com\/fr\/#website\"},\"primaryImageOfPage\":{\"@id\":\"https:\/\/critcareint.com\/fr\/a-propos-de-nous-lethique-du-cci\/#primaryimage\"},\"image\":{\"@id\":\"https:\/\/critcareint.com\/fr\/a-propos-de-nous-lethique-du-cci\/#primaryimage\"},\"thumbnailUrl\":\"https:\/\/critcareint.com\/wp-content\/uploads\/docs.jpg\",\"datePublished\":\"2019-07-18T08:40:11+00:00\",\"dateModified\":\"2024-07-08T15:11:04+00:00\",\"breadcrumb\":{\"@id\":\"https:\/\/critcareint.com\/fr\/a-propos-de-nous-lethique-du-cci\/#breadcrumb\"},\"inLanguage\":\"fr-FR\",\"potentialAction\":[{\"@type\":\"ReadAction\",\"target\":[\"https:\/\/critcareint.com\/fr\/a-propos-de-nous-lethique-du-cci\/\"]}]},{\"@type\":\"ImageObject\",\"inLanguage\":\"fr-FR\",\"@id\":\"https:\/\/critcareint.com\/fr\/a-propos-de-nous-lethique-du-cci\/#primaryimage\",\"url\":\"https:\/\/critcareint.com\/wp-content\/uploads\/docs.jpg\",\"contentUrl\":\"https:\/\/critcareint.com\/wp-content\/uploads\/docs.jpg\",\"width\":1800,\"height\":900},{\"@type\":\"BreadcrumbList\",\"@id\":\"https:\/\/critcareint.com\/fr\/a-propos-de-nous-lethique-du-cci\/#breadcrumb\",\"itemListElement\":[{\"@type\":\"ListItem\",\"position\":1,\"name\":\"Home\",\"item\":\"https:\/\/critcareint.com\/fr\/\"},{\"@type\":\"ListItem\",\"position\":2,\"name\":\"\u00c0 propos de nous\"}]},{\"@type\":\"WebSite\",\"@id\":\"https:\/\/critcareint.com\/fr\/#website\",\"url\":\"https:\/\/critcareint.com\/fr\/\",\"name\":\"Critical Care International\",\"description\":\"Remote healthcare solutions for the world\u2019s most demanding environments\",\"publisher\":{\"@id\":\"https:\/\/critcareint.com\/fr\/#organization\"},\"potentialAction\":[{\"@type\":\"SearchAction\",\"target\":{\"@type\":\"EntryPoint\",\"urlTemplate\":\"https:\/\/critcareint.com\/fr\/?s={search_term_string}\"},\"query-input\":{\"@type\":\"PropertyValueSpecification\",\"valueRequired\":true,\"valueName\":\"search_term_string\"}}],\"inLanguage\":\"fr-FR\"},{\"@type\":\"Organization\",\"@id\":\"https:\/\/critcareint.com\/fr\/#organization\",\"name\":\"Critical Care International\",\"url\":\"https:\/\/critcareint.com\/fr\/\",\"logo\":{\"@type\":\"ImageObject\",\"inLanguage\":\"fr-FR\",\"@id\":\"https:\/\/critcareint.com\/fr\/#\/schema\/logo\/image\/\",\"url\":\"https:\/\/critcareint.com\/wp-content\/uploads\/CCI_Logo-1.svg\",\"contentUrl\":\"https:\/\/critcareint.com\/wp-content\/uploads\/CCI_Logo-1.svg\",\"width\":1,\"height\":1,\"caption\":\"Critical Care International\"},\"image\":{\"@id\":\"https:\/\/critcareint.com\/fr\/#\/schema\/logo\/image\/\"},\"sameAs\":[\"https:\/\/www.facebook.com\/critcareint\",\"https:\/\/x.com\/CritCareInt\",\"https:\/\/www.linkedin.com\/company\/critical-care-international\"]}]}<\/script>\n<!-- \/ Yoast SEO plugin. -->","yoast_head_json":{"title":"\u00c0 propos de nous - Critical Care International","robots":{"index":"index","follow":"follow","max-snippet":"max-snippet:-1","max-image-preview":"max-image-preview:large","max-video-preview":"max-video-preview:-1"},"canonical":"https:\/\/critcareint.com\/fr\/a-propos-de-nous-lethique-du-cci\/","og_locale":"fr_FR","og_type":"article","og_title":"\u00c0 propos de nous - Critical Care International","og_description":"Critical Care International (CCI ) concentre l'expertise et la gouvernance des syst\u00e8mes de soins de sant\u00e9 les plus avanc\u00e9s du monde dans des environnements o\u00f9 leur impact est le plus important.","og_url":"https:\/\/critcareint.com\/fr\/a-propos-de-nous-lethique-du-cci\/","og_site_name":"Critical Care International","article_publisher":"https:\/\/www.facebook.com\/critcareint","article_modified_time":"2024-07-08T15:11:04+00:00","og_image":[{"width":1800,"height":900,"url":"https:\/\/critcareint.com\/wp-content\/uploads\/docs.jpg","type":"image\/jpeg"}],"twitter_card":"summary_large_image","twitter_site":"@CritCareInt","twitter_misc":{"Dur\u00e9e de lecture estim\u00e9e":"1 minute"},"schema":{"@context":"https:\/\/schema.org","@graph":[{"@type":"WebPage","@id":"https:\/\/critcareint.com\/fr\/a-propos-de-nous-lethique-du-cci\/","url":"https:\/\/critcareint.com\/fr\/a-propos-de-nous-lethique-du-cci\/","name":"\u00c0 propos de nous - Critical Care International","isPartOf":{"@id":"https:\/\/critcareint.com\/fr\/#website"},"primaryImageOfPage":{"@id":"https:\/\/critcareint.com\/fr\/a-propos-de-nous-lethique-du-cci\/#primaryimage"},"image":{"@id":"https:\/\/critcareint.com\/fr\/a-propos-de-nous-lethique-du-cci\/#primaryimage"},"thumbnailUrl":"https:\/\/critcareint.com\/wp-content\/uploads\/docs.jpg","datePublished":"2019-07-18T08:40:11+00:00","dateModified":"2024-07-08T15:11:04+00:00","breadcrumb":{"@id":"https:\/\/critcareint.com\/fr\/a-propos-de-nous-lethique-du-cci\/#breadcrumb"},"inLanguage":"fr-FR","potentialAction":[{"@type":"ReadAction","target":["https:\/\/critcareint.com\/fr\/a-propos-de-nous-lethique-du-cci\/"]}]},{"@type":"ImageObject","inLanguage":"fr-FR","@id":"https:\/\/critcareint.com\/fr\/a-propos-de-nous-lethique-du-cci\/#primaryimage","url":"https:\/\/critcareint.com\/wp-content\/uploads\/docs.jpg","contentUrl":"https:\/\/critcareint.com\/wp-content\/uploads\/docs.jpg","width":1800,"height":900},{"@type":"BreadcrumbList","@id":"https:\/\/critcareint.com\/fr\/a-propos-de-nous-lethique-du-cci\/#breadcrumb","itemListElement":[{"@type":"ListItem","position":1,"name":"Home","item":"https:\/\/critcareint.com\/fr\/"},{"@type":"ListItem","position":2,"name":"\u00c0 propos de nous"}]},{"@type":"WebSite","@id":"https:\/\/critcareint.com\/fr\/#website","url":"https:\/\/critcareint.com\/fr\/","name":"Critical Care International","description":"Remote healthcare solutions for the world\u2019s most demanding environments","publisher":{"@id":"https:\/\/critcareint.com\/fr\/#organization"},"potentialAction":[{"@type":"SearchAction","target":{"@type":"EntryPoint","urlTemplate":"https:\/\/critcareint.com\/fr\/?s={search_term_string}"},"query-input":{"@type":"PropertyValueSpecification","valueRequired":true,"valueName":"search_term_string"}}],"inLanguage":"fr-FR"},{"@type":"Organization","@id":"https:\/\/critcareint.com\/fr\/#organization","name":"Critical Care International","url":"https:\/\/critcareint.com\/fr\/","logo":{"@type":"ImageObject","inLanguage":"fr-FR","@id":"https:\/\/critcareint.com\/fr\/#\/schema\/logo\/image\/","url":"https:\/\/critcareint.com\/wp-content\/uploads\/CCI_Logo-1.svg","contentUrl":"https:\/\/critcareint.com\/wp-content\/uploads\/CCI_Logo-1.svg","width":1,"height":1,"caption":"Critical Care International"},"image":{"@id":"https:\/\/critcareint.com\/fr\/#\/schema\/logo\/image\/"},"sameAs":["https:\/\/www.facebook.com\/critcareint","https:\/\/x.com\/CritCareInt","https:\/\/www.linkedin.com\/company\/critical-care-international"]}]}},"_links":{"self":[{"href":"https:\/\/critcareint.com\/fr\/wp-json\/wp\/v2\/pages\/2555","targetHints":{"allow":["GET"]}}],"collection":[{"href":"https:\/\/critcareint.com\/fr\/wp-json\/wp\/v2\/pages"}],"about":[{"href":"https:\/\/critcareint.com\/fr\/wp-json\/wp\/v2\/types\/page"}],"author":[{"embeddable":true,"href":"https:\/\/critcareint.com\/fr\/wp-json\/wp\/v2\/users\/1"}],"replies":[{"embeddable":true,"href":"https:\/\/critcareint.com\/fr\/wp-json\/wp\/v2\/comments?post=2555"}],"version-history":[{"count":5,"href":"https:\/\/critcareint.com\/fr\/wp-json\/wp\/v2\/pages\/2555\/revisions"}],"predecessor-version":[{"id":2620,"href":"https:\/\/critcareint.com\/fr\/wp-json\/wp\/v2\/pages\/2555\/revisions\/2620"}],"wp:featuredmedia":[{"embeddable":true,"href":"https:\/\/critcareint.com\/fr\/wp-json\/wp\/v2\/media\/2497"}],"wp:attachment":[{"href":"https:\/\/critcareint.com\/fr\/wp-json\/wp\/v2\/media?parent=2555"}],"wp:term":[{"taxonomy":"category","embeddable":true,"href":"https:\/\/critcareint.com\/fr\/wp-json\/wp\/v2\/categories?post=2555"},{"taxonomy":"case-study-groups","embeddable":true,"href":"https:\/\/critcareint.com\/fr\/wp-json\/wp\/v2\/case-study-groups?post=2555"},{"taxonomy":"cci-services","embeddable":true,"href":"https:\/\/critcareint.com\/fr\/wp-json\/wp\/v2\/cci-services?post=2555"}],"curies":[{"name":"wp","href":"https:\/\/api.w.org\/{rel}","templated":true}]}}