{"id":2557,"date":"2024-02-13T14:11:38","date_gmt":"2024-02-13T14:11:38","guid":{"rendered":"https:\/\/dev.critcareint.com\/a-propos-de-nous-lethique-de-licc\/ce-que-nous-faisons\/"},"modified":"2024-02-29T14:21:27","modified_gmt":"2024-02-29T14:21:27","slug":"ce-que-nous-faisons","status":"publish","type":"page","link":"https:\/\/critcareint.com\/fr\/ce-que-nous-faisons\/","title":{"rendered":"Ce que nous faisons"},"content":{"rendered":"\n<p>Nous sommes sp\u00e9cialis\u00e9s dans la fourniture de personnel m\u00e9dical, de services de conseil, de formation et de soutien aux soins de sant\u00e9 communautaires.<\/p>\n\n<div class=\"wp-block-columns is-layout-flex wp-container-core-columns-is-layout-1 wp-block-columns-is-layout-flex\">\n<div class=\"wp-block-column is-layout-flow wp-block-column-is-layout-flow\">\n<ul class=\"wp-block-list\">\n<li>Recrutement de personnel m\u00e9dical pour les sites \u00e9loign\u00e9s<\/li>\n\n\n\n<li>ESG &#8211; Soins de sant\u00e9 communautaires<\/li>\n\n\n\n<li>Service d&rsquo;assistance sanitaire mondiale 24h\/24 et 7j\/7<\/li>\n\n\n\n<li>Services de conseil strat\u00e9gique<\/li>\n<\/ul>\n<\/div>\n\n\n\n<div class=\"wp-block-column is-layout-flow wp-block-column-is-layout-flow\">\n<ul class=\"wp-block-list\">\n<li>Formation aux interventions m\u00e9dicales et d&rsquo;urgence<\/li>\n\n\n\n<li>Evacuation m\u00e9dicale<\/li>\n\n\n\n<li>Sant\u00e9 et pr\u00e9paration aux situations d&rsquo;urgence<\/li>\n\n\n\n<li>Sant\u00e9 au travail et hygi\u00e8ne industrielle<\/li>\n<\/ul>\n<\/div>\n<\/div>\n\n<p>Notre \u00e9quipe est compos\u00e9e de consultants en soins intensifs, cardiologie, chirurgie traumatologique, orthop\u00e9die, p\u00e9diatrie, m\u00e9decine respiratoire, maladies infectieuses et anesth\u00e9sie, qui ont conseill\u00e9 des organisations commerciales, des gouvernements et des organisations militaires dans le monde entier.<\/p>\n\n<p>Nos clients op\u00e8rent dans une vari\u00e9t\u00e9 de secteurs et d&rsquo;industries, notamment:<\/p>\n\n<div class=\"wp-block-columns is-layout-flex wp-container-core-columns-is-layout-2 wp-block-columns-is-layout-flex\">\n<div class=\"wp-block-column is-layout-flow wp-block-column-is-layout-flow\">\n<ul class=\"wp-block-list\">\n<li>\u00c9nergies renouvelables<\/li>\n\n\n\n<li>Construction et ing\u00e9nierie<\/li>\n\n\n\n<li>Exploitation mini\u00e8re<\/li>\n\n\n\n<li>P\u00e9trole et gaz<\/li>\n\n\n\n<li>Agriculture<\/li>\n\n\n\n<li>Exp\u00e9dition \/ maritime<\/li>\n<\/ul>\n<\/div>\n\n\n\n<div class=\"wp-block-column is-layout-flow wp-block-column-is-layout-flow\">\n<ul class=\"wp-block-list\">\n<li>Entreprise \/ conseil<\/li>\n\n\n\n<li>ONG<\/li>\n\n\n\n<li>Gouvernements<\/li>\n\n\n\n<li>Industrie de la s\u00e9curit\u00e9<\/li>\n\n\n\n<li>Voyages d&rsquo;aventure<\/li>\n<\/ul>\n<\/div>\n<\/div>\n","protected":false},"excerpt":{"rendered":"<p>CCI est une soci\u00e9t\u00e9 de services m\u00e9dicaux cr\u00e9\u00e9e pour r\u00e9pondre \u00e0 la demande de soins m\u00e9dicaux de haute qualit\u00e9 dans des environnements isol\u00e9s ou \u00e0 haut risque. <\/p>\n","protected":false},"author":1,"featured_media":3033,"parent":0,"menu_order":50,"comment_status":"closed","ping_status":"closed","template":"","meta":{"_acf_changed":false,"footnotes":""},"categories":[],"case-study-groups":[],"cci-services":[],"class_list":["post-2557","page","type-page","status-publish","has-post-thumbnail","hentry"],"acf":[],"yoast_head":"<!-- This site is optimized with the Yoast SEO plugin v26.8 - https:\/\/yoast.com\/product\/yoast-seo-wordpress\/ -->\n<title>Ce que nous faisons - Critical Care International<\/title>\n<meta name=\"robots\" content=\"index, follow, max-snippet:-1, max-image-preview:large, max-video-preview:-1\" \/>\n<link rel=\"canonical\" href=\"https:\/\/critcareint.com\/fr\/ce-que-nous-faisons\/\" \/>\n<meta property=\"og:locale\" content=\"fr_FR\" \/>\n<meta property=\"og:type\" content=\"article\" \/>\n<meta property=\"og:title\" content=\"Ce que nous faisons - Critical Care International\" \/>\n<meta property=\"og:description\" content=\"CCI est une soci\u00e9t\u00e9 de services m\u00e9dicaux cr\u00e9\u00e9e pour r\u00e9pondre \u00e0 la demande de soins m\u00e9dicaux de haute qualit\u00e9 dans des environnements isol\u00e9s ou \u00e0 haut risque.\" \/>\n<meta property=\"og:url\" content=\"https:\/\/critcareint.com\/fr\/ce-que-nous-faisons\/\" \/>\n<meta property=\"og:site_name\" content=\"Critical Care International\" \/>\n<meta property=\"article:publisher\" content=\"https:\/\/www.facebook.com\/critcareint\" \/>\n<meta property=\"article:modified_time\" content=\"2024-02-29T14:21:27+00:00\" \/>\n<meta property=\"og:image\" content=\"https:\/\/critcareint.com\/wp-content\/uploads\/IMG_1481.jpg\" \/>\n\t<meta property=\"og:image:width\" content=\"2400\" \/>\n\t<meta property=\"og:image:height\" content=\"1800\" \/>\n\t<meta property=\"og:image:type\" content=\"image\/jpeg\" \/>\n<meta name=\"twitter:card\" content=\"summary_large_image\" \/>\n<meta name=\"twitter:site\" content=\"@CritCareInt\" \/>\n<meta name=\"twitter:label1\" content=\"Dur\u00e9e de lecture estim\u00e9e\" \/>\n\t<meta name=\"twitter:data1\" content=\"1 minute\" \/>\n<script type=\"application\/ld+json\" class=\"yoast-schema-graph\">{\"@context\":\"https:\/\/schema.org\",\"@graph\":[{\"@type\":\"WebPage\",\"@id\":\"https:\/\/critcareint.com\/fr\/ce-que-nous-faisons\/\",\"url\":\"https:\/\/critcareint.com\/fr\/ce-que-nous-faisons\/\",\"name\":\"Ce que nous faisons - Critical Care International\",\"isPartOf\":{\"@id\":\"https:\/\/critcareint.com\/fr\/#website\"},\"primaryImageOfPage\":{\"@id\":\"https:\/\/critcareint.com\/fr\/ce-que-nous-faisons\/#primaryimage\"},\"image\":{\"@id\":\"https:\/\/critcareint.com\/fr\/ce-que-nous-faisons\/#primaryimage\"},\"thumbnailUrl\":\"https:\/\/critcareint.com\/wp-content\/uploads\/IMG_1481.jpg\",\"datePublished\":\"2024-02-13T14:11:38+00:00\",\"dateModified\":\"2024-02-29T14:21:27+00:00\",\"breadcrumb\":{\"@id\":\"https:\/\/critcareint.com\/fr\/ce-que-nous-faisons\/#breadcrumb\"},\"inLanguage\":\"fr-FR\",\"potentialAction\":[{\"@type\":\"ReadAction\",\"target\":[\"https:\/\/critcareint.com\/fr\/ce-que-nous-faisons\/\"]}]},{\"@type\":\"ImageObject\",\"inLanguage\":\"fr-FR\",\"@id\":\"https:\/\/critcareint.com\/fr\/ce-que-nous-faisons\/#primaryimage\",\"url\":\"https:\/\/critcareint.com\/wp-content\/uploads\/IMG_1481.jpg\",\"contentUrl\":\"https:\/\/critcareint.com\/wp-content\/uploads\/IMG_1481.jpg\",\"width\":2400,\"height\":1800,\"caption\":\"What We Do\"},{\"@type\":\"BreadcrumbList\",\"@id\":\"https:\/\/critcareint.com\/fr\/ce-que-nous-faisons\/#breadcrumb\",\"itemListElement\":[{\"@type\":\"ListItem\",\"position\":1,\"name\":\"Home\",\"item\":\"https:\/\/critcareint.com\/fr\/\"},{\"@type\":\"ListItem\",\"position\":2,\"name\":\"Ce que nous faisons\"}]},{\"@type\":\"WebSite\",\"@id\":\"https:\/\/critcareint.com\/fr\/#website\",\"url\":\"https:\/\/critcareint.com\/fr\/\",\"name\":\"Critical Care International\",\"description\":\"Remote healthcare solutions for the world\u2019s most demanding environments\",\"publisher\":{\"@id\":\"https:\/\/critcareint.com\/fr\/#organization\"},\"potentialAction\":[{\"@type\":\"SearchAction\",\"target\":{\"@type\":\"EntryPoint\",\"urlTemplate\":\"https:\/\/critcareint.com\/fr\/?s={search_term_string}\"},\"query-input\":{\"@type\":\"PropertyValueSpecification\",\"valueRequired\":true,\"valueName\":\"search_term_string\"}}],\"inLanguage\":\"fr-FR\"},{\"@type\":\"Organization\",\"@id\":\"https:\/\/critcareint.com\/fr\/#organization\",\"name\":\"Critical Care International\",\"url\":\"https:\/\/critcareint.com\/fr\/\",\"logo\":{\"@type\":\"ImageObject\",\"inLanguage\":\"fr-FR\",\"@id\":\"https:\/\/critcareint.com\/fr\/#\/schema\/logo\/image\/\",\"url\":\"https:\/\/critcareint.com\/wp-content\/uploads\/CCI_Logo-1.svg\",\"contentUrl\":\"https:\/\/critcareint.com\/wp-content\/uploads\/CCI_Logo-1.svg\",\"width\":1,\"height\":1,\"caption\":\"Critical Care International\"},\"image\":{\"@id\":\"https:\/\/critcareint.com\/fr\/#\/schema\/logo\/image\/\"},\"sameAs\":[\"https:\/\/www.facebook.com\/critcareint\",\"https:\/\/x.com\/CritCareInt\",\"https:\/\/www.linkedin.com\/company\/critical-care-international\"]}]}<\/script>\n<!-- \/ Yoast SEO plugin. -->","yoast_head_json":{"title":"Ce que nous faisons - Critical Care International","robots":{"index":"index","follow":"follow","max-snippet":"max-snippet:-1","max-image-preview":"max-image-preview:large","max-video-preview":"max-video-preview:-1"},"canonical":"https:\/\/critcareint.com\/fr\/ce-que-nous-faisons\/","og_locale":"fr_FR","og_type":"article","og_title":"Ce que nous faisons - Critical Care International","og_description":"CCI est une soci\u00e9t\u00e9 de services m\u00e9dicaux cr\u00e9\u00e9e pour r\u00e9pondre \u00e0 la demande de soins m\u00e9dicaux de haute qualit\u00e9 dans des environnements isol\u00e9s ou \u00e0 haut risque.","og_url":"https:\/\/critcareint.com\/fr\/ce-que-nous-faisons\/","og_site_name":"Critical Care International","article_publisher":"https:\/\/www.facebook.com\/critcareint","article_modified_time":"2024-02-29T14:21:27+00:00","og_image":[{"width":2400,"height":1800,"url":"https:\/\/critcareint.com\/wp-content\/uploads\/IMG_1481.jpg","type":"image\/jpeg"}],"twitter_card":"summary_large_image","twitter_site":"@CritCareInt","twitter_misc":{"Dur\u00e9e de lecture estim\u00e9e":"1 minute"},"schema":{"@context":"https:\/\/schema.org","@graph":[{"@type":"WebPage","@id":"https:\/\/critcareint.com\/fr\/ce-que-nous-faisons\/","url":"https:\/\/critcareint.com\/fr\/ce-que-nous-faisons\/","name":"Ce que nous faisons - Critical Care International","isPartOf":{"@id":"https:\/\/critcareint.com\/fr\/#website"},"primaryImageOfPage":{"@id":"https:\/\/critcareint.com\/fr\/ce-que-nous-faisons\/#primaryimage"},"image":{"@id":"https:\/\/critcareint.com\/fr\/ce-que-nous-faisons\/#primaryimage"},"thumbnailUrl":"https:\/\/critcareint.com\/wp-content\/uploads\/IMG_1481.jpg","datePublished":"2024-02-13T14:11:38+00:00","dateModified":"2024-02-29T14:21:27+00:00","breadcrumb":{"@id":"https:\/\/critcareint.com\/fr\/ce-que-nous-faisons\/#breadcrumb"},"inLanguage":"fr-FR","potentialAction":[{"@type":"ReadAction","target":["https:\/\/critcareint.com\/fr\/ce-que-nous-faisons\/"]}]},{"@type":"ImageObject","inLanguage":"fr-FR","@id":"https:\/\/critcareint.com\/fr\/ce-que-nous-faisons\/#primaryimage","url":"https:\/\/critcareint.com\/wp-content\/uploads\/IMG_1481.jpg","contentUrl":"https:\/\/critcareint.com\/wp-content\/uploads\/IMG_1481.jpg","width":2400,"height":1800,"caption":"What We Do"},{"@type":"BreadcrumbList","@id":"https:\/\/critcareint.com\/fr\/ce-que-nous-faisons\/#breadcrumb","itemListElement":[{"@type":"ListItem","position":1,"name":"Home","item":"https:\/\/critcareint.com\/fr\/"},{"@type":"ListItem","position":2,"name":"Ce que nous faisons"}]},{"@type":"WebSite","@id":"https:\/\/critcareint.com\/fr\/#website","url":"https:\/\/critcareint.com\/fr\/","name":"Critical Care International","description":"Remote healthcare solutions for the world\u2019s most demanding environments","publisher":{"@id":"https:\/\/critcareint.com\/fr\/#organization"},"potentialAction":[{"@type":"SearchAction","target":{"@type":"EntryPoint","urlTemplate":"https:\/\/critcareint.com\/fr\/?s={search_term_string}"},"query-input":{"@type":"PropertyValueSpecification","valueRequired":true,"valueName":"search_term_string"}}],"inLanguage":"fr-FR"},{"@type":"Organization","@id":"https:\/\/critcareint.com\/fr\/#organization","name":"Critical Care International","url":"https:\/\/critcareint.com\/fr\/","logo":{"@type":"ImageObject","inLanguage":"fr-FR","@id":"https:\/\/critcareint.com\/fr\/#\/schema\/logo\/image\/","url":"https:\/\/critcareint.com\/wp-content\/uploads\/CCI_Logo-1.svg","contentUrl":"https:\/\/critcareint.com\/wp-content\/uploads\/CCI_Logo-1.svg","width":1,"height":1,"caption":"Critical Care International"},"image":{"@id":"https:\/\/critcareint.com\/fr\/#\/schema\/logo\/image\/"},"sameAs":["https:\/\/www.facebook.com\/critcareint","https:\/\/x.com\/CritCareInt","https:\/\/www.linkedin.com\/company\/critical-care-international"]}]}},"_links":{"self":[{"href":"https:\/\/critcareint.com\/fr\/wp-json\/wp\/v2\/pages\/2557","targetHints":{"allow":["GET"]}}],"collection":[{"href":"https:\/\/critcareint.com\/fr\/wp-json\/wp\/v2\/pages"}],"about":[{"href":"https:\/\/critcareint.com\/fr\/wp-json\/wp\/v2\/types\/page"}],"author":[{"embeddable":true,"href":"https:\/\/critcareint.com\/fr\/wp-json\/wp\/v2\/users\/1"}],"replies":[{"embeddable":true,"href":"https:\/\/critcareint.com\/fr\/wp-json\/wp\/v2\/comments?post=2557"}],"version-history":[{"count":4,"href":"https:\/\/critcareint.com\/fr\/wp-json\/wp\/v2\/pages\/2557\/revisions"}],"predecessor-version":[{"id":2663,"href":"https:\/\/critcareint.com\/fr\/wp-json\/wp\/v2\/pages\/2557\/revisions\/2663"}],"wp:featuredmedia":[{"embeddable":true,"href":"https:\/\/critcareint.com\/fr\/wp-json\/wp\/v2\/media\/3033"}],"wp:attachment":[{"href":"https:\/\/critcareint.com\/fr\/wp-json\/wp\/v2\/media?parent=2557"}],"wp:term":[{"taxonomy":"category","embeddable":true,"href":"https:\/\/critcareint.com\/fr\/wp-json\/wp\/v2\/categories?post=2557"},{"taxonomy":"case-study-groups","embeddable":true,"href":"https:\/\/critcareint.com\/fr\/wp-json\/wp\/v2\/case-study-groups?post=2557"},{"taxonomy":"cci-services","embeddable":true,"href":"https:\/\/critcareint.com\/fr\/wp-json\/wp\/v2\/cci-services?post=2557"}],"curies":[{"name":"wp","href":"https:\/\/api.w.org\/{rel}","templated":true}]}}