{"id":2559,"date":"2024-02-13T14:23:38","date_gmt":"2024-02-13T14:23:38","guid":{"rendered":"https:\/\/dev.critcareint.com\/a-propos-de-nous-lethique-de-licc\/nos-implantations\/"},"modified":"2024-03-25T15:32:47","modified_gmt":"2024-03-25T15:32:47","slug":"nos-implantations","status":"publish","type":"page","link":"https:\/\/critcareint.com\/fr\/accueil\/nos-implantations\/","title":{"rendered":"Nos emplacements"},"content":{"rendered":"\n<p>Les op\u00e9rations de CCI couvrent le monde entier et nos \u00e9quipes ont soutenu des projets de clients dans un large \u00e9ventail de lieux exigeants &#8211; des montagnes de haute altitude \u00e0 la toundra arctique en passant par les jungles tropicales. Notre personnel est exp\u00e9riment\u00e9 dans la fourniture de solutions de soins de sant\u00e9 et dans la pr\u00e9paration et la r\u00e9ponse aux urgences dans des zones tr\u00e8s \u00e9loign\u00e9es ou pauvres en ressources. Notre personnel est exp\u00e9riment\u00e9 dans la fourniture de solutions de soins de sant\u00e9 et de pr\u00e9paration\/r\u00e9ponse aux situations d&rsquo;urgence dans des r\u00e9gions tr\u00e8s \u00e9loign\u00e9es ou pauvres en ressources.<\/p>\n\n<figure class=\"wp-block-image size-full\"><img fetchpriority=\"high\" decoding=\"async\" width=\"1024\" height=\"677\" src=\"https:\/\/critcareint.com\/wp-content\/uploads\/CCI-World-Map-Location-Chart-.png\" alt=\"Carte mondiale de l'ICC\" class=\"wp-image-1653\" srcset=\"https:\/\/critcareint.com\/wp-content\/uploads\/CCI-World-Map-Location-Chart-.png 1024w, https:\/\/critcareint.com\/wp-content\/uploads\/CCI-World-Map-Location-Chart--600x397.png 600w, https:\/\/critcareint.com\/wp-content\/uploads\/CCI-World-Map-Location-Chart--768x508.png 768w\" sizes=\"(max-width: 1024px) 100vw, 1024px\" \/><\/figure>\n","protected":false},"excerpt":{"rendered":"<p>Critical Care International (CCI) a \u00e9t\u00e9 fond\u00e9e sur une philosophie consistant \u00e0 fournir des solutions de soins de sant\u00e9 sur mesure r\u00e9pondant aux normes m\u00e9dicales et \u00e9thiques les plus \u00e9lev\u00e9es pour les organisations op\u00e9rant dans les environnements les plus difficiles du monde.<\/p>\n","protected":false},"author":1,"featured_media":2525,"parent":2551,"menu_order":47,"comment_status":"closed","ping_status":"closed","template":"","meta":{"_acf_changed":false,"footnotes":""},"categories":[],"case-study-groups":[],"cci-services":[],"class_list":["post-2559","page","type-page","status-publish","has-post-thumbnail","hentry"],"acf":[],"yoast_head":"<!-- This site is optimized with the Yoast SEO plugin v26.8 - https:\/\/yoast.com\/product\/yoast-seo-wordpress\/ -->\n<title>Nos emplacements - Critical Care International<\/title>\n<meta name=\"robots\" content=\"index, follow, max-snippet:-1, max-image-preview:large, max-video-preview:-1\" \/>\n<link rel=\"canonical\" href=\"https:\/\/critcareint.com\/fr\/accueil\/nos-implantations\/\" \/>\n<meta property=\"og:locale\" content=\"fr_FR\" \/>\n<meta property=\"og:type\" content=\"article\" \/>\n<meta property=\"og:title\" content=\"Nos emplacements - Critical Care International\" \/>\n<meta property=\"og:description\" content=\"Critical Care International (CCI) a \u00e9t\u00e9 fond\u00e9e sur une philosophie consistant \u00e0 fournir des solutions de soins de sant\u00e9 sur mesure r\u00e9pondant aux normes m\u00e9dicales et \u00e9thiques les plus \u00e9lev\u00e9es pour les organisations op\u00e9rant dans les environnements les plus difficiles du monde.\" \/>\n<meta property=\"og:url\" content=\"https:\/\/critcareint.com\/fr\/accueil\/nos-implantations\/\" \/>\n<meta property=\"og:site_name\" content=\"Critical Care International\" \/>\n<meta property=\"article:publisher\" content=\"https:\/\/www.facebook.com\/critcareint\" \/>\n<meta property=\"article:modified_time\" content=\"2024-03-25T15:32:47+00:00\" \/>\n<meta property=\"og:image\" content=\"https:\/\/critcareint.com\/wp-content\/uploads\/global_network_1.webp\" \/>\n\t<meta property=\"og:image:width\" content=\"2400\" \/>\n\t<meta property=\"og:image:height\" content=\"1092\" \/>\n\t<meta property=\"og:image:type\" content=\"image\/webp\" \/>\n<meta name=\"twitter:card\" content=\"summary_large_image\" \/>\n<meta name=\"twitter:site\" content=\"@CritCareInt\" \/>\n<meta name=\"twitter:label1\" content=\"Dur\u00e9e de lecture estim\u00e9e\" \/>\n\t<meta name=\"twitter:data1\" content=\"1 minute\" \/>\n<script type=\"application\/ld+json\" class=\"yoast-schema-graph\">{\"@context\":\"https:\/\/schema.org\",\"@graph\":[{\"@type\":\"WebPage\",\"@id\":\"https:\/\/critcareint.com\/fr\/accueil\/nos-implantations\/\",\"url\":\"https:\/\/critcareint.com\/fr\/accueil\/nos-implantations\/\",\"name\":\"Nos emplacements - Critical Care International\",\"isPartOf\":{\"@id\":\"https:\/\/critcareint.com\/fr\/#website\"},\"primaryImageOfPage\":{\"@id\":\"https:\/\/critcareint.com\/fr\/accueil\/nos-implantations\/#primaryimage\"},\"image\":{\"@id\":\"https:\/\/critcareint.com\/fr\/accueil\/nos-implantations\/#primaryimage\"},\"thumbnailUrl\":\"https:\/\/critcareint.com\/wp-content\/uploads\/global_network_1.webp\",\"datePublished\":\"2024-02-13T14:23:38+00:00\",\"dateModified\":\"2024-03-25T15:32:47+00:00\",\"breadcrumb\":{\"@id\":\"https:\/\/critcareint.com\/fr\/accueil\/nos-implantations\/#breadcrumb\"},\"inLanguage\":\"fr-FR\",\"potentialAction\":[{\"@type\":\"ReadAction\",\"target\":[\"https:\/\/critcareint.com\/fr\/accueil\/nos-implantations\/\"]}]},{\"@type\":\"ImageObject\",\"inLanguage\":\"fr-FR\",\"@id\":\"https:\/\/critcareint.com\/fr\/accueil\/nos-implantations\/#primaryimage\",\"url\":\"https:\/\/critcareint.com\/wp-content\/uploads\/global_network_1.webp\",\"contentUrl\":\"https:\/\/critcareint.com\/wp-content\/uploads\/global_network_1.webp\",\"width\":2400,\"height\":1092},{\"@type\":\"BreadcrumbList\",\"@id\":\"https:\/\/critcareint.com\/fr\/accueil\/nos-implantations\/#breadcrumb\",\"itemListElement\":[{\"@type\":\"ListItem\",\"position\":1,\"name\":\"Home\",\"item\":\"https:\/\/critcareint.com\/fr\/\"},{\"@type\":\"ListItem\",\"position\":2,\"name\":\"Accueil\",\"item\":\"https:\/\/critcareint.com\/fr\/\"},{\"@type\":\"ListItem\",\"position\":3,\"name\":\"Nos emplacements\"}]},{\"@type\":\"WebSite\",\"@id\":\"https:\/\/critcareint.com\/fr\/#website\",\"url\":\"https:\/\/critcareint.com\/fr\/\",\"name\":\"Critical Care International\",\"description\":\"Remote healthcare solutions for the world\u2019s most demanding environments\",\"publisher\":{\"@id\":\"https:\/\/critcareint.com\/fr\/#organization\"},\"potentialAction\":[{\"@type\":\"SearchAction\",\"target\":{\"@type\":\"EntryPoint\",\"urlTemplate\":\"https:\/\/critcareint.com\/fr\/?s={search_term_string}\"},\"query-input\":{\"@type\":\"PropertyValueSpecification\",\"valueRequired\":true,\"valueName\":\"search_term_string\"}}],\"inLanguage\":\"fr-FR\"},{\"@type\":\"Organization\",\"@id\":\"https:\/\/critcareint.com\/fr\/#organization\",\"name\":\"Critical Care International\",\"url\":\"https:\/\/critcareint.com\/fr\/\",\"logo\":{\"@type\":\"ImageObject\",\"inLanguage\":\"fr-FR\",\"@id\":\"https:\/\/critcareint.com\/fr\/#\/schema\/logo\/image\/\",\"url\":\"https:\/\/critcareint.com\/wp-content\/uploads\/CCI_Logo-1.svg\",\"contentUrl\":\"https:\/\/critcareint.com\/wp-content\/uploads\/CCI_Logo-1.svg\",\"width\":1,\"height\":1,\"caption\":\"Critical Care International\"},\"image\":{\"@id\":\"https:\/\/critcareint.com\/fr\/#\/schema\/logo\/image\/\"},\"sameAs\":[\"https:\/\/www.facebook.com\/critcareint\",\"https:\/\/x.com\/CritCareInt\",\"https:\/\/www.linkedin.com\/company\/critical-care-international\"]}]}<\/script>\n<!-- \/ Yoast SEO plugin. -->","yoast_head_json":{"title":"Nos emplacements - Critical Care International","robots":{"index":"index","follow":"follow","max-snippet":"max-snippet:-1","max-image-preview":"max-image-preview:large","max-video-preview":"max-video-preview:-1"},"canonical":"https:\/\/critcareint.com\/fr\/accueil\/nos-implantations\/","og_locale":"fr_FR","og_type":"article","og_title":"Nos emplacements - Critical Care International","og_description":"Critical Care International (CCI) a \u00e9t\u00e9 fond\u00e9e sur une philosophie consistant \u00e0 fournir des solutions de soins de sant\u00e9 sur mesure r\u00e9pondant aux normes m\u00e9dicales et \u00e9thiques les plus \u00e9lev\u00e9es pour les organisations op\u00e9rant dans les environnements les plus difficiles du monde.","og_url":"https:\/\/critcareint.com\/fr\/accueil\/nos-implantations\/","og_site_name":"Critical Care International","article_publisher":"https:\/\/www.facebook.com\/critcareint","article_modified_time":"2024-03-25T15:32:47+00:00","og_image":[{"width":2400,"height":1092,"url":"https:\/\/critcareint.com\/wp-content\/uploads\/global_network_1.webp","type":"image\/webp"}],"twitter_card":"summary_large_image","twitter_site":"@CritCareInt","twitter_misc":{"Dur\u00e9e de lecture estim\u00e9e":"1 minute"},"schema":{"@context":"https:\/\/schema.org","@graph":[{"@type":"WebPage","@id":"https:\/\/critcareint.com\/fr\/accueil\/nos-implantations\/","url":"https:\/\/critcareint.com\/fr\/accueil\/nos-implantations\/","name":"Nos emplacements - Critical Care International","isPartOf":{"@id":"https:\/\/critcareint.com\/fr\/#website"},"primaryImageOfPage":{"@id":"https:\/\/critcareint.com\/fr\/accueil\/nos-implantations\/#primaryimage"},"image":{"@id":"https:\/\/critcareint.com\/fr\/accueil\/nos-implantations\/#primaryimage"},"thumbnailUrl":"https:\/\/critcareint.com\/wp-content\/uploads\/global_network_1.webp","datePublished":"2024-02-13T14:23:38+00:00","dateModified":"2024-03-25T15:32:47+00:00","breadcrumb":{"@id":"https:\/\/critcareint.com\/fr\/accueil\/nos-implantations\/#breadcrumb"},"inLanguage":"fr-FR","potentialAction":[{"@type":"ReadAction","target":["https:\/\/critcareint.com\/fr\/accueil\/nos-implantations\/"]}]},{"@type":"ImageObject","inLanguage":"fr-FR","@id":"https:\/\/critcareint.com\/fr\/accueil\/nos-implantations\/#primaryimage","url":"https:\/\/critcareint.com\/wp-content\/uploads\/global_network_1.webp","contentUrl":"https:\/\/critcareint.com\/wp-content\/uploads\/global_network_1.webp","width":2400,"height":1092},{"@type":"BreadcrumbList","@id":"https:\/\/critcareint.com\/fr\/accueil\/nos-implantations\/#breadcrumb","itemListElement":[{"@type":"ListItem","position":1,"name":"Home","item":"https:\/\/critcareint.com\/fr\/"},{"@type":"ListItem","position":2,"name":"Accueil","item":"https:\/\/critcareint.com\/fr\/"},{"@type":"ListItem","position":3,"name":"Nos emplacements"}]},{"@type":"WebSite","@id":"https:\/\/critcareint.com\/fr\/#website","url":"https:\/\/critcareint.com\/fr\/","name":"Critical Care International","description":"Remote healthcare solutions for the world\u2019s most demanding environments","publisher":{"@id":"https:\/\/critcareint.com\/fr\/#organization"},"potentialAction":[{"@type":"SearchAction","target":{"@type":"EntryPoint","urlTemplate":"https:\/\/critcareint.com\/fr\/?s={search_term_string}"},"query-input":{"@type":"PropertyValueSpecification","valueRequired":true,"valueName":"search_term_string"}}],"inLanguage":"fr-FR"},{"@type":"Organization","@id":"https:\/\/critcareint.com\/fr\/#organization","name":"Critical Care International","url":"https:\/\/critcareint.com\/fr\/","logo":{"@type":"ImageObject","inLanguage":"fr-FR","@id":"https:\/\/critcareint.com\/fr\/#\/schema\/logo\/image\/","url":"https:\/\/critcareint.com\/wp-content\/uploads\/CCI_Logo-1.svg","contentUrl":"https:\/\/critcareint.com\/wp-content\/uploads\/CCI_Logo-1.svg","width":1,"height":1,"caption":"Critical Care International"},"image":{"@id":"https:\/\/critcareint.com\/fr\/#\/schema\/logo\/image\/"},"sameAs":["https:\/\/www.facebook.com\/critcareint","https:\/\/x.com\/CritCareInt","https:\/\/www.linkedin.com\/company\/critical-care-international"]}]}},"_links":{"self":[{"href":"https:\/\/critcareint.com\/fr\/wp-json\/wp\/v2\/pages\/2559","targetHints":{"allow":["GET"]}}],"collection":[{"href":"https:\/\/critcareint.com\/fr\/wp-json\/wp\/v2\/pages"}],"about":[{"href":"https:\/\/critcareint.com\/fr\/wp-json\/wp\/v2\/types\/page"}],"author":[{"embeddable":true,"href":"https:\/\/critcareint.com\/fr\/wp-json\/wp\/v2\/users\/1"}],"replies":[{"embeddable":true,"href":"https:\/\/critcareint.com\/fr\/wp-json\/wp\/v2\/comments?post=2559"}],"version-history":[{"count":2,"href":"https:\/\/critcareint.com\/fr\/wp-json\/wp\/v2\/pages\/2559\/revisions"}],"predecessor-version":[{"id":3118,"href":"https:\/\/critcareint.com\/fr\/wp-json\/wp\/v2\/pages\/2559\/revisions\/3118"}],"up":[{"embeddable":true,"href":"https:\/\/critcareint.com\/fr\/wp-json\/wp\/v2\/pages\/2551"}],"wp:featuredmedia":[{"embeddable":true,"href":"https:\/\/critcareint.com\/fr\/wp-json\/wp\/v2\/media\/2525"}],"wp:attachment":[{"href":"https:\/\/critcareint.com\/fr\/wp-json\/wp\/v2\/media?parent=2559"}],"wp:term":[{"taxonomy":"category","embeddable":true,"href":"https:\/\/critcareint.com\/fr\/wp-json\/wp\/v2\/categories?post=2559"},{"taxonomy":"case-study-groups","embeddable":true,"href":"https:\/\/critcareint.com\/fr\/wp-json\/wp\/v2\/case-study-groups?post=2559"},{"taxonomy":"cci-services","embeddable":true,"href":"https:\/\/critcareint.com\/fr\/wp-json\/wp\/v2\/cci-services?post=2559"}],"curies":[{"name":"wp","href":"https:\/\/api.w.org\/{rel}","templated":true}]}}