{"id":2562,"date":"2019-07-12T13:08:35","date_gmt":"2019-07-12T13:08:35","guid":{"rendered":"https:\/\/dev.critcareint.com\/recrutement-de-personnel-medical-pour-les-sites-eloignes\/"},"modified":"2024-10-22T09:39:21","modified_gmt":"2024-10-22T09:39:21","slug":"recrutement-de-personnel-medical-pour-les-sites-eloignes","status":"publish","type":"page","link":"https:\/\/critcareint.com\/fr\/recrutement-de-personnel-medical-pour-les-sites-eloignes\/","title":{"rendered":"Recrutement de personnel m\u00e9dical pour les sites \u00e9loign\u00e9s"},"content":{"rendered":"\n<p>Notre personnel clinique est hautement qualifi\u00e9 et poss\u00e8de une grande exp\u00e9rience des sp\u00e9cialit\u00e9s et des r\u00e9gions \u00e9loign\u00e9es. Ils sont assist\u00e9s 24 heures sur 24 et 7 jours sur 7 par un groupe d&rsquo;experts en soins intensifs et en m\u00e9decine d&rsquo;urgence, qui n&rsquo;ont qu&rsquo;\u00e0 cliquer sur un bouton. Les \u00e9quipes de Critical Care International sur place :<\/p>\n\n<ul class=\"wp-block-list\">\n<li>Fournir des soins primaires et d&rsquo;urgence s\u00fbrs, de haute qualit\u00e9 et centr\u00e9s sur le patient<\/li>\n\n\n\n<li>Offrir des services et des programmes de sant\u00e9 au travail adapt\u00e9s aux normes HSE locales et \u00e0 la l\u00e9gislation du pays.<\/li>\n\n\n\n<li>Utiliser de solides processus de gestion des cas afin de r\u00e9duire au minimum les \u00e9vacuations m\u00e9dicales, sauf en cas d&rsquo;absolue n\u00e9cessit\u00e9 m\u00e9dicale.<\/li>\n\n\n\n<li>Prendre en charge et stabiliser les patients en cas d&rsquo;urgence m\u00e9dicale avant de proc\u00e9der \u00e0 une \u00e9vacuation m\u00e9dicale hors site si n\u00e9cessaire.<\/li>\n\n\n\n<li>Int\u00e9grer les structures HSE des projets existants avec des activit\u00e9s r\u00e9guli\u00e8res, g\u00e9rer les accidents du travail et les rapports de cas.<\/li>\n\n\n\n<li>Agir en tant que d\u00e9fenseurs et mod\u00e8les positifs de la sant\u00e9 et du bien-\u00eatre au sein de la main-d&rsquo;\u0153uvre l\u00e0 o\u00f9 ils vivent et travaillent<\/li>\n<\/ul>\n\n<p>Nous proposons une approche modulaire adapt\u00e9e aux besoins sp\u00e9cifiques de chaque client et de chaque projet. Nos services comprennent:<\/p>\n\n<ul class=\"wp-block-list\">\n<li>Examen m\u00e9dical du site et du pays et rapports techniques pour les projets de champs verts dans leur phase initiale.<\/li>\n\n\n\n<li>Dotation en personnel m\u00e9dical pour les sites d&rsquo;exploration avant la construction de la clinique<\/li>\n\n\n\n<li>Conception et mise en service de soins de sant\u00e9 et de cliniques<\/li>\n\n\n\n<li>Personnel m\u00e9dical et fourniture de soins primaires, stabilisation des urgences m\u00e9dicales et \u00e9vacuation hors site, services de sant\u00e9 au travail ainsi que pr\u00e9vention, gestion et traitement des maladies chroniques et infectieuses.<\/li>\n\n\n\n<li>Services de lutte contre le paludisme (sensibilisation et pr\u00e9vention, programmes de lutte contre le paludisme)<\/li>\n\n\n\n<li>Conception et d\u00e9veloppement d&rsquo;un plan d&rsquo;intervention en cas d&rsquo;urgence m\u00e9dicale et d&rsquo;un syst\u00e8me d&rsquo;\u00e9vacuation pour le site<\/li>\n\n\n\n<li>Evacuation m\u00e9dicale primaire et secondaire \u00e0 partir de sites isol\u00e9s<\/li>\n\n\n\n<li>Surveillance des soins de sant\u00e9 par des inspections d&rsquo;hygi\u00e8ne<\/li>\n\n\n\n<li>Campagnes de pr\u00e9vention des maladies infectieuses aupr\u00e8s des travailleurs<\/li>\n\n\n\n<li>Formation des \u00e9quipes d&rsquo;intervention d&rsquo;urgence et du personnel de sant\u00e9 local<\/li>\n\n\n\n<li>Activit\u00e9s de promotion de la sant\u00e9, par exemple la s\u00e9curit\u00e9 et le bien-\u00eatre psychologiques, ou la surveillance des maladies chroniques non transmissibles<\/li>\n<\/ul>\n","protected":false},"excerpt":{"rendered":"<p>Critical Care International fournit des soins de sant\u00e9 de haute qualit\u00e9 dans les environnements les plus difficiles du monde.<\/p>\n","protected":false},"author":1,"featured_media":2099,"parent":0,"menu_order":6,"comment_status":"closed","ping_status":"closed","template":"","meta":{"_acf_changed":false,"footnotes":""},"categories":[59,91],"case-study-groups":[],"cci-services":[],"class_list":["post-2562","page","type-page","status-publish","has-post-thumbnail","hentry","category-recrutement-de-personnel-medical-pour-les-sites-eloignes","category-services-fr"],"acf":[],"yoast_head":"<!-- This site is optimized with the Yoast SEO plugin v26.8 - https:\/\/yoast.com\/product\/yoast-seo-wordpress\/ -->\n<title>Recrutement de personnel m\u00e9dical pour les sites \u00e9loign\u00e9s - Critical Care International<\/title>\n<meta name=\"robots\" content=\"index, follow, max-snippet:-1, max-image-preview:large, max-video-preview:-1\" \/>\n<link rel=\"canonical\" href=\"https:\/\/critcareint.com\/fr\/recrutement-de-personnel-medical-pour-les-sites-eloignes\/\" \/>\n<meta property=\"og:locale\" content=\"fr_FR\" \/>\n<meta property=\"og:type\" content=\"article\" \/>\n<meta property=\"og:title\" content=\"Recrutement de personnel m\u00e9dical pour les sites \u00e9loign\u00e9s - Critical Care International\" \/>\n<meta property=\"og:description\" content=\"Critical Care International fournit des soins de sant\u00e9 de haute qualit\u00e9 dans les environnements les plus difficiles du monde.\" \/>\n<meta property=\"og:url\" content=\"https:\/\/critcareint.com\/fr\/recrutement-de-personnel-medical-pour-les-sites-eloignes\/\" \/>\n<meta property=\"og:site_name\" content=\"Critical Care International\" \/>\n<meta property=\"article:publisher\" content=\"https:\/\/www.facebook.com\/critcareint\" \/>\n<meta property=\"article:modified_time\" content=\"2024-10-22T09:39:21+00:00\" \/>\n<meta property=\"og:image\" content=\"https:\/\/critcareint.com\/wp-content\/uploads\/personnel.jpg\" \/>\n\t<meta property=\"og:image:width\" content=\"2400\" \/>\n\t<meta property=\"og:image:height\" content=\"1405\" \/>\n\t<meta property=\"og:image:type\" content=\"image\/jpeg\" \/>\n<meta name=\"twitter:card\" content=\"summary_large_image\" \/>\n<meta name=\"twitter:site\" content=\"@CritCareInt\" \/>\n<meta name=\"twitter:label1\" content=\"Dur\u00e9e de lecture estim\u00e9e\" \/>\n\t<meta name=\"twitter:data1\" content=\"2 minutes\" \/>\n<script type=\"application\/ld+json\" class=\"yoast-schema-graph\">{\"@context\":\"https:\/\/schema.org\",\"@graph\":[{\"@type\":\"WebPage\",\"@id\":\"https:\/\/critcareint.com\/fr\/recrutement-de-personnel-medical-pour-les-sites-eloignes\/\",\"url\":\"https:\/\/critcareint.com\/fr\/recrutement-de-personnel-medical-pour-les-sites-eloignes\/\",\"name\":\"Recrutement de personnel m\u00e9dical pour les sites \u00e9loign\u00e9s - Critical Care International\",\"isPartOf\":{\"@id\":\"https:\/\/critcareint.com\/fr\/#website\"},\"primaryImageOfPage\":{\"@id\":\"https:\/\/critcareint.com\/fr\/recrutement-de-personnel-medical-pour-les-sites-eloignes\/#primaryimage\"},\"image\":{\"@id\":\"https:\/\/critcareint.com\/fr\/recrutement-de-personnel-medical-pour-les-sites-eloignes\/#primaryimage\"},\"thumbnailUrl\":\"https:\/\/critcareint.com\/wp-content\/uploads\/personnel.jpg\",\"datePublished\":\"2019-07-12T13:08:35+00:00\",\"dateModified\":\"2024-10-22T09:39:21+00:00\",\"breadcrumb\":{\"@id\":\"https:\/\/critcareint.com\/fr\/recrutement-de-personnel-medical-pour-les-sites-eloignes\/#breadcrumb\"},\"inLanguage\":\"fr-FR\",\"potentialAction\":[{\"@type\":\"ReadAction\",\"target\":[\"https:\/\/critcareint.com\/fr\/recrutement-de-personnel-medical-pour-les-sites-eloignes\/\"]}]},{\"@type\":\"ImageObject\",\"inLanguage\":\"fr-FR\",\"@id\":\"https:\/\/critcareint.com\/fr\/recrutement-de-personnel-medical-pour-les-sites-eloignes\/#primaryimage\",\"url\":\"https:\/\/critcareint.com\/wp-content\/uploads\/personnel.jpg\",\"contentUrl\":\"https:\/\/critcareint.com\/wp-content\/uploads\/personnel.jpg\",\"width\":2400,\"height\":1405},{\"@type\":\"BreadcrumbList\",\"@id\":\"https:\/\/critcareint.com\/fr\/recrutement-de-personnel-medical-pour-les-sites-eloignes\/#breadcrumb\",\"itemListElement\":[{\"@type\":\"ListItem\",\"position\":1,\"name\":\"Home\",\"item\":\"https:\/\/critcareint.com\/fr\/\"},{\"@type\":\"ListItem\",\"position\":2,\"name\":\"Recrutement de personnel m\u00e9dical pour les sites \u00e9loign\u00e9s\"}]},{\"@type\":\"WebSite\",\"@id\":\"https:\/\/critcareint.com\/fr\/#website\",\"url\":\"https:\/\/critcareint.com\/fr\/\",\"name\":\"Critical Care International\",\"description\":\"Remote healthcare solutions for the world\u2019s most demanding environments\",\"publisher\":{\"@id\":\"https:\/\/critcareint.com\/fr\/#organization\"},\"potentialAction\":[{\"@type\":\"SearchAction\",\"target\":{\"@type\":\"EntryPoint\",\"urlTemplate\":\"https:\/\/critcareint.com\/fr\/?s={search_term_string}\"},\"query-input\":{\"@type\":\"PropertyValueSpecification\",\"valueRequired\":true,\"valueName\":\"search_term_string\"}}],\"inLanguage\":\"fr-FR\"},{\"@type\":\"Organization\",\"@id\":\"https:\/\/critcareint.com\/fr\/#organization\",\"name\":\"Critical Care International\",\"url\":\"https:\/\/critcareint.com\/fr\/\",\"logo\":{\"@type\":\"ImageObject\",\"inLanguage\":\"fr-FR\",\"@id\":\"https:\/\/critcareint.com\/fr\/#\/schema\/logo\/image\/\",\"url\":\"https:\/\/critcareint.com\/wp-content\/uploads\/CCI_Logo-1.svg\",\"contentUrl\":\"https:\/\/critcareint.com\/wp-content\/uploads\/CCI_Logo-1.svg\",\"width\":1,\"height\":1,\"caption\":\"Critical Care International\"},\"image\":{\"@id\":\"https:\/\/critcareint.com\/fr\/#\/schema\/logo\/image\/\"},\"sameAs\":[\"https:\/\/www.facebook.com\/critcareint\",\"https:\/\/x.com\/CritCareInt\",\"https:\/\/www.linkedin.com\/company\/critical-care-international\"]}]}<\/script>\n<!-- \/ Yoast SEO plugin. -->","yoast_head_json":{"title":"Recrutement de personnel m\u00e9dical pour les sites \u00e9loign\u00e9s - Critical Care International","robots":{"index":"index","follow":"follow","max-snippet":"max-snippet:-1","max-image-preview":"max-image-preview:large","max-video-preview":"max-video-preview:-1"},"canonical":"https:\/\/critcareint.com\/fr\/recrutement-de-personnel-medical-pour-les-sites-eloignes\/","og_locale":"fr_FR","og_type":"article","og_title":"Recrutement de personnel m\u00e9dical pour les sites \u00e9loign\u00e9s - Critical Care International","og_description":"Critical Care International fournit des soins de sant\u00e9 de haute qualit\u00e9 dans les environnements les plus difficiles du monde.","og_url":"https:\/\/critcareint.com\/fr\/recrutement-de-personnel-medical-pour-les-sites-eloignes\/","og_site_name":"Critical Care International","article_publisher":"https:\/\/www.facebook.com\/critcareint","article_modified_time":"2024-10-22T09:39:21+00:00","og_image":[{"width":2400,"height":1405,"url":"https:\/\/critcareint.com\/wp-content\/uploads\/personnel.jpg","type":"image\/jpeg"}],"twitter_card":"summary_large_image","twitter_site":"@CritCareInt","twitter_misc":{"Dur\u00e9e de lecture estim\u00e9e":"2 minutes"},"schema":{"@context":"https:\/\/schema.org","@graph":[{"@type":"WebPage","@id":"https:\/\/critcareint.com\/fr\/recrutement-de-personnel-medical-pour-les-sites-eloignes\/","url":"https:\/\/critcareint.com\/fr\/recrutement-de-personnel-medical-pour-les-sites-eloignes\/","name":"Recrutement de personnel m\u00e9dical pour les sites \u00e9loign\u00e9s - Critical Care International","isPartOf":{"@id":"https:\/\/critcareint.com\/fr\/#website"},"primaryImageOfPage":{"@id":"https:\/\/critcareint.com\/fr\/recrutement-de-personnel-medical-pour-les-sites-eloignes\/#primaryimage"},"image":{"@id":"https:\/\/critcareint.com\/fr\/recrutement-de-personnel-medical-pour-les-sites-eloignes\/#primaryimage"},"thumbnailUrl":"https:\/\/critcareint.com\/wp-content\/uploads\/personnel.jpg","datePublished":"2019-07-12T13:08:35+00:00","dateModified":"2024-10-22T09:39:21+00:00","breadcrumb":{"@id":"https:\/\/critcareint.com\/fr\/recrutement-de-personnel-medical-pour-les-sites-eloignes\/#breadcrumb"},"inLanguage":"fr-FR","potentialAction":[{"@type":"ReadAction","target":["https:\/\/critcareint.com\/fr\/recrutement-de-personnel-medical-pour-les-sites-eloignes\/"]}]},{"@type":"ImageObject","inLanguage":"fr-FR","@id":"https:\/\/critcareint.com\/fr\/recrutement-de-personnel-medical-pour-les-sites-eloignes\/#primaryimage","url":"https:\/\/critcareint.com\/wp-content\/uploads\/personnel.jpg","contentUrl":"https:\/\/critcareint.com\/wp-content\/uploads\/personnel.jpg","width":2400,"height":1405},{"@type":"BreadcrumbList","@id":"https:\/\/critcareint.com\/fr\/recrutement-de-personnel-medical-pour-les-sites-eloignes\/#breadcrumb","itemListElement":[{"@type":"ListItem","position":1,"name":"Home","item":"https:\/\/critcareint.com\/fr\/"},{"@type":"ListItem","position":2,"name":"Recrutement de personnel m\u00e9dical pour les sites \u00e9loign\u00e9s"}]},{"@type":"WebSite","@id":"https:\/\/critcareint.com\/fr\/#website","url":"https:\/\/critcareint.com\/fr\/","name":"Critical Care International","description":"Remote healthcare solutions for the world\u2019s most demanding environments","publisher":{"@id":"https:\/\/critcareint.com\/fr\/#organization"},"potentialAction":[{"@type":"SearchAction","target":{"@type":"EntryPoint","urlTemplate":"https:\/\/critcareint.com\/fr\/?s={search_term_string}"},"query-input":{"@type":"PropertyValueSpecification","valueRequired":true,"valueName":"search_term_string"}}],"inLanguage":"fr-FR"},{"@type":"Organization","@id":"https:\/\/critcareint.com\/fr\/#organization","name":"Critical Care International","url":"https:\/\/critcareint.com\/fr\/","logo":{"@type":"ImageObject","inLanguage":"fr-FR","@id":"https:\/\/critcareint.com\/fr\/#\/schema\/logo\/image\/","url":"https:\/\/critcareint.com\/wp-content\/uploads\/CCI_Logo-1.svg","contentUrl":"https:\/\/critcareint.com\/wp-content\/uploads\/CCI_Logo-1.svg","width":1,"height":1,"caption":"Critical Care International"},"image":{"@id":"https:\/\/critcareint.com\/fr\/#\/schema\/logo\/image\/"},"sameAs":["https:\/\/www.facebook.com\/critcareint","https:\/\/x.com\/CritCareInt","https:\/\/www.linkedin.com\/company\/critical-care-international"]}]}},"_links":{"self":[{"href":"https:\/\/critcareint.com\/fr\/wp-json\/wp\/v2\/pages\/2562","targetHints":{"allow":["GET"]}}],"collection":[{"href":"https:\/\/critcareint.com\/fr\/wp-json\/wp\/v2\/pages"}],"about":[{"href":"https:\/\/critcareint.com\/fr\/wp-json\/wp\/v2\/types\/page"}],"author":[{"embeddable":true,"href":"https:\/\/critcareint.com\/fr\/wp-json\/wp\/v2\/users\/1"}],"replies":[{"embeddable":true,"href":"https:\/\/critcareint.com\/fr\/wp-json\/wp\/v2\/comments?post=2562"}],"version-history":[{"count":9,"href":"https:\/\/critcareint.com\/fr\/wp-json\/wp\/v2\/pages\/2562\/revisions"}],"predecessor-version":[{"id":2610,"href":"https:\/\/critcareint.com\/fr\/wp-json\/wp\/v2\/pages\/2562\/revisions\/2610"}],"wp:featuredmedia":[{"embeddable":true,"href":"https:\/\/critcareint.com\/fr\/wp-json\/wp\/v2\/media\/2099"}],"wp:attachment":[{"href":"https:\/\/critcareint.com\/fr\/wp-json\/wp\/v2\/media?parent=2562"}],"wp:term":[{"taxonomy":"category","embeddable":true,"href":"https:\/\/critcareint.com\/fr\/wp-json\/wp\/v2\/categories?post=2562"},{"taxonomy":"case-study-groups","embeddable":true,"href":"https:\/\/critcareint.com\/fr\/wp-json\/wp\/v2\/case-study-groups?post=2562"},{"taxonomy":"cci-services","embeddable":true,"href":"https:\/\/critcareint.com\/fr\/wp-json\/wp\/v2\/cci-services?post=2562"}],"curies":[{"name":"wp","href":"https:\/\/api.w.org\/{rel}","templated":true}]}}