{"id":2564,"date":"2019-07-12T10:46:48","date_gmt":"2019-07-12T10:46:48","guid":{"rendered":"https:\/\/dev.critcareint.com\/esg-soins-de-sante-communautaires\/"},"modified":"2024-10-22T09:39:22","modified_gmt":"2024-10-22T09:39:22","slug":"esg-soins-de-sante-communautaires","status":"publish","type":"page","link":"https:\/\/critcareint.com\/fr\/esg-soins-de-sante-communautaires\/","title":{"rendered":"ESG &#8211; Soins de sant\u00e9 communautaires"},"content":{"rendered":"\n<p>Critical Care International travaille avec ses clients pour les aider \u00e0 renforcer leurs capacit\u00e9s et \u00e0 am\u00e9liorer la sant\u00e9 des communaut\u00e9s autour de leurs op\u00e9rations.<\/p>\n\n<p>Sur la base d&rsquo;une \u00e9valuation des besoins, des meilleures pratiques contemporaines et d&rsquo;une adoption rigoureuse de la m\u00e9thodologie de la sant\u00e9 publique, nous concevons et mettons en \u0153uvre des programmes de soins de sant\u00e9 communautaires sur mesure. Ces programmes sont align\u00e9s sur les objectifs de d\u00e9veloppement durable des Nations Unies (ODD) et mettent clairement l&rsquo;accent sur le transfert de comp\u00e9tences et la durabilit\u00e9.<\/p>\n\n<p>Les r\u00e9sultats compar\u00e9s de ces projets renforcent la confiance des communaut\u00e9s locales et am\u00e9liorent la licence sociale d&rsquo;exploitation, fournissent des preuves tangibles de l&rsquo;impact pour les parties prenantes externes et peuvent aider les clients \u00e0 se positionner en tant que leaders mondiaux dans le domaine de l&rsquo;ESG.<\/p>\n","protected":false},"excerpt":{"rendered":"<p>Critical Care International a aid\u00e9 un certain nombre de clients en Afrique \u00e0 mettre en \u0153uvre des strat\u00e9gies de d\u00e9veloppement des soins de sant\u00e9 communautaires dans les zones locales o\u00f9 ils op\u00e8rent.  <\/p>\n","protected":false},"author":1,"featured_media":2057,"parent":0,"menu_order":7,"comment_status":"closed","ping_status":"closed","template":"","meta":{"_acf_changed":false,"footnotes":""},"categories":[60,91],"case-study-groups":[],"cci-services":[],"class_list":["post-2564","page","type-page","status-publish","has-post-thumbnail","hentry","category-esg-soins-de-sante-communautaires","category-services-fr"],"acf":[],"yoast_head":"<!-- This site is optimized with the Yoast SEO plugin v26.8 - https:\/\/yoast.com\/product\/yoast-seo-wordpress\/ -->\n<title>ESG - Soins de sant\u00e9 communautaires - Critical Care International<\/title>\n<meta name=\"description\" content=\"Nous avons aid\u00e9 un certain nombre de clients en Afrique \u00e0 mettre en \u0153uvre des strat\u00e9gies de d\u00e9veloppement des soins de sant\u00e9 communautaires dans les zones locales o\u00f9 ils op\u00e8rent.\" \/>\n<meta name=\"robots\" content=\"index, follow, max-snippet:-1, max-image-preview:large, max-video-preview:-1\" \/>\n<link rel=\"canonical\" href=\"https:\/\/critcareint.com\/fr\/esg-soins-de-sante-communautaires\/\" \/>\n<meta property=\"og:locale\" content=\"fr_FR\" \/>\n<meta property=\"og:type\" content=\"article\" \/>\n<meta property=\"og:title\" content=\"ESG - Soins de sant\u00e9 communautaires - Critical Care International\" \/>\n<meta property=\"og:description\" content=\"Nous avons aid\u00e9 un certain nombre de clients en Afrique \u00e0 mettre en \u0153uvre des strat\u00e9gies de d\u00e9veloppement des soins de sant\u00e9 communautaires dans les zones locales o\u00f9 ils op\u00e8rent.\" \/>\n<meta property=\"og:url\" content=\"https:\/\/critcareint.com\/fr\/esg-soins-de-sante-communautaires\/\" \/>\n<meta property=\"og:site_name\" content=\"Critical Care International\" \/>\n<meta property=\"article:publisher\" content=\"https:\/\/www.facebook.com\/critcareint\" \/>\n<meta property=\"article:modified_time\" content=\"2024-10-22T09:39:22+00:00\" \/>\n<meta property=\"og:image\" content=\"https:\/\/critcareint.com\/wp-content\/uploads\/Photo-4.jpg\" \/>\n\t<meta property=\"og:image:width\" content=\"1600\" \/>\n\t<meta property=\"og:image:height\" content=\"1200\" \/>\n\t<meta property=\"og:image:type\" content=\"image\/jpeg\" \/>\n<meta name=\"twitter:card\" content=\"summary_large_image\" \/>\n<meta name=\"twitter:site\" content=\"@CritCareInt\" \/>\n<meta name=\"twitter:label1\" content=\"Dur\u00e9e de lecture estim\u00e9e\" \/>\n\t<meta name=\"twitter:data1\" content=\"1 minute\" \/>\n<script type=\"application\/ld+json\" class=\"yoast-schema-graph\">{\"@context\":\"https:\/\/schema.org\",\"@graph\":[{\"@type\":\"WebPage\",\"@id\":\"https:\/\/critcareint.com\/fr\/esg-soins-de-sante-communautaires\/\",\"url\":\"https:\/\/critcareint.com\/fr\/esg-soins-de-sante-communautaires\/\",\"name\":\"ESG - Soins de sant\u00e9 communautaires - Critical Care International\",\"isPartOf\":{\"@id\":\"https:\/\/critcareint.com\/fr\/#website\"},\"primaryImageOfPage\":{\"@id\":\"https:\/\/critcareint.com\/fr\/esg-soins-de-sante-communautaires\/#primaryimage\"},\"image\":{\"@id\":\"https:\/\/critcareint.com\/fr\/esg-soins-de-sante-communautaires\/#primaryimage\"},\"thumbnailUrl\":\"https:\/\/critcareint.com\/wp-content\/uploads\/Photo-4.jpg\",\"datePublished\":\"2019-07-12T10:46:48+00:00\",\"dateModified\":\"2024-10-22T09:39:22+00:00\",\"description\":\"Nous avons aid\u00e9 un certain nombre de clients en Afrique \u00e0 mettre en \u0153uvre des strat\u00e9gies de d\u00e9veloppement des soins de sant\u00e9 communautaires dans les zones locales o\u00f9 ils op\u00e8rent.\",\"breadcrumb\":{\"@id\":\"https:\/\/critcareint.com\/fr\/esg-soins-de-sante-communautaires\/#breadcrumb\"},\"inLanguage\":\"fr-FR\",\"potentialAction\":[{\"@type\":\"ReadAction\",\"target\":[\"https:\/\/critcareint.com\/fr\/esg-soins-de-sante-communautaires\/\"]}]},{\"@type\":\"ImageObject\",\"inLanguage\":\"fr-FR\",\"@id\":\"https:\/\/critcareint.com\/fr\/esg-soins-de-sante-communautaires\/#primaryimage\",\"url\":\"https:\/\/critcareint.com\/wp-content\/uploads\/Photo-4.jpg\",\"contentUrl\":\"https:\/\/critcareint.com\/wp-content\/uploads\/Photo-4.jpg\",\"width\":1600,\"height\":1200},{\"@type\":\"BreadcrumbList\",\"@id\":\"https:\/\/critcareint.com\/fr\/esg-soins-de-sante-communautaires\/#breadcrumb\",\"itemListElement\":[{\"@type\":\"ListItem\",\"position\":1,\"name\":\"Home\",\"item\":\"https:\/\/critcareint.com\/fr\/\"},{\"@type\":\"ListItem\",\"position\":2,\"name\":\"ESG &#8211; Soins de sant\u00e9 communautaires\"}]},{\"@type\":\"WebSite\",\"@id\":\"https:\/\/critcareint.com\/fr\/#website\",\"url\":\"https:\/\/critcareint.com\/fr\/\",\"name\":\"Critical Care International\",\"description\":\"Remote healthcare solutions for the world\u2019s most demanding environments\",\"publisher\":{\"@id\":\"https:\/\/critcareint.com\/fr\/#organization\"},\"potentialAction\":[{\"@type\":\"SearchAction\",\"target\":{\"@type\":\"EntryPoint\",\"urlTemplate\":\"https:\/\/critcareint.com\/fr\/?s={search_term_string}\"},\"query-input\":{\"@type\":\"PropertyValueSpecification\",\"valueRequired\":true,\"valueName\":\"search_term_string\"}}],\"inLanguage\":\"fr-FR\"},{\"@type\":\"Organization\",\"@id\":\"https:\/\/critcareint.com\/fr\/#organization\",\"name\":\"Critical Care International\",\"url\":\"https:\/\/critcareint.com\/fr\/\",\"logo\":{\"@type\":\"ImageObject\",\"inLanguage\":\"fr-FR\",\"@id\":\"https:\/\/critcareint.com\/fr\/#\/schema\/logo\/image\/\",\"url\":\"https:\/\/critcareint.com\/wp-content\/uploads\/CCI_Logo-1.svg\",\"contentUrl\":\"https:\/\/critcareint.com\/wp-content\/uploads\/CCI_Logo-1.svg\",\"width\":1,\"height\":1,\"caption\":\"Critical Care International\"},\"image\":{\"@id\":\"https:\/\/critcareint.com\/fr\/#\/schema\/logo\/image\/\"},\"sameAs\":[\"https:\/\/www.facebook.com\/critcareint\",\"https:\/\/x.com\/CritCareInt\",\"https:\/\/www.linkedin.com\/company\/critical-care-international\"]}]}<\/script>\n<!-- \/ Yoast SEO plugin. -->","yoast_head_json":{"title":"ESG - Soins de sant\u00e9 communautaires - Critical Care International","description":"Nous avons aid\u00e9 un certain nombre de clients en Afrique \u00e0 mettre en \u0153uvre des strat\u00e9gies de d\u00e9veloppement des soins de sant\u00e9 communautaires dans les zones locales o\u00f9 ils op\u00e8rent.","robots":{"index":"index","follow":"follow","max-snippet":"max-snippet:-1","max-image-preview":"max-image-preview:large","max-video-preview":"max-video-preview:-1"},"canonical":"https:\/\/critcareint.com\/fr\/esg-soins-de-sante-communautaires\/","og_locale":"fr_FR","og_type":"article","og_title":"ESG - Soins de sant\u00e9 communautaires - Critical Care International","og_description":"Nous avons aid\u00e9 un certain nombre de clients en Afrique \u00e0 mettre en \u0153uvre des strat\u00e9gies de d\u00e9veloppement des soins de sant\u00e9 communautaires dans les zones locales o\u00f9 ils op\u00e8rent.","og_url":"https:\/\/critcareint.com\/fr\/esg-soins-de-sante-communautaires\/","og_site_name":"Critical Care International","article_publisher":"https:\/\/www.facebook.com\/critcareint","article_modified_time":"2024-10-22T09:39:22+00:00","og_image":[{"width":1600,"height":1200,"url":"https:\/\/critcareint.com\/wp-content\/uploads\/Photo-4.jpg","type":"image\/jpeg"}],"twitter_card":"summary_large_image","twitter_site":"@CritCareInt","twitter_misc":{"Dur\u00e9e de lecture estim\u00e9e":"1 minute"},"schema":{"@context":"https:\/\/schema.org","@graph":[{"@type":"WebPage","@id":"https:\/\/critcareint.com\/fr\/esg-soins-de-sante-communautaires\/","url":"https:\/\/critcareint.com\/fr\/esg-soins-de-sante-communautaires\/","name":"ESG - Soins de sant\u00e9 communautaires - Critical Care International","isPartOf":{"@id":"https:\/\/critcareint.com\/fr\/#website"},"primaryImageOfPage":{"@id":"https:\/\/critcareint.com\/fr\/esg-soins-de-sante-communautaires\/#primaryimage"},"image":{"@id":"https:\/\/critcareint.com\/fr\/esg-soins-de-sante-communautaires\/#primaryimage"},"thumbnailUrl":"https:\/\/critcareint.com\/wp-content\/uploads\/Photo-4.jpg","datePublished":"2019-07-12T10:46:48+00:00","dateModified":"2024-10-22T09:39:22+00:00","description":"Nous avons aid\u00e9 un certain nombre de clients en Afrique \u00e0 mettre en \u0153uvre des strat\u00e9gies de d\u00e9veloppement des soins de sant\u00e9 communautaires dans les zones locales o\u00f9 ils op\u00e8rent.","breadcrumb":{"@id":"https:\/\/critcareint.com\/fr\/esg-soins-de-sante-communautaires\/#breadcrumb"},"inLanguage":"fr-FR","potentialAction":[{"@type":"ReadAction","target":["https:\/\/critcareint.com\/fr\/esg-soins-de-sante-communautaires\/"]}]},{"@type":"ImageObject","inLanguage":"fr-FR","@id":"https:\/\/critcareint.com\/fr\/esg-soins-de-sante-communautaires\/#primaryimage","url":"https:\/\/critcareint.com\/wp-content\/uploads\/Photo-4.jpg","contentUrl":"https:\/\/critcareint.com\/wp-content\/uploads\/Photo-4.jpg","width":1600,"height":1200},{"@type":"BreadcrumbList","@id":"https:\/\/critcareint.com\/fr\/esg-soins-de-sante-communautaires\/#breadcrumb","itemListElement":[{"@type":"ListItem","position":1,"name":"Home","item":"https:\/\/critcareint.com\/fr\/"},{"@type":"ListItem","position":2,"name":"ESG &#8211; Soins de sant\u00e9 communautaires"}]},{"@type":"WebSite","@id":"https:\/\/critcareint.com\/fr\/#website","url":"https:\/\/critcareint.com\/fr\/","name":"Critical Care International","description":"Remote healthcare solutions for the world\u2019s most demanding environments","publisher":{"@id":"https:\/\/critcareint.com\/fr\/#organization"},"potentialAction":[{"@type":"SearchAction","target":{"@type":"EntryPoint","urlTemplate":"https:\/\/critcareint.com\/fr\/?s={search_term_string}"},"query-input":{"@type":"PropertyValueSpecification","valueRequired":true,"valueName":"search_term_string"}}],"inLanguage":"fr-FR"},{"@type":"Organization","@id":"https:\/\/critcareint.com\/fr\/#organization","name":"Critical Care International","url":"https:\/\/critcareint.com\/fr\/","logo":{"@type":"ImageObject","inLanguage":"fr-FR","@id":"https:\/\/critcareint.com\/fr\/#\/schema\/logo\/image\/","url":"https:\/\/critcareint.com\/wp-content\/uploads\/CCI_Logo-1.svg","contentUrl":"https:\/\/critcareint.com\/wp-content\/uploads\/CCI_Logo-1.svg","width":1,"height":1,"caption":"Critical Care International"},"image":{"@id":"https:\/\/critcareint.com\/fr\/#\/schema\/logo\/image\/"},"sameAs":["https:\/\/www.facebook.com\/critcareint","https:\/\/x.com\/CritCareInt","https:\/\/www.linkedin.com\/company\/critical-care-international"]}]}},"_links":{"self":[{"href":"https:\/\/critcareint.com\/fr\/wp-json\/wp\/v2\/pages\/2564","targetHints":{"allow":["GET"]}}],"collection":[{"href":"https:\/\/critcareint.com\/fr\/wp-json\/wp\/v2\/pages"}],"about":[{"href":"https:\/\/critcareint.com\/fr\/wp-json\/wp\/v2\/types\/page"}],"author":[{"embeddable":true,"href":"https:\/\/critcareint.com\/fr\/wp-json\/wp\/v2\/users\/1"}],"replies":[{"embeddable":true,"href":"https:\/\/critcareint.com\/fr\/wp-json\/wp\/v2\/comments?post=2564"}],"version-history":[{"count":1,"href":"https:\/\/critcareint.com\/fr\/wp-json\/wp\/v2\/pages\/2564\/revisions"}],"predecessor-version":[{"id":2565,"href":"https:\/\/critcareint.com\/fr\/wp-json\/wp\/v2\/pages\/2564\/revisions\/2565"}],"wp:featuredmedia":[{"embeddable":true,"href":"https:\/\/critcareint.com\/fr\/wp-json\/wp\/v2\/media\/2057"}],"wp:attachment":[{"href":"https:\/\/critcareint.com\/fr\/wp-json\/wp\/v2\/media?parent=2564"}],"wp:term":[{"taxonomy":"category","embeddable":true,"href":"https:\/\/critcareint.com\/fr\/wp-json\/wp\/v2\/categories?post=2564"},{"taxonomy":"case-study-groups","embeddable":true,"href":"https:\/\/critcareint.com\/fr\/wp-json\/wp\/v2\/case-study-groups?post=2564"},{"taxonomy":"cci-services","embeddable":true,"href":"https:\/\/critcareint.com\/fr\/wp-json\/wp\/v2\/cci-services?post=2564"}],"curies":[{"name":"wp","href":"https:\/\/api.w.org\/{rel}","templated":true}]}}