{"id":2566,"date":"2024-02-13T14:38:44","date_gmt":"2024-02-13T14:38:44","guid":{"rendered":"https:\/\/dev.critcareint.com\/service-dassistance-medicale-mondiale-24-7\/"},"modified":"2024-10-22T09:39:22","modified_gmt":"2024-10-22T09:39:22","slug":"service-dassistance-medicale-mondiale-24-7","status":"publish","type":"page","link":"https:\/\/critcareint.com\/fr\/service-dassistance-medicale-mondiale-24-7\/","title":{"rendered":"Service d&rsquo;assistance m\u00e9dicale mondiale 24\/7"},"content":{"rendered":"\n<p>100 % des appels sont trait\u00e9s directement par des m\u00e9decins seniors, ce qui permet de r\u00e9duire les d\u00e9lais d&rsquo;acc\u00e8s \u00e0 l&rsquo;aide au moment o\u00f9 le besoin s&rsquo;en fait le plus sentir.<\/p>\n\n<p>Notre service est disponible pour :<\/p>\n\n<ul class=\"wp-block-list\">\n<li>Cliniciens dans des sites \u00e9loign\u00e9s<\/li>\n\n\n\n<li>Voyages d&rsquo;aventure \/ Exp\u00e9ditions<\/li>\n\n\n\n<li>Voyages d&rsquo;affaires<\/li>\n\n\n\n<li>Fournisseurs d&rsquo;assurance<\/li>\n<\/ul>\n\n<p>Utilisation de nos services :<\/p>\n\n<ul class=\"wp-block-list\">\n<li>Acc\u00e8s imm\u00e9diat \u00e0 des conseils d&rsquo;experts en cas d&rsquo;urgence<\/li>\n\n\n\n<li>R\u00e9duit la n\u00e9cessit\u00e9 d&rsquo;une \u00e9vacuation m\u00e9dicale<\/li>\n\n\n\n<li>Am\u00e9liore la r\u00e9tention du personnel sur place gr\u00e2ce \u00e0 l&rsquo;acc\u00e8s facile \u00e0 un soutien utile, \u00e9ducatif et sans jugement en cliquant sur un bouton.<\/li>\n\n\n\n<li>Facilite une culture de l&rsquo;apprentissage et de l&rsquo;am\u00e9lioration &#8211; cl\u00e9 de la s\u00e9curit\u00e9 dans les environnements \u00e0 haut risque<\/li>\n<\/ul>\n","protected":false},"excerpt":{"rendered":"<p>Le groupe consultatif d&rsquo;experts de Critical Care International est compos\u00e9 d&rsquo;experts internationaux en m\u00e9decine des zones recul\u00e9es, en soins intensifs, en anesth\u00e9sie, en pneumologie, en cardiologie, en maladies infectieuses, en p\u00e9diatrie, en orthop\u00e9die, en chirurgie traumatologique et en s\u00e9curit\u00e9, qui fournissent des conseils 24 heures sur 24 et 7 jours sur 7 aux cliniciens et aux clients d\u00e9ploy\u00e9s.<\/p>\n","protected":false},"author":1,"featured_media":2183,"parent":0,"menu_order":11,"comment_status":"closed","ping_status":"closed","template":"","meta":{"_acf_changed":false,"footnotes":""},"categories":[61,91],"case-study-groups":[],"cci-services":[],"class_list":["post-2566","page","type-page","status-publish","has-post-thumbnail","hentry","category-service-dassistance-medicale-mondiale-24-7","category-services-fr"],"acf":[],"yoast_head":"<!-- This site is optimized with the Yoast SEO plugin v26.8 - https:\/\/yoast.com\/product\/yoast-seo-wordpress\/ -->\n<title>Service d&#039;assistance m\u00e9dicale mondiale 24\/7 - Critical Care International<\/title>\n<meta name=\"robots\" content=\"index, follow, max-snippet:-1, max-image-preview:large, max-video-preview:-1\" \/>\n<link rel=\"canonical\" href=\"https:\/\/critcareint.com\/fr\/service-dassistance-medicale-mondiale-24-7\/\" \/>\n<meta property=\"og:locale\" content=\"fr_FR\" \/>\n<meta property=\"og:type\" content=\"article\" \/>\n<meta property=\"og:title\" content=\"Service d&#039;assistance m\u00e9dicale mondiale 24\/7 - Critical Care International\" \/>\n<meta property=\"og:description\" content=\"Le groupe consultatif d&#039;experts de Critical Care International est compos\u00e9 d&#039;experts internationaux en m\u00e9decine des zones recul\u00e9es, en soins intensifs, en anesth\u00e9sie, en pneumologie, en cardiologie, en maladies infectieuses, en p\u00e9diatrie, en orthop\u00e9die, en chirurgie traumatologique et en s\u00e9curit\u00e9, qui fournissent des conseils 24 heures sur 24 et 7 jours sur 7 aux cliniciens et aux clients d\u00e9ploy\u00e9s.\" \/>\n<meta property=\"og:url\" content=\"https:\/\/critcareint.com\/fr\/service-dassistance-medicale-mondiale-24-7\/\" \/>\n<meta property=\"og:site_name\" content=\"Critical Care International\" \/>\n<meta property=\"article:publisher\" content=\"https:\/\/www.facebook.com\/critcareint\" \/>\n<meta property=\"article:modified_time\" content=\"2024-10-22T09:39:22+00:00\" \/>\n<meta property=\"og:image\" content=\"https:\/\/critcareint.com\/wp-content\/uploads\/MG_5751.jpg\" \/>\n\t<meta property=\"og:image:width\" content=\"2400\" \/>\n\t<meta property=\"og:image:height\" content=\"1600\" \/>\n\t<meta property=\"og:image:type\" content=\"image\/jpeg\" \/>\n<meta name=\"twitter:card\" content=\"summary_large_image\" \/>\n<meta name=\"twitter:site\" content=\"@CritCareInt\" \/>\n<meta name=\"twitter:label1\" content=\"Dur\u00e9e de lecture estim\u00e9e\" \/>\n\t<meta name=\"twitter:data1\" content=\"1 minute\" \/>\n<script type=\"application\/ld+json\" class=\"yoast-schema-graph\">{\"@context\":\"https:\/\/schema.org\",\"@graph\":[{\"@type\":\"WebPage\",\"@id\":\"https:\/\/critcareint.com\/fr\/service-dassistance-medicale-mondiale-24-7\/\",\"url\":\"https:\/\/critcareint.com\/fr\/service-dassistance-medicale-mondiale-24-7\/\",\"name\":\"Service d'assistance m\u00e9dicale mondiale 24\/7 - Critical Care International\",\"isPartOf\":{\"@id\":\"https:\/\/critcareint.com\/fr\/#website\"},\"primaryImageOfPage\":{\"@id\":\"https:\/\/critcareint.com\/fr\/service-dassistance-medicale-mondiale-24-7\/#primaryimage\"},\"image\":{\"@id\":\"https:\/\/critcareint.com\/fr\/service-dassistance-medicale-mondiale-24-7\/#primaryimage\"},\"thumbnailUrl\":\"https:\/\/critcareint.com\/wp-content\/uploads\/MG_5751.jpg\",\"datePublished\":\"2024-02-13T14:38:44+00:00\",\"dateModified\":\"2024-10-22T09:39:22+00:00\",\"breadcrumb\":{\"@id\":\"https:\/\/critcareint.com\/fr\/service-dassistance-medicale-mondiale-24-7\/#breadcrumb\"},\"inLanguage\":\"fr-FR\",\"potentialAction\":[{\"@type\":\"ReadAction\",\"target\":[\"https:\/\/critcareint.com\/fr\/service-dassistance-medicale-mondiale-24-7\/\"]}]},{\"@type\":\"ImageObject\",\"inLanguage\":\"fr-FR\",\"@id\":\"https:\/\/critcareint.com\/fr\/service-dassistance-medicale-mondiale-24-7\/#primaryimage\",\"url\":\"https:\/\/critcareint.com\/wp-content\/uploads\/MG_5751.jpg\",\"contentUrl\":\"https:\/\/critcareint.com\/wp-content\/uploads\/MG_5751.jpg\",\"width\":2400,\"height\":1600},{\"@type\":\"BreadcrumbList\",\"@id\":\"https:\/\/critcareint.com\/fr\/service-dassistance-medicale-mondiale-24-7\/#breadcrumb\",\"itemListElement\":[{\"@type\":\"ListItem\",\"position\":1,\"name\":\"Home\",\"item\":\"https:\/\/critcareint.com\/fr\/\"},{\"@type\":\"ListItem\",\"position\":2,\"name\":\"Service d&#8217;assistance m\u00e9dicale mondiale 24\/7\"}]},{\"@type\":\"WebSite\",\"@id\":\"https:\/\/critcareint.com\/fr\/#website\",\"url\":\"https:\/\/critcareint.com\/fr\/\",\"name\":\"Critical Care International\",\"description\":\"Remote healthcare solutions for the world\u2019s most demanding environments\",\"publisher\":{\"@id\":\"https:\/\/critcareint.com\/fr\/#organization\"},\"potentialAction\":[{\"@type\":\"SearchAction\",\"target\":{\"@type\":\"EntryPoint\",\"urlTemplate\":\"https:\/\/critcareint.com\/fr\/?s={search_term_string}\"},\"query-input\":{\"@type\":\"PropertyValueSpecification\",\"valueRequired\":true,\"valueName\":\"search_term_string\"}}],\"inLanguage\":\"fr-FR\"},{\"@type\":\"Organization\",\"@id\":\"https:\/\/critcareint.com\/fr\/#organization\",\"name\":\"Critical Care International\",\"url\":\"https:\/\/critcareint.com\/fr\/\",\"logo\":{\"@type\":\"ImageObject\",\"inLanguage\":\"fr-FR\",\"@id\":\"https:\/\/critcareint.com\/fr\/#\/schema\/logo\/image\/\",\"url\":\"https:\/\/critcareint.com\/wp-content\/uploads\/CCI_Logo-1.svg\",\"contentUrl\":\"https:\/\/critcareint.com\/wp-content\/uploads\/CCI_Logo-1.svg\",\"width\":1,\"height\":1,\"caption\":\"Critical Care International\"},\"image\":{\"@id\":\"https:\/\/critcareint.com\/fr\/#\/schema\/logo\/image\/\"},\"sameAs\":[\"https:\/\/www.facebook.com\/critcareint\",\"https:\/\/x.com\/CritCareInt\",\"https:\/\/www.linkedin.com\/company\/critical-care-international\"]}]}<\/script>\n<!-- \/ Yoast SEO plugin. -->","yoast_head_json":{"title":"Service d'assistance m\u00e9dicale mondiale 24\/7 - Critical Care International","robots":{"index":"index","follow":"follow","max-snippet":"max-snippet:-1","max-image-preview":"max-image-preview:large","max-video-preview":"max-video-preview:-1"},"canonical":"https:\/\/critcareint.com\/fr\/service-dassistance-medicale-mondiale-24-7\/","og_locale":"fr_FR","og_type":"article","og_title":"Service d'assistance m\u00e9dicale mondiale 24\/7 - Critical Care International","og_description":"Le groupe consultatif d'experts de Critical Care International est compos\u00e9 d'experts internationaux en m\u00e9decine des zones recul\u00e9es, en soins intensifs, en anesth\u00e9sie, en pneumologie, en cardiologie, en maladies infectieuses, en p\u00e9diatrie, en orthop\u00e9die, en chirurgie traumatologique et en s\u00e9curit\u00e9, qui fournissent des conseils 24 heures sur 24 et 7 jours sur 7 aux cliniciens et aux clients d\u00e9ploy\u00e9s.","og_url":"https:\/\/critcareint.com\/fr\/service-dassistance-medicale-mondiale-24-7\/","og_site_name":"Critical Care International","article_publisher":"https:\/\/www.facebook.com\/critcareint","article_modified_time":"2024-10-22T09:39:22+00:00","og_image":[{"width":2400,"height":1600,"url":"https:\/\/critcareint.com\/wp-content\/uploads\/MG_5751.jpg","type":"image\/jpeg"}],"twitter_card":"summary_large_image","twitter_site":"@CritCareInt","twitter_misc":{"Dur\u00e9e de lecture estim\u00e9e":"1 minute"},"schema":{"@context":"https:\/\/schema.org","@graph":[{"@type":"WebPage","@id":"https:\/\/critcareint.com\/fr\/service-dassistance-medicale-mondiale-24-7\/","url":"https:\/\/critcareint.com\/fr\/service-dassistance-medicale-mondiale-24-7\/","name":"Service d'assistance m\u00e9dicale mondiale 24\/7 - Critical Care International","isPartOf":{"@id":"https:\/\/critcareint.com\/fr\/#website"},"primaryImageOfPage":{"@id":"https:\/\/critcareint.com\/fr\/service-dassistance-medicale-mondiale-24-7\/#primaryimage"},"image":{"@id":"https:\/\/critcareint.com\/fr\/service-dassistance-medicale-mondiale-24-7\/#primaryimage"},"thumbnailUrl":"https:\/\/critcareint.com\/wp-content\/uploads\/MG_5751.jpg","datePublished":"2024-02-13T14:38:44+00:00","dateModified":"2024-10-22T09:39:22+00:00","breadcrumb":{"@id":"https:\/\/critcareint.com\/fr\/service-dassistance-medicale-mondiale-24-7\/#breadcrumb"},"inLanguage":"fr-FR","potentialAction":[{"@type":"ReadAction","target":["https:\/\/critcareint.com\/fr\/service-dassistance-medicale-mondiale-24-7\/"]}]},{"@type":"ImageObject","inLanguage":"fr-FR","@id":"https:\/\/critcareint.com\/fr\/service-dassistance-medicale-mondiale-24-7\/#primaryimage","url":"https:\/\/critcareint.com\/wp-content\/uploads\/MG_5751.jpg","contentUrl":"https:\/\/critcareint.com\/wp-content\/uploads\/MG_5751.jpg","width":2400,"height":1600},{"@type":"BreadcrumbList","@id":"https:\/\/critcareint.com\/fr\/service-dassistance-medicale-mondiale-24-7\/#breadcrumb","itemListElement":[{"@type":"ListItem","position":1,"name":"Home","item":"https:\/\/critcareint.com\/fr\/"},{"@type":"ListItem","position":2,"name":"Service d&#8217;assistance m\u00e9dicale mondiale 24\/7"}]},{"@type":"WebSite","@id":"https:\/\/critcareint.com\/fr\/#website","url":"https:\/\/critcareint.com\/fr\/","name":"Critical Care International","description":"Remote healthcare solutions for the world\u2019s most demanding environments","publisher":{"@id":"https:\/\/critcareint.com\/fr\/#organization"},"potentialAction":[{"@type":"SearchAction","target":{"@type":"EntryPoint","urlTemplate":"https:\/\/critcareint.com\/fr\/?s={search_term_string}"},"query-input":{"@type":"PropertyValueSpecification","valueRequired":true,"valueName":"search_term_string"}}],"inLanguage":"fr-FR"},{"@type":"Organization","@id":"https:\/\/critcareint.com\/fr\/#organization","name":"Critical Care International","url":"https:\/\/critcareint.com\/fr\/","logo":{"@type":"ImageObject","inLanguage":"fr-FR","@id":"https:\/\/critcareint.com\/fr\/#\/schema\/logo\/image\/","url":"https:\/\/critcareint.com\/wp-content\/uploads\/CCI_Logo-1.svg","contentUrl":"https:\/\/critcareint.com\/wp-content\/uploads\/CCI_Logo-1.svg","width":1,"height":1,"caption":"Critical Care International"},"image":{"@id":"https:\/\/critcareint.com\/fr\/#\/schema\/logo\/image\/"},"sameAs":["https:\/\/www.facebook.com\/critcareint","https:\/\/x.com\/CritCareInt","https:\/\/www.linkedin.com\/company\/critical-care-international"]}]}},"_links":{"self":[{"href":"https:\/\/critcareint.com\/fr\/wp-json\/wp\/v2\/pages\/2566","targetHints":{"allow":["GET"]}}],"collection":[{"href":"https:\/\/critcareint.com\/fr\/wp-json\/wp\/v2\/pages"}],"about":[{"href":"https:\/\/critcareint.com\/fr\/wp-json\/wp\/v2\/types\/page"}],"author":[{"embeddable":true,"href":"https:\/\/critcareint.com\/fr\/wp-json\/wp\/v2\/users\/1"}],"replies":[{"embeddable":true,"href":"https:\/\/critcareint.com\/fr\/wp-json\/wp\/v2\/comments?post=2566"}],"version-history":[{"count":1,"href":"https:\/\/critcareint.com\/fr\/wp-json\/wp\/v2\/pages\/2566\/revisions"}],"predecessor-version":[{"id":2567,"href":"https:\/\/critcareint.com\/fr\/wp-json\/wp\/v2\/pages\/2566\/revisions\/2567"}],"wp:featuredmedia":[{"embeddable":true,"href":"https:\/\/critcareint.com\/fr\/wp-json\/wp\/v2\/media\/2183"}],"wp:attachment":[{"href":"https:\/\/critcareint.com\/fr\/wp-json\/wp\/v2\/media?parent=2566"}],"wp:term":[{"taxonomy":"category","embeddable":true,"href":"https:\/\/critcareint.com\/fr\/wp-json\/wp\/v2\/categories?post=2566"},{"taxonomy":"case-study-groups","embeddable":true,"href":"https:\/\/critcareint.com\/fr\/wp-json\/wp\/v2\/case-study-groups?post=2566"},{"taxonomy":"cci-services","embeddable":true,"href":"https:\/\/critcareint.com\/fr\/wp-json\/wp\/v2\/cci-services?post=2566"}],"curies":[{"name":"wp","href":"https:\/\/api.w.org\/{rel}","templated":true}]}}