{"id":2568,"date":"2019-07-12T12:45:05","date_gmt":"2019-07-12T12:45:05","guid":{"rendered":"https:\/\/dev.critcareint.com\/services-de-conseil-strategique\/"},"modified":"2024-10-22T09:39:23","modified_gmt":"2024-10-22T09:39:23","slug":"services-de-conseil-strategique","status":"publish","type":"page","link":"https:\/\/critcareint.com\/fr\/services-de-conseil-strategique\/","title":{"rendered":"Services de conseil strat\u00e9gique"},"content":{"rendered":"\n<ul class=\"wp-block-list\">\n<li>Conception et mise en \u0153uvre de soins de sant\u00e9 pr\u00e9hospitaliers et d&rsquo;urgence au niveau national (y compris les services h\u00e9liport\u00e9s)<\/li>\n\n\n\n<li>R\u00e9seaux nationaux et r\u00e9gionaux de traumatologie<\/li>\n\n\n\n<li>Examens ind\u00e9pendants des interventions m\u00e9dicales et d&rsquo;urgence pour les organisations commerciales<\/li>\n\n\n\n<li>Normes mondiales en mati\u00e8re de soins de sant\u00e9 pour les organisations commerciales disposant de vastes portefeuilles de sites dans de multiples juridictions<\/li>\n\n\n\n<li>Planification des urgences m\u00e9dicales et des \u00e9vacuations<\/li>\n\n\n\n<li>Pr\u00e9paration aux incidents majeurs<\/li>\n\n\n\n<li>Gestion de crise<\/li>\n\n\n\n<li>Planification de la gestion et de la pr\u00e9vention des \u00e9pid\u00e9mies de maladies infectieuses (par exemple, la r\u00e9ponse au virus COVID-19)<\/li>\n\n\n\n<li>Audits de gouvernance m\u00e9dicale et d&rsquo;assurance qualit\u00e9<\/li>\n<\/ul>\n\n<p>Quel que soit le d\u00e9fi auquel votre organisation est confront\u00e9e en mati\u00e8re de soins de sant\u00e9, l&rsquo;\u00e9quipe d&rsquo;experts de CCI est pr\u00eate \u00e0 vous aider.<\/p>\n","protected":false},"excerpt":{"rendered":"<p>Le groupe d&rsquo;experts m\u00e9dicaux de Critical Care International a fourni des syst\u00e8mes avanc\u00e9s \u00e0 travers le monde dans une s\u00e9rie de secteurs:<\/p>\n","protected":false},"author":1,"featured_media":3030,"parent":0,"menu_order":14,"comment_status":"closed","ping_status":"closed","template":"","meta":{"_acf_changed":false,"footnotes":""},"categories":[62,91],"case-study-groups":[45],"cci-services":[],"class_list":["post-2568","page","type-page","status-publish","has-post-thumbnail","hentry","category-services-de-conseil-strategique","category-services-fr","case-study-groups-strategic-advisory-services"],"acf":[],"yoast_head":"<!-- This site is optimized with the Yoast SEO plugin v26.8 - https:\/\/yoast.com\/product\/yoast-seo-wordpress\/ -->\n<title>Services de conseil strat\u00e9gique - Critical Care International<\/title>\n<meta name=\"robots\" content=\"index, follow, max-snippet:-1, max-image-preview:large, max-video-preview:-1\" \/>\n<link rel=\"canonical\" href=\"https:\/\/critcareint.com\/fr\/services-de-conseil-strategique\/\" \/>\n<meta property=\"og:locale\" content=\"fr_FR\" \/>\n<meta property=\"og:type\" content=\"article\" \/>\n<meta property=\"og:title\" content=\"Services de conseil strat\u00e9gique - Critical Care International\" \/>\n<meta property=\"og:description\" content=\"Le groupe d&#039;experts m\u00e9dicaux de Critical Care International a fourni des syst\u00e8mes avanc\u00e9s \u00e0 travers le monde dans une s\u00e9rie de secteurs:\" \/>\n<meta property=\"og:url\" content=\"https:\/\/critcareint.com\/fr\/services-de-conseil-strategique\/\" \/>\n<meta property=\"og:site_name\" content=\"Critical Care International\" \/>\n<meta property=\"article:publisher\" content=\"https:\/\/www.facebook.com\/critcareint\" \/>\n<meta property=\"article:modified_time\" content=\"2024-10-22T09:39:23+00:00\" \/>\n<meta property=\"og:image\" content=\"https:\/\/critcareint.com\/wp-content\/uploads\/DSC_0743.jpg\" \/>\n\t<meta property=\"og:image:width\" content=\"2400\" \/>\n\t<meta property=\"og:image:height\" content=\"1353\" \/>\n\t<meta property=\"og:image:type\" content=\"image\/jpeg\" \/>\n<meta name=\"twitter:card\" content=\"summary_large_image\" \/>\n<meta name=\"twitter:site\" content=\"@CritCareInt\" \/>\n<meta name=\"twitter:label1\" content=\"Dur\u00e9e de lecture estim\u00e9e\" \/>\n\t<meta name=\"twitter:data1\" content=\"1 minute\" \/>\n<script type=\"application\/ld+json\" class=\"yoast-schema-graph\">{\"@context\":\"https:\/\/schema.org\",\"@graph\":[{\"@type\":\"WebPage\",\"@id\":\"https:\/\/critcareint.com\/fr\/services-de-conseil-strategique\/\",\"url\":\"https:\/\/critcareint.com\/fr\/services-de-conseil-strategique\/\",\"name\":\"Services de conseil strat\u00e9gique - Critical Care International\",\"isPartOf\":{\"@id\":\"https:\/\/critcareint.com\/fr\/#website\"},\"primaryImageOfPage\":{\"@id\":\"https:\/\/critcareint.com\/fr\/services-de-conseil-strategique\/#primaryimage\"},\"image\":{\"@id\":\"https:\/\/critcareint.com\/fr\/services-de-conseil-strategique\/#primaryimage\"},\"thumbnailUrl\":\"https:\/\/critcareint.com\/wp-content\/uploads\/DSC_0743.jpg\",\"datePublished\":\"2019-07-12T12:45:05+00:00\",\"dateModified\":\"2024-10-22T09:39:23+00:00\",\"breadcrumb\":{\"@id\":\"https:\/\/critcareint.com\/fr\/services-de-conseil-strategique\/#breadcrumb\"},\"inLanguage\":\"fr-FR\",\"potentialAction\":[{\"@type\":\"ReadAction\",\"target\":[\"https:\/\/critcareint.com\/fr\/services-de-conseil-strategique\/\"]}]},{\"@type\":\"ImageObject\",\"inLanguage\":\"fr-FR\",\"@id\":\"https:\/\/critcareint.com\/fr\/services-de-conseil-strategique\/#primaryimage\",\"url\":\"https:\/\/critcareint.com\/wp-content\/uploads\/DSC_0743.jpg\",\"contentUrl\":\"https:\/\/critcareint.com\/wp-content\/uploads\/DSC_0743.jpg\",\"width\":2400,\"height\":1353,\"caption\":\"Strategic Advisory Services\"},{\"@type\":\"BreadcrumbList\",\"@id\":\"https:\/\/critcareint.com\/fr\/services-de-conseil-strategique\/#breadcrumb\",\"itemListElement\":[{\"@type\":\"ListItem\",\"position\":1,\"name\":\"Home\",\"item\":\"https:\/\/critcareint.com\/fr\/\"},{\"@type\":\"ListItem\",\"position\":2,\"name\":\"Services de conseil strat\u00e9gique\"}]},{\"@type\":\"WebSite\",\"@id\":\"https:\/\/critcareint.com\/fr\/#website\",\"url\":\"https:\/\/critcareint.com\/fr\/\",\"name\":\"Critical Care International\",\"description\":\"Remote healthcare solutions for the world\u2019s most demanding environments\",\"publisher\":{\"@id\":\"https:\/\/critcareint.com\/fr\/#organization\"},\"potentialAction\":[{\"@type\":\"SearchAction\",\"target\":{\"@type\":\"EntryPoint\",\"urlTemplate\":\"https:\/\/critcareint.com\/fr\/?s={search_term_string}\"},\"query-input\":{\"@type\":\"PropertyValueSpecification\",\"valueRequired\":true,\"valueName\":\"search_term_string\"}}],\"inLanguage\":\"fr-FR\"},{\"@type\":\"Organization\",\"@id\":\"https:\/\/critcareint.com\/fr\/#organization\",\"name\":\"Critical Care International\",\"url\":\"https:\/\/critcareint.com\/fr\/\",\"logo\":{\"@type\":\"ImageObject\",\"inLanguage\":\"fr-FR\",\"@id\":\"https:\/\/critcareint.com\/fr\/#\/schema\/logo\/image\/\",\"url\":\"https:\/\/critcareint.com\/wp-content\/uploads\/CCI_Logo-1.svg\",\"contentUrl\":\"https:\/\/critcareint.com\/wp-content\/uploads\/CCI_Logo-1.svg\",\"width\":1,\"height\":1,\"caption\":\"Critical Care International\"},\"image\":{\"@id\":\"https:\/\/critcareint.com\/fr\/#\/schema\/logo\/image\/\"},\"sameAs\":[\"https:\/\/www.facebook.com\/critcareint\",\"https:\/\/x.com\/CritCareInt\",\"https:\/\/www.linkedin.com\/company\/critical-care-international\"]}]}<\/script>\n<!-- \/ Yoast SEO plugin. -->","yoast_head_json":{"title":"Services de conseil strat\u00e9gique - Critical Care International","robots":{"index":"index","follow":"follow","max-snippet":"max-snippet:-1","max-image-preview":"max-image-preview:large","max-video-preview":"max-video-preview:-1"},"canonical":"https:\/\/critcareint.com\/fr\/services-de-conseil-strategique\/","og_locale":"fr_FR","og_type":"article","og_title":"Services de conseil strat\u00e9gique - Critical Care International","og_description":"Le groupe d'experts m\u00e9dicaux de Critical Care International a fourni des syst\u00e8mes avanc\u00e9s \u00e0 travers le monde dans une s\u00e9rie de secteurs:","og_url":"https:\/\/critcareint.com\/fr\/services-de-conseil-strategique\/","og_site_name":"Critical Care International","article_publisher":"https:\/\/www.facebook.com\/critcareint","article_modified_time":"2024-10-22T09:39:23+00:00","og_image":[{"width":2400,"height":1353,"url":"https:\/\/critcareint.com\/wp-content\/uploads\/DSC_0743.jpg","type":"image\/jpeg"}],"twitter_card":"summary_large_image","twitter_site":"@CritCareInt","twitter_misc":{"Dur\u00e9e de lecture estim\u00e9e":"1 minute"},"schema":{"@context":"https:\/\/schema.org","@graph":[{"@type":"WebPage","@id":"https:\/\/critcareint.com\/fr\/services-de-conseil-strategique\/","url":"https:\/\/critcareint.com\/fr\/services-de-conseil-strategique\/","name":"Services de conseil strat\u00e9gique - Critical Care International","isPartOf":{"@id":"https:\/\/critcareint.com\/fr\/#website"},"primaryImageOfPage":{"@id":"https:\/\/critcareint.com\/fr\/services-de-conseil-strategique\/#primaryimage"},"image":{"@id":"https:\/\/critcareint.com\/fr\/services-de-conseil-strategique\/#primaryimage"},"thumbnailUrl":"https:\/\/critcareint.com\/wp-content\/uploads\/DSC_0743.jpg","datePublished":"2019-07-12T12:45:05+00:00","dateModified":"2024-10-22T09:39:23+00:00","breadcrumb":{"@id":"https:\/\/critcareint.com\/fr\/services-de-conseil-strategique\/#breadcrumb"},"inLanguage":"fr-FR","potentialAction":[{"@type":"ReadAction","target":["https:\/\/critcareint.com\/fr\/services-de-conseil-strategique\/"]}]},{"@type":"ImageObject","inLanguage":"fr-FR","@id":"https:\/\/critcareint.com\/fr\/services-de-conseil-strategique\/#primaryimage","url":"https:\/\/critcareint.com\/wp-content\/uploads\/DSC_0743.jpg","contentUrl":"https:\/\/critcareint.com\/wp-content\/uploads\/DSC_0743.jpg","width":2400,"height":1353,"caption":"Strategic Advisory Services"},{"@type":"BreadcrumbList","@id":"https:\/\/critcareint.com\/fr\/services-de-conseil-strategique\/#breadcrumb","itemListElement":[{"@type":"ListItem","position":1,"name":"Home","item":"https:\/\/critcareint.com\/fr\/"},{"@type":"ListItem","position":2,"name":"Services de conseil strat\u00e9gique"}]},{"@type":"WebSite","@id":"https:\/\/critcareint.com\/fr\/#website","url":"https:\/\/critcareint.com\/fr\/","name":"Critical Care International","description":"Remote healthcare solutions for the world\u2019s most demanding environments","publisher":{"@id":"https:\/\/critcareint.com\/fr\/#organization"},"potentialAction":[{"@type":"SearchAction","target":{"@type":"EntryPoint","urlTemplate":"https:\/\/critcareint.com\/fr\/?s={search_term_string}"},"query-input":{"@type":"PropertyValueSpecification","valueRequired":true,"valueName":"search_term_string"}}],"inLanguage":"fr-FR"},{"@type":"Organization","@id":"https:\/\/critcareint.com\/fr\/#organization","name":"Critical Care International","url":"https:\/\/critcareint.com\/fr\/","logo":{"@type":"ImageObject","inLanguage":"fr-FR","@id":"https:\/\/critcareint.com\/fr\/#\/schema\/logo\/image\/","url":"https:\/\/critcareint.com\/wp-content\/uploads\/CCI_Logo-1.svg","contentUrl":"https:\/\/critcareint.com\/wp-content\/uploads\/CCI_Logo-1.svg","width":1,"height":1,"caption":"Critical Care International"},"image":{"@id":"https:\/\/critcareint.com\/fr\/#\/schema\/logo\/image\/"},"sameAs":["https:\/\/www.facebook.com\/critcareint","https:\/\/x.com\/CritCareInt","https:\/\/www.linkedin.com\/company\/critical-care-international"]}]}},"_links":{"self":[{"href":"https:\/\/critcareint.com\/fr\/wp-json\/wp\/v2\/pages\/2568","targetHints":{"allow":["GET"]}}],"collection":[{"href":"https:\/\/critcareint.com\/fr\/wp-json\/wp\/v2\/pages"}],"about":[{"href":"https:\/\/critcareint.com\/fr\/wp-json\/wp\/v2\/types\/page"}],"author":[{"embeddable":true,"href":"https:\/\/critcareint.com\/fr\/wp-json\/wp\/v2\/users\/1"}],"replies":[{"embeddable":true,"href":"https:\/\/critcareint.com\/fr\/wp-json\/wp\/v2\/comments?post=2568"}],"version-history":[{"count":2,"href":"https:\/\/critcareint.com\/fr\/wp-json\/wp\/v2\/pages\/2568\/revisions"}],"predecessor-version":[{"id":2570,"href":"https:\/\/critcareint.com\/fr\/wp-json\/wp\/v2\/pages\/2568\/revisions\/2570"}],"wp:featuredmedia":[{"embeddable":true,"href":"https:\/\/critcareint.com\/fr\/wp-json\/wp\/v2\/media\/3030"}],"wp:attachment":[{"href":"https:\/\/critcareint.com\/fr\/wp-json\/wp\/v2\/media?parent=2568"}],"wp:term":[{"taxonomy":"category","embeddable":true,"href":"https:\/\/critcareint.com\/fr\/wp-json\/wp\/v2\/categories?post=2568"},{"taxonomy":"case-study-groups","embeddable":true,"href":"https:\/\/critcareint.com\/fr\/wp-json\/wp\/v2\/case-study-groups?post=2568"},{"taxonomy":"cci-services","embeddable":true,"href":"https:\/\/critcareint.com\/fr\/wp-json\/wp\/v2\/cci-services?post=2568"}],"curies":[{"name":"wp","href":"https:\/\/api.w.org\/{rel}","templated":true}]}}