{"id":2572,"date":"2019-07-17T13:21:53","date_gmt":"2019-07-17T13:21:53","guid":{"rendered":"https:\/\/dev.critcareint.com\/formation-aux-interventions-medicales-et-durgence\/"},"modified":"2024-10-22T09:39:24","modified_gmt":"2024-10-22T09:39:24","slug":"formation-aux-interventions-medicales-et-durgence","status":"publish","type":"page","link":"https:\/\/critcareint.com\/fr\/formation-aux-interventions-medicales-et-durgence\/","title":{"rendered":"Formation aux interventions m\u00e9dicales et d&rsquo;urgence"},"content":{"rendered":"\n<ul class=\"wp-block-list\">\n<li>Gestion avanc\u00e9e des traumatismes et des soins intensifs &#8211; con\u00e7ue pour les m\u00e9decins, les auxiliaires m\u00e9dicaux et les infirmi\u00e8res exp\u00e9riment\u00e9s afin d&rsquo;affiner les comp\u00e9tences en mati\u00e8re de stabilisation des bless\u00e9s, de r\u00e9animation et d&rsquo;intervention avanc\u00e9e.<\/li>\n\n\n\n<li>Formation des cliniciens dans les sites \u00e9loign\u00e9s &#8211; y compris les m\u00e9decins, les infirmi\u00e8res et le personnel param\u00e9dical expatri\u00e9s et locaux<\/li>\n\n\n\n<li>Comp\u00e9tences en mati\u00e8re d&rsquo;urgence pour les \u00e9quipes non m\u00e9dicales travaillant dans des lieux \u00e0 haut risque, par exemple les \u00e9quipes d&rsquo;intervention d&rsquo;urgence<\/li>\n\n\n\n<li>Formation au d\u00e9veloppement des soins de sant\u00e9 communautaires &#8211; ax\u00e9e sur les travailleurs de la sant\u00e9 locaux et les \u00e9quipes de clients engag\u00e9s dans la conception et la mise en \u0153uvre de projets de soins de sant\u00e9 communautaires<\/li>\n\n\n\n<li>Formation aux premiers secours et \u00e0 la sant\u00e9 au travail<\/li>\n<\/ul>\n\n<p>Les formations sur mesure de CCI :<\/p>\n\n<ul class=\"wp-block-list\">\n<li>Se compose d&rsquo;une formation pratique et d&rsquo;une simulation in situ plut\u00f4t que d&rsquo;heures de cours magistraux.<\/li>\n\n\n\n<li>Fournir des comp\u00e9tences en mati\u00e8re de sauvetage aux membres du personnel m\u00e9dical et non m\u00e9dical travaillant dans des environnements isol\u00e9s.<\/li>\n<\/ul>\n\n<p>Favoriser la collaboration et les relations entre les diff\u00e9rents services, par exemple la clinique et les \u00e9quipes d&rsquo;intervention d&rsquo;urgence.<\/p>\n","protected":false},"excerpt":{"rendered":"<p>Critical Care International propose des formations m\u00e9dicales avec des instructeurs issus de diff\u00e9rents milieux civils et militaires. Nos cours sont con\u00e7us pour le personnel m\u00e9dical et non m\u00e9dical et comprennent:<\/p>\n","protected":false},"author":1,"featured_media":2189,"parent":0,"menu_order":21,"comment_status":"closed","ping_status":"closed","template":"","meta":{"_acf_changed":false,"footnotes":""},"categories":[63,91],"case-study-groups":[],"cci-services":[],"class_list":["post-2572","page","type-page","status-publish","has-post-thumbnail","hentry","category-formation-aux-interventions-medicales-et-durgence","category-services-fr"],"acf":[],"yoast_head":"<!-- This site is optimized with the Yoast SEO plugin v26.8 - https:\/\/yoast.com\/product\/yoast-seo-wordpress\/ -->\n<title>Formation aux interventions m\u00e9dicales et d&#039;urgence - Critical Care International<\/title>\n<meta name=\"robots\" content=\"index, follow, max-snippet:-1, max-image-preview:large, max-video-preview:-1\" \/>\n<link rel=\"canonical\" href=\"https:\/\/critcareint.com\/fr\/formation-aux-interventions-medicales-et-durgence\/\" \/>\n<meta property=\"og:locale\" content=\"fr_FR\" \/>\n<meta property=\"og:type\" content=\"article\" \/>\n<meta property=\"og:title\" content=\"Formation aux interventions m\u00e9dicales et d&#039;urgence - Critical Care International\" \/>\n<meta property=\"og:description\" content=\"Critical Care International propose des formations m\u00e9dicales avec des instructeurs issus de diff\u00e9rents milieux civils et militaires. Nos cours sont con\u00e7us pour le personnel m\u00e9dical et non m\u00e9dical et comprennent:\" \/>\n<meta property=\"og:url\" content=\"https:\/\/critcareint.com\/fr\/formation-aux-interventions-medicales-et-durgence\/\" \/>\n<meta property=\"og:site_name\" content=\"Critical Care International\" \/>\n<meta property=\"article:publisher\" content=\"https:\/\/www.facebook.com\/critcareint\" \/>\n<meta property=\"article:modified_time\" content=\"2024-10-22T09:39:24+00:00\" \/>\n<meta property=\"og:image\" content=\"https:\/\/critcareint.com\/wp-content\/uploads\/emergency-helicopter.jpg\" \/>\n\t<meta property=\"og:image:width\" content=\"2121\" \/>\n\t<meta property=\"og:image:height\" content=\"1414\" \/>\n\t<meta property=\"og:image:type\" content=\"image\/jpeg\" \/>\n<meta name=\"twitter:card\" content=\"summary_large_image\" \/>\n<meta name=\"twitter:site\" content=\"@CritCareInt\" \/>\n<meta name=\"twitter:label1\" content=\"Dur\u00e9e de lecture estim\u00e9e\" \/>\n\t<meta name=\"twitter:data1\" content=\"1 minute\" \/>\n<script type=\"application\/ld+json\" class=\"yoast-schema-graph\">{\"@context\":\"https:\/\/schema.org\",\"@graph\":[{\"@type\":\"WebPage\",\"@id\":\"https:\/\/critcareint.com\/fr\/formation-aux-interventions-medicales-et-durgence\/\",\"url\":\"https:\/\/critcareint.com\/fr\/formation-aux-interventions-medicales-et-durgence\/\",\"name\":\"Formation aux interventions m\u00e9dicales et d'urgence - Critical Care International\",\"isPartOf\":{\"@id\":\"https:\/\/critcareint.com\/fr\/#website\"},\"primaryImageOfPage\":{\"@id\":\"https:\/\/critcareint.com\/fr\/formation-aux-interventions-medicales-et-durgence\/#primaryimage\"},\"image\":{\"@id\":\"https:\/\/critcareint.com\/fr\/formation-aux-interventions-medicales-et-durgence\/#primaryimage\"},\"thumbnailUrl\":\"https:\/\/critcareint.com\/wp-content\/uploads\/emergency-helicopter.jpg\",\"datePublished\":\"2019-07-17T13:21:53+00:00\",\"dateModified\":\"2024-10-22T09:39:24+00:00\",\"breadcrumb\":{\"@id\":\"https:\/\/critcareint.com\/fr\/formation-aux-interventions-medicales-et-durgence\/#breadcrumb\"},\"inLanguage\":\"fr-FR\",\"potentialAction\":[{\"@type\":\"ReadAction\",\"target\":[\"https:\/\/critcareint.com\/fr\/formation-aux-interventions-medicales-et-durgence\/\"]}]},{\"@type\":\"ImageObject\",\"inLanguage\":\"fr-FR\",\"@id\":\"https:\/\/critcareint.com\/fr\/formation-aux-interventions-medicales-et-durgence\/#primaryimage\",\"url\":\"https:\/\/critcareint.com\/wp-content\/uploads\/emergency-helicopter.jpg\",\"contentUrl\":\"https:\/\/critcareint.com\/wp-content\/uploads\/emergency-helicopter.jpg\",\"width\":2121,\"height\":1414},{\"@type\":\"BreadcrumbList\",\"@id\":\"https:\/\/critcareint.com\/fr\/formation-aux-interventions-medicales-et-durgence\/#breadcrumb\",\"itemListElement\":[{\"@type\":\"ListItem\",\"position\":1,\"name\":\"Home\",\"item\":\"https:\/\/critcareint.com\/fr\/\"},{\"@type\":\"ListItem\",\"position\":2,\"name\":\"Formation aux interventions m\u00e9dicales et d&#8217;urgence\"}]},{\"@type\":\"WebSite\",\"@id\":\"https:\/\/critcareint.com\/fr\/#website\",\"url\":\"https:\/\/critcareint.com\/fr\/\",\"name\":\"Critical Care International\",\"description\":\"Remote healthcare solutions for the world\u2019s most demanding environments\",\"publisher\":{\"@id\":\"https:\/\/critcareint.com\/fr\/#organization\"},\"potentialAction\":[{\"@type\":\"SearchAction\",\"target\":{\"@type\":\"EntryPoint\",\"urlTemplate\":\"https:\/\/critcareint.com\/fr\/?s={search_term_string}\"},\"query-input\":{\"@type\":\"PropertyValueSpecification\",\"valueRequired\":true,\"valueName\":\"search_term_string\"}}],\"inLanguage\":\"fr-FR\"},{\"@type\":\"Organization\",\"@id\":\"https:\/\/critcareint.com\/fr\/#organization\",\"name\":\"Critical Care International\",\"url\":\"https:\/\/critcareint.com\/fr\/\",\"logo\":{\"@type\":\"ImageObject\",\"inLanguage\":\"fr-FR\",\"@id\":\"https:\/\/critcareint.com\/fr\/#\/schema\/logo\/image\/\",\"url\":\"https:\/\/critcareint.com\/wp-content\/uploads\/CCI_Logo-1.svg\",\"contentUrl\":\"https:\/\/critcareint.com\/wp-content\/uploads\/CCI_Logo-1.svg\",\"width\":1,\"height\":1,\"caption\":\"Critical Care International\"},\"image\":{\"@id\":\"https:\/\/critcareint.com\/fr\/#\/schema\/logo\/image\/\"},\"sameAs\":[\"https:\/\/www.facebook.com\/critcareint\",\"https:\/\/x.com\/CritCareInt\",\"https:\/\/www.linkedin.com\/company\/critical-care-international\"]}]}<\/script>\n<!-- \/ Yoast SEO plugin. -->","yoast_head_json":{"title":"Formation aux interventions m\u00e9dicales et d'urgence - Critical Care International","robots":{"index":"index","follow":"follow","max-snippet":"max-snippet:-1","max-image-preview":"max-image-preview:large","max-video-preview":"max-video-preview:-1"},"canonical":"https:\/\/critcareint.com\/fr\/formation-aux-interventions-medicales-et-durgence\/","og_locale":"fr_FR","og_type":"article","og_title":"Formation aux interventions m\u00e9dicales et d'urgence - Critical Care International","og_description":"Critical Care International propose des formations m\u00e9dicales avec des instructeurs issus de diff\u00e9rents milieux civils et militaires. Nos cours sont con\u00e7us pour le personnel m\u00e9dical et non m\u00e9dical et comprennent:","og_url":"https:\/\/critcareint.com\/fr\/formation-aux-interventions-medicales-et-durgence\/","og_site_name":"Critical Care International","article_publisher":"https:\/\/www.facebook.com\/critcareint","article_modified_time":"2024-10-22T09:39:24+00:00","og_image":[{"width":2121,"height":1414,"url":"https:\/\/critcareint.com\/wp-content\/uploads\/emergency-helicopter.jpg","type":"image\/jpeg"}],"twitter_card":"summary_large_image","twitter_site":"@CritCareInt","twitter_misc":{"Dur\u00e9e de lecture estim\u00e9e":"1 minute"},"schema":{"@context":"https:\/\/schema.org","@graph":[{"@type":"WebPage","@id":"https:\/\/critcareint.com\/fr\/formation-aux-interventions-medicales-et-durgence\/","url":"https:\/\/critcareint.com\/fr\/formation-aux-interventions-medicales-et-durgence\/","name":"Formation aux interventions m\u00e9dicales et d'urgence - Critical Care International","isPartOf":{"@id":"https:\/\/critcareint.com\/fr\/#website"},"primaryImageOfPage":{"@id":"https:\/\/critcareint.com\/fr\/formation-aux-interventions-medicales-et-durgence\/#primaryimage"},"image":{"@id":"https:\/\/critcareint.com\/fr\/formation-aux-interventions-medicales-et-durgence\/#primaryimage"},"thumbnailUrl":"https:\/\/critcareint.com\/wp-content\/uploads\/emergency-helicopter.jpg","datePublished":"2019-07-17T13:21:53+00:00","dateModified":"2024-10-22T09:39:24+00:00","breadcrumb":{"@id":"https:\/\/critcareint.com\/fr\/formation-aux-interventions-medicales-et-durgence\/#breadcrumb"},"inLanguage":"fr-FR","potentialAction":[{"@type":"ReadAction","target":["https:\/\/critcareint.com\/fr\/formation-aux-interventions-medicales-et-durgence\/"]}]},{"@type":"ImageObject","inLanguage":"fr-FR","@id":"https:\/\/critcareint.com\/fr\/formation-aux-interventions-medicales-et-durgence\/#primaryimage","url":"https:\/\/critcareint.com\/wp-content\/uploads\/emergency-helicopter.jpg","contentUrl":"https:\/\/critcareint.com\/wp-content\/uploads\/emergency-helicopter.jpg","width":2121,"height":1414},{"@type":"BreadcrumbList","@id":"https:\/\/critcareint.com\/fr\/formation-aux-interventions-medicales-et-durgence\/#breadcrumb","itemListElement":[{"@type":"ListItem","position":1,"name":"Home","item":"https:\/\/critcareint.com\/fr\/"},{"@type":"ListItem","position":2,"name":"Formation aux interventions m\u00e9dicales et d&#8217;urgence"}]},{"@type":"WebSite","@id":"https:\/\/critcareint.com\/fr\/#website","url":"https:\/\/critcareint.com\/fr\/","name":"Critical Care International","description":"Remote healthcare solutions for the world\u2019s most demanding environments","publisher":{"@id":"https:\/\/critcareint.com\/fr\/#organization"},"potentialAction":[{"@type":"SearchAction","target":{"@type":"EntryPoint","urlTemplate":"https:\/\/critcareint.com\/fr\/?s={search_term_string}"},"query-input":{"@type":"PropertyValueSpecification","valueRequired":true,"valueName":"search_term_string"}}],"inLanguage":"fr-FR"},{"@type":"Organization","@id":"https:\/\/critcareint.com\/fr\/#organization","name":"Critical Care International","url":"https:\/\/critcareint.com\/fr\/","logo":{"@type":"ImageObject","inLanguage":"fr-FR","@id":"https:\/\/critcareint.com\/fr\/#\/schema\/logo\/image\/","url":"https:\/\/critcareint.com\/wp-content\/uploads\/CCI_Logo-1.svg","contentUrl":"https:\/\/critcareint.com\/wp-content\/uploads\/CCI_Logo-1.svg","width":1,"height":1,"caption":"Critical Care International"},"image":{"@id":"https:\/\/critcareint.com\/fr\/#\/schema\/logo\/image\/"},"sameAs":["https:\/\/www.facebook.com\/critcareint","https:\/\/x.com\/CritCareInt","https:\/\/www.linkedin.com\/company\/critical-care-international"]}]}},"_links":{"self":[{"href":"https:\/\/critcareint.com\/fr\/wp-json\/wp\/v2\/pages\/2572","targetHints":{"allow":["GET"]}}],"collection":[{"href":"https:\/\/critcareint.com\/fr\/wp-json\/wp\/v2\/pages"}],"about":[{"href":"https:\/\/critcareint.com\/fr\/wp-json\/wp\/v2\/types\/page"}],"author":[{"embeddable":true,"href":"https:\/\/critcareint.com\/fr\/wp-json\/wp\/v2\/users\/1"}],"replies":[{"embeddable":true,"href":"https:\/\/critcareint.com\/fr\/wp-json\/wp\/v2\/comments?post=2572"}],"version-history":[{"count":3,"href":"https:\/\/critcareint.com\/fr\/wp-json\/wp\/v2\/pages\/2572\/revisions"}],"predecessor-version":[{"id":3089,"href":"https:\/\/critcareint.com\/fr\/wp-json\/wp\/v2\/pages\/2572\/revisions\/3089"}],"wp:featuredmedia":[{"embeddable":true,"href":"https:\/\/critcareint.com\/fr\/wp-json\/wp\/v2\/media\/2189"}],"wp:attachment":[{"href":"https:\/\/critcareint.com\/fr\/wp-json\/wp\/v2\/media?parent=2572"}],"wp:term":[{"taxonomy":"category","embeddable":true,"href":"https:\/\/critcareint.com\/fr\/wp-json\/wp\/v2\/categories?post=2572"},{"taxonomy":"case-study-groups","embeddable":true,"href":"https:\/\/critcareint.com\/fr\/wp-json\/wp\/v2\/case-study-groups?post=2572"},{"taxonomy":"cci-services","embeddable":true,"href":"https:\/\/critcareint.com\/fr\/wp-json\/wp\/v2\/cci-services?post=2572"}],"curies":[{"name":"wp","href":"https:\/\/api.w.org\/{rel}","templated":true}]}}