{"id":2575,"date":"2019-07-12T12:33:36","date_gmt":"2019-07-12T12:33:36","guid":{"rendered":"https:\/\/dev.critcareint.com\/evacuation-medicale\/"},"modified":"2024-11-12T10:11:09","modified_gmt":"2024-11-12T10:11:09","slug":"evacuation-medicale","status":"publish","type":"page","link":"https:\/\/critcareint.com\/fr\/evacuation-medicale\/","title":{"rendered":"Evacuation m\u00e9dicale"},"content":{"rendered":"\n<p>Apr\u00e8s stabilisation de la victime sur place, une \u00e9vacuation rapide vers un centre d&rsquo;excellence m\u00e9dicale appropri\u00e9, capable de fournir des soins d\u00e9finitifs, est n\u00e9cessaire.<\/p>\n\n<p>S&rsquo;appuyant sur des d\u00e9cennies d&rsquo;exp\u00e9rience dans la conception et la fourniture de syst\u00e8mes m\u00e9dicaux d&rsquo;urgence pour les services de sant\u00e9 nationaux, l&rsquo;arm\u00e9e et les organisations commerciales du monde entier, Critical Care International est un partenaire id\u00e9al en cas de besoin. Notre \u00e9quipe adopte une approche holistique et personnalis\u00e9e pour chaque site client. CCI a contr\u00f4l\u00e9, visit\u00e9 et d\u00e9velopp\u00e9 un r\u00e9seau d&rsquo;\u00e9tablissements m\u00e9dicaux qui lui permet d&rsquo;\u00e9laborer le meilleur plan d&rsquo;\u00e9vacuation pour chaque projet et chaque lieu sp\u00e9cifique, afin de garantir qu&rsquo;un patient critique soit \u00e9vacu\u00e9 vers le bon h\u00f4pital par le vecteur le plus appropri\u00e9 (au sol, par avion ou par h\u00e9licopt\u00e8re) en vue d&rsquo;un traitement d\u00e9finitif.<\/p>\n\n<p>Nous travaillons avec des prestataires de services d&rsquo;ambulance a\u00e9rienne et d&rsquo;\u00e9vacuation sanitaire du monde entier que nous s\u00e9lectionnons en fonction de la qualit\u00e9 du soutien clinique et op\u00e9rationnel qu&rsquo;ils fournissent, du strict respect des meilleures pratiques internationales et des d\u00e9lais d&rsquo;intervention les plus courts du secteur.<\/p>\n","protected":false},"excerpt":{"rendered":"<p>Lorsqu&rsquo;une maladie ou une blessure grave servient dans un environnement \u00e9loign\u00e9, une \u00e9vacuation rapide vers un centre appropri\u00e9 capable de fournir les soins d\u00e9finitifs requis est n\u00e9cessaire, en plus de la stabilisation initiale qui a lieu sur place. <\/p>\n","protected":false},"author":1,"featured_media":3039,"parent":0,"menu_order":17,"comment_status":"closed","ping_status":"closed","template":"","meta":{"_acf_changed":false,"footnotes":""},"categories":[64,91],"case-study-groups":[],"cci-services":[],"class_list":["post-2575","page","type-page","status-publish","has-post-thumbnail","hentry","category-evacuation-medicale","category-services-fr"],"acf":[],"yoast_head":"<!-- This site is optimized with the Yoast SEO plugin v26.8 - https:\/\/yoast.com\/product\/yoast-seo-wordpress\/ -->\n<title>Evacuation m\u00e9dicale - Critical Care International<\/title>\n<meta name=\"robots\" content=\"index, follow, max-snippet:-1, max-image-preview:large, max-video-preview:-1\" \/>\n<link rel=\"canonical\" href=\"https:\/\/critcareint.com\/fr\/evacuation-medicale\/\" \/>\n<meta property=\"og:locale\" content=\"fr_FR\" \/>\n<meta property=\"og:type\" content=\"article\" \/>\n<meta property=\"og:title\" content=\"Evacuation m\u00e9dicale - Critical Care International\" \/>\n<meta property=\"og:description\" content=\"Lorsqu&#039;une maladie ou une blessure grave servient dans un environnement \u00e9loign\u00e9, une \u00e9vacuation rapide vers un centre appropri\u00e9 capable de fournir les soins d\u00e9finitifs requis est n\u00e9cessaire, en plus de la stabilisation initiale qui a lieu sur place.\" \/>\n<meta property=\"og:url\" content=\"https:\/\/critcareint.com\/fr\/evacuation-medicale\/\" \/>\n<meta property=\"og:site_name\" content=\"Critical Care International\" \/>\n<meta property=\"article:publisher\" content=\"https:\/\/www.facebook.com\/critcareint\" \/>\n<meta property=\"article:modified_time\" content=\"2024-11-12T10:11:09+00:00\" \/>\n<meta property=\"og:image\" content=\"https:\/\/critcareint.com\/wp-content\/uploads\/PXL_20231213_131443573.jpg\" \/>\n\t<meta property=\"og:image:width\" content=\"2400\" \/>\n\t<meta property=\"og:image:height\" content=\"1350\" \/>\n\t<meta property=\"og:image:type\" content=\"image\/jpeg\" \/>\n<meta name=\"twitter:card\" content=\"summary_large_image\" \/>\n<meta name=\"twitter:site\" content=\"@CritCareInt\" \/>\n<meta name=\"twitter:label1\" content=\"Dur\u00e9e de lecture estim\u00e9e\" \/>\n\t<meta name=\"twitter:data1\" content=\"1 minute\" \/>\n<script type=\"application\/ld+json\" class=\"yoast-schema-graph\">{\"@context\":\"https:\/\/schema.org\",\"@graph\":[{\"@type\":\"WebPage\",\"@id\":\"https:\/\/critcareint.com\/fr\/evacuation-medicale\/\",\"url\":\"https:\/\/critcareint.com\/fr\/evacuation-medicale\/\",\"name\":\"Evacuation m\u00e9dicale - Critical Care International\",\"isPartOf\":{\"@id\":\"https:\/\/critcareint.com\/fr\/#website\"},\"primaryImageOfPage\":{\"@id\":\"https:\/\/critcareint.com\/fr\/evacuation-medicale\/#primaryimage\"},\"image\":{\"@id\":\"https:\/\/critcareint.com\/fr\/evacuation-medicale\/#primaryimage\"},\"thumbnailUrl\":\"https:\/\/critcareint.com\/wp-content\/uploads\/PXL_20231213_131443573.jpg\",\"datePublished\":\"2019-07-12T12:33:36+00:00\",\"dateModified\":\"2024-11-12T10:11:09+00:00\",\"breadcrumb\":{\"@id\":\"https:\/\/critcareint.com\/fr\/evacuation-medicale\/#breadcrumb\"},\"inLanguage\":\"fr-FR\",\"potentialAction\":[{\"@type\":\"ReadAction\",\"target\":[\"https:\/\/critcareint.com\/fr\/evacuation-medicale\/\"]}]},{\"@type\":\"ImageObject\",\"inLanguage\":\"fr-FR\",\"@id\":\"https:\/\/critcareint.com\/fr\/evacuation-medicale\/#primaryimage\",\"url\":\"https:\/\/critcareint.com\/wp-content\/uploads\/PXL_20231213_131443573.jpg\",\"contentUrl\":\"https:\/\/critcareint.com\/wp-content\/uploads\/PXL_20231213_131443573.jpg\",\"width\":2400,\"height\":1350,\"caption\":\"Medical Evacuation\"},{\"@type\":\"BreadcrumbList\",\"@id\":\"https:\/\/critcareint.com\/fr\/evacuation-medicale\/#breadcrumb\",\"itemListElement\":[{\"@type\":\"ListItem\",\"position\":1,\"name\":\"Home\",\"item\":\"https:\/\/critcareint.com\/fr\/\"},{\"@type\":\"ListItem\",\"position\":2,\"name\":\"Evacuation m\u00e9dicale\"}]},{\"@type\":\"WebSite\",\"@id\":\"https:\/\/critcareint.com\/fr\/#website\",\"url\":\"https:\/\/critcareint.com\/fr\/\",\"name\":\"Critical Care International\",\"description\":\"Remote healthcare solutions for the world\u2019s most demanding environments\",\"publisher\":{\"@id\":\"https:\/\/critcareint.com\/fr\/#organization\"},\"potentialAction\":[{\"@type\":\"SearchAction\",\"target\":{\"@type\":\"EntryPoint\",\"urlTemplate\":\"https:\/\/critcareint.com\/fr\/?s={search_term_string}\"},\"query-input\":{\"@type\":\"PropertyValueSpecification\",\"valueRequired\":true,\"valueName\":\"search_term_string\"}}],\"inLanguage\":\"fr-FR\"},{\"@type\":\"Organization\",\"@id\":\"https:\/\/critcareint.com\/fr\/#organization\",\"name\":\"Critical Care International\",\"url\":\"https:\/\/critcareint.com\/fr\/\",\"logo\":{\"@type\":\"ImageObject\",\"inLanguage\":\"fr-FR\",\"@id\":\"https:\/\/critcareint.com\/fr\/#\/schema\/logo\/image\/\",\"url\":\"https:\/\/critcareint.com\/wp-content\/uploads\/CCI_Logo-1.svg\",\"contentUrl\":\"https:\/\/critcareint.com\/wp-content\/uploads\/CCI_Logo-1.svg\",\"width\":1,\"height\":1,\"caption\":\"Critical Care International\"},\"image\":{\"@id\":\"https:\/\/critcareint.com\/fr\/#\/schema\/logo\/image\/\"},\"sameAs\":[\"https:\/\/www.facebook.com\/critcareint\",\"https:\/\/x.com\/CritCareInt\",\"https:\/\/www.linkedin.com\/company\/critical-care-international\"]}]}<\/script>\n<!-- \/ Yoast SEO plugin. -->","yoast_head_json":{"title":"Evacuation m\u00e9dicale - Critical Care International","robots":{"index":"index","follow":"follow","max-snippet":"max-snippet:-1","max-image-preview":"max-image-preview:large","max-video-preview":"max-video-preview:-1"},"canonical":"https:\/\/critcareint.com\/fr\/evacuation-medicale\/","og_locale":"fr_FR","og_type":"article","og_title":"Evacuation m\u00e9dicale - Critical Care International","og_description":"Lorsqu'une maladie ou une blessure grave servient dans un environnement \u00e9loign\u00e9, une \u00e9vacuation rapide vers un centre appropri\u00e9 capable de fournir les soins d\u00e9finitifs requis est n\u00e9cessaire, en plus de la stabilisation initiale qui a lieu sur place.","og_url":"https:\/\/critcareint.com\/fr\/evacuation-medicale\/","og_site_name":"Critical Care International","article_publisher":"https:\/\/www.facebook.com\/critcareint","article_modified_time":"2024-11-12T10:11:09+00:00","og_image":[{"width":2400,"height":1350,"url":"https:\/\/critcareint.com\/wp-content\/uploads\/PXL_20231213_131443573.jpg","type":"image\/jpeg"}],"twitter_card":"summary_large_image","twitter_site":"@CritCareInt","twitter_misc":{"Dur\u00e9e de lecture estim\u00e9e":"1 minute"},"schema":{"@context":"https:\/\/schema.org","@graph":[{"@type":"WebPage","@id":"https:\/\/critcareint.com\/fr\/evacuation-medicale\/","url":"https:\/\/critcareint.com\/fr\/evacuation-medicale\/","name":"Evacuation m\u00e9dicale - Critical Care International","isPartOf":{"@id":"https:\/\/critcareint.com\/fr\/#website"},"primaryImageOfPage":{"@id":"https:\/\/critcareint.com\/fr\/evacuation-medicale\/#primaryimage"},"image":{"@id":"https:\/\/critcareint.com\/fr\/evacuation-medicale\/#primaryimage"},"thumbnailUrl":"https:\/\/critcareint.com\/wp-content\/uploads\/PXL_20231213_131443573.jpg","datePublished":"2019-07-12T12:33:36+00:00","dateModified":"2024-11-12T10:11:09+00:00","breadcrumb":{"@id":"https:\/\/critcareint.com\/fr\/evacuation-medicale\/#breadcrumb"},"inLanguage":"fr-FR","potentialAction":[{"@type":"ReadAction","target":["https:\/\/critcareint.com\/fr\/evacuation-medicale\/"]}]},{"@type":"ImageObject","inLanguage":"fr-FR","@id":"https:\/\/critcareint.com\/fr\/evacuation-medicale\/#primaryimage","url":"https:\/\/critcareint.com\/wp-content\/uploads\/PXL_20231213_131443573.jpg","contentUrl":"https:\/\/critcareint.com\/wp-content\/uploads\/PXL_20231213_131443573.jpg","width":2400,"height":1350,"caption":"Medical Evacuation"},{"@type":"BreadcrumbList","@id":"https:\/\/critcareint.com\/fr\/evacuation-medicale\/#breadcrumb","itemListElement":[{"@type":"ListItem","position":1,"name":"Home","item":"https:\/\/critcareint.com\/fr\/"},{"@type":"ListItem","position":2,"name":"Evacuation m\u00e9dicale"}]},{"@type":"WebSite","@id":"https:\/\/critcareint.com\/fr\/#website","url":"https:\/\/critcareint.com\/fr\/","name":"Critical Care International","description":"Remote healthcare solutions for the world\u2019s most demanding environments","publisher":{"@id":"https:\/\/critcareint.com\/fr\/#organization"},"potentialAction":[{"@type":"SearchAction","target":{"@type":"EntryPoint","urlTemplate":"https:\/\/critcareint.com\/fr\/?s={search_term_string}"},"query-input":{"@type":"PropertyValueSpecification","valueRequired":true,"valueName":"search_term_string"}}],"inLanguage":"fr-FR"},{"@type":"Organization","@id":"https:\/\/critcareint.com\/fr\/#organization","name":"Critical Care International","url":"https:\/\/critcareint.com\/fr\/","logo":{"@type":"ImageObject","inLanguage":"fr-FR","@id":"https:\/\/critcareint.com\/fr\/#\/schema\/logo\/image\/","url":"https:\/\/critcareint.com\/wp-content\/uploads\/CCI_Logo-1.svg","contentUrl":"https:\/\/critcareint.com\/wp-content\/uploads\/CCI_Logo-1.svg","width":1,"height":1,"caption":"Critical Care International"},"image":{"@id":"https:\/\/critcareint.com\/fr\/#\/schema\/logo\/image\/"},"sameAs":["https:\/\/www.facebook.com\/critcareint","https:\/\/x.com\/CritCareInt","https:\/\/www.linkedin.com\/company\/critical-care-international"]}]}},"_links":{"self":[{"href":"https:\/\/critcareint.com\/fr\/wp-json\/wp\/v2\/pages\/2575","targetHints":{"allow":["GET"]}}],"collection":[{"href":"https:\/\/critcareint.com\/fr\/wp-json\/wp\/v2\/pages"}],"about":[{"href":"https:\/\/critcareint.com\/fr\/wp-json\/wp\/v2\/types\/page"}],"author":[{"embeddable":true,"href":"https:\/\/critcareint.com\/fr\/wp-json\/wp\/v2\/users\/1"}],"replies":[{"embeddable":true,"href":"https:\/\/critcareint.com\/fr\/wp-json\/wp\/v2\/comments?post=2575"}],"version-history":[{"count":1,"href":"https:\/\/critcareint.com\/fr\/wp-json\/wp\/v2\/pages\/2575\/revisions"}],"predecessor-version":[{"id":2576,"href":"https:\/\/critcareint.com\/fr\/wp-json\/wp\/v2\/pages\/2575\/revisions\/2576"}],"wp:featuredmedia":[{"embeddable":true,"href":"https:\/\/critcareint.com\/fr\/wp-json\/wp\/v2\/media\/3039"}],"wp:attachment":[{"href":"https:\/\/critcareint.com\/fr\/wp-json\/wp\/v2\/media?parent=2575"}],"wp:term":[{"taxonomy":"category","embeddable":true,"href":"https:\/\/critcareint.com\/fr\/wp-json\/wp\/v2\/categories?post=2575"},{"taxonomy":"case-study-groups","embeddable":true,"href":"https:\/\/critcareint.com\/fr\/wp-json\/wp\/v2\/case-study-groups?post=2575"},{"taxonomy":"cci-services","embeddable":true,"href":"https:\/\/critcareint.com\/fr\/wp-json\/wp\/v2\/cci-services?post=2575"}],"curies":[{"name":"wp","href":"https:\/\/api.w.org\/{rel}","templated":true}]}}