{"id":2577,"date":"2019-07-12T13:04:31","date_gmt":"2019-07-12T13:04:31","guid":{"rendered":"https:\/\/dev.critcareint.com\/planification-de-la-preparation-aux-situations-durgence\/"},"modified":"2024-10-22T09:39:24","modified_gmt":"2024-10-22T09:39:24","slug":"planification-de-la-preparation-aux-situations-durgence","status":"publish","type":"page","link":"https:\/\/critcareint.com\/fr\/planification-de-la-preparation-aux-situations-durgence\/","title":{"rendered":"Planification de la pr\u00e9paration aux situations d&rsquo;urgence"},"content":{"rendered":"\n<p>CCI dispose d&rsquo;une vaste expertise &#8211; notamment dans les domaines de la m\u00e9decine, des interventions d&rsquo;urgence et de la coordination, de la s\u00e9curit\u00e9 incendie, du sauvetage, de la r\u00e9cup\u00e9ration et de l&rsquo;extraction, de l&rsquo;a\u00e9ronautique et de la haute altitude &#8211; qui lui permet de r\u00e9aliser des examens complets de la pr\u00e9paration aux situations d&rsquo;urgence de n&rsquo;importe quel site. Nous nous attachons sans rel\u00e2che \u00e0 identifier les points \u00e0 am\u00e9liorer pour renforcer la s\u00e9curit\u00e9. Nous nous concentrons sans rel\u00e2che sur l&rsquo;identification des domaines d&rsquo;am\u00e9lioration qui renforcent la s\u00e9curit\u00e9.<\/p>\n\n<p>Nos evaluations:<\/p>\n\n<ul class=\"wp-block-list\">\n<li>Fournir une \u00e9valuation ind\u00e9pendante et impartiale de la sant\u00e9 au travail, des soins primaires et des soins de sant\u00e9 d&rsquo;urgence, index\u00e9e sur des normes professionnelles (par exemple ISO 45001), des normes cliniques (par exemple ACLS\/PHTLS) et les meilleures pratiques du secteur (par exemple Institute of Remote Health Care).<\/li>\n\n\n\n<li>Identifier les domaines de pratiques exceptionnelles qui peuvent \u00eatre transf\u00e9r\u00e9s \u00e0 d&rsquo;autres sites<\/li>\n\n\n\n<li>Identifier des recommandations pragmatiques et hi\u00e9rarchis\u00e9es pour att\u00e9nuer les risques identifi\u00e9s<\/li>\n\n\n\n<li>Peut constituer la base de programmes visant \u00e0 d\u00e9velopper des normes sanitaires \u00e0 l&rsquo;\u00e9chelle du groupe pour les multiples actifs d&rsquo;une organisation, afin d&rsquo;am\u00e9liorer la s\u00e9curit\u00e9 et de r\u00e9aliser des \u00e9conomies.<\/li>\n<\/ul>\n","protected":false},"excerpt":{"rendered":"<p>Critical Care International (CCI) a plus de dix ans d&rsquo;exp\u00e9rience dans l&rsquo;\u00e9valuation rigoureuse des prestations de soins de sant\u00e9 des organisations par rapport aux normes internationales et sectorielles.<\/p>\n","protected":false},"author":1,"featured_media":2083,"parent":0,"menu_order":26,"comment_status":"closed","ping_status":"closed","template":"","meta":{"_acf_changed":false,"footnotes":""},"categories":[65,91],"case-study-groups":[],"cci-services":[],"class_list":["post-2577","page","type-page","status-publish","has-post-thumbnail","hentry","category-preparation-aux-situations-durgence","category-services-fr"],"acf":[],"yoast_head":"<!-- This site is optimized with the Yoast SEO plugin v26.8 - https:\/\/yoast.com\/product\/yoast-seo-wordpress\/ -->\n<title>Planification de la pr\u00e9paration aux situations d&#039;urgence - Critical Care International<\/title>\n<meta name=\"robots\" content=\"index, follow, max-snippet:-1, max-image-preview:large, max-video-preview:-1\" \/>\n<link rel=\"canonical\" href=\"https:\/\/critcareint.com\/fr\/planification-de-la-preparation-aux-situations-durgence\/\" \/>\n<meta property=\"og:locale\" content=\"fr_FR\" \/>\n<meta property=\"og:type\" content=\"article\" \/>\n<meta property=\"og:title\" content=\"Planification de la pr\u00e9paration aux situations d&#039;urgence - Critical Care International\" \/>\n<meta property=\"og:description\" content=\"Critical Care International (CCI) a plus de dix ans d&#039;exp\u00e9rience dans l&#039;\u00e9valuation rigoureuse des prestations de soins de sant\u00e9 des organisations par rapport aux normes internationales et sectorielles.\" \/>\n<meta property=\"og:url\" content=\"https:\/\/critcareint.com\/fr\/planification-de-la-preparation-aux-situations-durgence\/\" \/>\n<meta property=\"og:site_name\" content=\"Critical Care International\" \/>\n<meta property=\"article:publisher\" content=\"https:\/\/www.facebook.com\/critcareint\" \/>\n<meta property=\"article:modified_time\" content=\"2024-10-22T09:39:24+00:00\" \/>\n<meta property=\"og:image\" content=\"https:\/\/critcareint.com\/wp-content\/uploads\/teaching.jpg\" \/>\n\t<meta property=\"og:image:width\" content=\"2400\" \/>\n\t<meta property=\"og:image:height\" content=\"1524\" \/>\n\t<meta property=\"og:image:type\" content=\"image\/jpeg\" \/>\n<meta name=\"twitter:card\" content=\"summary_large_image\" \/>\n<meta name=\"twitter:site\" content=\"@CritCareInt\" \/>\n<meta name=\"twitter:label1\" content=\"Dur\u00e9e de lecture estim\u00e9e\" \/>\n\t<meta name=\"twitter:data1\" content=\"1 minute\" \/>\n<script type=\"application\/ld+json\" class=\"yoast-schema-graph\">{\"@context\":\"https:\/\/schema.org\",\"@graph\":[{\"@type\":\"WebPage\",\"@id\":\"https:\/\/critcareint.com\/fr\/planification-de-la-preparation-aux-situations-durgence\/\",\"url\":\"https:\/\/critcareint.com\/fr\/planification-de-la-preparation-aux-situations-durgence\/\",\"name\":\"Planification de la pr\u00e9paration aux situations d'urgence - Critical Care International\",\"isPartOf\":{\"@id\":\"https:\/\/critcareint.com\/fr\/#website\"},\"primaryImageOfPage\":{\"@id\":\"https:\/\/critcareint.com\/fr\/planification-de-la-preparation-aux-situations-durgence\/#primaryimage\"},\"image\":{\"@id\":\"https:\/\/critcareint.com\/fr\/planification-de-la-preparation-aux-situations-durgence\/#primaryimage\"},\"thumbnailUrl\":\"https:\/\/critcareint.com\/wp-content\/uploads\/teaching.jpg\",\"datePublished\":\"2019-07-12T13:04:31+00:00\",\"dateModified\":\"2024-10-22T09:39:24+00:00\",\"breadcrumb\":{\"@id\":\"https:\/\/critcareint.com\/fr\/planification-de-la-preparation-aux-situations-durgence\/#breadcrumb\"},\"inLanguage\":\"fr-FR\",\"potentialAction\":[{\"@type\":\"ReadAction\",\"target\":[\"https:\/\/critcareint.com\/fr\/planification-de-la-preparation-aux-situations-durgence\/\"]}]},{\"@type\":\"ImageObject\",\"inLanguage\":\"fr-FR\",\"@id\":\"https:\/\/critcareint.com\/fr\/planification-de-la-preparation-aux-situations-durgence\/#primaryimage\",\"url\":\"https:\/\/critcareint.com\/wp-content\/uploads\/teaching.jpg\",\"contentUrl\":\"https:\/\/critcareint.com\/wp-content\/uploads\/teaching.jpg\",\"width\":2400,\"height\":1524},{\"@type\":\"BreadcrumbList\",\"@id\":\"https:\/\/critcareint.com\/fr\/planification-de-la-preparation-aux-situations-durgence\/#breadcrumb\",\"itemListElement\":[{\"@type\":\"ListItem\",\"position\":1,\"name\":\"Home\",\"item\":\"https:\/\/critcareint.com\/fr\/\"},{\"@type\":\"ListItem\",\"position\":2,\"name\":\"Planification de la pr\u00e9paration aux situations d&#8217;urgence\"}]},{\"@type\":\"WebSite\",\"@id\":\"https:\/\/critcareint.com\/fr\/#website\",\"url\":\"https:\/\/critcareint.com\/fr\/\",\"name\":\"Critical Care International\",\"description\":\"Remote healthcare solutions for the world\u2019s most demanding environments\",\"publisher\":{\"@id\":\"https:\/\/critcareint.com\/fr\/#organization\"},\"potentialAction\":[{\"@type\":\"SearchAction\",\"target\":{\"@type\":\"EntryPoint\",\"urlTemplate\":\"https:\/\/critcareint.com\/fr\/?s={search_term_string}\"},\"query-input\":{\"@type\":\"PropertyValueSpecification\",\"valueRequired\":true,\"valueName\":\"search_term_string\"}}],\"inLanguage\":\"fr-FR\"},{\"@type\":\"Organization\",\"@id\":\"https:\/\/critcareint.com\/fr\/#organization\",\"name\":\"Critical Care International\",\"url\":\"https:\/\/critcareint.com\/fr\/\",\"logo\":{\"@type\":\"ImageObject\",\"inLanguage\":\"fr-FR\",\"@id\":\"https:\/\/critcareint.com\/fr\/#\/schema\/logo\/image\/\",\"url\":\"https:\/\/critcareint.com\/wp-content\/uploads\/CCI_Logo-1.svg\",\"contentUrl\":\"https:\/\/critcareint.com\/wp-content\/uploads\/CCI_Logo-1.svg\",\"width\":1,\"height\":1,\"caption\":\"Critical Care International\"},\"image\":{\"@id\":\"https:\/\/critcareint.com\/fr\/#\/schema\/logo\/image\/\"},\"sameAs\":[\"https:\/\/www.facebook.com\/critcareint\",\"https:\/\/x.com\/CritCareInt\",\"https:\/\/www.linkedin.com\/company\/critical-care-international\"]}]}<\/script>\n<!-- \/ Yoast SEO plugin. -->","yoast_head_json":{"title":"Planification de la pr\u00e9paration aux situations d'urgence - Critical Care International","robots":{"index":"index","follow":"follow","max-snippet":"max-snippet:-1","max-image-preview":"max-image-preview:large","max-video-preview":"max-video-preview:-1"},"canonical":"https:\/\/critcareint.com\/fr\/planification-de-la-preparation-aux-situations-durgence\/","og_locale":"fr_FR","og_type":"article","og_title":"Planification de la pr\u00e9paration aux situations d'urgence - Critical Care International","og_description":"Critical Care International (CCI) a plus de dix ans d'exp\u00e9rience dans l'\u00e9valuation rigoureuse des prestations de soins de sant\u00e9 des organisations par rapport aux normes internationales et sectorielles.","og_url":"https:\/\/critcareint.com\/fr\/planification-de-la-preparation-aux-situations-durgence\/","og_site_name":"Critical Care International","article_publisher":"https:\/\/www.facebook.com\/critcareint","article_modified_time":"2024-10-22T09:39:24+00:00","og_image":[{"width":2400,"height":1524,"url":"https:\/\/critcareint.com\/wp-content\/uploads\/teaching.jpg","type":"image\/jpeg"}],"twitter_card":"summary_large_image","twitter_site":"@CritCareInt","twitter_misc":{"Dur\u00e9e de lecture estim\u00e9e":"1 minute"},"schema":{"@context":"https:\/\/schema.org","@graph":[{"@type":"WebPage","@id":"https:\/\/critcareint.com\/fr\/planification-de-la-preparation-aux-situations-durgence\/","url":"https:\/\/critcareint.com\/fr\/planification-de-la-preparation-aux-situations-durgence\/","name":"Planification de la pr\u00e9paration aux situations d'urgence - Critical Care International","isPartOf":{"@id":"https:\/\/critcareint.com\/fr\/#website"},"primaryImageOfPage":{"@id":"https:\/\/critcareint.com\/fr\/planification-de-la-preparation-aux-situations-durgence\/#primaryimage"},"image":{"@id":"https:\/\/critcareint.com\/fr\/planification-de-la-preparation-aux-situations-durgence\/#primaryimage"},"thumbnailUrl":"https:\/\/critcareint.com\/wp-content\/uploads\/teaching.jpg","datePublished":"2019-07-12T13:04:31+00:00","dateModified":"2024-10-22T09:39:24+00:00","breadcrumb":{"@id":"https:\/\/critcareint.com\/fr\/planification-de-la-preparation-aux-situations-durgence\/#breadcrumb"},"inLanguage":"fr-FR","potentialAction":[{"@type":"ReadAction","target":["https:\/\/critcareint.com\/fr\/planification-de-la-preparation-aux-situations-durgence\/"]}]},{"@type":"ImageObject","inLanguage":"fr-FR","@id":"https:\/\/critcareint.com\/fr\/planification-de-la-preparation-aux-situations-durgence\/#primaryimage","url":"https:\/\/critcareint.com\/wp-content\/uploads\/teaching.jpg","contentUrl":"https:\/\/critcareint.com\/wp-content\/uploads\/teaching.jpg","width":2400,"height":1524},{"@type":"BreadcrumbList","@id":"https:\/\/critcareint.com\/fr\/planification-de-la-preparation-aux-situations-durgence\/#breadcrumb","itemListElement":[{"@type":"ListItem","position":1,"name":"Home","item":"https:\/\/critcareint.com\/fr\/"},{"@type":"ListItem","position":2,"name":"Planification de la pr\u00e9paration aux situations d&#8217;urgence"}]},{"@type":"WebSite","@id":"https:\/\/critcareint.com\/fr\/#website","url":"https:\/\/critcareint.com\/fr\/","name":"Critical Care International","description":"Remote healthcare solutions for the world\u2019s most demanding environments","publisher":{"@id":"https:\/\/critcareint.com\/fr\/#organization"},"potentialAction":[{"@type":"SearchAction","target":{"@type":"EntryPoint","urlTemplate":"https:\/\/critcareint.com\/fr\/?s={search_term_string}"},"query-input":{"@type":"PropertyValueSpecification","valueRequired":true,"valueName":"search_term_string"}}],"inLanguage":"fr-FR"},{"@type":"Organization","@id":"https:\/\/critcareint.com\/fr\/#organization","name":"Critical Care International","url":"https:\/\/critcareint.com\/fr\/","logo":{"@type":"ImageObject","inLanguage":"fr-FR","@id":"https:\/\/critcareint.com\/fr\/#\/schema\/logo\/image\/","url":"https:\/\/critcareint.com\/wp-content\/uploads\/CCI_Logo-1.svg","contentUrl":"https:\/\/critcareint.com\/wp-content\/uploads\/CCI_Logo-1.svg","width":1,"height":1,"caption":"Critical Care International"},"image":{"@id":"https:\/\/critcareint.com\/fr\/#\/schema\/logo\/image\/"},"sameAs":["https:\/\/www.facebook.com\/critcareint","https:\/\/x.com\/CritCareInt","https:\/\/www.linkedin.com\/company\/critical-care-international"]}]}},"_links":{"self":[{"href":"https:\/\/critcareint.com\/fr\/wp-json\/wp\/v2\/pages\/2577","targetHints":{"allow":["GET"]}}],"collection":[{"href":"https:\/\/critcareint.com\/fr\/wp-json\/wp\/v2\/pages"}],"about":[{"href":"https:\/\/critcareint.com\/fr\/wp-json\/wp\/v2\/types\/page"}],"author":[{"embeddable":true,"href":"https:\/\/critcareint.com\/fr\/wp-json\/wp\/v2\/users\/1"}],"replies":[{"embeddable":true,"href":"https:\/\/critcareint.com\/fr\/wp-json\/wp\/v2\/comments?post=2577"}],"version-history":[{"count":2,"href":"https:\/\/critcareint.com\/fr\/wp-json\/wp\/v2\/pages\/2577\/revisions"}],"predecessor-version":[{"id":2579,"href":"https:\/\/critcareint.com\/fr\/wp-json\/wp\/v2\/pages\/2577\/revisions\/2579"}],"wp:featuredmedia":[{"embeddable":true,"href":"https:\/\/critcareint.com\/fr\/wp-json\/wp\/v2\/media\/2083"}],"wp:attachment":[{"href":"https:\/\/critcareint.com\/fr\/wp-json\/wp\/v2\/media?parent=2577"}],"wp:term":[{"taxonomy":"category","embeddable":true,"href":"https:\/\/critcareint.com\/fr\/wp-json\/wp\/v2\/categories?post=2577"},{"taxonomy":"case-study-groups","embeddable":true,"href":"https:\/\/critcareint.com\/fr\/wp-json\/wp\/v2\/case-study-groups?post=2577"},{"taxonomy":"cci-services","embeddable":true,"href":"https:\/\/critcareint.com\/fr\/wp-json\/wp\/v2\/cci-services?post=2577"}],"curies":[{"name":"wp","href":"https:\/\/api.w.org\/{rel}","templated":true}]}}