{"id":2580,"date":"2024-02-13T14:51:22","date_gmt":"2024-02-13T14:51:22","guid":{"rendered":"https:\/\/dev.critcareint.com\/sante-au-travail-et-hygiene-industrielle\/"},"modified":"2024-10-22T09:39:24","modified_gmt":"2024-10-22T09:39:24","slug":"sante-au-travail-et-hygiene-industrielle","status":"publish","type":"page","link":"https:\/\/critcareint.com\/fr\/sante-au-travail-et-hygiene-industrielle\/","title":{"rendered":"Sant\u00e9 au travail et hygi\u00e8ne industrielle"},"content":{"rendered":"\n<p>CCI \u00e9labore et met en \u0153uvre pour ses clients une gamme compl\u00e8te de programmes de sant\u00e9 au travail et d&rsquo;hygi\u00e8ne industrielle notamment:<\/p>\n\n<ul class=\"wp-block-list\">\n<li>\u00c9valuation m\u00e9dicale pr\u00e9-embauche, annuelles et post\u00e9rieures \u00e0 l&#8217;emploi<\/li>\n\n\n\n<li>Le d\u00e9veloppement de groupes d&rsquo;exposition similaire (GES) et des exigences de surveillance pour le bruit, les vibrations et les polluants atmosph\u00e9riques.<\/li>\n\n\n\n<li>Impacts sur la sant\u00e9 de facteurs industrielle (tels que le bruit, les vibrations et les polluants atmosph\u00e9riques, le plomb, la silice)<\/li>\n\n\n\n<li>Mesures de contr\u00f4le et de surveillance suppl\u00e9mentaires pour le personnel dont la s\u00e9curit\u00e9 est essentielle.<\/li>\n\n\n\n<li>Surveillance de l&rsquo;hygi\u00e8ne industrielle : par exemple spirom\u00e9trie, audiom\u00e9trie, acuit\u00e9 visuelle.<\/li>\n\n\n\n<li>D\u00e9pistage et tests de d\u00e9pistage de drogues et d&rsquo;alcool<\/li>\n<\/ul>\n\n<p>Notre approche consiste \u00e0 aider nos clients \u00e0 mettre en place leurs programmes de sant\u00e9 au travail et d&rsquo;hygi\u00e8ne industrielle en supervisant et en formant le personnel m\u00e9dical local \u00e0 la mise en \u0153uvre d&rsquo;\u00e9valuations de la sant\u00e9 au travail, sous la direction et la supervision des experts m\u00e9dicaux de l&rsquo;ICC.<\/p>\n\n<p>En mati\u00e8re d&rsquo;hygi\u00e8ne industrielle et d&rsquo;\u00e9valuation des risques, l&rsquo;ICC est en mesure d&rsquo;effectuer des examens r\u00e9alis\u00e9s par des consultants <a href=\"https:\/\/www.nebosh.org.uk\/about-nebosh\/our-organisation\/\">certifi\u00e9s NEBOSH<\/a>.<\/p>\n","protected":false},"excerpt":{"rendered":"<p>En travaillant dans des secteurs tr\u00e8s r\u00e9glement\u00e9s et dans des environnements \u00e9loign\u00e9s, Critical Care International (CCI) a une connaissance approfondie des exigences de ses clients en mati\u00e8re de sant\u00e9 au travail et d&rsquo;hygi\u00e8ne industrielle.<\/p>\n","protected":false},"author":1,"featured_media":3027,"parent":0,"menu_order":31,"comment_status":"closed","ping_status":"closed","template":"","meta":{"_acf_changed":false,"footnotes":""},"categories":[66,91],"case-study-groups":[],"cci-services":[],"class_list":["post-2580","page","type-page","status-publish","has-post-thumbnail","hentry","category-sante-au-travail","category-services-fr"],"acf":[],"yoast_head":"<!-- This site is optimized with the Yoast SEO plugin v26.8 - https:\/\/yoast.com\/product\/yoast-seo-wordpress\/ -->\n<title>Sant\u00e9 au travail et hygi\u00e8ne industrielle - Critical Care International<\/title>\n<meta name=\"robots\" content=\"index, follow, max-snippet:-1, max-image-preview:large, max-video-preview:-1\" \/>\n<link rel=\"canonical\" href=\"https:\/\/critcareint.com\/fr\/sante-au-travail-et-hygiene-industrielle\/\" \/>\n<meta property=\"og:locale\" content=\"fr_FR\" \/>\n<meta property=\"og:type\" content=\"article\" \/>\n<meta property=\"og:title\" content=\"Sant\u00e9 au travail et hygi\u00e8ne industrielle - Critical Care International\" \/>\n<meta property=\"og:description\" content=\"En travaillant dans des secteurs tr\u00e8s r\u00e9glement\u00e9s et dans des environnements \u00e9loign\u00e9s, Critical Care International (CCI) a une connaissance approfondie des exigences de ses clients en mati\u00e8re de sant\u00e9 au travail et d&#039;hygi\u00e8ne industrielle.\" \/>\n<meta property=\"og:url\" content=\"https:\/\/critcareint.com\/fr\/sante-au-travail-et-hygiene-industrielle\/\" \/>\n<meta property=\"og:site_name\" content=\"Critical Care International\" \/>\n<meta property=\"article:publisher\" content=\"https:\/\/www.facebook.com\/critcareint\" \/>\n<meta property=\"article:modified_time\" content=\"2024-10-22T09:39:24+00:00\" \/>\n<meta property=\"og:image\" content=\"https:\/\/critcareint.com\/wp-content\/uploads\/MG_6593.jpg\" \/>\n\t<meta property=\"og:image:width\" content=\"2400\" \/>\n\t<meta property=\"og:image:height\" content=\"1600\" \/>\n\t<meta property=\"og:image:type\" content=\"image\/jpeg\" \/>\n<meta name=\"twitter:card\" content=\"summary_large_image\" \/>\n<meta name=\"twitter:site\" content=\"@CritCareInt\" \/>\n<meta name=\"twitter:label1\" content=\"Dur\u00e9e de lecture estim\u00e9e\" \/>\n\t<meta name=\"twitter:data1\" content=\"1 minute\" \/>\n<script type=\"application\/ld+json\" class=\"yoast-schema-graph\">{\"@context\":\"https:\/\/schema.org\",\"@graph\":[{\"@type\":\"WebPage\",\"@id\":\"https:\/\/critcareint.com\/fr\/sante-au-travail-et-hygiene-industrielle\/\",\"url\":\"https:\/\/critcareint.com\/fr\/sante-au-travail-et-hygiene-industrielle\/\",\"name\":\"Sant\u00e9 au travail et hygi\u00e8ne industrielle - Critical Care International\",\"isPartOf\":{\"@id\":\"https:\/\/critcareint.com\/fr\/#website\"},\"primaryImageOfPage\":{\"@id\":\"https:\/\/critcareint.com\/fr\/sante-au-travail-et-hygiene-industrielle\/#primaryimage\"},\"image\":{\"@id\":\"https:\/\/critcareint.com\/fr\/sante-au-travail-et-hygiene-industrielle\/#primaryimage\"},\"thumbnailUrl\":\"https:\/\/critcareint.com\/wp-content\/uploads\/MG_6593.jpg\",\"datePublished\":\"2024-02-13T14:51:22+00:00\",\"dateModified\":\"2024-10-22T09:39:24+00:00\",\"breadcrumb\":{\"@id\":\"https:\/\/critcareint.com\/fr\/sante-au-travail-et-hygiene-industrielle\/#breadcrumb\"},\"inLanguage\":\"fr-FR\",\"potentialAction\":[{\"@type\":\"ReadAction\",\"target\":[\"https:\/\/critcareint.com\/fr\/sante-au-travail-et-hygiene-industrielle\/\"]}]},{\"@type\":\"ImageObject\",\"inLanguage\":\"fr-FR\",\"@id\":\"https:\/\/critcareint.com\/fr\/sante-au-travail-et-hygiene-industrielle\/#primaryimage\",\"url\":\"https:\/\/critcareint.com\/wp-content\/uploads\/MG_6593.jpg\",\"contentUrl\":\"https:\/\/critcareint.com\/wp-content\/uploads\/MG_6593.jpg\",\"width\":2400,\"height\":1600,\"caption\":\"Occupational Health and Industrial Hygiene\"},{\"@type\":\"BreadcrumbList\",\"@id\":\"https:\/\/critcareint.com\/fr\/sante-au-travail-et-hygiene-industrielle\/#breadcrumb\",\"itemListElement\":[{\"@type\":\"ListItem\",\"position\":1,\"name\":\"Home\",\"item\":\"https:\/\/critcareint.com\/fr\/\"},{\"@type\":\"ListItem\",\"position\":2,\"name\":\"Sant\u00e9 au travail et hygi\u00e8ne industrielle\"}]},{\"@type\":\"WebSite\",\"@id\":\"https:\/\/critcareint.com\/fr\/#website\",\"url\":\"https:\/\/critcareint.com\/fr\/\",\"name\":\"Critical Care International\",\"description\":\"Remote healthcare solutions for the world\u2019s most demanding environments\",\"publisher\":{\"@id\":\"https:\/\/critcareint.com\/fr\/#organization\"},\"potentialAction\":[{\"@type\":\"SearchAction\",\"target\":{\"@type\":\"EntryPoint\",\"urlTemplate\":\"https:\/\/critcareint.com\/fr\/?s={search_term_string}\"},\"query-input\":{\"@type\":\"PropertyValueSpecification\",\"valueRequired\":true,\"valueName\":\"search_term_string\"}}],\"inLanguage\":\"fr-FR\"},{\"@type\":\"Organization\",\"@id\":\"https:\/\/critcareint.com\/fr\/#organization\",\"name\":\"Critical Care International\",\"url\":\"https:\/\/critcareint.com\/fr\/\",\"logo\":{\"@type\":\"ImageObject\",\"inLanguage\":\"fr-FR\",\"@id\":\"https:\/\/critcareint.com\/fr\/#\/schema\/logo\/image\/\",\"url\":\"https:\/\/critcareint.com\/wp-content\/uploads\/CCI_Logo-1.svg\",\"contentUrl\":\"https:\/\/critcareint.com\/wp-content\/uploads\/CCI_Logo-1.svg\",\"width\":1,\"height\":1,\"caption\":\"Critical Care International\"},\"image\":{\"@id\":\"https:\/\/critcareint.com\/fr\/#\/schema\/logo\/image\/\"},\"sameAs\":[\"https:\/\/www.facebook.com\/critcareint\",\"https:\/\/x.com\/CritCareInt\",\"https:\/\/www.linkedin.com\/company\/critical-care-international\"]}]}<\/script>\n<!-- \/ Yoast SEO plugin. -->","yoast_head_json":{"title":"Sant\u00e9 au travail et hygi\u00e8ne industrielle - Critical Care International","robots":{"index":"index","follow":"follow","max-snippet":"max-snippet:-1","max-image-preview":"max-image-preview:large","max-video-preview":"max-video-preview:-1"},"canonical":"https:\/\/critcareint.com\/fr\/sante-au-travail-et-hygiene-industrielle\/","og_locale":"fr_FR","og_type":"article","og_title":"Sant\u00e9 au travail et hygi\u00e8ne industrielle - Critical Care International","og_description":"En travaillant dans des secteurs tr\u00e8s r\u00e9glement\u00e9s et dans des environnements \u00e9loign\u00e9s, Critical Care International (CCI) a une connaissance approfondie des exigences de ses clients en mati\u00e8re de sant\u00e9 au travail et d'hygi\u00e8ne industrielle.","og_url":"https:\/\/critcareint.com\/fr\/sante-au-travail-et-hygiene-industrielle\/","og_site_name":"Critical Care International","article_publisher":"https:\/\/www.facebook.com\/critcareint","article_modified_time":"2024-10-22T09:39:24+00:00","og_image":[{"width":2400,"height":1600,"url":"https:\/\/critcareint.com\/wp-content\/uploads\/MG_6593.jpg","type":"image\/jpeg"}],"twitter_card":"summary_large_image","twitter_site":"@CritCareInt","twitter_misc":{"Dur\u00e9e de lecture estim\u00e9e":"1 minute"},"schema":{"@context":"https:\/\/schema.org","@graph":[{"@type":"WebPage","@id":"https:\/\/critcareint.com\/fr\/sante-au-travail-et-hygiene-industrielle\/","url":"https:\/\/critcareint.com\/fr\/sante-au-travail-et-hygiene-industrielle\/","name":"Sant\u00e9 au travail et hygi\u00e8ne industrielle - Critical Care International","isPartOf":{"@id":"https:\/\/critcareint.com\/fr\/#website"},"primaryImageOfPage":{"@id":"https:\/\/critcareint.com\/fr\/sante-au-travail-et-hygiene-industrielle\/#primaryimage"},"image":{"@id":"https:\/\/critcareint.com\/fr\/sante-au-travail-et-hygiene-industrielle\/#primaryimage"},"thumbnailUrl":"https:\/\/critcareint.com\/wp-content\/uploads\/MG_6593.jpg","datePublished":"2024-02-13T14:51:22+00:00","dateModified":"2024-10-22T09:39:24+00:00","breadcrumb":{"@id":"https:\/\/critcareint.com\/fr\/sante-au-travail-et-hygiene-industrielle\/#breadcrumb"},"inLanguage":"fr-FR","potentialAction":[{"@type":"ReadAction","target":["https:\/\/critcareint.com\/fr\/sante-au-travail-et-hygiene-industrielle\/"]}]},{"@type":"ImageObject","inLanguage":"fr-FR","@id":"https:\/\/critcareint.com\/fr\/sante-au-travail-et-hygiene-industrielle\/#primaryimage","url":"https:\/\/critcareint.com\/wp-content\/uploads\/MG_6593.jpg","contentUrl":"https:\/\/critcareint.com\/wp-content\/uploads\/MG_6593.jpg","width":2400,"height":1600,"caption":"Occupational Health and Industrial Hygiene"},{"@type":"BreadcrumbList","@id":"https:\/\/critcareint.com\/fr\/sante-au-travail-et-hygiene-industrielle\/#breadcrumb","itemListElement":[{"@type":"ListItem","position":1,"name":"Home","item":"https:\/\/critcareint.com\/fr\/"},{"@type":"ListItem","position":2,"name":"Sant\u00e9 au travail et hygi\u00e8ne industrielle"}]},{"@type":"WebSite","@id":"https:\/\/critcareint.com\/fr\/#website","url":"https:\/\/critcareint.com\/fr\/","name":"Critical Care International","description":"Remote healthcare solutions for the world\u2019s most demanding environments","publisher":{"@id":"https:\/\/critcareint.com\/fr\/#organization"},"potentialAction":[{"@type":"SearchAction","target":{"@type":"EntryPoint","urlTemplate":"https:\/\/critcareint.com\/fr\/?s={search_term_string}"},"query-input":{"@type":"PropertyValueSpecification","valueRequired":true,"valueName":"search_term_string"}}],"inLanguage":"fr-FR"},{"@type":"Organization","@id":"https:\/\/critcareint.com\/fr\/#organization","name":"Critical Care International","url":"https:\/\/critcareint.com\/fr\/","logo":{"@type":"ImageObject","inLanguage":"fr-FR","@id":"https:\/\/critcareint.com\/fr\/#\/schema\/logo\/image\/","url":"https:\/\/critcareint.com\/wp-content\/uploads\/CCI_Logo-1.svg","contentUrl":"https:\/\/critcareint.com\/wp-content\/uploads\/CCI_Logo-1.svg","width":1,"height":1,"caption":"Critical Care International"},"image":{"@id":"https:\/\/critcareint.com\/fr\/#\/schema\/logo\/image\/"},"sameAs":["https:\/\/www.facebook.com\/critcareint","https:\/\/x.com\/CritCareInt","https:\/\/www.linkedin.com\/company\/critical-care-international"]}]}},"_links":{"self":[{"href":"https:\/\/critcareint.com\/fr\/wp-json\/wp\/v2\/pages\/2580","targetHints":{"allow":["GET"]}}],"collection":[{"href":"https:\/\/critcareint.com\/fr\/wp-json\/wp\/v2\/pages"}],"about":[{"href":"https:\/\/critcareint.com\/fr\/wp-json\/wp\/v2\/types\/page"}],"author":[{"embeddable":true,"href":"https:\/\/critcareint.com\/fr\/wp-json\/wp\/v2\/users\/1"}],"replies":[{"embeddable":true,"href":"https:\/\/critcareint.com\/fr\/wp-json\/wp\/v2\/comments?post=2580"}],"version-history":[{"count":4,"href":"https:\/\/critcareint.com\/fr\/wp-json\/wp\/v2\/pages\/2580\/revisions"}],"predecessor-version":[{"id":3099,"href":"https:\/\/critcareint.com\/fr\/wp-json\/wp\/v2\/pages\/2580\/revisions\/3099"}],"wp:featuredmedia":[{"embeddable":true,"href":"https:\/\/critcareint.com\/fr\/wp-json\/wp\/v2\/media\/3027"}],"wp:attachment":[{"href":"https:\/\/critcareint.com\/fr\/wp-json\/wp\/v2\/media?parent=2580"}],"wp:term":[{"taxonomy":"category","embeddable":true,"href":"https:\/\/critcareint.com\/fr\/wp-json\/wp\/v2\/categories?post=2580"},{"taxonomy":"case-study-groups","embeddable":true,"href":"https:\/\/critcareint.com\/fr\/wp-json\/wp\/v2\/case-study-groups?post=2580"},{"taxonomy":"cci-services","embeddable":true,"href":"https:\/\/critcareint.com\/fr\/wp-json\/wp\/v2\/cci-services?post=2580"}],"curies":[{"name":"wp","href":"https:\/\/api.w.org\/{rel}","templated":true}]}}