{"id":2596,"date":"2024-02-13T13:00:29","date_gmt":"2024-02-13T13:00:29","guid":{"rendered":"https:\/\/dev.critcareint.com\/nos-services\/"},"modified":"2024-02-16T10:02:18","modified_gmt":"2024-02-16T10:02:18","slug":"nos-services","status":"publish","type":"page","link":"https:\/\/critcareint.com\/fr\/nos-services\/","title":{"rendered":"Nos Services"},"content":{"rendered":"\n<p>CCI est une soci\u00e9t\u00e9 de services m\u00e9dicaux cr\u00e9\u00e9e pour r\u00e9pondre \u00e0 la demande de soins m\u00e9dicaux de haute qualit\u00e9 dans des environnements isol\u00e9s ou \u00e0 haut risque.<\/p>\n\n<p>Nous sommes sp\u00e9cialis\u00e9s dans la fourniture de personnel m\u00e9dical, de services de conseil, de formation et de soutien aux soins de sant\u00e9 communautaires.<\/p>\n\n<ul class=\"wp-block-list\">\n<li>Recrutement de personnel m\u00e9dical pour les sites \u00e9loign\u00e9s<\/li>\n\n\n\n<li>ESG &#8211; Soins de sant\u00e9 communautaires<\/li>\n\n\n\n<li>Service d&rsquo;assistance sanitaire mondiale 24h\/24 et 7j\/7<\/li>\n\n\n\n<li>Services de conseil strat\u00e9gique<\/li>\n\n\n\n<li>Formation aux interventions m\u00e9dicales et d&rsquo;urgence<\/li>\n\n\n\n<li>Evacuation m\u00e9dicale<\/li>\n\n\n\n<li>Sant\u00e9 et pr\u00e9paration aux situations d&rsquo;urgence<\/li>\n\n\n\n<li>Sant\u00e9 au travail et hygi\u00e8ne industrielle<\/li>\n<\/ul>\n\n<p>Notre \u00e9quipe est compos\u00e9e de consultants en soins intensifs, cardiologie, chirurgie traumatologique, orthop\u00e9die, p\u00e9diatrie, m\u00e9decine respiratoire, maladies infectieuses et anesth\u00e9sie, qui ont conseill\u00e9 des organisations commerciales, des gouvernements et des organisations militaires dans le monde entier.<\/p>\n\n<p>Nos clients op\u00e8rent dans une vari\u00e9t\u00e9 de secteurs et d&rsquo;industries, notamment:<\/p>\n\n<ul class=\"wp-block-list\">\n<li>\u00c9nergies renouvelables<\/li>\n\n\n\n<li>Construction et ing\u00e9nierie<\/li>\n\n\n\n<li>Exploitation mini\u00e8re<\/li>\n\n\n\n<li>P\u00e9trole et gaz<\/li>\n\n\n\n<li>Agriculture<\/li>\n\n\n\n<li>Exp\u00e9dition \/ maritime<\/li>\n\n\n\n<li>Entreprise \/ conseil<\/li>\n\n\n\n<li>ONG<\/li>\n\n\n\n<li>Gouvernements<\/li>\n\n\n\n<li>Industrie de la s\u00e9curit\u00e9<\/li>\n\n\n\n<li>Voyages d&rsquo;aventure<\/li>\n<\/ul>\n","protected":false},"excerpt":{"rendered":"<p>CCI est une soci\u00e9t\u00e9 de services m\u00e9dicaux cr\u00e9\u00e9e pour r\u00e9pondre \u00e0 la demande de soins m\u00e9dicaux de haute qualit\u00e9 dans des environnements isol\u00e9s ou \u00e0 haut risque. Nous sommes sp\u00e9cialis\u00e9s dans la fourniture de personnel m\u00e9dical, de services de conseil, de formation et de soutien aux soins de sant\u00e9 communautaires. Notre \u00e9quipe est compos\u00e9e de [&hellip;]<\/p>\n","protected":false},"author":1,"featured_media":0,"parent":0,"menu_order":19,"comment_status":"closed","ping_status":"closed","template":"","meta":{"_acf_changed":false,"footnotes":""},"categories":[],"case-study-groups":[],"cci-services":[],"class_list":["post-2596","page","type-page","status-publish","hentry"],"acf":[],"yoast_head":"<!-- This site is optimized with the Yoast SEO plugin v26.8 - https:\/\/yoast.com\/product\/yoast-seo-wordpress\/ -->\n<title>Nos Services - Critical Care International<\/title>\n<meta name=\"robots\" content=\"index, follow, max-snippet:-1, max-image-preview:large, max-video-preview:-1\" \/>\n<link rel=\"canonical\" href=\"https:\/\/critcareint.com\/fr\/nos-services\/\" \/>\n<meta property=\"og:locale\" content=\"fr_FR\" \/>\n<meta property=\"og:type\" content=\"article\" \/>\n<meta property=\"og:title\" content=\"Nos Services - Critical Care International\" \/>\n<meta property=\"og:description\" content=\"CCI est une soci\u00e9t\u00e9 de services m\u00e9dicaux cr\u00e9\u00e9e pour r\u00e9pondre \u00e0 la demande de soins m\u00e9dicaux de haute qualit\u00e9 dans des environnements isol\u00e9s ou \u00e0 haut risque. Nous sommes sp\u00e9cialis\u00e9s dans la fourniture de personnel m\u00e9dical, de services de conseil, de formation et de soutien aux soins de sant\u00e9 communautaires. Notre \u00e9quipe est compos\u00e9e de [&hellip;]\" \/>\n<meta property=\"og:url\" content=\"https:\/\/critcareint.com\/fr\/nos-services\/\" \/>\n<meta property=\"og:site_name\" content=\"Critical Care International\" \/>\n<meta property=\"article:publisher\" content=\"https:\/\/www.facebook.com\/critcareint\" \/>\n<meta property=\"article:modified_time\" content=\"2024-02-16T10:02:18+00:00\" \/>\n<meta name=\"twitter:card\" content=\"summary_large_image\" \/>\n<meta name=\"twitter:site\" content=\"@CritCareInt\" \/>\n<meta name=\"twitter:label1\" content=\"Dur\u00e9e de lecture estim\u00e9e\" \/>\n\t<meta name=\"twitter:data1\" content=\"1 minute\" \/>\n<script type=\"application\/ld+json\" class=\"yoast-schema-graph\">{\"@context\":\"https:\/\/schema.org\",\"@graph\":[{\"@type\":\"WebPage\",\"@id\":\"https:\/\/critcareint.com\/fr\/nos-services\/\",\"url\":\"https:\/\/critcareint.com\/fr\/nos-services\/\",\"name\":\"Nos Services - Critical Care International\",\"isPartOf\":{\"@id\":\"https:\/\/critcareint.com\/fr\/#website\"},\"datePublished\":\"2024-02-13T13:00:29+00:00\",\"dateModified\":\"2024-02-16T10:02:18+00:00\",\"breadcrumb\":{\"@id\":\"https:\/\/critcareint.com\/fr\/nos-services\/#breadcrumb\"},\"inLanguage\":\"fr-FR\",\"potentialAction\":[{\"@type\":\"ReadAction\",\"target\":[\"https:\/\/critcareint.com\/fr\/nos-services\/\"]}]},{\"@type\":\"BreadcrumbList\",\"@id\":\"https:\/\/critcareint.com\/fr\/nos-services\/#breadcrumb\",\"itemListElement\":[{\"@type\":\"ListItem\",\"position\":1,\"name\":\"Home\",\"item\":\"https:\/\/critcareint.com\/fr\/\"},{\"@type\":\"ListItem\",\"position\":2,\"name\":\"Nos Services\"}]},{\"@type\":\"WebSite\",\"@id\":\"https:\/\/critcareint.com\/fr\/#website\",\"url\":\"https:\/\/critcareint.com\/fr\/\",\"name\":\"Critical Care International\",\"description\":\"Remote healthcare solutions for the world\u2019s most demanding environments\",\"publisher\":{\"@id\":\"https:\/\/critcareint.com\/fr\/#organization\"},\"potentialAction\":[{\"@type\":\"SearchAction\",\"target\":{\"@type\":\"EntryPoint\",\"urlTemplate\":\"https:\/\/critcareint.com\/fr\/?s={search_term_string}\"},\"query-input\":{\"@type\":\"PropertyValueSpecification\",\"valueRequired\":true,\"valueName\":\"search_term_string\"}}],\"inLanguage\":\"fr-FR\"},{\"@type\":\"Organization\",\"@id\":\"https:\/\/critcareint.com\/fr\/#organization\",\"name\":\"Critical Care International\",\"url\":\"https:\/\/critcareint.com\/fr\/\",\"logo\":{\"@type\":\"ImageObject\",\"inLanguage\":\"fr-FR\",\"@id\":\"https:\/\/critcareint.com\/fr\/#\/schema\/logo\/image\/\",\"url\":\"https:\/\/critcareint.com\/wp-content\/uploads\/CCI_Logo-1.svg\",\"contentUrl\":\"https:\/\/critcareint.com\/wp-content\/uploads\/CCI_Logo-1.svg\",\"width\":1,\"height\":1,\"caption\":\"Critical Care International\"},\"image\":{\"@id\":\"https:\/\/critcareint.com\/fr\/#\/schema\/logo\/image\/\"},\"sameAs\":[\"https:\/\/www.facebook.com\/critcareint\",\"https:\/\/x.com\/CritCareInt\",\"https:\/\/www.linkedin.com\/company\/critical-care-international\"]}]}<\/script>\n<!-- \/ Yoast SEO plugin. -->","yoast_head_json":{"title":"Nos Services - Critical Care International","robots":{"index":"index","follow":"follow","max-snippet":"max-snippet:-1","max-image-preview":"max-image-preview:large","max-video-preview":"max-video-preview:-1"},"canonical":"https:\/\/critcareint.com\/fr\/nos-services\/","og_locale":"fr_FR","og_type":"article","og_title":"Nos Services - Critical Care International","og_description":"CCI est une soci\u00e9t\u00e9 de services m\u00e9dicaux cr\u00e9\u00e9e pour r\u00e9pondre \u00e0 la demande de soins m\u00e9dicaux de haute qualit\u00e9 dans des environnements isol\u00e9s ou \u00e0 haut risque. Nous sommes sp\u00e9cialis\u00e9s dans la fourniture de personnel m\u00e9dical, de services de conseil, de formation et de soutien aux soins de sant\u00e9 communautaires. Notre \u00e9quipe est compos\u00e9e de [&hellip;]","og_url":"https:\/\/critcareint.com\/fr\/nos-services\/","og_site_name":"Critical Care International","article_publisher":"https:\/\/www.facebook.com\/critcareint","article_modified_time":"2024-02-16T10:02:18+00:00","twitter_card":"summary_large_image","twitter_site":"@CritCareInt","twitter_misc":{"Dur\u00e9e de lecture estim\u00e9e":"1 minute"},"schema":{"@context":"https:\/\/schema.org","@graph":[{"@type":"WebPage","@id":"https:\/\/critcareint.com\/fr\/nos-services\/","url":"https:\/\/critcareint.com\/fr\/nos-services\/","name":"Nos Services - Critical Care International","isPartOf":{"@id":"https:\/\/critcareint.com\/fr\/#website"},"datePublished":"2024-02-13T13:00:29+00:00","dateModified":"2024-02-16T10:02:18+00:00","breadcrumb":{"@id":"https:\/\/critcareint.com\/fr\/nos-services\/#breadcrumb"},"inLanguage":"fr-FR","potentialAction":[{"@type":"ReadAction","target":["https:\/\/critcareint.com\/fr\/nos-services\/"]}]},{"@type":"BreadcrumbList","@id":"https:\/\/critcareint.com\/fr\/nos-services\/#breadcrumb","itemListElement":[{"@type":"ListItem","position":1,"name":"Home","item":"https:\/\/critcareint.com\/fr\/"},{"@type":"ListItem","position":2,"name":"Nos Services"}]},{"@type":"WebSite","@id":"https:\/\/critcareint.com\/fr\/#website","url":"https:\/\/critcareint.com\/fr\/","name":"Critical Care International","description":"Remote healthcare solutions for the world\u2019s most demanding environments","publisher":{"@id":"https:\/\/critcareint.com\/fr\/#organization"},"potentialAction":[{"@type":"SearchAction","target":{"@type":"EntryPoint","urlTemplate":"https:\/\/critcareint.com\/fr\/?s={search_term_string}"},"query-input":{"@type":"PropertyValueSpecification","valueRequired":true,"valueName":"search_term_string"}}],"inLanguage":"fr-FR"},{"@type":"Organization","@id":"https:\/\/critcareint.com\/fr\/#organization","name":"Critical Care International","url":"https:\/\/critcareint.com\/fr\/","logo":{"@type":"ImageObject","inLanguage":"fr-FR","@id":"https:\/\/critcareint.com\/fr\/#\/schema\/logo\/image\/","url":"https:\/\/critcareint.com\/wp-content\/uploads\/CCI_Logo-1.svg","contentUrl":"https:\/\/critcareint.com\/wp-content\/uploads\/CCI_Logo-1.svg","width":1,"height":1,"caption":"Critical Care International"},"image":{"@id":"https:\/\/critcareint.com\/fr\/#\/schema\/logo\/image\/"},"sameAs":["https:\/\/www.facebook.com\/critcareint","https:\/\/x.com\/CritCareInt","https:\/\/www.linkedin.com\/company\/critical-care-international"]}]}},"_links":{"self":[{"href":"https:\/\/critcareint.com\/fr\/wp-json\/wp\/v2\/pages\/2596","targetHints":{"allow":["GET"]}}],"collection":[{"href":"https:\/\/critcareint.com\/fr\/wp-json\/wp\/v2\/pages"}],"about":[{"href":"https:\/\/critcareint.com\/fr\/wp-json\/wp\/v2\/types\/page"}],"author":[{"embeddable":true,"href":"https:\/\/critcareint.com\/fr\/wp-json\/wp\/v2\/users\/1"}],"replies":[{"embeddable":true,"href":"https:\/\/critcareint.com\/fr\/wp-json\/wp\/v2\/comments?post=2596"}],"version-history":[{"count":3,"href":"https:\/\/critcareint.com\/fr\/wp-json\/wp\/v2\/pages\/2596\/revisions"}],"predecessor-version":[{"id":2599,"href":"https:\/\/critcareint.com\/fr\/wp-json\/wp\/v2\/pages\/2596\/revisions\/2599"}],"wp:attachment":[{"href":"https:\/\/critcareint.com\/fr\/wp-json\/wp\/v2\/media?parent=2596"}],"wp:term":[{"taxonomy":"category","embeddable":true,"href":"https:\/\/critcareint.com\/fr\/wp-json\/wp\/v2\/categories?post=2596"},{"taxonomy":"case-study-groups","embeddable":true,"href":"https:\/\/critcareint.com\/fr\/wp-json\/wp\/v2\/case-study-groups?post=2596"},{"taxonomy":"cci-services","embeddable":true,"href":"https:\/\/critcareint.com\/fr\/wp-json\/wp\/v2\/cci-services?post=2596"}],"curies":[{"name":"wp","href":"https:\/\/api.w.org\/{rel}","templated":true}]}}