{"id":2664,"date":"2019-06-06T12:02:24","date_gmt":"2019-06-06T12:02:24","guid":{"rendered":"https:\/\/dev.critcareint.com\/rejoignez-nous\/"},"modified":"2024-03-25T12:08:25","modified_gmt":"2024-03-25T12:08:25","slug":"rejoignez-nous","status":"publish","type":"page","link":"https:\/\/critcareint.com\/fr\/rejoignez-nous\/","title":{"rendered":"Rejoignez-nous"},"content":{"rendered":"\n<p><iframe title=\"M&#xE9;decine &#xE0; distance - Vid&#xE9;o de recrutement de CCI\" src=\"https:\/\/www.youtube.com\/embed\/0hgHJdAMpGo?modestbranding=1&amp;controls=0\" width=\"895\" height=\"503\" frameborder=\"0\" allowfullscreen=\"allowfullscreen\"><\/iframe><\/p>\n\n<p>Rejoignez une \u00e9quipe dynamique et multiculturelle qui aspire aux normes m\u00e9dicales et \u00e9thiques les plus \u00e9lev\u00e9es en mati\u00e8re de soins de sant\u00e9 \u00e0 distance.<\/p>\n\n<h2 class=\"wp-block-heading\">Ce que nous recherchons<\/h2>\n\n<p>Nous accueillons des m\u00e9decins, des infirmi\u00e8res, des auxiliaires m\u00e9dicaux et des professionnels du d\u00e9veloppement de tout \u00e2ge, de toute origine culturelle et de toute orientation qui poss\u00e8dent.. :<\/p>\n\n<ul class=\"wp-block-list\">\n<li>Dynamisme professionnel, enthousiasme, humour, maturit\u00e9 et autonomie<\/li>\n\n\n\n<li>Le courage moral<\/li>\n\n\n\n<li>Clart\u00e9 de pens\u00e9e et bon jugement<\/li>\n\n\n\n<li>Sensibilit\u00e9 culturelle &#8211; capacit\u00e9 \u00e0 \u00e9tablir des relations efficaces avec les parties prenantes au sein des communaut\u00e9s, des organisations clientes et parmi les pairs et les coll\u00e8gues<\/li>\n<\/ul>\n\n<p>Les professionnels de la sant\u00e9 souhaitant \u00eatre d\u00e9ploy\u00e9s doivent disposer d&rsquo;un minimum de.. :<\/p>\n\n<ul class=\"wp-block-list\">\n<li>3 ans d&rsquo;exp\u00e9rience post-qualification<\/li>\n\n\n\n<li>Exp\u00e9rience pr\u00e9alable du travail dans des environnements distants<\/li>\n\n\n\n<li>Qualifications ALS et ATLS\/PHTLS ou \u00e9quivalent<\/li>\n\n\n\n<li>Anglais courant, d&rsquo;autres langues \u00e9tant fortement souhait\u00e9es<\/li>\n<\/ul>\n\n<h2 class=\"wp-block-heading\">Ce que nous proposons<\/h2>\n\n<p>Nous offrons un \u00e9ventail de possibilit\u00e9s de d\u00e9ploiement et de conseil pour les professionnels exp\u00e9riment\u00e9s.<\/p>\n\n<ul class=\"wp-block-list\">\n<li>Soins intensifs 24 heures sur 24, 7 jours sur 7, en cas d&rsquo;urgence clinique et acc\u00e8s au groupe consultatif d&rsquo;experts pour l&rsquo;orientation vers des sp\u00e9cialistes des soins secondaires.<\/li>\n\n\n\n<li>Une aide au d\u00e9veloppement professionnel qui comprend des webinaires de formation r\u00e9guliers, une orientation professionnelle de la part de cliniciens exp\u00e9riment\u00e9s et l&rsquo;acc\u00e8s \u00e0 un budget de formation.<\/li>\n\n\n\n<li>Un ensemble de prestations sociales comprenant des s\u00e9ances d&rsquo;information sur la s\u00e9curit\u00e9 avant le d\u00e9ploiement, une assurance voyage, un soutien \u00e0 la gestion des op\u00e9rations et une assurance m\u00e9dicale compl\u00e8te contre la faute professionnelle.<\/li>\n\n\n\n<li>D\u00e9fis de d\u00e9veloppement personnel li\u00e9s \u00e0 la gestion de projets, \u00e0 la direction d&rsquo;\u00e9quipes pluridisciplinaires, au mentorat et \u00e0 la pratique clinique autonome.<\/li>\n\n\n\n<li>Apporter des changements positifs aux syst\u00e8mes de sant\u00e9 locaux par la conception et la mise en \u0153uvre de projets de d\u00e9veloppement communautaire.<\/li>\n<\/ul>\n\n<div class=\"wp-block-buttons is-content-justification-center is-layout-flex wp-container-core-buttons-is-layout-1 wp-block-buttons-is-layout-flex\">\n<div class=\"wp-block-button\"><a class=\"wp-block-button__link wp-element-button\" href=\"https:\/\/critcareint.com\/join-us\/send-us-your-cv\/\">Envoyez-nous votre CV<\/a><\/div>\n<\/div>\n\n<p><\/p>\n\n<div class=\"wp-block-cover is-light has-cci-green-color has-text-color has-link-color wp-elements-b9335fb3c3d1acdcfc92176ff3c4975e\"><span aria-hidden=\"true\" class=\"wp-block-cover__background has-cci-verylightgreen-background-color has-background-dim-100 has-background-dim\"><\/span><div class=\"wp-block-cover__inner-container is-layout-constrained wp-block-cover-is-layout-constrained\">\n<p>En 2023, nous avons organis\u00e9 un concours de r\u00e9daction pour les \u00e9tudiants en m\u00e9decine, et les trois meilleurs auteurs ont chacun gagn\u00e9 une ann\u00e9e d&rsquo;adh\u00e9sion \u00e0 la <a href=\"https:\/\/www.rcsed.ac.uk\/faculties\/faculty-of-remote-rural-and-humanitarian-healthcare\" target=\"_blank\" rel=\"noopener noreferrer\">Facult\u00e9 des soins de sant\u00e9 \u00e0 distance, ruraux et humanitaires<\/a> (avec l&rsquo;aimable autorisation du FRRHH, Coll\u00e8ge royal des chirurgiens d&rsquo;\u00c9dimbourg), ainsi qu&rsquo;une somme d&rsquo;argent.<\/p>\n\n\n\n<p>Les essais gagnants peuvent \u00eatre lus ici :  <\/p>\n\n\n\n<ul class=\"wp-block-list\">\n<li><a href=\"https:\/\/critcareint.com\/wp-content\/uploads\/Dana-Alkhatib-Song-of-the-Soul.pdf\" target=\"_blank\" rel=\"noopener\"><strong>Dana Alkhatib : Le chant de l&rsquo;\u00e2me<\/strong><\/a><\/li>\n\n\n\n<li><a href=\"https:\/\/critcareint.com\/wp-content\/uploads\/Jessie-Mante-CCI-Impact-of-Life-Excpectancy-on-Healthcare.pdf\" target=\"_blank\" rel=\"noopener\"><strong>Jessie Mante : L&rsquo;impact de l&rsquo;esp\u00e9rance de vie sur les soins de sant\u00e9<\/strong><\/a><\/li>\n\n\n\n<li><strong><a href=\"https:\/\/critcareint.com\/wp-content\/uploads\/Sumiyyah-Farooq-The-role-of-the-community-arts-and-culture-in-healthcare.pdf\" target=\"_blank\" rel=\"noopener\">Sumiyyah Farooq : Le r\u00f4le de la communaut\u00e9, des arts et de la culture dans les soins de sant\u00e9<\/a>.<\/strong><\/li>\n<\/ul>\n\n\n\n<p>En 2024, nous avons l&rsquo;intention de proposer un syst\u00e8me de bourses pour les stages m\u00e9dicaux facultatifs.  <br\/><b>Surveillez cet espace pour conna\u00eetre les modalit\u00e9s de candidature.<\/b><\/p>\n<\/div><\/div>\n","protected":false},"excerpt":{"rendered":"<p>Critical Care International recrute des professionnels de la sant\u00e9 et du d\u00e9veloppement tr\u00e8s motiv\u00e9s qui souhaitent d\u00e9ployer leurs comp\u00e9tences et leur exp\u00e9rience dans des environnements difficiles et \u00e9loign\u00e9s dans le monde entier.<\/p>\n","protected":false},"author":1,"featured_media":2515,"parent":0,"menu_order":57,"comment_status":"closed","ping_status":"closed","template":"","meta":{"_acf_changed":false,"footnotes":""},"categories":[],"case-study-groups":[],"cci-services":[],"class_list":["post-2664","page","type-page","status-publish","has-post-thumbnail","hentry"],"acf":[],"yoast_head":"<!-- This site is optimized with the Yoast SEO plugin v26.8 - https:\/\/yoast.com\/product\/yoast-seo-wordpress\/ -->\n<title>Rejoignez-nous - Critical Care International<\/title>\n<meta name=\"robots\" content=\"index, follow, max-snippet:-1, max-image-preview:large, max-video-preview:-1\" \/>\n<link rel=\"canonical\" href=\"https:\/\/critcareint.com\/fr\/rejoignez-nous\/\" \/>\n<meta property=\"og:locale\" content=\"fr_FR\" \/>\n<meta property=\"og:type\" content=\"article\" \/>\n<meta property=\"og:title\" content=\"Rejoignez-nous - Critical Care International\" \/>\n<meta property=\"og:description\" content=\"Critical Care International recrute des professionnels de la sant\u00e9 et du d\u00e9veloppement tr\u00e8s motiv\u00e9s qui souhaitent d\u00e9ployer leurs comp\u00e9tences et leur exp\u00e9rience dans des environnements difficiles et \u00e9loign\u00e9s dans le monde entier.\" \/>\n<meta property=\"og:url\" content=\"https:\/\/critcareint.com\/fr\/rejoignez-nous\/\" \/>\n<meta property=\"og:site_name\" content=\"Critical Care International\" \/>\n<meta property=\"article:publisher\" content=\"https:\/\/www.facebook.com\/critcareint\" \/>\n<meta property=\"article:modified_time\" content=\"2024-03-25T12:08:25+00:00\" \/>\n<meta property=\"og:image\" content=\"https:\/\/critcareint.com\/wp-content\/uploads\/joinus-1.jpg\" \/>\n\t<meta property=\"og:image:width\" content=\"2400\" \/>\n\t<meta property=\"og:image:height\" content=\"900\" \/>\n\t<meta property=\"og:image:type\" content=\"image\/jpeg\" \/>\n<meta name=\"twitter:card\" content=\"summary_large_image\" \/>\n<meta name=\"twitter:site\" content=\"@CritCareInt\" \/>\n<meta name=\"twitter:label1\" content=\"Dur\u00e9e de lecture estim\u00e9e\" \/>\n\t<meta name=\"twitter:data1\" content=\"2 minutes\" \/>\n<script type=\"application\/ld+json\" class=\"yoast-schema-graph\">{\"@context\":\"https:\/\/schema.org\",\"@graph\":[{\"@type\":\"WebPage\",\"@id\":\"https:\/\/critcareint.com\/fr\/rejoignez-nous\/\",\"url\":\"https:\/\/critcareint.com\/fr\/rejoignez-nous\/\",\"name\":\"Rejoignez-nous - Critical Care International\",\"isPartOf\":{\"@id\":\"https:\/\/critcareint.com\/fr\/#website\"},\"primaryImageOfPage\":{\"@id\":\"https:\/\/critcareint.com\/fr\/rejoignez-nous\/#primaryimage\"},\"image\":{\"@id\":\"https:\/\/critcareint.com\/fr\/rejoignez-nous\/#primaryimage\"},\"thumbnailUrl\":\"https:\/\/critcareint.com\/wp-content\/uploads\/joinus-1.jpg\",\"datePublished\":\"2019-06-06T12:02:24+00:00\",\"dateModified\":\"2024-03-25T12:08:25+00:00\",\"breadcrumb\":{\"@id\":\"https:\/\/critcareint.com\/fr\/rejoignez-nous\/#breadcrumb\"},\"inLanguage\":\"fr-FR\",\"potentialAction\":[{\"@type\":\"ReadAction\",\"target\":[\"https:\/\/critcareint.com\/fr\/rejoignez-nous\/\"]}]},{\"@type\":\"ImageObject\",\"inLanguage\":\"fr-FR\",\"@id\":\"https:\/\/critcareint.com\/fr\/rejoignez-nous\/#primaryimage\",\"url\":\"https:\/\/critcareint.com\/wp-content\/uploads\/joinus-1.jpg\",\"contentUrl\":\"https:\/\/critcareint.com\/wp-content\/uploads\/joinus-1.jpg\",\"width\":2400,\"height\":900},{\"@type\":\"BreadcrumbList\",\"@id\":\"https:\/\/critcareint.com\/fr\/rejoignez-nous\/#breadcrumb\",\"itemListElement\":[{\"@type\":\"ListItem\",\"position\":1,\"name\":\"Home\",\"item\":\"https:\/\/critcareint.com\/fr\/\"},{\"@type\":\"ListItem\",\"position\":2,\"name\":\"Rejoignez-nous\"}]},{\"@type\":\"WebSite\",\"@id\":\"https:\/\/critcareint.com\/fr\/#website\",\"url\":\"https:\/\/critcareint.com\/fr\/\",\"name\":\"Critical Care International\",\"description\":\"Remote healthcare solutions for the world\u2019s most demanding environments\",\"publisher\":{\"@id\":\"https:\/\/critcareint.com\/fr\/#organization\"},\"potentialAction\":[{\"@type\":\"SearchAction\",\"target\":{\"@type\":\"EntryPoint\",\"urlTemplate\":\"https:\/\/critcareint.com\/fr\/?s={search_term_string}\"},\"query-input\":{\"@type\":\"PropertyValueSpecification\",\"valueRequired\":true,\"valueName\":\"search_term_string\"}}],\"inLanguage\":\"fr-FR\"},{\"@type\":\"Organization\",\"@id\":\"https:\/\/critcareint.com\/fr\/#organization\",\"name\":\"Critical Care International\",\"url\":\"https:\/\/critcareint.com\/fr\/\",\"logo\":{\"@type\":\"ImageObject\",\"inLanguage\":\"fr-FR\",\"@id\":\"https:\/\/critcareint.com\/fr\/#\/schema\/logo\/image\/\",\"url\":\"https:\/\/critcareint.com\/wp-content\/uploads\/CCI_Logo-1.svg\",\"contentUrl\":\"https:\/\/critcareint.com\/wp-content\/uploads\/CCI_Logo-1.svg\",\"width\":1,\"height\":1,\"caption\":\"Critical Care International\"},\"image\":{\"@id\":\"https:\/\/critcareint.com\/fr\/#\/schema\/logo\/image\/\"},\"sameAs\":[\"https:\/\/www.facebook.com\/critcareint\",\"https:\/\/x.com\/CritCareInt\",\"https:\/\/www.linkedin.com\/company\/critical-care-international\"]}]}<\/script>\n<!-- \/ Yoast SEO plugin. -->","yoast_head_json":{"title":"Rejoignez-nous - Critical Care International","robots":{"index":"index","follow":"follow","max-snippet":"max-snippet:-1","max-image-preview":"max-image-preview:large","max-video-preview":"max-video-preview:-1"},"canonical":"https:\/\/critcareint.com\/fr\/rejoignez-nous\/","og_locale":"fr_FR","og_type":"article","og_title":"Rejoignez-nous - Critical Care International","og_description":"Critical Care International recrute des professionnels de la sant\u00e9 et du d\u00e9veloppement tr\u00e8s motiv\u00e9s qui souhaitent d\u00e9ployer leurs comp\u00e9tences et leur exp\u00e9rience dans des environnements difficiles et \u00e9loign\u00e9s dans le monde entier.","og_url":"https:\/\/critcareint.com\/fr\/rejoignez-nous\/","og_site_name":"Critical Care International","article_publisher":"https:\/\/www.facebook.com\/critcareint","article_modified_time":"2024-03-25T12:08:25+00:00","og_image":[{"width":2400,"height":900,"url":"https:\/\/critcareint.com\/wp-content\/uploads\/joinus-1.jpg","type":"image\/jpeg"}],"twitter_card":"summary_large_image","twitter_site":"@CritCareInt","twitter_misc":{"Dur\u00e9e de lecture estim\u00e9e":"2 minutes"},"schema":{"@context":"https:\/\/schema.org","@graph":[{"@type":"WebPage","@id":"https:\/\/critcareint.com\/fr\/rejoignez-nous\/","url":"https:\/\/critcareint.com\/fr\/rejoignez-nous\/","name":"Rejoignez-nous - Critical Care International","isPartOf":{"@id":"https:\/\/critcareint.com\/fr\/#website"},"primaryImageOfPage":{"@id":"https:\/\/critcareint.com\/fr\/rejoignez-nous\/#primaryimage"},"image":{"@id":"https:\/\/critcareint.com\/fr\/rejoignez-nous\/#primaryimage"},"thumbnailUrl":"https:\/\/critcareint.com\/wp-content\/uploads\/joinus-1.jpg","datePublished":"2019-06-06T12:02:24+00:00","dateModified":"2024-03-25T12:08:25+00:00","breadcrumb":{"@id":"https:\/\/critcareint.com\/fr\/rejoignez-nous\/#breadcrumb"},"inLanguage":"fr-FR","potentialAction":[{"@type":"ReadAction","target":["https:\/\/critcareint.com\/fr\/rejoignez-nous\/"]}]},{"@type":"ImageObject","inLanguage":"fr-FR","@id":"https:\/\/critcareint.com\/fr\/rejoignez-nous\/#primaryimage","url":"https:\/\/critcareint.com\/wp-content\/uploads\/joinus-1.jpg","contentUrl":"https:\/\/critcareint.com\/wp-content\/uploads\/joinus-1.jpg","width":2400,"height":900},{"@type":"BreadcrumbList","@id":"https:\/\/critcareint.com\/fr\/rejoignez-nous\/#breadcrumb","itemListElement":[{"@type":"ListItem","position":1,"name":"Home","item":"https:\/\/critcareint.com\/fr\/"},{"@type":"ListItem","position":2,"name":"Rejoignez-nous"}]},{"@type":"WebSite","@id":"https:\/\/critcareint.com\/fr\/#website","url":"https:\/\/critcareint.com\/fr\/","name":"Critical Care International","description":"Remote healthcare solutions for the world\u2019s most demanding environments","publisher":{"@id":"https:\/\/critcareint.com\/fr\/#organization"},"potentialAction":[{"@type":"SearchAction","target":{"@type":"EntryPoint","urlTemplate":"https:\/\/critcareint.com\/fr\/?s={search_term_string}"},"query-input":{"@type":"PropertyValueSpecification","valueRequired":true,"valueName":"search_term_string"}}],"inLanguage":"fr-FR"},{"@type":"Organization","@id":"https:\/\/critcareint.com\/fr\/#organization","name":"Critical Care International","url":"https:\/\/critcareint.com\/fr\/","logo":{"@type":"ImageObject","inLanguage":"fr-FR","@id":"https:\/\/critcareint.com\/fr\/#\/schema\/logo\/image\/","url":"https:\/\/critcareint.com\/wp-content\/uploads\/CCI_Logo-1.svg","contentUrl":"https:\/\/critcareint.com\/wp-content\/uploads\/CCI_Logo-1.svg","width":1,"height":1,"caption":"Critical Care International"},"image":{"@id":"https:\/\/critcareint.com\/fr\/#\/schema\/logo\/image\/"},"sameAs":["https:\/\/www.facebook.com\/critcareint","https:\/\/x.com\/CritCareInt","https:\/\/www.linkedin.com\/company\/critical-care-international"]}]}},"_links":{"self":[{"href":"https:\/\/critcareint.com\/fr\/wp-json\/wp\/v2\/pages\/2664","targetHints":{"allow":["GET"]}}],"collection":[{"href":"https:\/\/critcareint.com\/fr\/wp-json\/wp\/v2\/pages"}],"about":[{"href":"https:\/\/critcareint.com\/fr\/wp-json\/wp\/v2\/types\/page"}],"author":[{"embeddable":true,"href":"https:\/\/critcareint.com\/fr\/wp-json\/wp\/v2\/users\/1"}],"replies":[{"embeddable":true,"href":"https:\/\/critcareint.com\/fr\/wp-json\/wp\/v2\/comments?post=2664"}],"version-history":[{"count":6,"href":"https:\/\/critcareint.com\/fr\/wp-json\/wp\/v2\/pages\/2664\/revisions"}],"predecessor-version":[{"id":3097,"href":"https:\/\/critcareint.com\/fr\/wp-json\/wp\/v2\/pages\/2664\/revisions\/3097"}],"wp:featuredmedia":[{"embeddable":true,"href":"https:\/\/critcareint.com\/fr\/wp-json\/wp\/v2\/media\/2515"}],"wp:attachment":[{"href":"https:\/\/critcareint.com\/fr\/wp-json\/wp\/v2\/media?parent=2664"}],"wp:term":[{"taxonomy":"category","embeddable":true,"href":"https:\/\/critcareint.com\/fr\/wp-json\/wp\/v2\/categories?post=2664"},{"taxonomy":"case-study-groups","embeddable":true,"href":"https:\/\/critcareint.com\/fr\/wp-json\/wp\/v2\/case-study-groups?post=2664"},{"taxonomy":"cci-services","embeddable":true,"href":"https:\/\/critcareint.com\/fr\/wp-json\/wp\/v2\/cci-services?post=2664"}],"curies":[{"name":"wp","href":"https:\/\/api.w.org\/{rel}","templated":true}]}}