{"id":3069,"date":"2024-02-13T14:54:31","date_gmt":"2024-02-13T14:54:31","guid":{"rendered":"https:\/\/dev.critcareint.com\/industries-que-nous-servons\/"},"modified":"2024-03-20T09:39:44","modified_gmt":"2024-03-20T09:39:44","slug":"industries-que-nous-servons","status":"publish","type":"page","link":"https:\/\/critcareint.com\/fr\/industries-que-nous-servons\/","title":{"rendered":"Industries que nous servons"},"content":{"rendered":"\n<p>Nos clients op\u00e8rent dans une vari\u00e9t\u00e9 de secteurs et d&rsquo;industries, notamment:<\/p>\n\n<div class=\"wp-block-columns is-layout-flex wp-container-core-columns-is-layout-1 wp-block-columns-is-layout-flex\">\n<div class=\"wp-block-column is-layout-flow wp-block-column-is-layout-flow\">\n<ul class=\"wp-block-list\">\n<li>\u00c9nergies renouvelables<\/li>\n\n\n\n<li>Construction et ing\u00e9nierie<\/li>\n\n\n\n<li>Exploitation mini\u00e8re<\/li>\n\n\n\n<li>P\u00e9trole et gaz<\/li>\n\n\n\n<li>Agriculture<\/li>\n\n\n\n<li>Exp\u00e9dition \/ maritime<\/li>\n<\/ul>\n<\/div>\n\n\n\n<div class=\"wp-block-column is-layout-flow wp-block-column-is-layout-flow\">\n<ul class=\"wp-block-list\">\n<li>Entreprise \/ conseil<\/li>\n\n\n\n<li>ONG<\/li>\n\n\n\n<li>Gouvernements<\/li>\n\n\n\n<li>Industrie de la s\u00e9curit\u00e9<\/li>\n\n\n\n<li>Voyages d&rsquo;aventure<\/li>\n<\/ul>\n<\/div>\n<\/div>\n","protected":false},"excerpt":{"rendered":"<p>Critical Care International (CCI) fournit une assistance sanitaire de haute qualit\u00e9 aux organisations et aux individus op\u00e9rant dans des environnements isol\u00e9s et difficiles \u00e0 travers le monde.<\/p>\n","protected":false},"author":1,"featured_media":3036,"parent":0,"menu_order":35,"comment_status":"closed","ping_status":"closed","template":"","meta":{"_acf_changed":false,"footnotes":""},"categories":[],"case-study-groups":[],"cci-services":[],"class_list":["post-3069","page","type-page","status-publish","has-post-thumbnail","hentry"],"acf":[],"yoast_head":"<!-- This site is optimized with the Yoast SEO plugin v26.8 - https:\/\/yoast.com\/product\/yoast-seo-wordpress\/ -->\n<title>Industries que nous servons - Critical Care International<\/title>\n<meta name=\"robots\" content=\"index, follow, max-snippet:-1, max-image-preview:large, max-video-preview:-1\" \/>\n<link rel=\"canonical\" href=\"https:\/\/critcareint.com\/fr\/industries-que-nous-servons\/\" \/>\n<meta property=\"og:locale\" content=\"fr_FR\" \/>\n<meta property=\"og:type\" content=\"article\" \/>\n<meta property=\"og:title\" content=\"Industries que nous servons - Critical Care International\" \/>\n<meta property=\"og:description\" content=\"Critical Care International (CCI) fournit une assistance sanitaire de haute qualit\u00e9 aux organisations et aux individus op\u00e9rant dans des environnements isol\u00e9s et difficiles \u00e0 travers le monde.\" \/>\n<meta property=\"og:url\" content=\"https:\/\/critcareint.com\/fr\/industries-que-nous-servons\/\" \/>\n<meta property=\"og:site_name\" content=\"Critical Care International\" \/>\n<meta property=\"article:publisher\" content=\"https:\/\/www.facebook.com\/critcareint\" \/>\n<meta property=\"article:modified_time\" content=\"2024-03-20T09:39:44+00:00\" \/>\n<meta property=\"og:image\" content=\"https:\/\/critcareint.com\/wp-content\/uploads\/Photo-30-11-2017-19-46-26.jpg\" \/>\n\t<meta property=\"og:image:width\" content=\"2400\" \/>\n\t<meta property=\"og:image:height\" content=\"1800\" \/>\n\t<meta property=\"og:image:type\" content=\"image\/jpeg\" \/>\n<meta name=\"twitter:card\" content=\"summary_large_image\" \/>\n<meta name=\"twitter:site\" content=\"@CritCareInt\" \/>\n<script type=\"application\/ld+json\" class=\"yoast-schema-graph\">{\"@context\":\"https:\/\/schema.org\",\"@graph\":[{\"@type\":\"WebPage\",\"@id\":\"https:\/\/critcareint.com\/fr\/industries-que-nous-servons\/\",\"url\":\"https:\/\/critcareint.com\/fr\/industries-que-nous-servons\/\",\"name\":\"Industries que nous servons - Critical Care International\",\"isPartOf\":{\"@id\":\"https:\/\/critcareint.com\/fr\/#website\"},\"primaryImageOfPage\":{\"@id\":\"https:\/\/critcareint.com\/fr\/industries-que-nous-servons\/#primaryimage\"},\"image\":{\"@id\":\"https:\/\/critcareint.com\/fr\/industries-que-nous-servons\/#primaryimage\"},\"thumbnailUrl\":\"https:\/\/critcareint.com\/wp-content\/uploads\/Photo-30-11-2017-19-46-26.jpg\",\"datePublished\":\"2024-02-13T14:54:31+00:00\",\"dateModified\":\"2024-03-20T09:39:44+00:00\",\"breadcrumb\":{\"@id\":\"https:\/\/critcareint.com\/fr\/industries-que-nous-servons\/#breadcrumb\"},\"inLanguage\":\"fr-FR\",\"potentialAction\":[{\"@type\":\"ReadAction\",\"target\":[\"https:\/\/critcareint.com\/fr\/industries-que-nous-servons\/\"]}]},{\"@type\":\"ImageObject\",\"inLanguage\":\"fr-FR\",\"@id\":\"https:\/\/critcareint.com\/fr\/industries-que-nous-servons\/#primaryimage\",\"url\":\"https:\/\/critcareint.com\/wp-content\/uploads\/Photo-30-11-2017-19-46-26.jpg\",\"contentUrl\":\"https:\/\/critcareint.com\/wp-content\/uploads\/Photo-30-11-2017-19-46-26.jpg\",\"width\":2400,\"height\":1800,\"caption\":\"Industries We Serve\"},{\"@type\":\"BreadcrumbList\",\"@id\":\"https:\/\/critcareint.com\/fr\/industries-que-nous-servons\/#breadcrumb\",\"itemListElement\":[{\"@type\":\"ListItem\",\"position\":1,\"name\":\"Home\",\"item\":\"https:\/\/critcareint.com\/fr\/\"},{\"@type\":\"ListItem\",\"position\":2,\"name\":\"Industries que nous servons\"}]},{\"@type\":\"WebSite\",\"@id\":\"https:\/\/critcareint.com\/fr\/#website\",\"url\":\"https:\/\/critcareint.com\/fr\/\",\"name\":\"Critical Care International\",\"description\":\"Remote healthcare solutions for the world\u2019s most demanding environments\",\"publisher\":{\"@id\":\"https:\/\/critcareint.com\/fr\/#organization\"},\"potentialAction\":[{\"@type\":\"SearchAction\",\"target\":{\"@type\":\"EntryPoint\",\"urlTemplate\":\"https:\/\/critcareint.com\/fr\/?s={search_term_string}\"},\"query-input\":{\"@type\":\"PropertyValueSpecification\",\"valueRequired\":true,\"valueName\":\"search_term_string\"}}],\"inLanguage\":\"fr-FR\"},{\"@type\":\"Organization\",\"@id\":\"https:\/\/critcareint.com\/fr\/#organization\",\"name\":\"Critical Care International\",\"url\":\"https:\/\/critcareint.com\/fr\/\",\"logo\":{\"@type\":\"ImageObject\",\"inLanguage\":\"fr-FR\",\"@id\":\"https:\/\/critcareint.com\/fr\/#\/schema\/logo\/image\/\",\"url\":\"https:\/\/critcareint.com\/wp-content\/uploads\/CCI_Logo-1.svg\",\"contentUrl\":\"https:\/\/critcareint.com\/wp-content\/uploads\/CCI_Logo-1.svg\",\"width\":1,\"height\":1,\"caption\":\"Critical Care International\"},\"image\":{\"@id\":\"https:\/\/critcareint.com\/fr\/#\/schema\/logo\/image\/\"},\"sameAs\":[\"https:\/\/www.facebook.com\/critcareint\",\"https:\/\/x.com\/CritCareInt\",\"https:\/\/www.linkedin.com\/company\/critical-care-international\"]}]}<\/script>\n<!-- \/ Yoast SEO plugin. -->","yoast_head_json":{"title":"Industries que nous servons - Critical Care International","robots":{"index":"index","follow":"follow","max-snippet":"max-snippet:-1","max-image-preview":"max-image-preview:large","max-video-preview":"max-video-preview:-1"},"canonical":"https:\/\/critcareint.com\/fr\/industries-que-nous-servons\/","og_locale":"fr_FR","og_type":"article","og_title":"Industries que nous servons - Critical Care International","og_description":"Critical Care International (CCI) fournit une assistance sanitaire de haute qualit\u00e9 aux organisations et aux individus op\u00e9rant dans des environnements isol\u00e9s et difficiles \u00e0 travers le monde.","og_url":"https:\/\/critcareint.com\/fr\/industries-que-nous-servons\/","og_site_name":"Critical Care International","article_publisher":"https:\/\/www.facebook.com\/critcareint","article_modified_time":"2024-03-20T09:39:44+00:00","og_image":[{"width":2400,"height":1800,"url":"https:\/\/critcareint.com\/wp-content\/uploads\/Photo-30-11-2017-19-46-26.jpg","type":"image\/jpeg"}],"twitter_card":"summary_large_image","twitter_site":"@CritCareInt","schema":{"@context":"https:\/\/schema.org","@graph":[{"@type":"WebPage","@id":"https:\/\/critcareint.com\/fr\/industries-que-nous-servons\/","url":"https:\/\/critcareint.com\/fr\/industries-que-nous-servons\/","name":"Industries que nous servons - Critical Care International","isPartOf":{"@id":"https:\/\/critcareint.com\/fr\/#website"},"primaryImageOfPage":{"@id":"https:\/\/critcareint.com\/fr\/industries-que-nous-servons\/#primaryimage"},"image":{"@id":"https:\/\/critcareint.com\/fr\/industries-que-nous-servons\/#primaryimage"},"thumbnailUrl":"https:\/\/critcareint.com\/wp-content\/uploads\/Photo-30-11-2017-19-46-26.jpg","datePublished":"2024-02-13T14:54:31+00:00","dateModified":"2024-03-20T09:39:44+00:00","breadcrumb":{"@id":"https:\/\/critcareint.com\/fr\/industries-que-nous-servons\/#breadcrumb"},"inLanguage":"fr-FR","potentialAction":[{"@type":"ReadAction","target":["https:\/\/critcareint.com\/fr\/industries-que-nous-servons\/"]}]},{"@type":"ImageObject","inLanguage":"fr-FR","@id":"https:\/\/critcareint.com\/fr\/industries-que-nous-servons\/#primaryimage","url":"https:\/\/critcareint.com\/wp-content\/uploads\/Photo-30-11-2017-19-46-26.jpg","contentUrl":"https:\/\/critcareint.com\/wp-content\/uploads\/Photo-30-11-2017-19-46-26.jpg","width":2400,"height":1800,"caption":"Industries We Serve"},{"@type":"BreadcrumbList","@id":"https:\/\/critcareint.com\/fr\/industries-que-nous-servons\/#breadcrumb","itemListElement":[{"@type":"ListItem","position":1,"name":"Home","item":"https:\/\/critcareint.com\/fr\/"},{"@type":"ListItem","position":2,"name":"Industries que nous servons"}]},{"@type":"WebSite","@id":"https:\/\/critcareint.com\/fr\/#website","url":"https:\/\/critcareint.com\/fr\/","name":"Critical Care International","description":"Remote healthcare solutions for the world\u2019s most demanding environments","publisher":{"@id":"https:\/\/critcareint.com\/fr\/#organization"},"potentialAction":[{"@type":"SearchAction","target":{"@type":"EntryPoint","urlTemplate":"https:\/\/critcareint.com\/fr\/?s={search_term_string}"},"query-input":{"@type":"PropertyValueSpecification","valueRequired":true,"valueName":"search_term_string"}}],"inLanguage":"fr-FR"},{"@type":"Organization","@id":"https:\/\/critcareint.com\/fr\/#organization","name":"Critical Care International","url":"https:\/\/critcareint.com\/fr\/","logo":{"@type":"ImageObject","inLanguage":"fr-FR","@id":"https:\/\/critcareint.com\/fr\/#\/schema\/logo\/image\/","url":"https:\/\/critcareint.com\/wp-content\/uploads\/CCI_Logo-1.svg","contentUrl":"https:\/\/critcareint.com\/wp-content\/uploads\/CCI_Logo-1.svg","width":1,"height":1,"caption":"Critical Care International"},"image":{"@id":"https:\/\/critcareint.com\/fr\/#\/schema\/logo\/image\/"},"sameAs":["https:\/\/www.facebook.com\/critcareint","https:\/\/x.com\/CritCareInt","https:\/\/www.linkedin.com\/company\/critical-care-international"]}]}},"_links":{"self":[{"href":"https:\/\/critcareint.com\/fr\/wp-json\/wp\/v2\/pages\/3069","targetHints":{"allow":["GET"]}}],"collection":[{"href":"https:\/\/critcareint.com\/fr\/wp-json\/wp\/v2\/pages"}],"about":[{"href":"https:\/\/critcareint.com\/fr\/wp-json\/wp\/v2\/types\/page"}],"author":[{"embeddable":true,"href":"https:\/\/critcareint.com\/fr\/wp-json\/wp\/v2\/users\/1"}],"replies":[{"embeddable":true,"href":"https:\/\/critcareint.com\/fr\/wp-json\/wp\/v2\/comments?post=3069"}],"version-history":[{"count":1,"href":"https:\/\/critcareint.com\/fr\/wp-json\/wp\/v2\/pages\/3069\/revisions"}],"predecessor-version":[{"id":3070,"href":"https:\/\/critcareint.com\/fr\/wp-json\/wp\/v2\/pages\/3069\/revisions\/3070"}],"wp:featuredmedia":[{"embeddable":true,"href":"https:\/\/critcareint.com\/fr\/wp-json\/wp\/v2\/media\/3036"}],"wp:attachment":[{"href":"https:\/\/critcareint.com\/fr\/wp-json\/wp\/v2\/media?parent=3069"}],"wp:term":[{"taxonomy":"category","embeddable":true,"href":"https:\/\/critcareint.com\/fr\/wp-json\/wp\/v2\/categories?post=3069"},{"taxonomy":"case-study-groups","embeddable":true,"href":"https:\/\/critcareint.com\/fr\/wp-json\/wp\/v2\/case-study-groups?post=3069"},{"taxonomy":"cci-services","embeddable":true,"href":"https:\/\/critcareint.com\/fr\/wp-json\/wp\/v2\/cci-services?post=3069"}],"curies":[{"name":"wp","href":"https:\/\/api.w.org\/{rel}","templated":true}]}}