{"id":3162,"date":"2024-10-14T18:39:23","date_gmt":"2024-10-14T18:39:23","guid":{"rendered":"https:\/\/critcareint.com\/assurance-de-la-qualite-et-gouvernance-des-soins-de-sante-audit\/"},"modified":"2024-10-22T09:39:20","modified_gmt":"2024-10-22T09:39:20","slug":"assurance-de-la-qualite-et-gouvernance-des-soins-de-sante-audit","status":"publish","type":"page","link":"https:\/\/critcareint.com\/fr\/assurance-de-la-qualite-et-gouvernance-des-soins-de-sante-audit\/","title":{"rendered":"Assurance de la qualit\u00e9 &amp; audit"},"content":{"rendered":"\n<p>Pour les entreprises qui g\u00e8rent leurs propres cliniques, Critical Care International (CCI) propose un service d&rsquo;assurance qualit\u00e9 afin d&rsquo;aligner les services m\u00e9dicaux sur les normes internationales de prestation de soins de sant\u00e9, et peut offrir une gouvernance, et une assurance qualit\u00e9 solides sans le co\u00fbt d&rsquo;un service clinique enti\u00e8rement externalis\u00e9.<\/p>\n\n<p>CCI peut fournir une gamme de mesures d&rsquo;assurance de la qualit\u00e9 r\u00e9pondant aux besoins du client :<\/p>\n\n<ul class=\"wp-block-list\">\n<li>Des protocoles cliniques complets et r\u00e9guli\u00e8rement mis \u00e0 jour pour guider le personnel dans la prise en charge des patients conform\u00e9ment aux normes m\u00e9dicales internationales les plus r\u00e9centes.<\/li>\n\n\n\n<li>Inventaire des m\u00e9dicaments et \u00e9quipements essentiels, bas\u00e9 sur le profil de risque du site et de la distance par rapport aux interventions m\u00e9dicales avanc\u00e9es.<\/li>\n\n\n\n<li>Un syst\u00e8me de dossiers m\u00e9dicaux \u00e9lectroniques sur mesure, sp\u00e9cialement con\u00e7u pour \u00eatre utilis\u00e9 sur des sites industriels \u00e9loign\u00e9s.<\/li>\n\n\n\n<li>Tableau de bord en direct con\u00e7u pour que les responsables HSE puissent superviser les services m\u00e9dicaux d&rsquo;un site, les indicateurs cl\u00e9s de performance et le retour d&rsquo;information des patients afin de favoriser l&rsquo;am\u00e9lioration continue.<\/li>\n\n\n\n<li>R\u00e9unions r\u00e9guli\u00e8res de gouvernance clinique pour discuter des cas complexes dans un environnement qui favorise l&rsquo;apprentissage et les meilleures pratiques.<\/li>\n\n\n\n<li>Visites de sites pour auditer les services m\u00e9dicaux avec des rapports complets pour les responsables HSE et les directeurs g\u00e9n\u00e9raux<\/li>\n\n\n\n<li>Soutien m\u00e9dical par t\u00e9l\u00e9sant\u00e9 24 heures sur 24 et 7 jours sur 7 pour le personnel de la clinique, afin d&rsquo;aider \u00e0 la prise de d\u00e9cision et \u00e0 la gestion des patients dans les cas complexes ou d&rsquo;urgence.<\/li>\n<\/ul>\n\n<blockquote class=\"wp-block-quote is-layout-flow wp-block-quote-is-layout-flow\">\n<p class=\"has-text-align-center\"><strong>Qualit\u00e9 sup\u00e9rieure &#8211; Co\u00fbts r\u00e9duits &#8211; Tranquillit\u00e9 d&rsquo;esprit<\/strong><\/p>\n<\/blockquote>\n\n<p>La mise en \u0153uvre de ce service garantit des soins m\u00e9dicaux de haute qualit\u00e9 et peut r\u00e9duire sensiblement la n\u00e9cessit\u00e9 d&rsquo;\u00e9vacuations d&rsquo;urgence co\u00fbteuses sans compromettre la s\u00e9curit\u00e9. Le service d&rsquo;assurance qualit\u00e9 de CCI a fait ses preuves: <\/p>\n\n<ul class=\"wp-block-list\">\n<li>r\u00e9duire les \u00e9vacuations m\u00e9dicales inutiles<\/li>\n\n\n\n<li>r\u00e9duire les pertes de temps pour les travailleurs<\/li>\n\n\n\n<li>accro\u00eetre la confiance et le bien-\u00eatre du personnel de la clinique<\/li>\n\n\n\n<li>r\u00e9duire les d\u00e9penses inutiles en mati\u00e8re de stocks et la charge administrative pesant sur le personnel de la clinique<\/li>\n\n\n\n<li>am\u00e9liorer les r\u00e9f\u00e9rences ESG des clients<\/li>\n<\/ul>\n\n<p>Voir <a href=\"https:\/\/critcareint.com\/fr\/?post_type=case-study&amp;p=3216\">l&rsquo;\u00e9tude de cas ici<\/a>.<\/p>\n","protected":false},"excerpt":{"rendered":"<p>CCI est conforme \u00e0 la norme ISO 7101:2023 (Syst\u00e8mes de management pour la qualit\u00e9 dans les organisations de soins de sant\u00e9 ) et est donc bien plac\u00e9 pour garantir des normes \u00e9lev\u00e9es dans les activit\u00e9s de nos clients.<\/p>\n","protected":false},"author":1,"featured_media":3159,"parent":0,"menu_order":1,"comment_status":"closed","ping_status":"closed","template":"","meta":{"_acf_changed":false,"footnotes":""},"categories":[87,91],"case-study-groups":[],"cci-services":[],"class_list":["post-3162","page","type-page","status-publish","has-post-thumbnail","hentry","category-assurance-de-la-qualite-audit","category-services-fr"],"acf":[],"yoast_head":"<!-- This site is optimized with the Yoast SEO plugin v26.8 - https:\/\/yoast.com\/product\/yoast-seo-wordpress\/ -->\n<title>Assurance de la qualit\u00e9 &amp; audit - Critical Care International<\/title>\n<meta name=\"robots\" content=\"index, follow, max-snippet:-1, max-image-preview:large, max-video-preview:-1\" \/>\n<link rel=\"canonical\" href=\"https:\/\/critcareint.com\/fr\/assurance-de-la-qualite-et-gouvernance-des-soins-de-sante-audit\/\" \/>\n<meta property=\"og:locale\" content=\"fr_FR\" \/>\n<meta property=\"og:type\" content=\"article\" \/>\n<meta property=\"og:title\" content=\"Assurance de la qualit\u00e9 &amp; audit - Critical Care International\" \/>\n<meta property=\"og:description\" content=\"CCI est conforme \u00e0 la norme ISO 7101:2023 (Syst\u00e8mes de management pour la qualit\u00e9 dans les organisations de soins de sant\u00e9 ) et est donc bien plac\u00e9 pour garantir des normes \u00e9lev\u00e9es dans les activit\u00e9s de nos clients.\" \/>\n<meta property=\"og:url\" content=\"https:\/\/critcareint.com\/fr\/assurance-de-la-qualite-et-gouvernance-des-soins-de-sante-audit\/\" \/>\n<meta property=\"og:site_name\" content=\"Critical Care International\" \/>\n<meta property=\"article:publisher\" content=\"https:\/\/www.facebook.com\/critcareint\" \/>\n<meta property=\"article:modified_time\" content=\"2024-10-22T09:39:20+00:00\" \/>\n<meta property=\"og:image\" content=\"https:\/\/critcareint.com\/wp-content\/uploads\/MG_5283.webp\" \/>\n\t<meta property=\"og:image:width\" content=\"2400\" \/>\n\t<meta property=\"og:image:height\" content=\"1600\" \/>\n\t<meta property=\"og:image:type\" content=\"image\/webp\" \/>\n<meta name=\"twitter:card\" content=\"summary_large_image\" \/>\n<meta name=\"twitter:site\" content=\"@CritCareInt\" \/>\n<meta name=\"twitter:label1\" content=\"Dur\u00e9e de lecture estim\u00e9e\" \/>\n\t<meta name=\"twitter:data1\" content=\"2 minutes\" \/>\n<script type=\"application\/ld+json\" class=\"yoast-schema-graph\">{\"@context\":\"https:\/\/schema.org\",\"@graph\":[{\"@type\":\"WebPage\",\"@id\":\"https:\/\/critcareint.com\/fr\/assurance-de-la-qualite-et-gouvernance-des-soins-de-sante-audit\/\",\"url\":\"https:\/\/critcareint.com\/fr\/assurance-de-la-qualite-et-gouvernance-des-soins-de-sante-audit\/\",\"name\":\"Assurance de la qualit\u00e9 &amp; audit - Critical Care International\",\"isPartOf\":{\"@id\":\"https:\/\/critcareint.com\/fr\/#website\"},\"primaryImageOfPage\":{\"@id\":\"https:\/\/critcareint.com\/fr\/assurance-de-la-qualite-et-gouvernance-des-soins-de-sante-audit\/#primaryimage\"},\"image\":{\"@id\":\"https:\/\/critcareint.com\/fr\/assurance-de-la-qualite-et-gouvernance-des-soins-de-sante-audit\/#primaryimage\"},\"thumbnailUrl\":\"https:\/\/critcareint.com\/wp-content\/uploads\/MG_5283.webp\",\"datePublished\":\"2024-10-14T18:39:23+00:00\",\"dateModified\":\"2024-10-22T09:39:20+00:00\",\"breadcrumb\":{\"@id\":\"https:\/\/critcareint.com\/fr\/assurance-de-la-qualite-et-gouvernance-des-soins-de-sante-audit\/#breadcrumb\"},\"inLanguage\":\"fr-FR\",\"potentialAction\":[{\"@type\":\"ReadAction\",\"target\":[\"https:\/\/critcareint.com\/fr\/assurance-de-la-qualite-et-gouvernance-des-soins-de-sante-audit\/\"]}]},{\"@type\":\"ImageObject\",\"inLanguage\":\"fr-FR\",\"@id\":\"https:\/\/critcareint.com\/fr\/assurance-de-la-qualite-et-gouvernance-des-soins-de-sante-audit\/#primaryimage\",\"url\":\"https:\/\/critcareint.com\/wp-content\/uploads\/MG_5283.webp\",\"contentUrl\":\"https:\/\/critcareint.com\/wp-content\/uploads\/MG_5283.webp\",\"width\":2400,\"height\":1600,\"caption\":\"Quality Assurance & Audit\"},{\"@type\":\"BreadcrumbList\",\"@id\":\"https:\/\/critcareint.com\/fr\/assurance-de-la-qualite-et-gouvernance-des-soins-de-sante-audit\/#breadcrumb\",\"itemListElement\":[{\"@type\":\"ListItem\",\"position\":1,\"name\":\"Home\",\"item\":\"https:\/\/critcareint.com\/fr\/\"},{\"@type\":\"ListItem\",\"position\":2,\"name\":\"Assurance de la qualit\u00e9 &amp; audit\"}]},{\"@type\":\"WebSite\",\"@id\":\"https:\/\/critcareint.com\/fr\/#website\",\"url\":\"https:\/\/critcareint.com\/fr\/\",\"name\":\"Critical Care International\",\"description\":\"Remote healthcare solutions for the world\u2019s most demanding environments\",\"publisher\":{\"@id\":\"https:\/\/critcareint.com\/fr\/#organization\"},\"potentialAction\":[{\"@type\":\"SearchAction\",\"target\":{\"@type\":\"EntryPoint\",\"urlTemplate\":\"https:\/\/critcareint.com\/fr\/?s={search_term_string}\"},\"query-input\":{\"@type\":\"PropertyValueSpecification\",\"valueRequired\":true,\"valueName\":\"search_term_string\"}}],\"inLanguage\":\"fr-FR\"},{\"@type\":\"Organization\",\"@id\":\"https:\/\/critcareint.com\/fr\/#organization\",\"name\":\"Critical Care International\",\"url\":\"https:\/\/critcareint.com\/fr\/\",\"logo\":{\"@type\":\"ImageObject\",\"inLanguage\":\"fr-FR\",\"@id\":\"https:\/\/critcareint.com\/fr\/#\/schema\/logo\/image\/\",\"url\":\"https:\/\/critcareint.com\/wp-content\/uploads\/CCI_Logo-1.svg\",\"contentUrl\":\"https:\/\/critcareint.com\/wp-content\/uploads\/CCI_Logo-1.svg\",\"width\":1,\"height\":1,\"caption\":\"Critical Care International\"},\"image\":{\"@id\":\"https:\/\/critcareint.com\/fr\/#\/schema\/logo\/image\/\"},\"sameAs\":[\"https:\/\/www.facebook.com\/critcareint\",\"https:\/\/x.com\/CritCareInt\",\"https:\/\/www.linkedin.com\/company\/critical-care-international\"]}]}<\/script>\n<!-- \/ Yoast SEO plugin. -->","yoast_head_json":{"title":"Assurance de la qualit\u00e9 &amp; audit - Critical Care International","robots":{"index":"index","follow":"follow","max-snippet":"max-snippet:-1","max-image-preview":"max-image-preview:large","max-video-preview":"max-video-preview:-1"},"canonical":"https:\/\/critcareint.com\/fr\/assurance-de-la-qualite-et-gouvernance-des-soins-de-sante-audit\/","og_locale":"fr_FR","og_type":"article","og_title":"Assurance de la qualit\u00e9 &amp; audit - Critical Care International","og_description":"CCI est conforme \u00e0 la norme ISO 7101:2023 (Syst\u00e8mes de management pour la qualit\u00e9 dans les organisations de soins de sant\u00e9 ) et est donc bien plac\u00e9 pour garantir des normes \u00e9lev\u00e9es dans les activit\u00e9s de nos clients.","og_url":"https:\/\/critcareint.com\/fr\/assurance-de-la-qualite-et-gouvernance-des-soins-de-sante-audit\/","og_site_name":"Critical Care International","article_publisher":"https:\/\/www.facebook.com\/critcareint","article_modified_time":"2024-10-22T09:39:20+00:00","og_image":[{"width":2400,"height":1600,"url":"https:\/\/critcareint.com\/wp-content\/uploads\/MG_5283.webp","type":"image\/webp"}],"twitter_card":"summary_large_image","twitter_site":"@CritCareInt","twitter_misc":{"Dur\u00e9e de lecture estim\u00e9e":"2 minutes"},"schema":{"@context":"https:\/\/schema.org","@graph":[{"@type":"WebPage","@id":"https:\/\/critcareint.com\/fr\/assurance-de-la-qualite-et-gouvernance-des-soins-de-sante-audit\/","url":"https:\/\/critcareint.com\/fr\/assurance-de-la-qualite-et-gouvernance-des-soins-de-sante-audit\/","name":"Assurance de la qualit\u00e9 &amp; audit - Critical Care International","isPartOf":{"@id":"https:\/\/critcareint.com\/fr\/#website"},"primaryImageOfPage":{"@id":"https:\/\/critcareint.com\/fr\/assurance-de-la-qualite-et-gouvernance-des-soins-de-sante-audit\/#primaryimage"},"image":{"@id":"https:\/\/critcareint.com\/fr\/assurance-de-la-qualite-et-gouvernance-des-soins-de-sante-audit\/#primaryimage"},"thumbnailUrl":"https:\/\/critcareint.com\/wp-content\/uploads\/MG_5283.webp","datePublished":"2024-10-14T18:39:23+00:00","dateModified":"2024-10-22T09:39:20+00:00","breadcrumb":{"@id":"https:\/\/critcareint.com\/fr\/assurance-de-la-qualite-et-gouvernance-des-soins-de-sante-audit\/#breadcrumb"},"inLanguage":"fr-FR","potentialAction":[{"@type":"ReadAction","target":["https:\/\/critcareint.com\/fr\/assurance-de-la-qualite-et-gouvernance-des-soins-de-sante-audit\/"]}]},{"@type":"ImageObject","inLanguage":"fr-FR","@id":"https:\/\/critcareint.com\/fr\/assurance-de-la-qualite-et-gouvernance-des-soins-de-sante-audit\/#primaryimage","url":"https:\/\/critcareint.com\/wp-content\/uploads\/MG_5283.webp","contentUrl":"https:\/\/critcareint.com\/wp-content\/uploads\/MG_5283.webp","width":2400,"height":1600,"caption":"Quality Assurance & Audit"},{"@type":"BreadcrumbList","@id":"https:\/\/critcareint.com\/fr\/assurance-de-la-qualite-et-gouvernance-des-soins-de-sante-audit\/#breadcrumb","itemListElement":[{"@type":"ListItem","position":1,"name":"Home","item":"https:\/\/critcareint.com\/fr\/"},{"@type":"ListItem","position":2,"name":"Assurance de la qualit\u00e9 &amp; audit"}]},{"@type":"WebSite","@id":"https:\/\/critcareint.com\/fr\/#website","url":"https:\/\/critcareint.com\/fr\/","name":"Critical Care International","description":"Remote healthcare solutions for the world\u2019s most demanding environments","publisher":{"@id":"https:\/\/critcareint.com\/fr\/#organization"},"potentialAction":[{"@type":"SearchAction","target":{"@type":"EntryPoint","urlTemplate":"https:\/\/critcareint.com\/fr\/?s={search_term_string}"},"query-input":{"@type":"PropertyValueSpecification","valueRequired":true,"valueName":"search_term_string"}}],"inLanguage":"fr-FR"},{"@type":"Organization","@id":"https:\/\/critcareint.com\/fr\/#organization","name":"Critical Care International","url":"https:\/\/critcareint.com\/fr\/","logo":{"@type":"ImageObject","inLanguage":"fr-FR","@id":"https:\/\/critcareint.com\/fr\/#\/schema\/logo\/image\/","url":"https:\/\/critcareint.com\/wp-content\/uploads\/CCI_Logo-1.svg","contentUrl":"https:\/\/critcareint.com\/wp-content\/uploads\/CCI_Logo-1.svg","width":1,"height":1,"caption":"Critical Care International"},"image":{"@id":"https:\/\/critcareint.com\/fr\/#\/schema\/logo\/image\/"},"sameAs":["https:\/\/www.facebook.com\/critcareint","https:\/\/x.com\/CritCareInt","https:\/\/www.linkedin.com\/company\/critical-care-international"]}]}},"_links":{"self":[{"href":"https:\/\/critcareint.com\/fr\/wp-json\/wp\/v2\/pages\/3162","targetHints":{"allow":["GET"]}}],"collection":[{"href":"https:\/\/critcareint.com\/fr\/wp-json\/wp\/v2\/pages"}],"about":[{"href":"https:\/\/critcareint.com\/fr\/wp-json\/wp\/v2\/types\/page"}],"author":[{"embeddable":true,"href":"https:\/\/critcareint.com\/fr\/wp-json\/wp\/v2\/users\/1"}],"replies":[{"embeddable":true,"href":"https:\/\/critcareint.com\/fr\/wp-json\/wp\/v2\/comments?post=3162"}],"version-history":[{"count":10,"href":"https:\/\/critcareint.com\/fr\/wp-json\/wp\/v2\/pages\/3162\/revisions"}],"predecessor-version":[{"id":3222,"href":"https:\/\/critcareint.com\/fr\/wp-json\/wp\/v2\/pages\/3162\/revisions\/3222"}],"wp:featuredmedia":[{"embeddable":true,"href":"https:\/\/critcareint.com\/fr\/wp-json\/wp\/v2\/media\/3159"}],"wp:attachment":[{"href":"https:\/\/critcareint.com\/fr\/wp-json\/wp\/v2\/media?parent=3162"}],"wp:term":[{"taxonomy":"category","embeddable":true,"href":"https:\/\/critcareint.com\/fr\/wp-json\/wp\/v2\/categories?post=3162"},{"taxonomy":"case-study-groups","embeddable":true,"href":"https:\/\/critcareint.com\/fr\/wp-json\/wp\/v2\/case-study-groups?post=3162"},{"taxonomy":"cci-services","embeddable":true,"href":"https:\/\/critcareint.com\/fr\/wp-json\/wp\/v2\/cci-services?post=3162"}],"curies":[{"name":"wp","href":"https:\/\/api.w.org\/{rel}","templated":true}]}}